{"id":371,"date":"2023-02-20T00:12:26","date_gmt":"2023-02-19T23:12:26","guid":{"rendered":"https:\/\/ie.uek.krakow.pl\/ke\/?page_id=371"},"modified":"2025-07-08T21:23:13","modified_gmt":"2025-07-08T19:23:13","slug":"seminarium-student","status":"publish","type":"page","link":"https:\/\/if2.uek.krakow.pl\/krachf\/studenci\/seminarium-student\/","title":{"rendered":"Seminarium dla student\u00f3w"},"content":{"rendered":"\t\t<div data-elementor-type=\"wp-page\" data-elementor-id=\"371\" class=\"elementor elementor-371\">\n\t\t\t\t\t\t<section data-particle_enable=\"false\" data-particle-mobile-disabled=\"false\" class=\"elementor-section elementor-top-section elementor-element elementor-element-4ca67fb elementor-section-boxed elementor-section-height-default elementor-section-height-default\" data-id=\"4ca67fb\" data-element_type=\"section\" data-settings=\"{&quot;jet_parallax_layout_list&quot;:[]}\">\n\t\t\t\t\t\t<div class=\"elementor-container elementor-column-gap-default\">\n\t\t\t\t\t<div class=\"elementor-column elementor-col-100 elementor-top-column elementor-element elementor-element-22e0d310\" data-id=\"22e0d310\" data-element_type=\"column\">\n\t\t\t<div class=\"elementor-widget-wrap elementor-element-populated\">\n\t\t\t\t\t\t<div class=\"elementor-element elementor-element-7c047738 elementor-widget elementor-widget-jet-headline\" data-id=\"7c047738\" data-element_type=\"widget\" data-widget_type=\"jet-headline.default\">\n\t\t\t\t<div class=\"elementor-widget-container\">\n\t\t\t<h2 class=\"jet-headline jet-headline--direction-horizontal\"><span class=\"jet-headline__part jet-headline__first\"><span class=\"jet-headline__label\">Seminarium<\/span><\/span><span class=\"jet-headline__space\">&nbsp;<\/span><span class=\"jet-headline__part jet-headline__second\"><span class=\"jet-headline__label\"> dla student\u00f3w<\/span><\/span><\/h2>\t\t<\/div>\n\t\t\t\t<\/div>\n\t\t\t\t<div class=\"elementor-element elementor-element-27706e0c elementor-widget-divider--view-line elementor-invisible elementor-widget elementor-widget-divider\" data-id=\"27706e0c\" data-element_type=\"widget\" data-settings=\"{&quot;_animation&quot;:&quot;fadeInLeft&quot;}\" data-widget_type=\"divider.default\">\n\t\t\t\t<div class=\"elementor-widget-container\">\n\t\t\t\t\t<div class=\"elementor-divider\">\n\t\t\t<span class=\"elementor-divider-separator\">\n\t\t\t\t\t\t<\/span>\n\t\t<\/div>\n\t\t\t\t<\/div>\n\t\t\t\t<\/div>\n\t\t\t\t<div class=\"elementor-element elementor-element-64fa2182 elementor-widget elementor-widget-text-editor\" data-id=\"64fa2182\" data-element_type=\"widget\" data-widget_type=\"text-editor.default\">\n\t\t\t\t<div class=\"elementor-widget-container\">\n\t\t\t\t\t\t\t<blockquote><h5>Informacja na temat zasad realizacji i organizacji seminari\u00f3w dyplomowych<\/h5><\/blockquote>\t\t\t\t\t\t<\/div>\n\t\t\t\t<\/div>\n\t\t\t\t<div class=\"elementor-element elementor-element-c078210 elementor-widget elementor-widget-text-editor\" data-id=\"c078210\" data-element_type=\"widget\" data-widget_type=\"text-editor.default\">\n\t\t\t\t<div class=\"elementor-widget-container\">\n\t\t\t\t\t\t\t<ol><li><strong> Terminy i zapisy<\/strong><\/li><\/ol><ul><li>Terminy seminari\u00f3w ustalane indywidualnie z promotorem \u2013 prosimy o bezpo\u015bredni kontakt ze swoim promotorem\/tutorem, gdy\u017c to on wyznacza harmonogram konsultacji i spotka\u0144;<\/li><li>Zapisy odbywaj\u0105 si\u0119 co semestr \u2013 lista prowadz\u0105cych i dost\u0119pne tematy og\u0142aszane s\u0105 na stronie wydzia\u0142u lub katedry co najmniej miesi\u0105c wcze\u015bniej;<\/li><\/ul><ol start=\"2\"><li><strong> Wyb\u00f3r promotora<\/strong><\/li><\/ol><ul><li>Promotorem mo\u017ce by\u0107 osoba z tytu\u0142em naukowym profesora, doktora habilitowanego lub \u2013 za zgod\u0105 rady wydzia\u0142u \u2013 doktor;<\/li><li>Istnieje mo\u017cliwo\u015b\u0107 wyboru promotora spoza wydzia\u0142u, ale wymagana jest zgoda dziekana i promotora;<\/li><\/ul><ol start=\"3\"><li><strong> Zaliczenie seminarium = zgoda na z\u0142o\u017cenie pracy<\/strong><\/li><\/ol><ul><li>Zaliczenie seminarium w ostatnim semestrze oznacza akceptacj\u0119 promotora i umo\u017cliwia z\u0142o\u017cenie pracy dyplomowej w dziekanacie;<\/li><\/ul><ol start=\"4\"><li><strong> Forma pracy i recenzenci<\/strong><\/li><\/ol><ul><li>Praca mo\u017ce mie\u0107 form\u0119 indywidualn\u0105 lub zespo\u0142ow\u0105 (po uzgodnieniu z promotorem i dziekanem) .<\/li><li>Recenzje:<ul><li>licencjackie \u2013 promotor + recenzent z co najmniej stopniem doktora,<\/li><li>magisterskie \u2013 je\u015bli promotorem jest doktor, recenzent musi mie\u0107 stopie\u0144 doktora habilitowanego,<\/li><\/ul><\/li><li>Recenzent nie mo\u017ce pochodzi\u0107 z tej samej katedry, chyba \u017ce to jedyna jednostka specjalistyczna .<\/li><\/ul><ol start=\"5\"><li><strong> Wymogi formalne pracy<\/strong><\/li><\/ol><ul><li>Prace musz\u0105 by\u0107 zgodne z obowi\u0105zuj\u0105cym wzorem redakcyjnym (projektowym lub artyku\u0142owym) \u2013 dokumenty do pobrania s\u0105 na stronie uczelni (szablony: I stopie\u0144, II stopie\u0144) .<\/li><\/ul>\t\t\t\t\t\t<\/div>\n\t\t\t\t<\/div>\n\t\t\t\t\t<\/div>\n\t\t<\/div>\n\t\t\t\t\t<\/div>\n\t\t<\/section>\n\t\t\t\t<section data-particle_enable=\"false\" data-particle-mobile-disabled=\"false\" class=\"elementor-section elementor-top-section elementor-element elementor-element-e70ce90 elementor-section-boxed elementor-section-height-default elementor-section-height-default\" data-id=\"e70ce90\" data-element_type=\"section\" data-settings=\"{&quot;jet_parallax_layout_list&quot;:[]}\">\n\t\t\t\t\t\t<div class=\"elementor-container elementor-column-gap-default\">\n\t\t\t\t\t<div class=\"elementor-column elementor-col-100 elementor-top-column elementor-element elementor-element-25dbb94\" data-id=\"25dbb94\" data-element_type=\"column\">\n\t\t\t<div class=\"elementor-widget-wrap elementor-element-populated\">\n\t\t\t\t\t\t<div class=\"elementor-element elementor-element-f208663 elementor-widget elementor-widget-button\" data-id=\"f208663\" data-element_type=\"widget\" data-widget_type=\"button.default\">\n\t\t\t\t<div class=\"elementor-widget-container\">\n\t\t\t\t\t\t\t<div class=\"elementor-button-wrapper\">\n\t\t\t\t\t<a class=\"elementor-button elementor-button-link elementor-size-sm\" href=\"https:\/\/psuek.pl\/\">\n\t\t\t\t\t\t<span class=\"elementor-button-content-wrapper\">\n\t\t\t\t\t\t\t\t\t<span class=\"elementor-button-text\">Wi\u0119cej informacji<\/span>\n\t\t\t\t\t<\/span>\n\t\t\t\t\t<\/a>\n\t\t\t\t<\/div>\n\t\t\t\t\t\t<\/div>\n\t\t\t\t<\/div>\n\t\t\t\t\t<\/div>\n\t\t<\/div>\n\t\t\t\t\t<\/div>\n\t\t<\/section>\n\t\t\t\t<section data-particle_enable=\"false\" data-particle-mobile-disabled=\"false\" class=\"elementor-section elementor-top-section elementor-element elementor-element-bc51d5c elementor-section-boxed elementor-section-height-default elementor-section-height-default\" data-id=\"bc51d5c\" data-element_type=\"section\" data-settings=\"{&quot;jet_parallax_layout_list&quot;:[]}\">\n\t\t\t\t\t\t<div class=\"elementor-container elementor-column-gap-default\">\n\t\t\t\t\t<div class=\"elementor-column elementor-col-100 elementor-top-column elementor-element elementor-element-01b56d0\" data-id=\"01b56d0\" data-element_type=\"column\">\n\t\t\t<div class=\"elementor-widget-wrap elementor-element-populated\">\n\t\t\t\t\t\t<div class=\"elementor-element elementor-element-d6cf5fb elementor-widget elementor-widget-button\" data-id=\"d6cf5fb\" data-element_type=\"widget\" data-widget_type=\"button.default\">\n\t\t\t\t<div class=\"elementor-widget-container\">\n\t\t\t\t\t\t\t<div class=\"elementor-button-wrapper\">\n\t\t\t\t\t<a class=\"elementor-button elementor-button-link elementor-size-sm\" href=\"https:\/\/iirc.uek.krakow.pl\/sprawy-studenckie\/prace-dyplomowe-magisterskie-obrony\/\">\n\t\t\t\t\t\t<span class=\"elementor-button-content-wrapper\">\n\t\t\t\t\t\t\t\t\t<span class=\"elementor-button-text\">Szablony i instrukcje<\/span>\n\t\t\t\t\t<\/span>\n\t\t\t\t\t<\/a>\n\t\t\t\t<\/div>\n\t\t\t\t\t\t<\/div>\n\t\t\t\t<\/div>\n\t\t\t\t\t<\/div>\n\t\t<\/div>\n\t\t\t\t\t<\/div>\n\t\t<\/section>\n\t\t\t\t<\/div>\n\t\t","protected":false},"excerpt":{"rendered":"<p>Seminarium&nbsp; dla student\u00f3w Informacja na temat zasad realizacji i organizacji seminari\u00f3w dyplomowych Terminy i zapisy Terminy seminari\u00f3w ustalane indywidualnie z promotorem \u2013 prosimy o bezpo\u015bredni kontakt ze swoim promotorem\/tutorem, gdy\u017c to on wyznacza harmonogram konsultacji i spotka\u0144; Zapisy odbywaj\u0105 si\u0119 co semestr \u2013 lista prowadz\u0105cych i dost\u0119pne tematy og\u0142aszane s\u0105 na stronie wydzia\u0142u lub katedry co najmniej miesi\u0105c wcze\u015bniej; Wyb\u00f3r promotora Promotorem mo\u017ce by\u0107 osoba z tytu\u0142em naukowym profesora, doktora habilitowanego lub \u2013 za zgod\u0105 rady wydzia\u0142u \u2013 doktor; Istnieje mo\u017cliwo\u015b\u0107 wyboru promotora spoza wydzia\u0142u, ale wymagana jest zgoda dziekana i promotora; Zaliczenie seminarium = zgoda na z\u0142o\u017cenie pracy Zaliczenie seminarium w ostatnim semestrze oznacza akceptacj\u0119 promotora i umo\u017cliwia z\u0142o\u017cenie pracy dyplomowej w dziekanacie; Forma pracy i recenzenci Praca mo\u017ce mie\u0107 form\u0119 indywidualn\u0105 lub zespo\u0142ow\u0105 (po uzgodnieniu z promotorem i dziekanem) . Recenzje: licencjackie \u2013 promotor + recenzent z co najmniej stopniem doktora, magisterskie \u2013 je\u015bli promotorem jest doktor, recenzent musi mie\u0107 stopie\u0144 doktora habilitowanego, Recenzent nie mo\u017ce pochodzi\u0107 z tej samej katedry, chyba \u017ce to jedyna jednostka specjalistyczna . Wymogi formalne pracy Prace musz\u0105 by\u0107 zgodne z obowi\u0105zuj\u0105cym wzorem redakcyjnym (projektowym lub artyku\u0142owym) \u2013 dokumenty do pobrania s\u0105 na stronie uczelni (szablony: I stopie\u0144, II stopie\u0144) . Wi\u0119cej informacji Szablony i instrukcje<\/p>\n","protected":false},"author":1,"featured_media":0,"parent":336,"menu_order":0,"comment_status":"closed","ping_status":"closed","template":"elementor_header_footer","meta":{"footnotes":""},"class_list":["post-371","page","type-page","status-publish","hentry"],"_links":{"self":[{"href":"https:\/\/if2.uek.krakow.pl\/krachf\/wp-json\/wp\/v2\/pages\/371","targetHints":{"allow":["GET"]}}],"collection":[{"href":"https:\/\/if2.uek.krakow.pl\/krachf\/wp-json\/wp\/v2\/pages"}],"about":[{"href":"https:\/\/if2.uek.krakow.pl\/krachf\/wp-json\/wp\/v2\/types\/page"}],"author":[{"embeddable":true,"href":"https:\/\/if2.uek.krakow.pl\/krachf\/wp-json\/wp\/v2\/users\/1"}],"replies":[{"embeddable":true,"href":"https:\/\/if2.uek.krakow.pl\/krachf\/wp-json\/wp\/v2\/comments?post=371"}],"version-history":[{"count":6,"href":"https:\/\/if2.uek.krakow.pl\/krachf\/wp-json\/wp\/v2\/pages\/371\/revisions"}],"predecessor-version":[{"id":1773,"href":"https:\/\/if2.uek.krakow.pl\/krachf\/wp-json\/wp\/v2\/pages\/371\/revisions\/1773"}],"up":[{"embeddable":true,"href":"https:\/\/if2.uek.krakow.pl\/krachf\/wp-json\/wp\/v2\/pages\/336"}],"wp:attachment":[{"href":"https:\/\/if2.uek.krakow.pl\/krachf\/wp-json\/wp\/v2\/media?parent=371"}],"curies":[{"name":"wp","href":"https:\/\/api.w.org\/{rel}","templated":true}]}}