{"id":366,"date":"2023-02-20T00:10:00","date_gmt":"2023-02-19T23:10:00","guid":{"rendered":"https:\/\/ie.uek.krakow.pl\/ke\/?page_id=366"},"modified":"2025-07-08T21:03:20","modified_gmt":"2025-07-08T19:03:20","slug":"praktyki-studenckie","status":"publish","type":"page","link":"https:\/\/if2.uek.krakow.pl\/krachf\/studenci\/praktyki-studenckie\/","title":{"rendered":"Praktyki studenckie"},"content":{"rendered":"\t\t<div data-elementor-type=\"wp-page\" data-elementor-id=\"366\" class=\"elementor elementor-366\">\n\t\t\t\t\t\t<section data-particle_enable=\"false\" data-particle-mobile-disabled=\"false\" class=\"elementor-section elementor-top-section elementor-element elementor-element-4ca67fb elementor-section-boxed elementor-section-height-default elementor-section-height-default\" data-id=\"4ca67fb\" data-element_type=\"section\" data-settings=\"{&quot;jet_parallax_layout_list&quot;:[]}\">\n\t\t\t\t\t\t<div class=\"elementor-container elementor-column-gap-default\">\n\t\t\t\t\t<div class=\"elementor-column elementor-col-100 elementor-top-column elementor-element elementor-element-22e0d310\" data-id=\"22e0d310\" data-element_type=\"column\">\n\t\t\t<div class=\"elementor-widget-wrap elementor-element-populated\">\n\t\t\t\t\t\t<div class=\"elementor-element elementor-element-7c047738 elementor-widget elementor-widget-jet-headline\" data-id=\"7c047738\" data-element_type=\"widget\" data-widget_type=\"jet-headline.default\">\n\t\t\t\t<div class=\"elementor-widget-container\">\n\t\t\t<h2 class=\"jet-headline jet-headline--direction-horizontal\"><span class=\"jet-headline__part jet-headline__first\"><span class=\"jet-headline__label\">Praktyki <\/span><\/span><span class=\"jet-headline__space\">&nbsp;<\/span><span class=\"jet-headline__part jet-headline__second\"><span class=\"jet-headline__label\">studenckie<\/span><\/span><\/h2>\t\t<\/div>\n\t\t\t\t<\/div>\n\t\t\t\t<div class=\"elementor-element elementor-element-27706e0c elementor-widget-divider--view-line elementor-invisible elementor-widget elementor-widget-divider\" data-id=\"27706e0c\" data-element_type=\"widget\" data-settings=\"{&quot;_animation&quot;:&quot;fadeInLeft&quot;}\" data-widget_type=\"divider.default\">\n\t\t\t\t<div class=\"elementor-widget-container\">\n\t\t\t\t\t<div class=\"elementor-divider\">\n\t\t\t<span class=\"elementor-divider-separator\">\n\t\t\t\t\t\t<\/span>\n\t\t<\/div>\n\t\t\t\t<\/div>\n\t\t\t\t<\/div>\n\t\t\t\t<div class=\"elementor-element elementor-element-64fa2182 elementor-widget elementor-widget-text-editor\" data-id=\"64fa2182\" data-element_type=\"widget\" data-widget_type=\"text-editor.default\">\n\t\t\t\t<div class=\"elementor-widget-container\">\n\t\t\t\t\t\t\t<blockquote><h5>Studenckie praktyki zawodowe na Uniwersytecie Ekonomicznym w Krakowie s\u0105 obowi\u0105zkowym elementem programu studi\u00f3w. Ich celem jest zdobycie praktycznych umiej\u0119tno\u015bci i do\u015bwiadczenia zawodowego zgodnego z kierunkiem kszta\u0142cenia.<\/h5><\/blockquote>\t\t\t\t\t\t<\/div>\n\t\t\t\t<\/div>\n\t\t\t\t<div class=\"elementor-element elementor-element-c078210 elementor-widget elementor-widget-text-editor\" data-id=\"c078210\" data-element_type=\"widget\" data-widget_type=\"text-editor.default\">\n\t\t\t\t<div class=\"elementor-widget-container\">\n\t\t\t\t\t\t\t<p data-start=\"385\" data-end=\"414\"><strong data-start=\"385\" data-end=\"414\">Najwa\u017cniejsze informacje:<\/strong><\/p><ul data-start=\"415\" data-end=\"1035\"><li data-start=\"415\" data-end=\"516\"><p data-start=\"417\" data-end=\"516\">Praktyka odbywa si\u0119 na podstawie umowy tr\u00f3jstronnej: student \u2013 Uniwersytet \u2013 Organizator praktyki.<\/p><\/li><li data-start=\"517\" data-end=\"677\"><p data-start=\"519\" data-end=\"677\">Mo\u017cliwe jest zaliczenie pracy zawodowej, sta\u017cu lub wolontariatu jako praktyki studenckiej, o ile spe\u0142niaj\u0105 one cele kszta\u0142cenia okre\u015blone w programie studi\u00f3w.<\/p><\/li><li data-start=\"678\" data-end=\"799\"><p data-start=\"680\" data-end=\"799\">Procedura odbywa si\u0119 w systemie EOD, gdzie student sk\u0142ada wniosek, za\u0142\u0105cza wymagane dokumenty oraz uzyskuje zaliczenie.<\/p><\/li><li data-start=\"800\" data-end=\"889\"><p data-start=\"802\" data-end=\"889\">Student zobowi\u0105zany jest do wykupienia ubezpieczenia OC i NNW na czas trwania praktyki.<\/p><\/li><li data-start=\"890\" data-end=\"1035\"><p data-start=\"892\" data-end=\"1035\">Praktyka co do zasady jest nieodp\u0142atna, chyba \u017ce Organizator zdecyduje inaczej \u2013 wtedy umowa finansowa zawierana jest bez udzia\u0142u Uniwersytetu.<\/p><\/li><\/ul><p data-start=\"1037\" data-end=\"1184\">Szczeg\u00f3\u0142owe informacje, wzory dokument\u00f3w oraz instrukcja post\u0119powania dost\u0119pne s\u0105 w systemie EOD.<\/p><p data-start=\"1037\" data-end=\"1184\">W sprawach techniczno-organizacyjnych, w tym zwi\u0105zanych z funkcjonowaniem systemu EOD prosimy si\u0119 kontaktowa\u0107 z Centrum Obs\u0142ugi Student\u00f3w<\/p><p data-start=\"1037\" data-end=\"1184\">W sprawach merytorycznych dotycz\u0105cych praktyk prosimy o kontakt z wyznaczonymi opiekunami praktyk.<\/p>\t\t\t\t\t\t<\/div>\n\t\t\t\t<\/div>\n\t\t\t\t\t<\/div>\n\t\t<\/div>\n\t\t\t\t\t<\/div>\n\t\t<\/section>\n\t\t\t\t<\/div>\n\t\t","protected":false},"excerpt":{"rendered":"<p>Praktyki &nbsp;studenckie Studenckie praktyki zawodowe na Uniwersytecie Ekonomicznym w Krakowie s\u0105 obowi\u0105zkowym elementem programu studi\u00f3w. Ich celem jest zdobycie praktycznych umiej\u0119tno\u015bci i do\u015bwiadczenia zawodowego zgodnego z kierunkiem kszta\u0142cenia. Najwa\u017cniejsze informacje: Praktyka odbywa si\u0119 na podstawie umowy tr\u00f3jstronnej: student \u2013 Uniwersytet \u2013 Organizator praktyki. Mo\u017cliwe jest zaliczenie pracy zawodowej, sta\u017cu lub wolontariatu jako praktyki studenckiej, o ile spe\u0142niaj\u0105 one cele kszta\u0142cenia okre\u015blone w programie studi\u00f3w. Procedura odbywa si\u0119 w systemie EOD, gdzie student sk\u0142ada wniosek, za\u0142\u0105cza wymagane dokumenty oraz uzyskuje zaliczenie. Student zobowi\u0105zany jest do wykupienia ubezpieczenia OC i NNW na czas trwania praktyki. Praktyka co do zasady jest nieodp\u0142atna, chyba \u017ce Organizator zdecyduje inaczej \u2013 wtedy umowa finansowa zawierana jest bez udzia\u0142u Uniwersytetu. Szczeg\u00f3\u0142owe informacje, wzory dokument\u00f3w oraz instrukcja post\u0119powania dost\u0119pne s\u0105 w systemie EOD. W sprawach techniczno-organizacyjnych, w tym zwi\u0105zanych z funkcjonowaniem systemu EOD prosimy si\u0119 kontaktowa\u0107 z Centrum Obs\u0142ugi Student\u00f3w W sprawach merytorycznych dotycz\u0105cych praktyk prosimy o kontakt z wyznaczonymi opiekunami praktyk.<\/p>\n","protected":false},"author":1,"featured_media":0,"parent":336,"menu_order":0,"comment_status":"closed","ping_status":"closed","template":"elementor_header_footer","meta":{"footnotes":""},"class_list":["post-366","page","type-page","status-publish","hentry"],"_links":{"self":[{"href":"https:\/\/if2.uek.krakow.pl\/krachf\/wp-json\/wp\/v2\/pages\/366","targetHints":{"allow":["GET"]}}],"collection":[{"href":"https:\/\/if2.uek.krakow.pl\/krachf\/wp-json\/wp\/v2\/pages"}],"about":[{"href":"https:\/\/if2.uek.krakow.pl\/krachf\/wp-json\/wp\/v2\/types\/page"}],"author":[{"embeddable":true,"href":"https:\/\/if2.uek.krakow.pl\/krachf\/wp-json\/wp\/v2\/users\/1"}],"replies":[{"embeddable":true,"href":"https:\/\/if2.uek.krakow.pl\/krachf\/wp-json\/wp\/v2\/comments?post=366"}],"version-history":[{"count":3,"href":"https:\/\/if2.uek.krakow.pl\/krachf\/wp-json\/wp\/v2\/pages\/366\/revisions"}],"predecessor-version":[{"id":1765,"href":"https:\/\/if2.uek.krakow.pl\/krachf\/wp-json\/wp\/v2\/pages\/366\/revisions\/1765"}],"up":[{"embeddable":true,"href":"https:\/\/if2.uek.krakow.pl\/krachf\/wp-json\/wp\/v2\/pages\/336"}],"wp:attachment":[{"href":"https:\/\/if2.uek.krakow.pl\/krachf\/wp-json\/wp\/v2\/media?parent=366"}],"curies":[{"name":"wp","href":"https:\/\/api.w.org\/{rel}","templated":true}]}}