{"id":346,"date":"2023-02-20T00:01:15","date_gmt":"2023-02-19T23:01:15","guid":{"rendered":"https:\/\/ie.uek.krakow.pl\/ke\/?page_id=346"},"modified":"2025-07-04T12:30:06","modified_gmt":"2025-07-04T10:30:06","slug":"kola-naukowe","status":"publish","type":"page","link":"https:\/\/if2.uek.krakow.pl\/krachf\/studenci\/kola-naukowe\/","title":{"rendered":"Ko\u0142a naukowe"},"content":{"rendered":"\t\t<div data-elementor-type=\"wp-page\" data-elementor-id=\"346\" class=\"elementor elementor-346\">\n\t\t\t\t\t\t<section data-particle_enable=\"false\" data-particle-mobile-disabled=\"false\" class=\"elementor-section elementor-top-section elementor-element elementor-element-22080c8 elementor-section-boxed elementor-section-height-default elementor-section-height-default\" data-id=\"22080c8\" data-element_type=\"section\" data-settings=\"{&quot;jet_parallax_layout_list&quot;:[]}\">\n\t\t\t\t\t\t<div class=\"elementor-container elementor-column-gap-default\">\n\t\t\t\t\t<div class=\"elementor-column elementor-col-33 elementor-top-column elementor-element elementor-element-c20decf\" data-id=\"c20decf\" data-element_type=\"column\">\n\t\t\t<div class=\"elementor-widget-wrap elementor-element-populated\">\n\t\t\t\t\t\t<div class=\"elementor-element elementor-element-9764738 elementor-widget elementor-widget-image\" data-id=\"9764738\" data-element_type=\"widget\" data-widget_type=\"image.default\">\n\t\t\t\t<div class=\"elementor-widget-container\">\n\t\t\t\t\t\t\t\t\t\t\t\t\t<img fetchpriority=\"high\" decoding=\"async\" width=\"1796\" height=\"1790\" src=\"https:\/\/if2.uek.krakow.pl\/krachf\/wp-content\/uploads\/sites\/7\/2025\/07\/Logo-KNRF-Malgorzata-Tomporowska.png\" class=\"attachment-full size-full wp-image-1722\" alt=\"\" srcset=\"https:\/\/if2.uek.krakow.pl\/krachf\/wp-content\/uploads\/sites\/7\/2025\/07\/Logo-KNRF-Malgorzata-Tomporowska.png 1796w, https:\/\/if2.uek.krakow.pl\/krachf\/wp-content\/uploads\/sites\/7\/2025\/07\/Logo-KNRF-Malgorzata-Tomporowska-300x300.png 300w, https:\/\/if2.uek.krakow.pl\/krachf\/wp-content\/uploads\/sites\/7\/2025\/07\/Logo-KNRF-Malgorzata-Tomporowska-1024x1021.png 1024w, https:\/\/if2.uek.krakow.pl\/krachf\/wp-content\/uploads\/sites\/7\/2025\/07\/Logo-KNRF-Malgorzata-Tomporowska-150x150.png 150w, https:\/\/if2.uek.krakow.pl\/krachf\/wp-content\/uploads\/sites\/7\/2025\/07\/Logo-KNRF-Malgorzata-Tomporowska-768x765.png 768w, https:\/\/if2.uek.krakow.pl\/krachf\/wp-content\/uploads\/sites\/7\/2025\/07\/Logo-KNRF-Malgorzata-Tomporowska-1536x1531.png 1536w, https:\/\/if2.uek.krakow.pl\/krachf\/wp-content\/uploads\/sites\/7\/2025\/07\/Logo-KNRF-Malgorzata-Tomporowska-75x75.png 75w\" sizes=\"(max-width: 1796px) 100vw, 1796px\" \/>\t\t\t\t\t\t\t\t\t\t\t\t\t<\/div>\n\t\t\t\t<\/div>\n\t\t\t\t\t<\/div>\n\t\t<\/div>\n\t\t\t\t<div class=\"elementor-column elementor-col-66 elementor-top-column elementor-element elementor-element-101f182\" data-id=\"101f182\" data-element_type=\"column\">\n\t\t\t<div class=\"elementor-widget-wrap elementor-element-populated\">\n\t\t\t\t\t\t<div class=\"elementor-element elementor-element-8723dd5 elementor-widget elementor-widget-heading\" data-id=\"8723dd5\" data-element_type=\"widget\" data-widget_type=\"heading.default\">\n\t\t\t\t<div class=\"elementor-widget-container\">\n\t\t\t<h2 class=\"elementor-heading-title elementor-size-default\">KO\u0141O NAUKOWE REWIZJI FINANSOWEJ \"AUDYT\"<\/h2>\t\t<\/div>\n\t\t\t\t<\/div>\n\t\t\t\t<div class=\"elementor-element elementor-element-ff81b7c elementor-widget elementor-widget-text-editor\" data-id=\"ff81b7c\" data-element_type=\"widget\" data-widget_type=\"text-editor.default\">\n\t\t\t\t<div class=\"elementor-widget-container\">\n\t\t\t\t\t\t\t<p>Ko\u0142o Naukowe Rewizji Finansowej \u201eAudyt\u201d, dzia\u0142aj\u0105ce przy Katedrze Rachunkowo\u015bci Finansowej Uniwersytetu Ekonomicznego w Krakowie, zosta\u0142o za\u0142o\u017cone w 2002 roku. Od wielu lat jest jedn\u0105 z najpr\u0119\u017cniej dzia\u0142aj\u0105cych organizacji studenckich na Uczelni. Ko\u0142o tworzy oko\u0142o 120 student\u00f3w, kt\u00f3rzy pragn\u0105 zg\u0142\u0119bia\u0107 wiedz\u0119 dotycz\u0105c\u0105 szeroko poj\u0119tej tematyki rewizji finansowej, poznawa\u0107 ludzi o podobnych zainteresowaniach i ju\u017c w trakcie studi\u00f3w zacz\u0105\u0107 budowa\u0107 wsp\u00f3\u0142prac\u0119 z firmami z bran\u017cy. Cz\u0142onkowie Ko\u0142a to zgrany zesp\u00f3\u0142, gotowy na wszelkie wyzwania i podejmuj\u0105cy coraz to nowe inicjatywy. W toku swojej dzia\u0142alno\u015bci KNRF ,,Audyt\u201d mia\u0142o przyjemno\u015b\u0107 organizowa\u0107 liczne wydarzenia we wsp\u00f3\u0142pracy z firmami dzia\u0142aj\u0105cymi w bran\u017cy ksi\u0119gowo\u015bci i audytu. Wsp\u00f3lnie podejmowane inicjatywy utrzymywane s\u0105 na wysokim poziomie merytorycznym, ukazuj\u0105 problematyczne zagadnienia z praktycznego punktu widzenia, przez co ciesz\u0105 si\u0119 du\u017cym zainteresowaniem.<\/p><p>Ko\u0142o Naukowe Rewizji Finansowej \u201eAudyt\u201d nieustannie d\u0105\u017cy do poszerzania horyzont\u00f3w swoich cz\u0142onk\u00f3w, oferuj\u0105c szerokie spektrum mo\u017cliwo\u015bci rozwoju osobistego i zawodowego. Opr\u00f3cz regularnych spotka\u0144 i warsztat\u00f3w, Ko\u0142o organizuje r\u00f3wnie\u017c spotkania integracyjne.<\/p><p>Dzi\u0119ki wsp\u00f3\u0142pracy z wyk\u0142adowcami Uniwersytetu Ekonomicznego w Krakowie oraz ekspertami zewn\u0119trznymi, cz\u0142onkowie Ko\u0142a maj\u0105 dost\u0119p do unikalnych materia\u0142\u00f3w dydaktycznych i s\u0105 na bie\u017c\u0105co z najnowszymi trendami oraz zmianami w przepisach. W ramach swojej dzia\u0142alno\u015bci, \u201eAudyt\u201d regularnie wsp\u00f3\u0142pracuje z organizacjami studenckimi z innych uczelni, co sprzyja wymianie do\u015bwiadcze\u0144 i budowaniu cennych relacji na przysz\u0142o\u015b\u0107.<\/p><p>Ko\u0142o mo\u017ce r\u00f3wnie\u017c pochwali\u0107 si\u0119 du\u017c\u0105 aktywno\u015bci\u0105 w zakresie publikacji naukowych. Cz\u0142onkowie KNRF \u201eAudyt\u201d maj\u0105 mo\u017cliwo\u015b\u0107 publikowania swoich artyku\u0142\u00f3w w renomowanych czasopismach bran\u017cowych, co jest doskona\u0142\u0105 okazj\u0105 do budowania swojego portfolio naukowego. Dzia\u0142alno\u015b\u0107 Ko\u0142a to nie tylko zdobywanie wiedzy teoretycznej, ale tak\u017ce praktyczne do\u015bwiadczenie, kt\u00f3re przygotowuje student\u00f3w do wyzwa\u0144 zawodowych w dynamicznie rozwijaj\u0105cej si\u0119 bran\u017cy finansowej.<\/p>\t\t\t\t\t\t<\/div>\n\t\t\t\t<\/div>\n\t\t\t\t<div class=\"elementor-element elementor-element-30626b33 elementor-align-right elementor-button-info elementor-widget elementor-widget-button\" data-id=\"30626b33\" data-element_type=\"widget\" data-widget_type=\"button.default\">\n\t\t\t\t<div class=\"elementor-widget-container\">\n\t\t\t\t\t\t\t<div class=\"elementor-button-wrapper\">\n\t\t\t\t\t<a class=\"elementor-button elementor-button-link elementor-size-sm\" href=\"https:\/\/rkn.uek.krakow.pl\/kolo-naukowe-rewizji-finansowej-audyt\/\" target=\"_blank\">\n\t\t\t\t\t\t<span class=\"elementor-button-content-wrapper\">\n\t\t\t\t\t\t\t\t\t<span class=\"elementor-button-text\">strona ko\u0142a<\/span>\n\t\t\t\t\t<\/span>\n\t\t\t\t\t<\/a>\n\t\t\t\t<\/div>\n\t\t\t\t\t\t<\/div>\n\t\t\t\t<\/div>\n\t\t\t\t\t<\/div>\n\t\t<\/div>\n\t\t\t\t\t<\/div>\n\t\t<\/section>\n\t\t\t\t<section data-particle_enable=\"false\" data-particle-mobile-disabled=\"false\" class=\"elementor-section elementor-top-section elementor-element elementor-element-5bd16a8 elementor-section-boxed elementor-section-height-default elementor-section-height-default\" data-id=\"5bd16a8\" data-element_type=\"section\" data-settings=\"{&quot;jet_parallax_layout_list&quot;:[],&quot;background_background&quot;:&quot;classic&quot;,&quot;shape_divider_top&quot;:&quot;arrow&quot;,&quot;shape_divider_bottom&quot;:&quot;arrow&quot;,&quot;shape_divider_bottom_negative&quot;:&quot;yes&quot;}\">\n\t\t\t\t\t<div class=\"elementor-shape elementor-shape-top\" data-negative=\"false\">\n\t\t\t<svg xmlns=\"http:\/\/www.w3.org\/2000\/svg\" viewBox=\"0 0 700 10\" preserveAspectRatio=\"none\">\n\t<path class=\"elementor-shape-fill\" d=\"M350,10L340,0h20L350,10z\"\/>\n<\/svg>\t\t<\/div>\n\t\t\t\t<div class=\"elementor-shape elementor-shape-bottom\" data-negative=\"true\">\n\t\t\t<svg xmlns=\"http:\/\/www.w3.org\/2000\/svg\" viewBox=\"0 0 700 10\" preserveAspectRatio=\"none\">\n\t<path class=\"elementor-shape-fill\" d=\"M360 0L350 9.9 340 0 0 0 0 10 700 10 700 0\"\/>\n<\/svg>\t\t<\/div>\n\t\t\t\t\t<div class=\"elementor-container elementor-column-gap-default\">\n\t\t\t\t\t<div class=\"elementor-column elementor-col-33 elementor-top-column elementor-element elementor-element-a10c985\" data-id=\"a10c985\" data-element_type=\"column\">\n\t\t\t<div class=\"elementor-widget-wrap elementor-element-populated\">\n\t\t\t\t\t\t<div class=\"elementor-element elementor-element-8235ad7 elementor-widget elementor-widget-image\" data-id=\"8235ad7\" data-element_type=\"widget\" data-widget_type=\"image.default\">\n\t\t\t\t<div class=\"elementor-widget-container\">\n\t\t\t\t\t\t\t\t\t\t\t\t\t<img decoding=\"async\" width=\"512\" height=\"512\" src=\"https:\/\/if2.uek.krakow.pl\/krachf\/wp-content\/uploads\/sites\/7\/2023\/02\/partner-1-ok.png\" class=\"attachment-full size-full wp-image-280\" alt=\"\" srcset=\"https:\/\/if2.uek.krakow.pl\/krachf\/wp-content\/uploads\/sites\/7\/2023\/02\/partner-1-ok.png 512w, https:\/\/if2.uek.krakow.pl\/krachf\/wp-content\/uploads\/sites\/7\/2023\/02\/partner-1-ok-300x300.png 300w, https:\/\/if2.uek.krakow.pl\/krachf\/wp-content\/uploads\/sites\/7\/2023\/02\/partner-1-ok-150x150.png 150w, https:\/\/if2.uek.krakow.pl\/krachf\/wp-content\/uploads\/sites\/7\/2023\/02\/partner-1-ok-75x75.png 75w\" sizes=\"(max-width: 512px) 100vw, 512px\" \/>\t\t\t\t\t\t\t\t\t\t\t\t\t<\/div>\n\t\t\t\t<\/div>\n\t\t\t\t\t<\/div>\n\t\t<\/div>\n\t\t\t\t<div class=\"elementor-column elementor-col-66 elementor-top-column elementor-element elementor-element-b26b269\" data-id=\"b26b269\" data-element_type=\"column\">\n\t\t\t<div class=\"elementor-widget-wrap elementor-element-populated\">\n\t\t\t\t\t\t<div class=\"elementor-element elementor-element-6e89348 elementor-widget elementor-widget-heading\" data-id=\"6e89348\" data-element_type=\"widget\" data-widget_type=\"heading.default\">\n\t\t\t\t<div class=\"elementor-widget-container\">\n\t\t\t<h2 class=\"elementor-heading-title elementor-size-default\">Ko\u0142o naukowe 2<\/h2>\t\t<\/div>\n\t\t\t\t<\/div>\n\t\t\t\t<div class=\"elementor-element elementor-element-0bf2928 elementor-widget elementor-widget-text-editor\" data-id=\"0bf2928\" data-element_type=\"widget\" data-widget_type=\"text-editor.default\">\n\t\t\t\t<div class=\"elementor-widget-container\">\n\t\t\t\t\t\t\t<p>Ewentualnie kr\u00f3tki opis.<br \/>Lorem ipsum dolor sit amet, consectetur adipiscing elit. Ut elit tellus, luctus nec ullamcorper mattis, pulvinar dapibus leo.<\/p>\t\t\t\t\t\t<\/div>\n\t\t\t\t<\/div>\n\t\t\t\t<div class=\"elementor-element elementor-element-60fdb8c elementor-align-right elementor-button-info elementor-widget elementor-widget-button\" data-id=\"60fdb8c\" data-element_type=\"widget\" data-widget_type=\"button.default\">\n\t\t\t\t<div class=\"elementor-widget-container\">\n\t\t\t\t\t\t\t<div class=\"elementor-button-wrapper\">\n\t\t\t\t\t<a class=\"elementor-button elementor-button-link elementor-size-sm\" href=\"#\" target=\"_blank\">\n\t\t\t\t\t\t<span class=\"elementor-button-content-wrapper\">\n\t\t\t\t\t\t\t\t\t<span class=\"elementor-button-text\">strona ko\u0142a<\/span>\n\t\t\t\t\t<\/span>\n\t\t\t\t\t<\/a>\n\t\t\t\t<\/div>\n\t\t\t\t\t\t<\/div>\n\t\t\t\t<\/div>\n\t\t\t\t\t<\/div>\n\t\t<\/div>\n\t\t\t\t\t<\/div>\n\t\t<\/section>\n\t\t\t\t<\/div>\n\t\t","protected":false},"excerpt":{"rendered":"<p>KO\u0141O NAUKOWE REWIZJI FINANSOWEJ &#8222;AUDYT&#8221; Ko\u0142o Naukowe Rewizji Finansowej \u201eAudyt\u201d, dzia\u0142aj\u0105ce przy Katedrze Rachunkowo\u015bci Finansowej Uniwersytetu Ekonomicznego w Krakowie, zosta\u0142o za\u0142o\u017cone w 2002 roku. Od wielu lat jest jedn\u0105 z najpr\u0119\u017cniej dzia\u0142aj\u0105cych organizacji studenckich na Uczelni. Ko\u0142o tworzy oko\u0142o 120 student\u00f3w, kt\u00f3rzy pragn\u0105 zg\u0142\u0119bia\u0107 wiedz\u0119 dotycz\u0105c\u0105 szeroko poj\u0119tej tematyki rewizji finansowej, poznawa\u0107 ludzi o podobnych zainteresowaniach i ju\u017c w trakcie studi\u00f3w zacz\u0105\u0107 budowa\u0107 wsp\u00f3\u0142prac\u0119 z firmami z bran\u017cy. Cz\u0142onkowie Ko\u0142a to zgrany zesp\u00f3\u0142, gotowy na wszelkie wyzwania i podejmuj\u0105cy coraz to nowe inicjatywy. W toku swojej dzia\u0142alno\u015bci KNRF ,,Audyt\u201d mia\u0142o przyjemno\u015b\u0107 organizowa\u0107 liczne wydarzenia we wsp\u00f3\u0142pracy z firmami dzia\u0142aj\u0105cymi w bran\u017cy ksi\u0119gowo\u015bci i audytu. Wsp\u00f3lnie podejmowane inicjatywy utrzymywane s\u0105 na wysokim poziomie merytorycznym, ukazuj\u0105 problematyczne zagadnienia z praktycznego punktu widzenia, przez co ciesz\u0105 si\u0119 du\u017cym zainteresowaniem. Ko\u0142o Naukowe Rewizji Finansowej \u201eAudyt\u201d nieustannie d\u0105\u017cy do poszerzania horyzont\u00f3w swoich cz\u0142onk\u00f3w, oferuj\u0105c szerokie spektrum mo\u017cliwo\u015bci rozwoju osobistego i zawodowego. Opr\u00f3cz regularnych spotka\u0144 i warsztat\u00f3w, Ko\u0142o organizuje r\u00f3wnie\u017c spotkania integracyjne. Dzi\u0119ki wsp\u00f3\u0142pracy z wyk\u0142adowcami Uniwersytetu Ekonomicznego w Krakowie oraz ekspertami zewn\u0119trznymi, cz\u0142onkowie Ko\u0142a maj\u0105 dost\u0119p do unikalnych materia\u0142\u00f3w dydaktycznych i s\u0105 na bie\u017c\u0105co z najnowszymi trendami oraz zmianami w przepisach. W ramach swojej dzia\u0142alno\u015bci, \u201eAudyt\u201d regularnie wsp\u00f3\u0142pracuje z organizacjami studenckimi z innych uczelni, co sprzyja wymianie do\u015bwiadcze\u0144 i budowaniu cennych relacji na przysz\u0142o\u015b\u0107. Ko\u0142o mo\u017ce r\u00f3wnie\u017c pochwali\u0107 si\u0119 du\u017c\u0105 aktywno\u015bci\u0105 w zakresie publikacji naukowych. Cz\u0142onkowie KNRF \u201eAudyt\u201d maj\u0105 mo\u017cliwo\u015b\u0107 publikowania swoich artyku\u0142\u00f3w w renomowanych czasopismach bran\u017cowych, co jest doskona\u0142\u0105 okazj\u0105 do budowania swojego portfolio naukowego. Dzia\u0142alno\u015b\u0107 Ko\u0142a to nie tylko zdobywanie wiedzy teoretycznej, ale tak\u017ce praktyczne do\u015bwiadczenie, kt\u00f3re przygotowuje student\u00f3w do wyzwa\u0144 zawodowych w dynamicznie rozwijaj\u0105cej si\u0119 bran\u017cy finansowej. strona ko\u0142a Ko\u0142o naukowe 2 Ewentualnie kr\u00f3tki opis.Lorem ipsum dolor sit amet, consectetur adipiscing elit. Ut elit tellus, luctus nec ullamcorper mattis, pulvinar dapibus leo. strona ko\u0142a<\/p>\n","protected":false},"author":1,"featured_media":0,"parent":336,"menu_order":0,"comment_status":"closed","ping_status":"closed","template":"elementor_header_footer","meta":{"footnotes":""},"class_list":["post-346","page","type-page","status-publish","hentry"],"_links":{"self":[{"href":"https:\/\/if2.uek.krakow.pl\/krachf\/wp-json\/wp\/v2\/pages\/346","targetHints":{"allow":["GET"]}}],"collection":[{"href":"https:\/\/if2.uek.krakow.pl\/krachf\/wp-json\/wp\/v2\/pages"}],"about":[{"href":"https:\/\/if2.uek.krakow.pl\/krachf\/wp-json\/wp\/v2\/types\/page"}],"author":[{"embeddable":true,"href":"https:\/\/if2.uek.krakow.pl\/krachf\/wp-json\/wp\/v2\/users\/1"}],"replies":[{"embeddable":true,"href":"https:\/\/if2.uek.krakow.pl\/krachf\/wp-json\/wp\/v2\/comments?post=346"}],"version-history":[{"count":3,"href":"https:\/\/if2.uek.krakow.pl\/krachf\/wp-json\/wp\/v2\/pages\/346\/revisions"}],"predecessor-version":[{"id":1725,"href":"https:\/\/if2.uek.krakow.pl\/krachf\/wp-json\/wp\/v2\/pages\/346\/revisions\/1725"}],"up":[{"embeddable":true,"href":"https:\/\/if2.uek.krakow.pl\/krachf\/wp-json\/wp\/v2\/pages\/336"}],"wp:attachment":[{"href":"https:\/\/if2.uek.krakow.pl\/krachf\/wp-json\/wp\/v2\/media?parent=346"}],"curies":[{"name":"wp","href":"https:\/\/api.w.org\/{rel}","templated":true}]}}