{"id":313,"date":"2023-02-19T16:10:53","date_gmt":"2023-02-19T15:10:53","guid":{"rendered":"https:\/\/ie.uek.krakow.pl\/ke\/?page_id=313"},"modified":"2023-12-12T08:24:10","modified_gmt":"2023-12-12T07:24:10","slug":"konferencje","status":"publish","type":"page","link":"https:\/\/if2.uek.krakow.pl\/krachf\/konferencje\/","title":{"rendered":"Konferencje"},"content":{"rendered":"\t\t<div data-elementor-type=\"wp-page\" data-elementor-id=\"313\" class=\"elementor elementor-313\">\n\t\t\t\t\t\t<section data-particle_enable=\"false\" data-particle-mobile-disabled=\"false\" class=\"elementor-section elementor-top-section elementor-element elementor-element-1d441e8 elementor-section-boxed elementor-section-height-default elementor-section-height-default\" data-id=\"1d441e8\" data-element_type=\"section\" data-settings=\"{&quot;jet_parallax_layout_list&quot;:[]}\">\n\t\t\t\t\t\t<div class=\"elementor-container elementor-column-gap-default\">\n\t\t\t\t\t<div class=\"elementor-column elementor-col-100 elementor-top-column elementor-element elementor-element-c4658e4\" data-id=\"c4658e4\" data-element_type=\"column\">\n\t\t\t<div class=\"elementor-widget-wrap elementor-element-populated\">\n\t\t\t\t\t\t<div class=\"elementor-element elementor-element-860b63f elementor-widget elementor-widget-heading\" data-id=\"860b63f\" data-element_type=\"widget\" data-widget_type=\"heading.default\">\n\t\t\t\t<div class=\"elementor-widget-container\">\n\t\t\t<h2 class=\"elementor-heading-title elementor-size-default\">Konferencje i seminaria<\/h2>\t\t<\/div>\n\t\t\t\t<\/div>\n\t\t\t\t<div class=\"elementor-element elementor-element-a561ad0 elementor-widget elementor-widget-text-editor\" data-id=\"a561ad0\" data-element_type=\"widget\" data-widget_type=\"text-editor.default\">\n\t\t\t\t<div class=\"elementor-widget-container\">\n\t\t\t\t\t\t\t<blockquote><h2 style=\"font-family: Aller_Rg, sans-serif;font-weight: 500;line-height: 1.1;color: #333333;margin-top: 20px;margin-bottom: 10px;font-style: normal\">Historia i cel<\/h2><h4 style=\"font-family: Aller_Rg, sans-serif;font-weight: 500;line-height: 1.1;color: #333333;margin-top: 10px;margin-bottom: 10px;font-size: 18px;font-style: normal\" data-fontsize=\"16\" data-lineheight=\"24\"><span style=\"font-weight: bold\">Konferencje \u201egrudniowe\u201d Katedry Rachunkowo\u015bci Finansowej Uniwersytetu Ekonomicznego w Krakowie<\/span><\/h4><p style=\"margin-bottom: 10px;color: #333333;font-family: Aller_Rg, sans-serif;font-size: 14px;font-style: normal;font-weight: 400\" align=\"justify\">Mi\u0119dzynarodowe cykliczne konferencje naukowe zapocz\u0105tkowane w 2003 roku przez<br \/>prof. dr hab. Bronis\u0142awa Micherd\u0119 okaza\u0142y si\u0119 zgodnie z zamierzeniem organizator\u00f3w \u201eokazj\u0105 do wymiany pogl\u0105d\u00f3w\u201d w tematyce dostosowanej do otaczaj\u0105cych uwarunkowa\u0144 gospodarczych, ukierunkowanej na problematyk\u0119 zatytu\u0142owan\u0105 \u201eSprawozdawczo\u015b\u0107 i rewizja finansowa\u201d.<\/p><p style=\"margin-bottom: 10px;color: #333333;font-family: Aller_Rg, sans-serif;font-size: 14px;font-style: normal;font-weight: 400\" align=\"justify\">Pocz\u0105tkowo \u201ekonferencje grudniowe\u201d, okre\u015blane r\u00f3wnie\u017c przez profesora Bronis\u0142awa Micherd\u0119 jako \u201eadwentowe\u201d, stanowi\u0142y pr\u00f3b\u0119 budowy \u201ezaplecza naukowego\u201d dla uruchomionej przez Katedr\u0119 Rachunkowo\u015bci Finansowej na Wydziale Finans\u00f3w Akademii Ekonomicznej\u00a0 w Krakowie, rozwijaj\u0105cej si\u0119 do dnia dzisiejszego specjalno\u015bci \u201eRewizja finansowa\u201d.<\/p><p style=\"margin-bottom: 10px;color: #333333;font-family: Aller_Rg, sans-serif;font-size: 14px;font-style: normal;font-weight: 400\" align=\"justify\">Odbywaj\u0105ce si\u0119 do dwa lata spotkania sta\u0142y si\u0119 inspiracj\u0105 do \u201eposzukiwania nowych kierunk\u00f3w bada\u0144 naukowych\u201d dla wielu autor\u00f3w opracowa\u0144 zawartych w obszernych materia\u0142ach konferencyjnych. Dodatkowym atutem bez w\u0105tpienia jest specyficzna atmosfera miasta Krak\u00f3w oraz jego estetyczne walory, kt\u00f3rych poznawanie<br \/>w niespotykanych okoliczno\u015bciach stanowi wa\u017cny element ka\u017cdej konferencji. Mi\u0119dzynarodowy charakter konferencji umo\u017cliwia wymian\u0119 do\u015bwiadcze\u0144 i pogl\u0105d\u00f3w w szerszym, europejskim, a w przysz\u0142o\u015bci r\u00f3wnie\u017c \u015bwiatowym wymiarze.<\/p><p style=\"margin-bottom: 10px;color: #333333;font-family: Aller_Rg, sans-serif;font-size: 14px;font-style: normal;font-weight: 400\" align=\"justify\">W duchu d\u0105\u017cenia do wzrostu umi\u0119dzynarodowienia Konferencji, rok 2017 sta\u0142 si\u0119 prze\u0142omowym, w kt\u00f3rym kontynuowan\u0105 przez dr hab. Mariusza Andrzejewskiego, prof. UEK ide\u0119 cyklicznych spotka\u0144 naukowych w Krakowie, przeniesiono na okres wczesnej jesieni.<\/p><div class=\"fusion-layout-column fusion_builder_column fusion_builder_column_1_3 fusion-one-third fusion-column-first 1_3\" style=\"color: #333333;font-family: Aller_Rg, sans-serif;font-size: 14px;font-style: normal;font-weight: 400\"><ul style=\"margin-bottom: 10px\"><li class=\"fusion-column-wrapper\">2021 \u2013\u00a0Sprawozdawczo\u015b\u0107 i rewizja finansowa \u2013 kierunki zmian i wyzwania w czasach pandemii;\u00a0 \u00a0 \u00a0 \u00a0 \u00a0 \u00a0 \u00a0 \u00a0 \u00a0 \u00a0 \u00a0 \u00a0 \u00a0 \u00a0 \u00a0 \u00a0 \u00a0 \u00a0 \u00a0 \u00a0 \u00a0 \u00a0 \u00a0 \u00a0 \u00a0 \u00a0 \u00a0<a style=\"color: #337ab7\" href=\"https:\/\/krf-new.uek.krakow.pl\/\">https:\/\/krf-new.uek.krakow.pl\/<\/a><\/li><li class=\"fusion-column-wrapper\">2019 \u2013\u00a0Sprawozdawczo\u015b\u0107 i rewizja finansowa \u2013 spe\u0142nianie potrzeb informacyjnych u\u017cytkownik\u00f3w sprawozda\u0144 finansowych<\/li><li class=\"fusion-column-wrapper\">2017 \u2013 Sprawozdawczo\u015b\u0107 i rewizja finansowa: wyzwania i szanse nauki i dydaktyki rachunkowo\u015bci<\/li><li class=\"fusion-column-wrapper\">2015 \u2013 Sprawozdawczo\u015b\u0107 i rewizja finansowa \u2013 uwarunkowania ekonomiczne, prawne i regulacyjne<\/li><li class=\"fusion-column-wrapper\">2013 \u2013 Sprawozdawczo\u015b\u0107 i rewizja finansowa \u2013 problemy kwantyfikacji warto\u015bci i ryzyka<\/li><li class=\"fusion-column-wrapper\">2011 \u2013 Sprawozdawczo\u015b\u0107 i rewizja finansowa \u2013 kierunki zmian<\/li><li class=\"fusion-column-wrapper\">2010 \u2013 Zjazd Katedr Rachunkowo\u015bci pt. ,,Perspektywy rozwoju rachunkowo\u015bci, analizy i rewizji finansowej w teorii i praktyce\u201d, Zakopane, 22-24 wrze\u015bnia 2010 r.<\/li><li class=\"fusion-column-wrapper\">2009 \u2013 Sprawozdawczo\u015b\u0107 i rewizja finansowa wobec kryzysu ekonomicznego<\/li><li class=\"fusion-column-wrapper\">2007 \u2013 Sprawozdawczo\u015b\u0107 i rewizja finansowa w kszta\u0142towaniu wiarygodno\u015bci informacji ekonomicznej<\/li><li class=\"fusion-column-wrapper\">2005 \u2013 Sprawozdawczo\u015b\u0107 i rewizja finansowa w procesie poprawy bezpiecze\u0144stwa obrotu gospodarczego<\/li><li class=\"fusion-column-wrapper\">2003 \u2013 Sprawozdawczo\u015b\u0107 i rewizja finansowa w procesie podnoszenia kwalifikacji kadry mened\u017cerskiej<\/li><li class=\"fusion-column-wrapper\">2001 \u2013 Og\u00f3lnopolski Zjazd Katedr Rachunkowo\u015bci, Ewolucja polskiej rachunkowo\u015bci na tle rozwi\u0105za\u0144 \u015bwiatowych<\/li><\/ul><\/div><\/blockquote>\t\t\t\t\t\t<\/div>\n\t\t\t\t<\/div>\n\t\t\t\t\t<\/div>\n\t\t<\/div>\n\t\t\t\t\t<\/div>\n\t\t<\/section>\n\t\t\t\t<section data-particle_enable=\"false\" data-particle-mobile-disabled=\"false\" class=\"elementor-section elementor-top-section elementor-element elementor-element-0a4bbea elementor-section-boxed elementor-section-height-default elementor-section-height-default\" data-id=\"0a4bbea\" data-element_type=\"section\" data-settings=\"{&quot;jet_parallax_layout_list&quot;:[{&quot;_id&quot;:&quot;9da879f&quot;,&quot;jet_parallax_layout_image&quot;:{&quot;url&quot;:&quot;&quot;,&quot;id&quot;:&quot;&quot;,&quot;size&quot;:&quot;&quot;},&quot;jet_parallax_layout_image_laptop&quot;:{&quot;url&quot;:&quot;&quot;,&quot;id&quot;:&quot;&quot;,&quot;size&quot;:&quot;&quot;},&quot;jet_parallax_layout_image_tablet_extra&quot;:{&quot;url&quot;:&quot;&quot;,&quot;id&quot;:&quot;&quot;,&quot;size&quot;:&quot;&quot;},&quot;jet_parallax_layout_image_tablet&quot;:{&quot;url&quot;:&quot;&quot;,&quot;id&quot;:&quot;&quot;,&quot;size&quot;:&quot;&quot;},&quot;jet_parallax_layout_image_mobile_extra&quot;:{&quot;url&quot;:&quot;&quot;,&quot;id&quot;:&quot;&quot;,&quot;size&quot;:&quot;&quot;},&quot;jet_parallax_layout_image_mobile&quot;:{&quot;url&quot;:&quot;&quot;,&quot;id&quot;:&quot;&quot;,&quot;size&quot;:&quot;&quot;},&quot;jet_parallax_layout_speed&quot;:{&quot;unit&quot;:&quot;%&quot;,&quot;size&quot;:50,&quot;sizes&quot;:[]},&quot;jet_parallax_layout_type&quot;:&quot;scroll&quot;,&quot;jet_parallax_layout_direction&quot;:null,&quot;jet_parallax_layout_fx_direction&quot;:null,&quot;jet_parallax_layout_z_index&quot;:&quot;&quot;,&quot;jet_parallax_layout_bg_x&quot;:50,&quot;jet_parallax_layout_bg_x_laptop&quot;:&quot;&quot;,&quot;jet_parallax_layout_bg_x_tablet_extra&quot;:&quot;&quot;,&quot;jet_parallax_layout_bg_x_tablet&quot;:&quot;&quot;,&quot;jet_parallax_layout_bg_x_mobile_extra&quot;:&quot;&quot;,&quot;jet_parallax_layout_bg_x_mobile&quot;:&quot;&quot;,&quot;jet_parallax_layout_bg_y&quot;:50,&quot;jet_parallax_layout_bg_y_laptop&quot;:&quot;&quot;,&quot;jet_parallax_layout_bg_y_tablet_extra&quot;:&quot;&quot;,&quot;jet_parallax_layout_bg_y_tablet&quot;:&quot;&quot;,&quot;jet_parallax_layout_bg_y_mobile_extra&quot;:&quot;&quot;,&quot;jet_parallax_layout_bg_y_mobile&quot;:&quot;&quot;,&quot;jet_parallax_layout_bg_size&quot;:&quot;auto&quot;,&quot;jet_parallax_layout_bg_size_laptop&quot;:&quot;&quot;,&quot;jet_parallax_layout_bg_size_tablet_extra&quot;:&quot;&quot;,&quot;jet_parallax_layout_bg_size_tablet&quot;:&quot;&quot;,&quot;jet_parallax_layout_bg_size_mobile_extra&quot;:&quot;&quot;,&quot;jet_parallax_layout_bg_size_mobile&quot;:&quot;&quot;,&quot;jet_parallax_layout_animation_prop&quot;:&quot;transform&quot;,&quot;jet_parallax_layout_on&quot;:[&quot;desktop&quot;,&quot;tablet&quot;]}]}\">\n\t\t\t\t\t\t<div class=\"elementor-container elementor-column-gap-default\">\n\t\t\t\t\t<div class=\"elementor-column elementor-col-100 elementor-top-column elementor-element elementor-element-555f5d89\" data-id=\"555f5d89\" data-element_type=\"column\">\n\t\t\t<div class=\"elementor-widget-wrap elementor-element-populated\">\n\t\t\t\t\t\t<div class=\"elementor-element elementor-element-124fe840 elementor-widget-divider--view-line elementor-widget elementor-widget-divider\" data-id=\"124fe840\" data-element_type=\"widget\" data-widget_type=\"divider.default\">\n\t\t\t\t<div class=\"elementor-widget-container\">\n\t\t\t\t\t<div class=\"elementor-divider\">\n\t\t\t<span class=\"elementor-divider-separator\">\n\t\t\t\t\t\t<\/span>\n\t\t<\/div>\n\t\t\t\t<\/div>\n\t\t\t\t<\/div>\n\t\t\t\t<div class=\"elementor-element elementor-element-7c4e5d1b elementor-grid-tablet_extra-eael-col-4 elementor-grid-eael-col-1 elementor-hidden-desktop elementor-hidden-laptop elementor-hidden-tablet_extra elementor-hidden-tablet elementor-hidden-mobile_extra elementor-hidden-mobile elementor-grid-tablet-eael-col-2 elementor-grid-mobile-eael-col-1 elementor-widget elementor-widget-eael-post-grid\" data-id=\"7c4e5d1b\" data-element_type=\"widget\" data-settings=\"{&quot;eael_post_grid_columns_tablet_extra&quot;:&quot;eael-col-4&quot;,&quot;eael_post_grid_columns&quot;:&quot;eael-col-1&quot;,&quot;eael_post_grid_columns_tablet&quot;:&quot;eael-col-2&quot;,&quot;eael_post_grid_columns_mobile&quot;:&quot;eael-col-1&quot;}\" data-widget_type=\"eael-post-grid.default\">\n\t\t\t\t<div class=\"elementor-widget-container\">\n\t\t\t<div id=\"eael-post-grid-7c4e5d1b\" class=\"eael-post-grid-container\">\n            <div class=\"eael-post-grid eael-post-appender eael-post-appender-7c4e5d1b eael-post-grid-style-two\" data-layout-mode=\"grid\"><article class=\"eael-grid-post  eael-post-grid-column eael-pg-post-895 category-conferences\" data-id=\"895\">\n    <div class=\"eael-grid-post-holder\">\n        <div class=\"eael-grid-post-holder-inner\"><div class=\"eael-entry-wrapper\"><header class=\"eael-entry-header\"><h2 class=\"eael-entry-title\"><a class=\"eael-grid-post-link\" href=\"https:\/\/if2.uek.krakow.pl\/krachf\/en\/konferencjeseminaria\/conference-1\/\" title=\"Conference 1\">Conference 1<\/a><\/h2><\/header><div class=\"eael-entry-header-after style-two\"><div class=\"eael-entry-meta\"><span class=\"eael-posted-on eael-meta-posted-on\"><i class=\"far fa-clock\"><\/i><time datetime=\"2023-02-25\">2023-02-25<\/time><\/span><\/div><\/div><div class=\"eael-entry-content\">\n                                <div class=\"eael-grid-post-excerpt\"><a href=\"https:\/\/if2.uek.krakow.pl\/krachf\/en\/konferencjeseminaria\/conference-1\/\" class=\"eael-post-elements-readmore-btn\">Czytaj wi\u0119cej  \u2013&gt;<\/a><\/div>\n                            <\/div><\/div><\/div>\n    <\/div>\n<\/article><article class=\"eael-grid-post  eael-post-grid-column eael-pg-post-708 category-konferencje\" data-id=\"708\">\n    <div class=\"eael-grid-post-holder\">\n        <div class=\"eael-grid-post-holder-inner\"><div class=\"eael-entry-wrapper\"><header class=\"eael-entry-header\"><h2 class=\"eael-entry-title\"><a class=\"eael-grid-post-link\" href=\"https:\/\/if2.uek.krakow.pl\/krachf\/konferencjeseminaria\/konferencja-nr-3\/\" title=\"Konferencja nr 3\">Konferencja nr 3<\/a><\/h2><\/header><div class=\"eael-entry-header-after style-two\"><div class=\"eael-entry-meta\"><span class=\"eael-posted-on eael-meta-posted-on\"><i class=\"far fa-clock\"><\/i><time datetime=\"2023-02-24\">2023-02-24<\/time><\/span><\/div><\/div><div class=\"eael-entry-content\">\n                                <div class=\"eael-grid-post-excerpt\"><a href=\"https:\/\/if2.uek.krakow.pl\/krachf\/konferencjeseminaria\/konferencja-nr-3\/\" class=\"eael-post-elements-readmore-btn\">Czytaj wi\u0119cej  \u2013&gt;<\/a><\/div>\n                            <\/div><\/div><\/div>\n    <\/div>\n<\/article><article class=\"eael-grid-post  eael-post-grid-column eael-pg-post-320 category-konferencje\" data-id=\"320\">\n    <div class=\"eael-grid-post-holder\">\n        <div class=\"eael-grid-post-holder-inner\"><div class=\"eael-entry-wrapper\"><header class=\"eael-entry-header\"><h2 class=\"eael-entry-title\"><a class=\"eael-grid-post-link\" href=\"https:\/\/if2.uek.krakow.pl\/krachf\/konferencjeseminaria\/konferencja-nr-1\/\" title=\"Konferencja nr 1\">Konferencja nr 1<\/a><\/h2><\/header><div class=\"eael-entry-header-after style-two\"><div class=\"eael-entry-meta\"><span class=\"eael-posted-on eael-meta-posted-on\"><i class=\"far fa-clock\"><\/i><time datetime=\"2023-01-10\">2023-01-10<\/time><\/span><\/div><\/div><div class=\"eael-entry-content\">\n                                <div class=\"eael-grid-post-excerpt\"><a href=\"https:\/\/if2.uek.krakow.pl\/krachf\/konferencjeseminaria\/konferencja-nr-1\/\" class=\"eael-post-elements-readmore-btn\">Czytaj wi\u0119cej  \u2013&gt;<\/a><\/div>\n                            <\/div><\/div><\/div>\n    <\/div>\n<\/article><article class=\"eael-grid-post  eael-post-grid-column eael-pg-post-330 category-konferencje\" data-id=\"330\">\n    <div class=\"eael-grid-post-holder\">\n        <div class=\"eael-grid-post-holder-inner\"><div class=\"eael-entry-wrapper\"><header class=\"eael-entry-header\"><h2 class=\"eael-entry-title\"><a class=\"eael-grid-post-link\" href=\"https:\/\/if2.uek.krakow.pl\/krachf\/konferencjeseminaria\/konferencja-nr-2\/\" title=\"Konferencja nr 2\">Konferencja nr 2<\/a><\/h2><\/header><div class=\"eael-entry-header-after style-two\"><div class=\"eael-entry-meta\"><span class=\"eael-posted-on eael-meta-posted-on\"><i class=\"far fa-clock\"><\/i><time datetime=\"2022-01-19\">2022-01-19<\/time><\/span><\/div><\/div><div class=\"eael-entry-content\">\n                                <div class=\"eael-grid-post-excerpt\"><a href=\"https:\/\/if2.uek.krakow.pl\/krachf\/konferencjeseminaria\/konferencja-nr-2\/\" class=\"eael-post-elements-readmore-btn\">Czytaj wi\u0119cej  \u2013&gt;<\/a><\/div>\n                            <\/div><\/div><\/div>\n    <\/div>\n<\/article><\/div>\n            <div class=\"clearfix\"><\/div>\n        <\/div>\t\t<\/div>\n\t\t\t\t<\/div>\n\t\t\t\t\t<\/div>\n\t\t<\/div>\n\t\t\t\t\t<\/div>\n\t\t<\/section>\n\t\t\t\t<\/div>\n\t\t","protected":false},"excerpt":{"rendered":"<p>Konferencje i seminaria Historia i cel Konferencje \u201egrudniowe\u201d Katedry Rachunkowo\u015bci Finansowej Uniwersytetu Ekonomicznego w Krakowie Mi\u0119dzynarodowe cykliczne konferencje naukowe zapocz\u0105tkowane w 2003 roku przezprof. dr hab. Bronis\u0142awa Micherd\u0119 okaza\u0142y si\u0119 zgodnie z zamierzeniem organizator\u00f3w \u201eokazj\u0105 do wymiany pogl\u0105d\u00f3w\u201d w tematyce dostosowanej do otaczaj\u0105cych uwarunkowa\u0144 gospodarczych, ukierunkowanej na problematyk\u0119 zatytu\u0142owan\u0105 \u201eSprawozdawczo\u015b\u0107 i rewizja finansowa\u201d. Pocz\u0105tkowo \u201ekonferencje grudniowe\u201d, okre\u015blane r\u00f3wnie\u017c przez profesora Bronis\u0142awa Micherd\u0119 jako \u201eadwentowe\u201d, stanowi\u0142y pr\u00f3b\u0119 budowy \u201ezaplecza naukowego\u201d dla uruchomionej przez Katedr\u0119 Rachunkowo\u015bci Finansowej na Wydziale Finans\u00f3w Akademii Ekonomicznej\u00a0 w Krakowie, rozwijaj\u0105cej si\u0119 do dnia dzisiejszego specjalno\u015bci \u201eRewizja finansowa\u201d. Odbywaj\u0105ce si\u0119 do dwa lata spotkania sta\u0142y si\u0119 inspiracj\u0105 do \u201eposzukiwania nowych kierunk\u00f3w bada\u0144 naukowych\u201d dla wielu autor\u00f3w opracowa\u0144 zawartych w obszernych materia\u0142ach konferencyjnych. Dodatkowym atutem bez w\u0105tpienia jest specyficzna atmosfera miasta Krak\u00f3w oraz jego estetyczne walory, kt\u00f3rych poznawaniew niespotykanych okoliczno\u015bciach stanowi wa\u017cny element ka\u017cdej konferencji. Mi\u0119dzynarodowy charakter konferencji umo\u017cliwia wymian\u0119 do\u015bwiadcze\u0144 i pogl\u0105d\u00f3w w szerszym, europejskim, a w przysz\u0142o\u015bci r\u00f3wnie\u017c \u015bwiatowym wymiarze. W duchu d\u0105\u017cenia do wzrostu umi\u0119dzynarodowienia Konferencji, rok 2017 sta\u0142 si\u0119 prze\u0142omowym, w kt\u00f3rym kontynuowan\u0105 przez dr hab. Mariusza Andrzejewskiego, prof. UEK ide\u0119 cyklicznych spotka\u0144 naukowych w Krakowie, przeniesiono na okres wczesnej jesieni. 2021 \u2013\u00a0Sprawozdawczo\u015b\u0107 i rewizja finansowa \u2013 kierunki zmian i wyzwania w czasach pandemii;\u00a0 \u00a0 \u00a0 \u00a0 \u00a0 \u00a0 \u00a0 \u00a0 \u00a0 \u00a0 \u00a0 \u00a0 \u00a0 \u00a0 \u00a0 \u00a0 \u00a0 \u00a0 \u00a0 \u00a0 \u00a0 \u00a0 \u00a0 \u00a0 \u00a0 \u00a0 \u00a0https:\/\/krf-new.uek.krakow.pl\/ 2019 \u2013\u00a0Sprawozdawczo\u015b\u0107 i rewizja finansowa \u2013 spe\u0142nianie potrzeb informacyjnych u\u017cytkownik\u00f3w sprawozda\u0144 finansowych 2017 \u2013 Sprawozdawczo\u015b\u0107 i rewizja finansowa: wyzwania i szanse nauki i dydaktyki rachunkowo\u015bci 2015 \u2013 Sprawozdawczo\u015b\u0107 i rewizja finansowa \u2013 uwarunkowania ekonomiczne, prawne i regulacyjne 2013 \u2013 Sprawozdawczo\u015b\u0107 i rewizja finansowa \u2013 problemy kwantyfikacji warto\u015bci i ryzyka 2011 \u2013 Sprawozdawczo\u015b\u0107 i rewizja finansowa \u2013 kierunki zmian 2010 \u2013 Zjazd Katedr Rachunkowo\u015bci pt. ,,Perspektywy rozwoju rachunkowo\u015bci, analizy i rewizji finansowej w teorii i praktyce\u201d, Zakopane, 22-24 wrze\u015bnia 2010 r. 2009 \u2013 Sprawozdawczo\u015b\u0107 i rewizja finansowa wobec kryzysu ekonomicznego 2007 \u2013 Sprawozdawczo\u015b\u0107 i rewizja finansowa w kszta\u0142towaniu wiarygodno\u015bci informacji ekonomicznej 2005 \u2013 Sprawozdawczo\u015b\u0107 i rewizja finansowa w procesie poprawy bezpiecze\u0144stwa obrotu gospodarczego 2003 \u2013 Sprawozdawczo\u015b\u0107 i rewizja finansowa w procesie podnoszenia kwalifikacji kadry mened\u017cerskiej 2001 \u2013 Og\u00f3lnopolski Zjazd Katedr Rachunkowo\u015bci, Ewolucja polskiej rachunkowo\u015bci na tle rozwi\u0105za\u0144 \u015bwiatowych Conference 1 2023-02-25 Czytaj wi\u0119cej \u2013&gt; Konferencja nr 3 2023-02-24 Czytaj wi\u0119cej \u2013&gt; Konferencja nr 1 2023-01-10 Czytaj wi\u0119cej \u2013&gt; Konferencja nr 2 2022-01-19 Czytaj wi\u0119cej \u2013&gt;<\/p>\n","protected":false},"author":1,"featured_media":0,"parent":0,"menu_order":0,"comment_status":"closed","ping_status":"closed","template":"elementor_header_footer","meta":{"footnotes":""},"class_list":["post-313","page","type-page","status-publish","hentry"],"_links":{"self":[{"href":"https:\/\/if2.uek.krakow.pl\/krachf\/wp-json\/wp\/v2\/pages\/313","targetHints":{"allow":["GET"]}}],"collection":[{"href":"https:\/\/if2.uek.krakow.pl\/krachf\/wp-json\/wp\/v2\/pages"}],"about":[{"href":"https:\/\/if2.uek.krakow.pl\/krachf\/wp-json\/wp\/v2\/types\/page"}],"author":[{"embeddable":true,"href":"https:\/\/if2.uek.krakow.pl\/krachf\/wp-json\/wp\/v2\/users\/1"}],"replies":[{"embeddable":true,"href":"https:\/\/if2.uek.krakow.pl\/krachf\/wp-json\/wp\/v2\/comments?post=313"}],"version-history":[{"count":6,"href":"https:\/\/if2.uek.krakow.pl\/krachf\/wp-json\/wp\/v2\/pages\/313\/revisions"}],"predecessor-version":[{"id":1429,"href":"https:\/\/if2.uek.krakow.pl\/krachf\/wp-json\/wp\/v2\/pages\/313\/revisions\/1429"}],"wp:attachment":[{"href":"https:\/\/if2.uek.krakow.pl\/krachf\/wp-json\/wp\/v2\/media?parent=313"}],"curies":[{"name":"wp","href":"https:\/\/api.w.org\/{rel}","templated":true}]}}