{"id":174,"date":"2023-02-19T01:50:07","date_gmt":"2023-02-19T00:50:07","guid":{"rendered":"https:\/\/ie.uek.krakow.pl\/ke\/?page_id=174"},"modified":"2025-06-24T12:06:17","modified_gmt":"2025-06-24T10:06:17","slug":"pracownicy-uek","status":"publish","type":"page","link":"https:\/\/if2.uek.krakow.pl\/krachf\/pracownicy-uek\/","title":{"rendered":"Pracownicy"},"content":{"rendered":"\t\t<div data-elementor-type=\"wp-page\" data-elementor-id=\"174\" class=\"elementor elementor-174\">\n\t\t\t\t\t\t<section data-particle_enable=\"false\" data-particle-mobile-disabled=\"false\" class=\"elementor-section elementor-top-section elementor-element elementor-element-be20bad elementor-section-boxed elementor-section-height-default elementor-section-height-default\" data-id=\"be20bad\" data-element_type=\"section\" data-settings=\"{&quot;jet_parallax_layout_list&quot;:[]}\">\n\t\t\t\t\t\t<div class=\"elementor-container elementor-column-gap-default\">\n\t\t\t\t\t<div class=\"elementor-column elementor-col-100 elementor-top-column elementor-element elementor-element-c099fef\" data-id=\"c099fef\" data-element_type=\"column\">\n\t\t\t<div class=\"elementor-widget-wrap elementor-element-populated\">\n\t\t\t\t\t\t<div class=\"elementor-element elementor-element-923f8d4 elementor-widget elementor-widget-heading\" data-id=\"923f8d4\" data-element_type=\"widget\" id=\"kpii\" data-widget_type=\"heading.default\">\n\t\t\t\t<div class=\"elementor-widget-container\">\n\t\t\t<h2 class=\"elementor-heading-title elementor-size-default\">KATEDRA ...<\/h2>\t\t<\/div>\n\t\t\t\t<\/div>\n\t\t\t\t<section data-particle_enable=\"false\" data-particle-mobile-disabled=\"false\" class=\"elementor-section elementor-inner-section elementor-element elementor-element-4f9f836 elementor-section-boxed elementor-section-height-default elementor-section-height-default\" data-id=\"4f9f836\" data-element_type=\"section\" data-settings=\"{&quot;jet_parallax_layout_list&quot;:[],&quot;background_background&quot;:&quot;classic&quot;,&quot;shape_divider_bottom&quot;:&quot;arrow&quot;,&quot;shape_divider_bottom_negative&quot;:&quot;yes&quot;}\">\n\t\t\t\t\t<div class=\"elementor-shape elementor-shape-bottom\" data-negative=\"true\">\n\t\t\t<svg xmlns=\"http:\/\/www.w3.org\/2000\/svg\" viewBox=\"0 0 700 10\" preserveAspectRatio=\"none\">\n\t<path class=\"elementor-shape-fill\" d=\"M360 0L350 9.9 340 0 0 0 0 10 700 10 700 0\"\/>\n<\/svg>\t\t<\/div>\n\t\t\t\t\t<div class=\"elementor-container elementor-column-gap-default\">\n\t\t\t\t\t<div class=\"elementor-column elementor-col-50 elementor-inner-column elementor-element elementor-element-7a9c1ea\" data-id=\"7a9c1ea\" data-element_type=\"column\">\n\t\t\t<div class=\"elementor-widget-wrap elementor-element-populated\">\n\t\t\t\t\t\t<div class=\"elementor-element elementor-element-6239586 elementor-widget elementor-widget-heading\" data-id=\"6239586\" data-element_type=\"widget\" data-widget_type=\"heading.default\">\n\t\t\t\t<div class=\"elementor-widget-container\">\n\t\t\t<h4 class=\"elementor-heading-title elementor-size-default\">Kierownik Katedry<\/h4>\t\t<\/div>\n\t\t\t\t<\/div>\n\t\t\t\t\t<\/div>\n\t\t<\/div>\n\t\t\t\t<div class=\"elementor-column elementor-col-50 elementor-inner-column elementor-element elementor-element-d1d5d6a\" data-id=\"d1d5d6a\" data-element_type=\"column\">\n\t\t\t<div class=\"elementor-widget-wrap elementor-element-populated\">\n\t\t\t\t\t\t<div class=\"elementor-element elementor-element-a114a1c elementor-widget elementor-widget-eael-post-list\" data-id=\"a114a1c\" data-element_type=\"widget\" data-widget_type=\"eael-post-list.default\">\n\t\t\t\t<div class=\"elementor-widget-container\">\n\t\t\t<div class=\"eael-post-list-container default layout-default\"><div class=\"eael-post-list-wrap\"><div class=\"eael-post-list-posts-wrap eael-post-appender eael-post-appender-a114a1c\"><div class=\"eael-post-list-post \"><div class=\"eael-post-list-thumbnail \"><a href=\"https:\/\/if2.uek.krakow.pl\/krachf\/pracownicy\/pracownik-1\/\">\n                            <img decoding=\"async\" src=\"https:\/\/if2.uek.krakow.pl\/krachf\/wp-content\/uploads\/sites\/7\/2023\/02\/MA.jpg\" alt=\"\">\n                        <\/a><\/div><div class=\"eael-post-list-content\"><h2 class=\"eael-post-list-title\"><a href=\"https:\/\/if2.uek.krakow.pl\/krachf\/pracownicy\/pracownik-1\/\" >Dr hab. Mariusz Andrzejewski, prof. UEK<\/a><\/h2><\/div><\/div><\/div><\/div>\n\t\t<\/div>\t\t<\/div>\n\t\t\t\t<\/div>\n\t\t\t\t\t<\/div>\n\t\t<\/div>\n\t\t\t\t\t<\/div>\n\t\t<\/section>\n\t\t\t\t<div class=\"elementor-element elementor-element-3b905d0 elementor-widget elementor-widget-eael-post-list\" data-id=\"3b905d0\" data-element_type=\"widget\" data-widget_type=\"eael-post-list.default\">\n\t\t\t\t<div class=\"elementor-widget-container\">\n\t\t\t<div class=\"eael-post-list-container default layout-default\"><div class=\"eael-post-list-wrap\"><div class=\"eael-post-list-posts-wrap eael-post-appender eael-post-appender-3b905d0\"><div class=\"eael-post-list-post eael-empty-thumbnail\"><div class=\"eael-post-list-thumbnail eael-empty-thumbnail\"><\/div><div class=\"eael-post-list-content\"><h2 class=\"eael-post-list-title\"><a href=\"https:\/\/if2.uek.krakow.pl\/krachf\/pracownicy\/dr-boguslaw-waclawik\/\" >Dr Bogus\u0142aw Wac\u0142awik<\/a><\/h2><\/div><\/div><div class=\"eael-post-list-post eael-empty-thumbnail\"><div class=\"eael-post-list-thumbnail eael-empty-thumbnail\"><\/div><div class=\"eael-post-list-content\"><h2 class=\"eael-post-list-title\"><a href=\"https:\/\/if2.uek.krakow.pl\/krachf\/pracownicy\/dr-monika-turek-radwan\/\" >Dr Monika Turek Radwan<\/a><\/h2><\/div><\/div><div class=\"eael-post-list-post eael-empty-thumbnail\"><div class=\"eael-post-list-thumbnail eael-empty-thumbnail\"><\/div><div class=\"eael-post-list-content\"><h2 class=\"eael-post-list-title\"><a href=\"https:\/\/if2.uek.krakow.pl\/krachf\/pracownicy\/mgr-anna-mazurczak-maka\/\" >dr Anna Mazurczak-M\u0105ka<\/a><\/h2><\/div><\/div><div class=\"eael-post-list-post eael-empty-thumbnail\"><div class=\"eael-post-list-thumbnail eael-empty-thumbnail\"><\/div><div class=\"eael-post-list-content\"><h2 class=\"eael-post-list-title\"><a href=\"https:\/\/if2.uek.krakow.pl\/krachf\/pracownicy\/mgr-iwona-mazur-maslanka\/\" >dr Iwona Mazur Ma\u015blanka<\/a><\/h2><\/div><\/div><div class=\"eael-post-list-post \"><div class=\"eael-post-list-thumbnail \"><a href=\"https:\/\/if2.uek.krakow.pl\/krachf\/pracownicy\/mgr-bartosz-golebiowski\/\">\n                            <img decoding=\"async\" src=\"https:\/\/if2.uek.krakow.pl\/krachf\/wp-content\/uploads\/sites\/7\/2023\/11\/zdjecie-na-strone-Bartosz-Golebiowski.jpg\" alt=\"\">\n                        <\/a><\/div><div class=\"eael-post-list-content\"><h2 class=\"eael-post-list-title\"><a href=\"https:\/\/if2.uek.krakow.pl\/krachf\/pracownicy\/mgr-bartosz-golebiowski\/\" >dr Bartosz Go\u0142\u0119biowski<\/a><\/h2><\/div><\/div><div class=\"eael-post-list-post eael-empty-thumbnail\"><div class=\"eael-post-list-thumbnail eael-empty-thumbnail\"><\/div><div class=\"eael-post-list-content\"><h2 class=\"eael-post-list-title\"><a href=\"https:\/\/if2.uek.krakow.pl\/krachf\/pracownicy\/dr-pawel-zieniuk\/\" >Dr Pawe\u0142 Zieniuk<\/a><\/h2><\/div><\/div><div class=\"eael-post-list-post \"><div class=\"eael-post-list-thumbnail \"><a href=\"https:\/\/if2.uek.krakow.pl\/krachf\/pracownicy\/dr-magdalena-sliwinska-grzegorczyk\/\">\n                            <img decoding=\"async\" src=\"https:\/\/if2.uek.krakow.pl\/krachf\/wp-content\/uploads\/sites\/7\/2023\/11\/MagdaSG_www.jpg\" alt=\"\">\n                        <\/a><\/div><div class=\"eael-post-list-content\"><h2 class=\"eael-post-list-title\"><a href=\"https:\/\/if2.uek.krakow.pl\/krachf\/pracownicy\/dr-magdalena-sliwinska-grzegorczyk\/\" >Dr Magdalena \u015aliwi\u0144ska Grzegorczyk<\/a><\/h2><\/div><\/div><div class=\"eael-post-list-post \"><div class=\"eael-post-list-thumbnail \"><a href=\"https:\/\/if2.uek.krakow.pl\/krachf\/pracownicy\/dr-bartlomiej-wrona\/\">\n                            <img decoding=\"async\" src=\"https:\/\/if2.uek.krakow.pl\/krachf\/wp-content\/uploads\/sites\/7\/2023\/11\/BWrona.jpg\" alt=\"\">\n                        <\/a><\/div><div class=\"eael-post-list-content\"><h2 class=\"eael-post-list-title\"><a href=\"https:\/\/if2.uek.krakow.pl\/krachf\/pracownicy\/dr-bartlomiej-wrona\/\" >Dr Bart\u0142omiej Wrona<\/a><\/h2><\/div><\/div><div class=\"eael-post-list-post eael-empty-thumbnail\"><div class=\"eael-post-list-thumbnail eael-empty-thumbnail\"><\/div><div class=\"eael-post-list-content\"><h2 class=\"eael-post-list-title\"><a href=\"https:\/\/if2.uek.krakow.pl\/krachf\/pracownicy\/dr-szulc-malgorzata\/\" >Dr Szulc Ma\u0142gorzata<\/a><\/h2><\/div><\/div><div class=\"eael-post-list-post eael-empty-thumbnail\"><div class=\"eael-post-list-thumbnail eael-empty-thumbnail\"><\/div><div class=\"eael-post-list-content\"><h2 class=\"eael-post-list-title\"><a href=\"https:\/\/if2.uek.krakow.pl\/krachf\/pracownicy\/dr-katarzyna-mokrzycka-kogut\/\" >Dr Katarzyna Mokrzycka-Kogut<\/a><\/h2><\/div><\/div><div class=\"eael-post-list-post eael-empty-thumbnail\"><div class=\"eael-post-list-thumbnail eael-empty-thumbnail\"><\/div><div class=\"eael-post-list-content\"><h2 class=\"eael-post-list-title\"><a href=\"https:\/\/if2.uek.krakow.pl\/krachf\/pracownicy\/dr-danuta-krzywda\/\" >Dr Danuta Krzywda<\/a><\/h2><\/div><\/div><div class=\"eael-post-list-post \"><div class=\"eael-post-list-thumbnail \"><a href=\"https:\/\/if2.uek.krakow.pl\/krachf\/pracownicy\/dr-sylwia-krajewska\/\">\n                            <img decoding=\"async\" src=\"https:\/\/if2.uek.krakow.pl\/krachf\/wp-content\/uploads\/sites\/7\/2023\/11\/Sylwia.Zdjecie.jpg\" alt=\"\">\n                        <\/a><\/div><div class=\"eael-post-list-content\"><h2 class=\"eael-post-list-title\"><a href=\"https:\/\/if2.uek.krakow.pl\/krachf\/pracownicy\/dr-sylwia-krajewska\/\" >Dr Sylwia Krajewska<\/a><\/h2><\/div><\/div><div class=\"eael-post-list-post eael-empty-thumbnail\"><div class=\"eael-post-list-thumbnail eael-empty-thumbnail\"><\/div><div class=\"eael-post-list-content\"><h2 class=\"eael-post-list-title\"><a href=\"https:\/\/if2.uek.krakow.pl\/krachf\/pracownicy\/dr-barbara-kawa\/\" >Dr Barbara Kawa<\/a><\/h2><\/div><\/div><div class=\"eael-post-list-post \"><div class=\"eael-post-list-thumbnail \"><a href=\"https:\/\/if2.uek.krakow.pl\/krachf\/pracownicy\/dr-krzysztof-jonas\/\">\n                            <img decoding=\"async\" src=\"https:\/\/if2.uek.krakow.pl\/krachf\/wp-content\/uploads\/sites\/7\/2023\/11\/Krzysztof-Jonas-1.jpg\" alt=\"\">\n                        <\/a><\/div><div class=\"eael-post-list-content\"><h2 class=\"eael-post-list-title\"><a href=\"https:\/\/if2.uek.krakow.pl\/krachf\/pracownicy\/dr-krzysztof-jonas\/\" >Dr Krzysztof Jonas<\/a><\/h2><\/div><\/div><div class=\"eael-post-list-post eael-empty-thumbnail\"><div class=\"eael-post-list-thumbnail eael-empty-thumbnail\"><\/div><div class=\"eael-post-list-content\"><h2 class=\"eael-post-list-title\"><a href=\"https:\/\/if2.uek.krakow.pl\/krachf\/pracownicy\/dr-ewa-grabowska-kaczmarczyk\/\" >Dr Ewa Grabowska-Kaczmarczyk<\/a><\/h2><\/div><\/div><div class=\"eael-post-list-post \"><div class=\"eael-post-list-thumbnail \"><a href=\"https:\/\/if2.uek.krakow.pl\/krachf\/pracownicy\/dr-magdalena-lojewska\/\">\n                            <img decoding=\"async\" src=\"https:\/\/if2.uek.krakow.pl\/krachf\/wp-content\/uploads\/sites\/7\/2023\/11\/M.Lojewska2.jpg\" alt=\"Dr Magdalena \u0141ojewska\">\n                        <\/a><\/div><div class=\"eael-post-list-content\"><h2 class=\"eael-post-list-title\"><a href=\"https:\/\/if2.uek.krakow.pl\/krachf\/pracownicy\/dr-magdalena-lojewska\/\" >Dr Magdalena \u0141ojewska<\/a><\/h2><\/div><\/div><div class=\"eael-post-list-post \"><div class=\"eael-post-list-thumbnail \"><a href=\"https:\/\/if2.uek.krakow.pl\/krachf\/pracownicy\/dr-witold-furman\/\">\n                            <img decoding=\"async\" src=\"https:\/\/if2.uek.krakow.pl\/krachf\/wp-content\/uploads\/sites\/7\/2023\/11\/Zdjecie_WFurman.png\" alt=\"\">\n                        <\/a><\/div><div class=\"eael-post-list-content\"><h2 class=\"eael-post-list-title\"><a href=\"https:\/\/if2.uek.krakow.pl\/krachf\/pracownicy\/dr-witold-furman\/\" >Dr Witold Furman<\/a><\/h2><\/div><\/div><div class=\"eael-post-list-post \"><div class=\"eael-post-list-thumbnail \"><a href=\"https:\/\/if2.uek.krakow.pl\/krachf\/pracownicy\/dr-izabella-emerling\/\">\n                            <img decoding=\"async\" src=\"https:\/\/if2.uek.krakow.pl\/krachf\/wp-content\/uploads\/sites\/7\/2023\/11\/Iza.jpg\" alt=\"\">\n                        <\/a><\/div><div class=\"eael-post-list-content\"><h2 class=\"eael-post-list-title\"><a href=\"https:\/\/if2.uek.krakow.pl\/krachf\/pracownicy\/dr-izabella-emerling\/\" >Dr Izabela Emerling<\/a><\/h2><\/div><\/div><div class=\"eael-post-list-post eael-empty-thumbnail\"><div class=\"eael-post-list-thumbnail eael-empty-thumbnail\"><\/div><div class=\"eael-post-list-content\"><h2 class=\"eael-post-list-title\"><a href=\"https:\/\/if2.uek.krakow.pl\/krachf\/pracownicy\/dr-patryk-dunal\/\" >Dr Patryk Dunal<\/a><\/h2><\/div><\/div><div class=\"eael-post-list-post \"><div class=\"eael-post-list-thumbnail \"><a href=\"https:\/\/if2.uek.krakow.pl\/krachf\/pracownicy\/dr-katarzyna-chlapek\/\">\n                            <img decoding=\"async\" src=\"https:\/\/if2.uek.krakow.pl\/krachf\/wp-content\/uploads\/sites\/7\/2023\/11\/KasiaCHlapek_www-scaled.jpg\" alt=\"\">\n                        <\/a><\/div><div class=\"eael-post-list-content\"><h2 class=\"eael-post-list-title\"><a href=\"https:\/\/if2.uek.krakow.pl\/krachf\/pracownicy\/dr-katarzyna-chlapek\/\" >Dr Katarzyna Ch\u0142apek<\/a><\/h2><\/div><\/div><div class=\"eael-post-list-post eael-empty-thumbnail\"><div class=\"eael-post-list-thumbnail eael-empty-thumbnail\"><\/div><div class=\"eael-post-list-content\"><h2 class=\"eael-post-list-title\"><a href=\"https:\/\/if2.uek.krakow.pl\/krachf\/pracownicy\/dr-ewa-wiktoria-babuska\/\" >Dr Ewa Wiktoria Babu\u015bka<\/a><\/h2><\/div><\/div><div class=\"eael-post-list-post eael-empty-thumbnail\"><div class=\"eael-post-list-thumbnail eael-empty-thumbnail\"><\/div><div class=\"eael-post-list-content\"><h2 class=\"eael-post-list-title\"><a href=\"https:\/\/if2.uek.krakow.pl\/krachf\/pracownicy\/dr-hab-boguslawa-bek-gaik\/\" >Dr hab. Bogus\u0142awa Bek-Gaik<\/a><\/h2><\/div><\/div><div class=\"eael-post-list-post eael-empty-thumbnail\"><div class=\"eael-post-list-thumbnail eael-empty-thumbnail\"><\/div><div class=\"eael-post-list-content\"><h2 class=\"eael-post-list-title\"><a href=\"https:\/\/if2.uek.krakow.pl\/krachf\/pracownicy\/dr-hab-konrad-stepien\/\" >Dr hab. Konrad St\u0119pie\u0144<\/a><\/h2><\/div><\/div><div class=\"eael-post-list-post \"><div class=\"eael-post-list-thumbnail \"><a href=\"https:\/\/if2.uek.krakow.pl\/krachf\/pracownicy\/dr-hab-joanna-krasodomska\/\">\n                            <img decoding=\"async\" src=\"https:\/\/if2.uek.krakow.pl\/krachf\/wp-content\/uploads\/sites\/7\/2023\/11\/Zdjecie_JKrasodomska-scaled.jpg\" alt=\"\">\n                        <\/a><\/div><div class=\"eael-post-list-content\"><h2 class=\"eael-post-list-title\"><a href=\"https:\/\/if2.uek.krakow.pl\/krachf\/pracownicy\/dr-hab-joanna-krasodomska\/\" >Dr hab. Joanna Krasodomska<\/a><\/h2><\/div><\/div><div class=\"eael-post-list-post eael-empty-thumbnail\"><div class=\"eael-post-list-thumbnail eael-empty-thumbnail\"><\/div><div class=\"eael-post-list-content\"><h2 class=\"eael-post-list-title\"><a href=\"https:\/\/if2.uek.krakow.pl\/krachf\/pracownicy\/dr-hab-katarzyna-swietla\/\" >Dr hab. Katarzyna \u015awietla<\/a><\/h2><\/div><\/div><div class=\"eael-post-list-post eael-empty-thumbnail\"><div class=\"eael-post-list-thumbnail eael-empty-thumbnail\"><\/div><div class=\"eael-post-list-content\"><h2 class=\"eael-post-list-title\"><a href=\"https:\/\/if2.uek.krakow.pl\/krachf\/pracownicy\/dr-anna-bista\/\" >Dr Anna Bi\u015bta<\/a><\/h2><\/div><\/div><div class=\"eael-post-list-post \"><div class=\"eael-post-list-thumbnail \"><a href=\"https:\/\/if2.uek.krakow.pl\/krachf\/pracownicy\/employee-1\/\">\n                            <img decoding=\"async\" src=\"https:\/\/if2.uek.krakow.pl\/krachf\/wp-content\/uploads\/sites\/7\/2023\/02\/Zdjecie_moje_wywiad2-scaled.jpg\" alt=\"\">\n                        <\/a><\/div><div class=\"eael-post-list-content\"><h2 class=\"eael-post-list-title\"><a href=\"https:\/\/if2.uek.krakow.pl\/krachf\/pracownicy\/employee-1\/\" >Dr Marcin Lata\u0142\u0142o-Anulewicz<\/a><\/h2><\/div><\/div><div class=\"eael-post-list-post eael-empty-thumbnail\"><div class=\"eael-post-list-thumbnail eael-empty-thumbnail\"><\/div><div class=\"eael-post-list-content\"><h2 class=\"eael-post-list-title\"><a href=\"https:\/\/if2.uek.krakow.pl\/krachf\/pracownicy\/pracownik-2\/\" >Dr hab. Marcin K\u0119dzior<\/a><\/h2><\/div><\/div><div class=\"eael-post-list-post eael-empty-thumbnail\"><div class=\"eael-post-list-thumbnail eael-empty-thumbnail\"><\/div><div class=\"eael-post-list-content\"><h2 class=\"eael-post-list-title\"><a href=\"https:\/\/if2.uek.krakow.pl\/krachf\/pracownicy\/pracownik-3\/\" >Dr hab. Konrad Grabi\u0144ski<\/a><\/h2><\/div><\/div><\/div><\/div>\n\t\t<\/div>\t\t<\/div>\n\t\t\t\t<\/div>\n\t\t\t\t\t<\/div>\n\t\t<\/div>\n\t\t\t\t\t<\/div>\n\t\t<\/section>\n\t\t\t\t<\/div>\n\t\t","protected":false},"excerpt":{"rendered":"<p>KATEDRA &#8230; Kierownik Katedry Dr hab. Mariusz Andrzejewski, prof. UEK Dr Bogus\u0142aw Wac\u0142awik Dr Monika Turek Radwan Mgr Anna Mazurczak M\u0105ka Mgr Iwona Mazur Ma\u015blanka Mgr Bartosz Go\u0142\u0119biowski Dr Pawe\u0142 Zieniuk Dr Magdalena \u015aliwi\u0144ska Grzegorczyk Dr Bart\u0142omiej Wrona Dr Szulc Ma\u0142gorzata Dr Katarzyna Mokrzycka-Kogut Dr Danuta Krzywda Dr Sylwia Krajewska Dr Barbara Kawa Dr Krzysztof Jonas Dr Ewa Grabowska-Kaczmarczyk Dr Magdalena \u0141ojewska Dr Witold Furman Dr Izabella Emerling Dr Patryk Dunal Dr Katarzyna Ch\u0142apek Dr Ewa Wiktoria Babu\u015bka Dr hab. Bogus\u0142awa Bek-Gaik Dr hab. Konrad St\u0119pie\u0144 Dr hab. Joanna Krasodomska Dr hab. Katarzyna \u015awietla Dr hab. Marcin K\u0119dzior Dr hab. Konrad Grabi\u0144ski<\/p>\n","protected":false},"author":1,"featured_media":0,"parent":0,"menu_order":0,"comment_status":"closed","ping_status":"closed","template":"elementor_header_footer","meta":{"footnotes":""},"class_list":["post-174","page","type-page","status-publish","hentry"],"_links":{"self":[{"href":"https:\/\/if2.uek.krakow.pl\/krachf\/wp-json\/wp\/v2\/pages\/174","targetHints":{"allow":["GET"]}}],"collection":[{"href":"https:\/\/if2.uek.krakow.pl\/krachf\/wp-json\/wp\/v2\/pages"}],"about":[{"href":"https:\/\/if2.uek.krakow.pl\/krachf\/wp-json\/wp\/v2\/types\/page"}],"author":[{"embeddable":true,"href":"https:\/\/if2.uek.krakow.pl\/krachf\/wp-json\/wp\/v2\/users\/1"}],"replies":[{"embeddable":true,"href":"https:\/\/if2.uek.krakow.pl\/krachf\/wp-json\/wp\/v2\/comments?post=174"}],"version-history":[{"count":13,"href":"https:\/\/if2.uek.krakow.pl\/krachf\/wp-json\/wp\/v2\/pages\/174\/revisions"}],"predecessor-version":[{"id":1512,"href":"https:\/\/if2.uek.krakow.pl\/krachf\/wp-json\/wp\/v2\/pages\/174\/revisions\/1512"}],"wp:attachment":[{"href":"https:\/\/if2.uek.krakow.pl\/krachf\/wp-json\/wp\/v2\/media?parent=174"}],"curies":[{"name":"wp","href":"https:\/\/api.w.org\/{rel}","templated":true}]}}