{"id":100,"date":"2023-02-19T00:28:28","date_gmt":"2023-02-18T23:28:28","guid":{"rendered":"https:\/\/ie.uek.krakow.pl\/ke\/?page_id=100"},"modified":"2025-06-29T20:20:29","modified_gmt":"2025-06-29T18:20:29","slug":"aktualnosci","status":"publish","type":"page","link":"https:\/\/if2.uek.krakow.pl\/krachf\/aktualnosci\/","title":{"rendered":"Aktualno\u015bci"},"content":{"rendered":"\t\t<div data-elementor-type=\"wp-page\" data-elementor-id=\"100\" class=\"elementor elementor-100\">\n\t\t\t\t\t\t<section data-particle_enable=\"false\" data-particle-mobile-disabled=\"false\" class=\"elementor-section elementor-top-section elementor-element elementor-element-b1422da elementor-section-boxed elementor-section-height-default elementor-section-height-default\" data-id=\"b1422da\" data-element_type=\"section\" data-settings=\"{&quot;jet_parallax_layout_list&quot;:[]}\">\n\t\t\t\t\t\t<div class=\"elementor-container elementor-column-gap-default\">\n\t\t\t\t\t<div class=\"elementor-column elementor-col-100 elementor-top-column elementor-element elementor-element-40ed5763\" data-id=\"40ed5763\" data-element_type=\"column\">\n\t\t\t<div class=\"elementor-widget-wrap elementor-element-populated\">\n\t\t\t\t\t\t<div class=\"elementor-element elementor-element-15bbf765 elementor-grid-tablet_extra-eael-col-4 elementor-grid-eael-col-3 elementor-grid-tablet-eael-col-2 elementor-grid-mobile-eael-col-1 elementor-widget elementor-widget-eael-post-grid\" data-id=\"15bbf765\" data-element_type=\"widget\" data-settings=\"{&quot;eael_post_grid_columns_tablet_extra&quot;:&quot;eael-col-4&quot;,&quot;eael_post_grid_columns&quot;:&quot;eael-col-3&quot;,&quot;eael_post_grid_columns_tablet&quot;:&quot;eael-col-2&quot;,&quot;eael_post_grid_columns_mobile&quot;:&quot;eael-col-1&quot;}\" data-widget_type=\"eael-post-grid.default\">\n\t\t\t\t<div class=\"elementor-widget-container\">\n\t\t\t<div id=\"eael-post-grid-15bbf765\" class=\"eael-post-grid-container\">\n            <div class=\"eael-post-grid eael-post-appender eael-post-appender-15bbf765 eael-post-grid-style-two\" data-layout-mode=\"grid\"><article class=\"eael-grid-post  eael-post-grid-column eael-pg-post-1871 category-aktualnosci-pl\" data-id=\"1871\">\n    <div class=\"eael-grid-post-holder\">\n        <div class=\"eael-grid-post-holder-inner\"><div class=\"eael-entry-wrapper\"><header class=\"eael-entry-header\"><h2 class=\"eael-entry-title\"><a class=\"eael-grid-post-link\" href=\"https:\/\/if2.uek.krakow.pl\/krachf\/2025\/10\/01\/dzien-bieglego-rewidenta\/\" title=\"Dzie\u0144 Bieg\u0142ego Rewidenta\">Dzie\u0144 Bieg\u0142ego Rewidenta<\/a><\/h2><\/header><div class=\"eael-entry-header-after style-two\"><div class=\"eael-entry-meta\"><span class=\"eael-posted-on eael-meta-posted-on\"><i class=\"far fa-clock\"><\/i><time datetime=\"2025-10-01\">2025-10-01<\/time><\/span><\/div><\/div><div class=\"eael-entry-content\">\n                                <div class=\"eael-grid-post-excerpt\"><p>Katedra Rachunkowo\u015bci Finansowej zaprasza student\u00f3w na wydarzenie organizowane w ramach\u00a0&#8222;Dnia...<\/p><a href=\"https:\/\/if2.uek.krakow.pl\/krachf\/2025\/10\/01\/dzien-bieglego-rewidenta\/\" class=\"eael-post-elements-readmore-btn\">Czytaj wi\u0119cej  \u2013&gt;<\/a><\/div>\n                            <\/div><\/div><\/div>\n    <\/div>\n<\/article><article class=\"eael-grid-post  eael-post-grid-column eael-pg-post-1867 category-aktualnosci-pl\" data-id=\"1867\">\n    <div class=\"eael-grid-post-holder\">\n        <div class=\"eael-grid-post-holder-inner\"><div class=\"eael-entry-wrapper\"><header class=\"eael-entry-header\"><h2 class=\"eael-entry-title\"><a class=\"eael-grid-post-link\" href=\"https:\/\/if2.uek.krakow.pl\/krachf\/2025\/09\/28\/cyfrowy-ksiegowy-2-0\/\" title=\"CYFROWY KSI\u0118GOWY 2.0\">CYFROWY KSI\u0118GOWY 2.0<\/a><\/h2><\/header><div class=\"eael-entry-header-after style-two\"><div class=\"eael-entry-meta\"><span class=\"eael-posted-on eael-meta-posted-on\"><i class=\"far fa-clock\"><\/i><time datetime=\"2025-09-28\">2025-09-28<\/time><\/span><\/div><\/div><div class=\"eael-entry-content\">\n                                <div class=\"eael-grid-post-excerpt\"><p>W dniach 8-9 pa\u017adziernika 2025 r. odb\u0119dzie si\u0119 II edycja...<\/p><a href=\"https:\/\/if2.uek.krakow.pl\/krachf\/2025\/09\/28\/cyfrowy-ksiegowy-2-0\/\" class=\"eael-post-elements-readmore-btn\">Czytaj wi\u0119cej  \u2013&gt;<\/a><\/div>\n                            <\/div><\/div><\/div>\n    <\/div>\n<\/article><article class=\"eael-grid-post  eael-post-grid-column eael-pg-post-1859 category-aktualnosci-pl\" data-id=\"1859\">\n    <div class=\"eael-grid-post-holder\">\n        <div class=\"eael-grid-post-holder-inner\"><div class=\"eael-entry-wrapper\"><header class=\"eael-entry-header\"><h2 class=\"eael-entry-title\"><a class=\"eael-grid-post-link\" href=\"https:\/\/if2.uek.krakow.pl\/krachf\/2025\/09\/24\/spotkanie-z-profesorem-thomasem-walkerem-z-gvsu\/\" title=\"Spotkanie z profesorem Thomasem Walkerem z GVSU\">Spotkanie z profesorem Thomasem Walkerem z GVSU<\/a><\/h2><\/header><div class=\"eael-entry-header-after style-two\"><div class=\"eael-entry-meta\"><span class=\"eael-posted-on eael-meta-posted-on\"><i class=\"far fa-clock\"><\/i><time datetime=\"2025-09-24\">2025-09-24<\/time><\/span><\/div><\/div><div class=\"eael-entry-content\">\n                                <div class=\"eael-grid-post-excerpt\"><p>Niniejszym informujemy wszystkich student\u00f3w oraz nauczycieli zainteresowanych wyjazdem na wymian\u0119...<\/p><a href=\"https:\/\/if2.uek.krakow.pl\/krachf\/2025\/09\/24\/spotkanie-z-profesorem-thomasem-walkerem-z-gvsu\/\" class=\"eael-post-elements-readmore-btn\">Czytaj wi\u0119cej  \u2013&gt;<\/a><\/div>\n                            <\/div><\/div><\/div>\n    <\/div>\n<\/article><article class=\"eael-grid-post  eael-post-grid-column eael-pg-post-1856 category-aktualnosci-pl\" data-id=\"1856\">\n    <div class=\"eael-grid-post-holder\">\n        <div class=\"eael-grid-post-holder-inner\"><div class=\"eael-entry-wrapper\"><header class=\"eael-entry-header\"><h2 class=\"eael-entry-title\"><a class=\"eael-grid-post-link\" href=\"https:\/\/if2.uek.krakow.pl\/krachf\/2025\/09\/22\/zjazd-katedr-rachunkowosci-2025\/\" title=\"Zjazd Katedr Rachunkowo\u015bci 2025\">Zjazd Katedr Rachunkowo\u015bci 2025<\/a><\/h2><\/header><div class=\"eael-entry-header-after style-two\"><div class=\"eael-entry-meta\"><span class=\"eael-posted-on eael-meta-posted-on\"><i class=\"far fa-clock\"><\/i><time datetime=\"2025-09-22\">2025-09-22<\/time><\/span><\/div><\/div><div class=\"eael-entry-content\">\n                                <div class=\"eael-grid-post-excerpt\"><p>W dniach 24-26 wrze\u015bnia 2025 odb\u0119dzie si\u0119 Og\u00f3lnopolski Zjazd Katedr...<\/p><a href=\"https:\/\/if2.uek.krakow.pl\/krachf\/2025\/09\/22\/zjazd-katedr-rachunkowosci-2025\/\" class=\"eael-post-elements-readmore-btn\">Czytaj wi\u0119cej  \u2013&gt;<\/a><\/div>\n                            <\/div><\/div><\/div>\n    <\/div>\n<\/article><article class=\"eael-grid-post  eael-post-grid-column eael-pg-post-1754 category-aktualnosci-pl\" data-id=\"1754\">\n    <div class=\"eael-grid-post-holder\">\n        <div class=\"eael-grid-post-holder-inner\"><div class=\"eael-entry-wrapper\"><header class=\"eael-entry-header\"><h2 class=\"eael-entry-title\"><a class=\"eael-grid-post-link\" href=\"https:\/\/if2.uek.krakow.pl\/krachf\/2025\/07\/07\/seminarium-naukowe-pt-artificial-intelligence-for-the-sustainability-reporting-a-systematic-review-and-bibliometric-analysis\/\" title=\"Seminarium naukowe pt. &#8222;Artificial Intelligence for the sustainability reporting: a systematic review and bibliometric analysis\">Seminarium naukowe pt. &#8222;Artificial Intelligence for the sustainability reporting: a systematic review and bibliometric analysis<\/a><\/h2><\/header><div class=\"eael-entry-header-after style-two\"><div class=\"eael-entry-meta\"><span class=\"eael-posted-on eael-meta-posted-on\"><i class=\"far fa-clock\"><\/i><time datetime=\"2025-07-07\">2025-07-07<\/time><\/span><\/div><\/div><div class=\"eael-entry-content\">\n                                <div class=\"eael-grid-post-excerpt\"><p>W dniu 8 lipca 2025 r. odb\u0119dzie si\u0119 Seminarium naukowe...<\/p><a href=\"https:\/\/if2.uek.krakow.pl\/krachf\/2025\/07\/07\/seminarium-naukowe-pt-artificial-intelligence-for-the-sustainability-reporting-a-systematic-review-and-bibliometric-analysis\/\" class=\"eael-post-elements-readmore-btn\">Czytaj wi\u0119cej  \u2013&gt;<\/a><\/div>\n                            <\/div><\/div><\/div>\n    <\/div>\n<\/article><article class=\"eael-grid-post  eael-post-grid-column eael-pg-post-1680 category-aktualnosci-pl\" data-id=\"1680\">\n    <div class=\"eael-grid-post-holder\">\n        <div class=\"eael-grid-post-holder-inner\"><div class=\"eael-entry-wrapper\"><header class=\"eael-entry-header\"><h2 class=\"eael-entry-title\"><a class=\"eael-grid-post-link\" href=\"https:\/\/if2.uek.krakow.pl\/krachf\/2025\/07\/04\/test2\/\" title=\"7th Summer School on Sustainable Finance\">7th Summer School on Sustainable Finance<\/a><\/h2><\/header><div class=\"eael-entry-header-after style-two\"><div class=\"eael-entry-meta\"><span class=\"eael-posted-on eael-meta-posted-on\"><i class=\"far fa-clock\"><\/i><time datetime=\"2025-07-04\">2025-07-04<\/time><\/span><\/div><\/div><div class=\"eael-entry-content\">\n                                <div class=\"eael-grid-post-excerpt\"><p>Niniejszym informujemy, \u017ce w dniach 10-11 lipca 2025 roku odb\u0119dzie...<\/p><a href=\"https:\/\/if2.uek.krakow.pl\/krachf\/2025\/07\/04\/test2\/\" class=\"eael-post-elements-readmore-btn\">Czytaj wi\u0119cej  \u2013&gt;<\/a><\/div>\n                            <\/div><\/div><\/div>\n    <\/div>\n<\/article><article class=\"eael-grid-post  eael-post-grid-column eael-pg-post-1675 category-aktualnosci-pl\" data-id=\"1675\">\n    <div class=\"eael-grid-post-holder\">\n        <div class=\"eael-grid-post-holder-inner\"><div class=\"eael-entry-wrapper\"><header class=\"eael-entry-header\"><h2 class=\"eael-entry-title\"><a class=\"eael-grid-post-link\" href=\"https:\/\/if2.uek.krakow.pl\/krachf\/2025\/07\/04\/test\/\" title=\"Seminarium pt. \u201cGreen Transformation of Enterprises and Sustainability Reporting\u201d \u2013 Prof. Nadia Albu \u2013 Bucharest University of Economic Studies\">Seminarium pt. \u201cGreen Transformation of Enterprises and Sustainability Reporting\u201d \u2013 Prof. Nadia Albu \u2013 Bucharest University of Economic Studies<\/a><\/h2><\/header><div class=\"eael-entry-header-after style-two\"><div class=\"eael-entry-meta\"><span class=\"eael-posted-on eael-meta-posted-on\"><i class=\"far fa-clock\"><\/i><time datetime=\"2025-07-04\">2025-07-04<\/time><\/span><\/div><\/div><div class=\"eael-entry-content\">\n                                <div class=\"eael-grid-post-excerpt\"><p>W dniach 24-25 czerwca 2025 odby\u0142o si\u0119 seminarium pt. Green...<\/p><a href=\"https:\/\/if2.uek.krakow.pl\/krachf\/2025\/07\/04\/test\/\" class=\"eael-post-elements-readmore-btn\">Czytaj wi\u0119cej  \u2013&gt;<\/a><\/div>\n                            <\/div><\/div><\/div>\n    <\/div>\n<\/article><article class=\"eael-grid-post  eael-post-grid-column eael-pg-post-1698 category-aktualnosci-pl\" data-id=\"1698\">\n    <div class=\"eael-grid-post-holder\">\n        <div class=\"eael-grid-post-holder-inner\"><div class=\"eael-entry-wrapper\"><header class=\"eael-entry-header\"><h2 class=\"eael-entry-title\"><a class=\"eael-grid-post-link\" href=\"https:\/\/if2.uek.krakow.pl\/krachf\/2025\/07\/04\/xii-letnie-igrzyska-z-rachunkowosci-im-prof-dr-hab-bronislawa-micherdy\/\" title=\"XII Letnie Igrzyska z Rachunkowo\u015bci im. prof. dr. hab. Bronis\u0142awa Micherdy\">XII Letnie Igrzyska z Rachunkowo\u015bci im. prof. dr. hab. Bronis\u0142awa Micherdy<\/a><\/h2><\/header><div class=\"eael-entry-header-after style-two\"><div class=\"eael-entry-meta\"><span class=\"eael-posted-on eael-meta-posted-on\"><i class=\"far fa-clock\"><\/i><time datetime=\"2025-07-04\">2025-07-04<\/time><\/span><\/div><\/div><div class=\"eael-entry-content\">\n                                <div class=\"eael-grid-post-excerpt\"><p>Dnia 23 maja 2025 roku odby\u0142y si\u0119 zorganizowane przez Ko\u0142o...<\/p><a href=\"https:\/\/if2.uek.krakow.pl\/krachf\/2025\/07\/04\/xii-letnie-igrzyska-z-rachunkowosci-im-prof-dr-hab-bronislawa-micherdy\/\" class=\"eael-post-elements-readmore-btn\">Czytaj wi\u0119cej  \u2013&gt;<\/a><\/div>\n                            <\/div><\/div><\/div>\n    <\/div>\n<\/article><article class=\"eael-grid-post  eael-post-grid-column eael-pg-post-1694 category-aktualnosci-pl\" data-id=\"1694\">\n    <div class=\"eael-grid-post-holder\">\n        <div class=\"eael-grid-post-holder-inner\"><div class=\"eael-entry-wrapper\"><header class=\"eael-entry-header\"><h2 class=\"eael-entry-title\"><a class=\"eael-grid-post-link\" href=\"https:\/\/if2.uek.krakow.pl\/krachf\/2025\/07\/04\/the-26th-annual-conference-on-finance-and-accounting-prague-22-23-may-2025\/\" title=\"The 26th Annual Conference on Finance and Accounting, Prague 22-23 May 2025\">The 26th Annual Conference on Finance and Accounting, Prague 22-23 May 2025<\/a><\/h2><\/header><div class=\"eael-entry-header-after style-two\"><div class=\"eael-entry-meta\"><span class=\"eael-posted-on eael-meta-posted-on\"><i class=\"far fa-clock\"><\/i><time datetime=\"2025-07-04\">2025-07-04<\/time><\/span><\/div><\/div><div class=\"eael-entry-content\">\n                                <div class=\"eael-grid-post-excerpt\"><p>W dniach 22-23 maja 2025 roku odby\u0142a si\u0119 w Pradze...<\/p><a href=\"https:\/\/if2.uek.krakow.pl\/krachf\/2025\/07\/04\/the-26th-annual-conference-on-finance-and-accounting-prague-22-23-may-2025\/\" class=\"eael-post-elements-readmore-btn\">Czytaj wi\u0119cej  \u2013&gt;<\/a><\/div>\n                            <\/div><\/div><\/div>\n    <\/div>\n<\/article><article class=\"eael-grid-post  eael-post-grid-column eael-pg-post-1704 category-aktualnosci-pl\" data-id=\"1704\">\n    <div class=\"eael-grid-post-holder\">\n        <div class=\"eael-grid-post-holder-inner\"><div class=\"eael-entry-wrapper\"><header class=\"eael-entry-header\"><h2 class=\"eael-entry-title\"><a class=\"eael-grid-post-link\" href=\"https:\/\/if2.uek.krakow.pl\/krachf\/2025\/04\/03\/xv-ogolnopolska-studencka-konferencja-naukowa-technologia-i-zrownowazony-rozwoj-jako-filary-nowoczesnej-sprawozdawczosci\/\" title=\"XV Og\u00f3lnopolska Studencka Konferencja Naukowa \u201eTechnologia i Zr\u00f3wnowa\u017cony Rozw\u00f3j jako Filary Nowoczesnej Sprawozdawczo\u015bci\u201d\">XV Og\u00f3lnopolska Studencka Konferencja Naukowa \u201eTechnologia i Zr\u00f3wnowa\u017cony Rozw\u00f3j jako Filary Nowoczesnej Sprawozdawczo\u015bci\u201d<\/a><\/h2><\/header><div class=\"eael-entry-header-after style-two\"><div class=\"eael-entry-meta\"><span class=\"eael-posted-on eael-meta-posted-on\"><i class=\"far fa-clock\"><\/i><time datetime=\"2025-04-03\">2025-04-03<\/time><\/span><\/div><\/div><div class=\"eael-entry-content\">\n                                <div class=\"eael-grid-post-excerpt\"><p>W dniu 14 marca 2025 r. na Uniwersytecie Ekonomicznym w...<\/p><a href=\"https:\/\/if2.uek.krakow.pl\/krachf\/2025\/04\/03\/xv-ogolnopolska-studencka-konferencja-naukowa-technologia-i-zrownowazony-rozwoj-jako-filary-nowoczesnej-sprawozdawczosci\/\" class=\"eael-post-elements-readmore-btn\">Czytaj wi\u0119cej  \u2013&gt;<\/a><\/div>\n                            <\/div><\/div><\/div>\n    <\/div>\n<\/article><\/div>\n            <div class=\"clearfix\"><\/div>\n        <\/div>\t\t<\/div>\n\t\t\t\t<\/div>\n\t\t\t\t\t<\/div>\n\t\t<\/div>\n\t\t\t\t\t<\/div>\n\t\t<\/section>\n\t\t\t\t<\/div>\n\t\t","protected":false},"excerpt":{"rendered":"<p>Przyk\u0142adowy wpis 2023-02-13 Lorem ipsum dolor sit amet, consectetur adipiscing elit, sed do&#8230; Czytaj wi\u0119cej \u2013&gt;<\/p>\n","protected":false},"author":1,"featured_media":0,"parent":0,"menu_order":0,"comment_status":"closed","ping_status":"closed","template":"elementor_header_footer","meta":{"footnotes":""},"class_list":["post-100","page","type-page","status-publish","hentry"],"_links":{"self":[{"href":"https:\/\/if2.uek.krakow.pl\/krachf\/wp-json\/wp\/v2\/pages\/100","targetHints":{"allow":["GET"]}}],"collection":[{"href":"https:\/\/if2.uek.krakow.pl\/krachf\/wp-json\/wp\/v2\/pages"}],"about":[{"href":"https:\/\/if2.uek.krakow.pl\/krachf\/wp-json\/wp\/v2\/types\/page"}],"author":[{"embeddable":true,"href":"https:\/\/if2.uek.krakow.pl\/krachf\/wp-json\/wp\/v2\/users\/1"}],"replies":[{"embeddable":true,"href":"https:\/\/if2.uek.krakow.pl\/krachf\/wp-json\/wp\/v2\/comments?post=100"}],"version-history":[{"count":4,"href":"https:\/\/if2.uek.krakow.pl\/krachf\/wp-json\/wp\/v2\/pages\/100\/revisions"}],"predecessor-version":[{"id":1611,"href":"https:\/\/if2.uek.krakow.pl\/krachf\/wp-json\/wp\/v2\/pages\/100\/revisions\/1611"}],"wp:attachment":[{"href":"https:\/\/if2.uek.krakow.pl\/krachf\/wp-json\/wp\/v2\/media?parent=100"}],"curies":[{"name":"wp","href":"https:\/\/api.w.org\/{rel}","templated":true}]}}