{"id":371,"date":"2023-02-20T00:12:26","date_gmt":"2023-02-19T23:12:26","guid":{"rendered":"https:\/\/ie.uek.krakow.pl\/ke\/?page_id=371"},"modified":"2023-09-14T16:15:01","modified_gmt":"2023-09-14T14:15:01","slug":"seminarium-student","status":"publish","type":"page","link":"https:\/\/if2.uek.krakow.pl\/kfrz\/studenci\/seminarium-student\/","title":{"rendered":"Seminarium dla student\u00f3w"},"content":{"rendered":"\t\t<div data-elementor-type=\"wp-page\" data-elementor-id=\"371\" class=\"elementor elementor-371\" data-elementor-post-type=\"page\">\n\t\t\t\t\t\t<section data-particle_enable=\"false\" data-particle-mobile-disabled=\"false\" class=\"elementor-section elementor-top-section elementor-element elementor-element-4ca67fb elementor-section-boxed elementor-section-height-default elementor-section-height-default\" data-id=\"4ca67fb\" data-element_type=\"section\" data-settings=\"{&quot;jet_parallax_layout_list&quot;:[]}\">\n\t\t\t\t\t\t<div class=\"elementor-container elementor-column-gap-default\">\n\t\t\t\t\t<div class=\"elementor-column elementor-col-100 elementor-top-column elementor-element elementor-element-22e0d310\" data-id=\"22e0d310\" data-element_type=\"column\">\n\t\t\t<div class=\"elementor-widget-wrap elementor-element-populated\">\n\t\t\t\t\t\t<div class=\"elementor-element elementor-element-7c047738 elementor-widget elementor-widget-jet-headline\" data-id=\"7c047738\" data-element_type=\"widget\" data-widget_type=\"jet-headline.default\">\n\t\t\t\t<div class=\"elementor-widget-container\">\n\t\t\t<h2 class=\"jet-headline jet-headline--direction-horizontal\"><span class=\"jet-headline__part jet-headline__first\"><span class=\"jet-headline__label\">Seminarium<\/span><\/span><span class=\"jet-headline__space\">&nbsp;<\/span><span class=\"jet-headline__part jet-headline__second\"><span class=\"jet-headline__label\"> dla student\u00f3w<\/span><\/span><\/h2>\t\t<\/div>\n\t\t\t\t<\/div>\n\t\t\t\t<div class=\"elementor-element elementor-element-27706e0c elementor-widget-divider--view-line elementor-invisible elementor-widget elementor-widget-divider\" data-id=\"27706e0c\" data-element_type=\"widget\" data-settings=\"{&quot;_animation&quot;:&quot;fadeInLeft&quot;}\" data-widget_type=\"divider.default\">\n\t\t\t\t<div class=\"elementor-widget-container\">\n\t\t\t\t\t<div class=\"elementor-divider\">\n\t\t\t<span class=\"elementor-divider-separator\">\n\t\t\t\t\t\t<\/span>\n\t\t<\/div>\n\t\t\t\t<\/div>\n\t\t\t\t<\/div>\n\t\t\t\t<div class=\"elementor-element elementor-element-c078210 elementor-widget elementor-widget-text-editor\" data-id=\"c078210\" data-element_type=\"widget\" data-widget_type=\"text-editor.default\">\n\t\t\t\t<div class=\"elementor-widget-container\">\n\t\t\t\t\t\t\t<h3>Dr hab. Ma\u0142gorzata Ko\u017cuch, Prof. UEK<\/h3><ul><li>Rola instrument\u00f3w ekonomicznych w stymulowaniu ochrony \u015brodowiska<\/li><li>Finansowanie inwestycji ochrony \u015brodowiska w przedsi\u0119biorstwie<\/li><li>Obowi\u0105zki przedsi\u0119biorc\u00f3w w zakresie ochrony \u015brodowiska<\/li><li>Zadania zwi\u0105zane z ochron\u0105 \u015brodowiska na szczeblu samorz\u0105du gminnego<\/li><li>Rola funduszy z UE w finansowaniu infrastruktury w gminie<\/li><li>Przes\u0142anki i sposoby restrukturyzacji przedsi\u0119biorstw<\/li><li>Instrumenty i przeznaczenie pomocy publicznej<\/li><li>Wykorzystanie narz\u0119dzi analizy finansowej do oceny kondycji przedsi\u0119biorstwa<\/li><li>Za\u0142o\u017cenia spo\u0142ecznej odpowiedzialno\u015bci biznesu i instrumenty jej realizacji w praktyce gospodarczej<\/li><\/ul><h3>Dr hab. Piotr Pawe\u0142 Ma\u0142ecki, Prof. UEK<\/h3><ul><li>Finanse jednostek samorz\u0105du terytorialnego<\/li><li>Podatki i op\u0142aty lokalne<\/li><li>Op\u0142acalno\u015b\u0107 projekt\u00f3w inwestycyjnych finansowanych ze \u015brodk\u00f3w publicznych<\/li><li>Programy ochrony \u015brodowiska w samorz\u0105dach<\/li><li>Finansowanie projekt\u00f3w inwestycyjnych w ochronie \u015brodowiska w przedsi\u0119biorstwach i samorz\u0105dach<\/li><li>Podatki i op\u0142aty ekologiczne w przedsi\u0119biorstwach i samorz\u0105dach<\/li><li>Pozyskiwanie \u015brodk\u00f3w z UE na przedsi\u0119wzi\u0119cia w ochronie \u015brodowiska i inne infrastrukturalne<\/li><li>Ocena efektywno\u015bci ekonomicznej przedsi\u0119wzi\u0119\u0107 w ochronie \u015brodowiska<\/li><li>Ekonomiczna i ekologiczna efektywno\u015b\u0107 wykorzystywania odnawialnych \u017ar\u00f3de\u0142 energii<\/li><li>Instrumenty ekonomiczne polityki ekologicznej<\/li><li>\u0179r\u00f3d\u0142a finansowania ochrony \u015brodowiska<\/li><li>Zarz\u0105dzanie \u015brodowiskowe w przedsi\u0119biorstwach<\/li><li>Rachunek koszt\u00f3w ochrony i korzystania ze \u015brodowiska w przedsi\u0119biorstwach oraz w gospodarce narodowej<\/li><li>Statystyka ochrony i korzystania ze \u015brodowiska<\/li><\/ul><h3>Dr Ksymena Rosiek<\/h3><ul><li>Instrumenty polityki gospodarczej w ochronie \u015brodowiska i gospodarce wodnej<\/li><li>Ekonomiczne i finansowe aspekty gospodarowania zasobami<\/li><li>Ekonomiczne aspekty gospodarowania wodami<\/li><li>Ekologiczne aspekty zarz\u0105dzania przestrzeni\u0105 miejsk\u0105<\/li><li>Zasady rozwoju zr\u00f3wnowa\u017conego w strategii i dzia\u0142aniu jednostek samorz\u0105du terytorialnego<\/li><li>Ocena efektywno\u015bci i skuteczno\u015bci przedsi\u0119wzi\u0119\u0107 generuj\u0105cych efekty dla spo\u0142ecze\u0144stwa i \u015brodowiska<\/li><li>Koszty \u015brodowiskowe, zielony controlling, zielona rachunkowo\u015b\u0107<\/li><\/ul><h3>Dr Renata \u017baba-Nieroda<\/h3><ul><li>Strategie rozwoju i restrukturyzacji przedsi\u0119biorstw<\/li><li>\u0179r\u00f3d\u0142a finansowania przedsi\u0119biorstw<\/li><li>Analiza finansowa przedsi\u0119biorstw<\/li><li>Analiza i ocena kondycji finansowej przedsi\u0119biorstw<\/li><li>Restrukturyzacja przedsi\u0119biorstw<\/li><li>\u0179r\u00f3d\u0142a finansowania ochrony \u015brodowiska<\/li><li>Zarz\u0105dzanie \u015brodowiskowe w przedsi\u0119biorstwach<\/li><\/ul><h3>Dr Krzysztof W\u0105sowicz<\/h3><ul><li>Analiza i ocena kondycji finansowej przedsi\u0119biorstw<\/li><li>Strategie rozwoju i restrukturyzacja przedsi\u0119biorstw<\/li><li>Zarzadzanie finansami przedsi\u0119biorstw<\/li><li>Ocena projekt\u00f3w gospodarczych i inwestycyjnych<\/li><li>Przedsi\u0119biorstwa u\u017cyteczno\u015bci publicznej<\/li><li>Przedsi\u0119biorczo\u015b\u0107 komunalna<\/li><li>Zarz\u0105dzanie rozwojem organizacji przedsi\u0119biorstw<\/li><li>Za\u0142o\u017cenia spo\u0142ecznej odpowiedzialno\u015bci biznesu i instrumenty jej realizacji w praktyce gospodarczej<\/li><li>Finansowania dzia\u0142alno\u015bci i rozwoju przedsi\u0119biorstw<\/li><\/ul><h3>Dr Agnieszka Mazurek-Czarnecka<\/h3><ul><li>Pomocy publicznej dla przedsi\u0119biorc\u00f3w oraz jej skuteczno\u015bci<\/li><li>Finansowania dzia\u0142alno\u015bci i rozwoju przedsi\u0119biorstw<\/li><li>Analizy ekonomiczno-finansowej przedsi\u0119biorstw<\/li><li>Restrukturyzacji rozwojowej przedsi\u0119biorstw<\/li><li>Procedur i zasad pozyskania pomocy publicznej dla przedsi\u0119biorc\u00f3w<\/li><li>Efektywno\u015bci projekt\u00f3w gospodarczych oraz inwestycyjnych<\/li><li>Przedsi\u0119biorczo\u015bci oraz jej wp\u0142ywu na rozw\u00f3j przedsi\u0119biorstwa<\/li><li>System\u00f3w zarz\u0105dzania \u015brodowiskowego w przedsi\u0119biorstwie<\/li><li>Wykorzystanie metody ci\u0105g\u0142ego doskonalenia Kaizen (Lean Managment) w przedsi\u0119biorstwach i nie tylko.<\/li><\/ul>\t\t\t\t\t\t<\/div>\n\t\t\t\t<\/div>\n\t\t\t\t\t<\/div>\n\t\t<\/div>\n\t\t\t\t\t<\/div>\n\t\t<\/section>\n\t\t\t\t<\/div>\n\t\t","protected":false},"excerpt":{"rendered":"<p>Seminarium&nbsp; dla student\u00f3w \/*! elementor &#8211; v3.16.0 &#8211; 13-09-2023 *\/ .elementor-widget-divider{&#8211;divider-border-style:none;&#8211;divider-border-width:1px;&#8211;divider-color:#0c0d0e;&#8211;divider-icon-size:20px;&#8211;divider-element-spacing:10px;&#8211;divider-pattern-height:24px;&#8211;divider-pattern-size:20px;&#8211;divider-pattern-url:none;&#8211;divider-pattern-repeat:repeat-x}.elementor-widget-divider .elementor-divider{display:flex}.elementor-widget-divider .elementor-divider__text{font-size:15px;line-height:1;max-width:95%}.elementor-widget-divider .elementor-divider__element{margin:0 var(&#8211;divider-element-spacing);flex-shrink:0}.elementor-widget-divider .elementor-icon{font-size:var(&#8211;divider-icon-size)}.elementor-widget-divider .elementor-divider-separator{display:flex;margin:0;direction:ltr}.elementor-widget-divider&#8211;view-line_icon .elementor-divider-separator,.elementor-widget-divider&#8211;view-line_text .elementor-divider-separator{align-items:center}.elementor-widget-divider&#8211;view-line_icon .elementor-divider-separator:after,.elementor-widget-divider&#8211;view-line_icon .elementor-divider-separator:before,.elementor-widget-divider&#8211;view-line_text .elementor-divider-separator:after,.elementor-widget-divider&#8211;view-line_text .elementor-divider-separator:before{display:block;content:&#8221;&#8221;;border-bottom:0;flex-grow:1;border-top:var(&#8211;divider-border-width) var(&#8211;divider-border-style) var(&#8211;divider-color)}.elementor-widget-divider&#8211;element-align-left .elementor-divider .elementor-divider-separator&gt;.elementor-divider__svg:first-of-type{flex-grow:0;flex-shrink:100}.elementor-widget-divider&#8211;element-align-left .elementor-divider-separator:before{content:none}.elementor-widget-divider&#8211;element-align-left .elementor-divider__element{margin-left:0}.elementor-widget-divider&#8211;element-align-right .elementor-divider .elementor-divider-separator&gt;.elementor-divider__svg:last-of-type{flex-grow:0;flex-shrink:100}.elementor-widget-divider&#8211;element-align-right .elementor-divider-separator:after{content:none}.elementor-widget-divider&#8211;element-align-right .elementor-divider__element{margin-right:0}.elementor-widget-divider:not(.elementor-widget-divider&#8211;view-line_text):not(.elementor-widget-divider&#8211;view-line_icon) .elementor-divider-separator{border-top:var(&#8211;divider-border-width) var(&#8211;divider-border-style) var(&#8211;divider-color)}.elementor-widget-divider&#8211;separator-type-pattern{&#8211;divider-border-style:none}.elementor-widget-divider&#8211;separator-type-pattern.elementor-widget-divider&#8211;view-line .elementor-divider-separator,.elementor-widget-divider&#8211;separator-type-pattern:not(.elementor-widget-divider&#8211;view-line) .elementor-divider-separator:after,.elementor-widget-divider&#8211;separator-type-pattern:not(.elementor-widget-divider&#8211;view-line) .elementor-divider-separator:before,.elementor-widget-divider&#8211;separator-type-pattern:not([class*=elementor-widget-divider&#8211;view]) .elementor-divider-separator{width:100%;min-height:var(&#8211;divider-pattern-height);-webkit-mask-size:var(&#8211;divider-pattern-size) 100%;mask-size:var(&#8211;divider-pattern-size) 100%;-webkit-mask-repeat:var(&#8211;divider-pattern-repeat);mask-repeat:var(&#8211;divider-pattern-repeat);background-color:var(&#8211;divider-color);-webkit-mask-image:var(&#8211;divider-pattern-url);mask-image:var(&#8211;divider-pattern-url)}.elementor-widget-divider&#8211;no-spacing{&#8211;divider-pattern-size:auto}.elementor-widget-divider&#8211;bg-round{&#8211;divider-pattern-repeat:round}.rtl .elementor-widget-divider .elementor-divider__text{direction:rtl}.e-con-inner&gt;.elementor-widget-divider,.e-con&gt;.elementor-widget-divider{width:var(&#8211;container-widget-width,100%);&#8211;flex-grow:var(&#8211;container-widget-flex-grow)} Dr hab. Ma\u0142gorzata Ko\u017cuch, Prof. UEK Rola instrument\u00f3w ekonomicznych w stymulowaniu ochrony \u015brodowiska Finansowanie inwestycji ochrony \u015brodowiska w przedsi\u0119biorstwie Obowi\u0105zki przedsi\u0119biorc\u00f3w w zakresie ochrony \u015brodowiska Zadania zwi\u0105zane z ochron\u0105 \u015brodowiska na szczeblu samorz\u0105du gminnego Rola funduszy z UE w finansowaniu infrastruktury w gminie Przes\u0142anki i sposoby restrukturyzacji przedsi\u0119biorstw Instrumenty i przeznaczenie pomocy publicznej Wykorzystanie narz\u0119dzi analizy finansowej do oceny kondycji przedsi\u0119biorstwa Za\u0142o\u017cenia spo\u0142ecznej odpowiedzialno\u015bci biznesu i instrumenty jej realizacji w praktyce gospodarczej Dr hab. Piotr Pawe\u0142 Ma\u0142ecki, Prof. UEK Finanse jednostek samorz\u0105du terytorialnego Podatki i op\u0142aty lokalne Op\u0142acalno\u015b\u0107 projekt\u00f3w inwestycyjnych finansowanych ze \u015brodk\u00f3w publicznych Programy ochrony \u015brodowiska w samorz\u0105dach Finansowanie projekt\u00f3w inwestycyjnych w ochronie \u015brodowiska w przedsi\u0119biorstwach i samorz\u0105dach Podatki i op\u0142aty ekologiczne w przedsi\u0119biorstwach i samorz\u0105dach Pozyskiwanie \u015brodk\u00f3w z UE na przedsi\u0119wzi\u0119cia w ochronie \u015brodowiska i inne infrastrukturalne Ocena efektywno\u015bci ekonomicznej przedsi\u0119wzi\u0119\u0107 w ochronie \u015brodowiska Ekonomiczna i ekologiczna efektywno\u015b\u0107 wykorzystywania odnawialnych \u017ar\u00f3de\u0142 energii Instrumenty ekonomiczne polityki ekologicznej \u0179r\u00f3d\u0142a finansowania ochrony \u015brodowiska Zarz\u0105dzanie \u015brodowiskowe w przedsi\u0119biorstwach Rachunek koszt\u00f3w ochrony i korzystania ze \u015brodowiska w przedsi\u0119biorstwach oraz w gospodarce narodowej Statystyka ochrony i korzystania ze \u015brodowiska Dr Ksymena Rosiek Instrumenty polityki gospodarczej w ochronie \u015brodowiska i gospodarce wodnej Ekonomiczne i finansowe aspekty gospodarowania zasobami Ekonomiczne aspekty gospodarowania wodami Ekologiczne aspekty zarz\u0105dzania przestrzeni\u0105 miejsk\u0105 Zasady rozwoju zr\u00f3wnowa\u017conego w strategii i dzia\u0142aniu jednostek samorz\u0105du terytorialnego Ocena efektywno\u015bci i skuteczno\u015bci przedsi\u0119wzi\u0119\u0107 generuj\u0105cych efekty dla spo\u0142ecze\u0144stwa i \u015brodowiska Koszty \u015brodowiskowe, zielony controlling, zielona rachunkowo\u015b\u0107 Dr Renata \u017baba-Nieroda Strategie rozwoju i restrukturyzacji przedsi\u0119biorstw \u0179r\u00f3d\u0142a finansowania przedsi\u0119biorstw Analiza finansowa przedsi\u0119biorstw Analiza i ocena kondycji finansowej przedsi\u0119biorstw Restrukturyzacja przedsi\u0119biorstw \u0179r\u00f3d\u0142a finansowania ochrony \u015brodowiska Zarz\u0105dzanie \u015brodowiskowe w przedsi\u0119biorstwach Dr Krzysztof W\u0105sowicz Analiza i ocena kondycji finansowej przedsi\u0119biorstw Strategie rozwoju i restrukturyzacja przedsi\u0119biorstw Zarzadzanie finansami przedsi\u0119biorstw Ocena projekt\u00f3w gospodarczych i inwestycyjnych Przedsi\u0119biorstwa u\u017cyteczno\u015bci publicznej Przedsi\u0119biorczo\u015b\u0107 komunalna Zarz\u0105dzanie rozwojem organizacji przedsi\u0119biorstw Za\u0142o\u017cenia spo\u0142ecznej odpowiedzialno\u015bci biznesu i instrumenty jej realizacji w praktyce gospodarczej Finansowania dzia\u0142alno\u015bci i rozwoju przedsi\u0119biorstw Dr Agnieszka Mazurek-Czarnecka Pomocy publicznej dla przedsi\u0119biorc\u00f3w oraz jej skuteczno\u015bci Finansowania dzia\u0142alno\u015bci i rozwoju przedsi\u0119biorstw Analizy ekonomiczno-finansowej przedsi\u0119biorstw Restrukturyzacji rozwojowej przedsi\u0119biorstw Procedur i zasad pozyskania pomocy publicznej dla przedsi\u0119biorc\u00f3w Efektywno\u015bci projekt\u00f3w gospodarczych oraz inwestycyjnych Przedsi\u0119biorczo\u015bci oraz jej wp\u0142ywu na rozw\u00f3j przedsi\u0119biorstwa System\u00f3w zarz\u0105dzania \u015brodowiskowego w przedsi\u0119biorstwie Wykorzystanie metody ci\u0105g\u0142ego doskonalenia Kaizen (Lean Managment) w przedsi\u0119biorstwach i nie tylko.<\/p>\n","protected":false},"author":1,"featured_media":0,"parent":336,"menu_order":0,"comment_status":"closed","ping_status":"closed","template":"elementor_header_footer","meta":{"footnotes":""},"class_list":["post-371","page","type-page","status-publish","hentry"],"_links":{"self":[{"href":"https:\/\/if2.uek.krakow.pl\/kfrz\/wp-json\/wp\/v2\/pages\/371","targetHints":{"allow":["GET"]}}],"collection":[{"href":"https:\/\/if2.uek.krakow.pl\/kfrz\/wp-json\/wp\/v2\/pages"}],"about":[{"href":"https:\/\/if2.uek.krakow.pl\/kfrz\/wp-json\/wp\/v2\/types\/page"}],"author":[{"embeddable":true,"href":"https:\/\/if2.uek.krakow.pl\/kfrz\/wp-json\/wp\/v2\/users\/1"}],"replies":[{"embeddable":true,"href":"https:\/\/if2.uek.krakow.pl\/kfrz\/wp-json\/wp\/v2\/comments?post=371"}],"version-history":[{"count":13,"href":"https:\/\/if2.uek.krakow.pl\/kfrz\/wp-json\/wp\/v2\/pages\/371\/revisions"}],"predecessor-version":[{"id":1858,"href":"https:\/\/if2.uek.krakow.pl\/kfrz\/wp-json\/wp\/v2\/pages\/371\/revisions\/1858"}],"up":[{"embeddable":true,"href":"https:\/\/if2.uek.krakow.pl\/kfrz\/wp-json\/wp\/v2\/pages\/336"}],"wp:attachment":[{"href":"https:\/\/if2.uek.krakow.pl\/kfrz\/wp-json\/wp\/v2\/media?parent=371"}],"curies":[{"name":"wp","href":"https:\/\/api.w.org\/{rel}","templated":true}]}}