{"id":366,"date":"2023-02-20T00:10:00","date_gmt":"2023-02-19T23:10:00","guid":{"rendered":"https:\/\/ie.uek.krakow.pl\/ke\/?page_id=366"},"modified":"2025-03-19T09:43:21","modified_gmt":"2025-03-19T08:43:21","slug":"praktyki-studenckie","status":"publish","type":"page","link":"https:\/\/if2.uek.krakow.pl\/kfrz\/studenci\/praktyki-studenckie\/","title":{"rendered":"Praktyki studenckie"},"content":{"rendered":"\t\t<div data-elementor-type=\"wp-page\" data-elementor-id=\"366\" class=\"elementor elementor-366\" data-elementor-post-type=\"page\">\n\t\t\t\t\t\t<section data-particle_enable=\"false\" data-particle-mobile-disabled=\"false\" class=\"elementor-section elementor-top-section elementor-element elementor-element-4ca67fb elementor-section-boxed elementor-section-height-default elementor-section-height-default\" data-id=\"4ca67fb\" data-element_type=\"section\" data-settings=\"{&quot;jet_parallax_layout_list&quot;:[]}\">\n\t\t\t\t\t\t<div class=\"elementor-container elementor-column-gap-default\">\n\t\t\t\t\t<div class=\"elementor-column elementor-col-100 elementor-top-column elementor-element elementor-element-22e0d310\" data-id=\"22e0d310\" data-element_type=\"column\">\n\t\t\t<div class=\"elementor-widget-wrap elementor-element-populated\">\n\t\t\t\t\t\t<div class=\"elementor-element elementor-element-7c047738 elementor-widget elementor-widget-jet-headline\" data-id=\"7c047738\" data-element_type=\"widget\" data-widget_type=\"jet-headline.default\">\n\t\t\t\t<div class=\"elementor-widget-container\">\n\t\t\t<h2 class=\"jet-headline jet-headline--direction-horizontal\"><span class=\"jet-headline__part jet-headline__first\"><span class=\"jet-headline__label\">Praktyki <\/span><\/span><span class=\"jet-headline__space\">&nbsp;<\/span><span class=\"jet-headline__part jet-headline__second\"><span class=\"jet-headline__label\">studenckie<\/span><\/span><\/h2>\t\t<\/div>\n\t\t\t\t<\/div>\n\t\t\t\t<div class=\"elementor-element elementor-element-27706e0c elementor-widget-divider--view-line elementor-invisible elementor-widget elementor-widget-divider\" data-id=\"27706e0c\" data-element_type=\"widget\" data-settings=\"{&quot;_animation&quot;:&quot;fadeInLeft&quot;}\" data-widget_type=\"divider.default\">\n\t\t\t\t<div class=\"elementor-widget-container\">\n\t\t\t\t\t<div class=\"elementor-divider\">\n\t\t\t<span class=\"elementor-divider-separator\">\n\t\t\t\t\t\t<\/span>\n\t\t<\/div>\n\t\t\t\t<\/div>\n\t\t\t\t<\/div>\n\t\t\t\t<div class=\"elementor-element elementor-element-c078210 elementor-widget elementor-widget-text-editor\" data-id=\"c078210\" data-element_type=\"widget\" data-widget_type=\"text-editor.default\">\n\t\t\t\t<div class=\"elementor-widget-container\">\n\t\t\t\t\t\t\t<h5><strong>Opiekun studenckich praktyk zawodowych w Katedrze Finans\u00f3w Rozwoju Zr\u00f3wnowa\u017conego<\/strong><\/h5><p>dr Krzysztof W\u0105sowicz, pawilon F., pok\u00f3j\u00a0412, e-mail: wasowick@uek.krakow.pl<\/p><p><strong>Od 24.02.2025 roku obowi\u0105zuje nowa formu\u0142a zaliczania praktyk studenckich, zgodna z zapisami Zarz\u0105dzenia JM Rektora, dost\u0119pnego wraz z za\u0142\u0105cznikami na stronie: <a href=\"https:\/\/bip.uek.krakow.pl\/zarzadzenie\/3594\/zarzadzenie-nr-r-0211-4-2025\">https:\/\/bip.uek.krakow.pl\/zarzadzenie\/3594\/zarzadzenie-nr-r-0211-4-2025<\/a><\/strong><\/p><p><strong>Informacje dodatkowe<\/strong><\/p><p>Praktyka zawodowa powinna spe\u0142nia\u0107 warunki okre\u015blone w Regulaminie studenckich praktyk zawodowych (<a href=\"https:\/\/if.uek.krakow.pl\/kbgsf\/wp-content\/uploads\/sites\/2\/2023\/03\/R.0211.16.2022.pdf\">Zarz\u0105dzenie Rektora<\/a>).<\/p><p><strong>Wa\u017cne!<\/strong>\u00a0Studenci, kt\u00f3rzy wybrali\u00a0<strong>promotora<\/strong>\u00a0pracy licencjackiej lub pracy magisterskiej w\u00a0<strong>Katedrze <\/strong><strong>Finans\u00f3w Rozwoju Zr\u00f3wnowa\u017conego <\/strong>proszeni s\u0105 o zg\u0142aszanie si\u0119 do dr Krzysztofa W\u0105sowicza \u2013 opiekuna praktyk.<\/p><p>Termin realizacji praktyki, czas jej trwania, w tym liczb\u0119 przyznanych punkt\u00f3w ECTS za zaliczenie praktyki, okre\u015blaj\u0105 kierunkowe plany studi\u00f3w.<\/p><p><strong>Wa\u017cne!<\/strong> Praktyka powinna trwa\u0107 4 tygodnie, 160 godzin lekcyjnych. W przypadku zatrudnienia\/samozatrudnienia, czas realizacji praktyki wskazuje Praktykant, wybieraj\u0105c w\u0142a\u015bciwy dla okresu zatrudnienia\/samozatrudnienia termin trwaj\u0105cy 4 tygodnie.<\/p><p><strong>Wa\u017cne!<\/strong>\u00a0Praktyka powinna by\u0107 zrealizowana do ko\u0144ca 5 semestru studi\u00f3w (I stopie\u0144) lub do uko\u0144czenia 4 semestru studi\u00f3w (II stopie\u0144).<\/p><p>Umowa o praktyk\u0119 lub inna umowa potwierdzaj\u0105ca zatrudnienie, zawarta w j\u0119zyku obcym powinna by\u0107 przet\u0142umaczona na j\u0119zyk polski.<\/p><p>Osoby zainteresowane odbyciem praktyki zapraszam do skorzystania z oferty praktyk studenckich przedstawionej w elektronicznej bazie danych:\u00a0<a href=\"http:\/\/kariery.uek.krakow.pl\/\">kariery.uek.krakow.pl<\/a><\/p><p>Link do informacji na stronie IF:\u00a0<a id=\"LPlnk544286\" title=\"https:\/\/if.uek.krakow.pl\/sprawy-formalne\/praktyki-studenckie\/\" href=\"https:\/\/if.uek.krakow.pl\/sprawy-formalne\/praktyki-studenckie\/\" target=\"_blank\" rel=\"noopener noreferrer\" data-auth=\"NotApplicable\" data-linkindex=\"0\">https:\/\/if.uek.krakow.pl\/sprawy-formalne\/praktyki-studenckie\/<\/a><\/p><h3>\u00a0<\/h3>\t\t\t\t\t\t<\/div>\n\t\t\t\t<\/div>\n\t\t\t\t\t<\/div>\n\t\t<\/div>\n\t\t\t\t\t<\/div>\n\t\t<\/section>\n\t\t\t\t<\/div>\n\t\t","protected":false},"excerpt":{"rendered":"<p>Praktyki &nbsp;studenckie Opiekun studenckich praktyk zawodowych w Katedrze Finans\u00f3w Rozwoju Zr\u00f3wnowa\u017conego dr Krzysztof W\u0105sowicz, pawilon F., pok\u00f3j\u00a0412, e-mail: wasowick@uek.krakow.pl Od 24.02.2025 roku obowi\u0105zuje nowa formu\u0142a zaliczania praktyk studenckich, zgodna z zapisami Zarz\u0105dzenia JM Rektora, dost\u0119pnego wraz z za\u0142\u0105cznikami na stronie: https:\/\/bip.uek.krakow.pl\/zarzadzenie\/3594\/zarzadzenie-nr-r-0211-4-2025 Informacje dodatkowe Praktyka zawodowa powinna spe\u0142nia\u0107 warunki okre\u015blone w Regulaminie studenckich praktyk zawodowych (Zarz\u0105dzenie Rektora). Wa\u017cne!\u00a0Studenci, kt\u00f3rzy wybrali\u00a0promotora\u00a0pracy licencjackiej lub pracy magisterskiej w\u00a0Katedrze Finans\u00f3w Rozwoju Zr\u00f3wnowa\u017conego proszeni s\u0105 o zg\u0142aszanie si\u0119 do dr Krzysztofa W\u0105sowicza \u2013 opiekuna praktyk. Termin realizacji praktyki, czas jej trwania, w tym liczb\u0119 przyznanych punkt\u00f3w ECTS za zaliczenie praktyki, okre\u015blaj\u0105 kierunkowe plany studi\u00f3w. Wa\u017cne! Praktyka powinna trwa\u0107 4 tygodnie, 160 godzin lekcyjnych. W przypadku zatrudnienia\/samozatrudnienia, czas realizacji praktyki wskazuje Praktykant, wybieraj\u0105c w\u0142a\u015bciwy dla okresu zatrudnienia\/samozatrudnienia termin trwaj\u0105cy 4 tygodnie. Wa\u017cne!\u00a0Praktyka powinna by\u0107 zrealizowana do ko\u0144ca 5 semestru studi\u00f3w (I stopie\u0144) lub do uko\u0144czenia 4 semestru studi\u00f3w (II stopie\u0144). Umowa o praktyk\u0119 lub inna umowa potwierdzaj\u0105ca zatrudnienie, zawarta w j\u0119zyku obcym powinna by\u0107 przet\u0142umaczona na j\u0119zyk polski. Osoby zainteresowane odbyciem praktyki zapraszam do skorzystania z oferty praktyk studenckich przedstawionej w elektronicznej bazie danych:\u00a0kariery.uek.krakow.pl Link do informacji na stronie IF:\u00a0https:\/\/if.uek.krakow.pl\/sprawy-formalne\/praktyki-studenckie\/ \u00a0<\/p>\n","protected":false},"author":1,"featured_media":0,"parent":336,"menu_order":0,"comment_status":"closed","ping_status":"closed","template":"elementor_header_footer","meta":{"footnotes":""},"class_list":["post-366","page","type-page","status-publish","hentry"],"_links":{"self":[{"href":"https:\/\/if2.uek.krakow.pl\/kfrz\/wp-json\/wp\/v2\/pages\/366","targetHints":{"allow":["GET"]}}],"collection":[{"href":"https:\/\/if2.uek.krakow.pl\/kfrz\/wp-json\/wp\/v2\/pages"}],"about":[{"href":"https:\/\/if2.uek.krakow.pl\/kfrz\/wp-json\/wp\/v2\/types\/page"}],"author":[{"embeddable":true,"href":"https:\/\/if2.uek.krakow.pl\/kfrz\/wp-json\/wp\/v2\/users\/1"}],"replies":[{"embeddable":true,"href":"https:\/\/if2.uek.krakow.pl\/kfrz\/wp-json\/wp\/v2\/comments?post=366"}],"version-history":[{"count":22,"href":"https:\/\/if2.uek.krakow.pl\/kfrz\/wp-json\/wp\/v2\/pages\/366\/revisions"}],"predecessor-version":[{"id":2255,"href":"https:\/\/if2.uek.krakow.pl\/kfrz\/wp-json\/wp\/v2\/pages\/366\/revisions\/2255"}],"up":[{"embeddable":true,"href":"https:\/\/if2.uek.krakow.pl\/kfrz\/wp-json\/wp\/v2\/pages\/336"}],"wp:attachment":[{"href":"https:\/\/if2.uek.krakow.pl\/kfrz\/wp-json\/wp\/v2\/media?parent=366"}],"curies":[{"name":"wp","href":"https:\/\/api.w.org\/{rel}","templated":true}]}}