{"id":346,"date":"2023-02-20T00:01:15","date_gmt":"2023-02-19T23:01:15","guid":{"rendered":"https:\/\/ie.uek.krakow.pl\/ke\/?page_id=346"},"modified":"2025-03-09T09:48:24","modified_gmt":"2025-03-09T08:48:24","slug":"kola-naukowego-transformacji-energetycznej-i-klimatycznej","status":"publish","type":"page","link":"https:\/\/if2.uek.krakow.pl\/kfrz\/studenci\/kola-naukowego-transformacji-energetycznej-i-klimatycznej\/","title":{"rendered":"Ko\u0142a Naukowego Transformacji Energetycznej i Klimatycznej"},"content":{"rendered":"\t\t<div data-elementor-type=\"wp-page\" data-elementor-id=\"346\" class=\"elementor elementor-346\" data-elementor-post-type=\"page\">\n\t\t\t\t\t\t<section data-particle_enable=\"false\" data-particle-mobile-disabled=\"false\" class=\"elementor-section elementor-top-section elementor-element elementor-element-22080c8 elementor-section-boxed elementor-section-height-default elementor-section-height-default\" data-id=\"22080c8\" data-element_type=\"section\" data-settings=\"{&quot;jet_parallax_layout_list&quot;:[]}\">\n\t\t\t\t\t\t<div class=\"elementor-container elementor-column-gap-default\">\n\t\t\t\t\t<div class=\"elementor-column elementor-col-33 elementor-top-column elementor-element elementor-element-c20decf\" data-id=\"c20decf\" data-element_type=\"column\">\n\t\t\t<div class=\"elementor-widget-wrap elementor-element-populated\">\n\t\t\t\t\t\t<div class=\"elementor-element elementor-element-9764738 elementor-widget elementor-widget-image\" data-id=\"9764738\" data-element_type=\"widget\" data-widget_type=\"image.default\">\n\t\t\t\t<div class=\"elementor-widget-container\">\n\t\t\t\t\t\t\t\t\t\t\t\t\t<img fetchpriority=\"high\" decoding=\"async\" width=\"500\" height=\"500\" src=\"https:\/\/if2.uek.krakow.pl\/kfrz\/wp-content\/uploads\/sites\/6\/2025\/03\/IMG_0649-1.jpeg\" class=\"attachment-full size-full wp-image-2207\" alt=\"\" srcset=\"https:\/\/if2.uek.krakow.pl\/kfrz\/wp-content\/uploads\/sites\/6\/2025\/03\/IMG_0649-1.jpeg 500w, https:\/\/if2.uek.krakow.pl\/kfrz\/wp-content\/uploads\/sites\/6\/2025\/03\/IMG_0649-1-300x300.jpeg 300w, https:\/\/if2.uek.krakow.pl\/kfrz\/wp-content\/uploads\/sites\/6\/2025\/03\/IMG_0649-1-150x150.jpeg 150w, https:\/\/if2.uek.krakow.pl\/kfrz\/wp-content\/uploads\/sites\/6\/2025\/03\/IMG_0649-1-75x75.jpeg 75w\" sizes=\"(max-width: 500px) 100vw, 500px\" \/>\t\t\t\t\t\t\t\t\t\t\t\t\t<\/div>\n\t\t\t\t<\/div>\n\t\t\t\t\t<\/div>\n\t\t<\/div>\n\t\t\t\t<div class=\"elementor-column elementor-col-66 elementor-top-column elementor-element elementor-element-101f182\" data-id=\"101f182\" data-element_type=\"column\">\n\t\t\t<div class=\"elementor-widget-wrap elementor-element-populated\">\n\t\t\t\t\t\t<div class=\"elementor-element elementor-element-8723dd5 elementor-widget elementor-widget-heading\" data-id=\"8723dd5\" data-element_type=\"widget\" data-widget_type=\"heading.default\">\n\t\t\t\t<div class=\"elementor-widget-container\">\n\t\t\t<h2 class=\"elementor-heading-title elementor-size-default\">Ko\u0142o Naukowe Transformacji Energetycznej i Klimatycznej<\/h2>\t\t<\/div>\n\t\t\t\t<\/div>\n\t\t\t\t<div class=\"elementor-element elementor-element-ff81b7c elementor-widget elementor-widget-text-editor\" data-id=\"ff81b7c\" data-element_type=\"widget\" data-widget_type=\"text-editor.default\">\n\t\t\t\t<div class=\"elementor-widget-container\">\n\t\t\t\t\t\t\t<p>Ko\u0142o Naukowe Transformacji Energetycznej i Klimatycznej to dynamiczna grupa student\u00f3w, kt\u00f3rzy chc\u0105 aktywnie kszta\u0142towa\u0107 przysz\u0142o\u015b\u0107 w oparciu o zr\u00f3wnowa\u017cony rozw\u00f3j.<\/p><p>Do misji Ko\u0142a nale\u017cy:<\/p><p>Poszerzanie wiedzy o wsp\u00f3\u0142czesnych wyzwaniach zwi\u0105zanych z transformacj\u0105 energetyczn\u0105 i klimatyczn\u0105,<\/p><p>Dzia\u0142anie na rzecz zr\u00f3wnowa\u017conego rozwoju, anga\u017cuj\u0105c si\u0119 w projekty i inicjatywy promuj\u0105ce odpowiedzialne korzystanie z zasob\u00f3w naturalnych,<\/p><p>Promowanie idei ESG (ESG to skr\u00f3t od Environmental, Social, and Governance, co w t\u0142umaczeniu oznacza \u015arodowisko, Spo\u0142eczna Odpowiedzialno\u015b\u0107 i \u0141ad Korporacyjny. To zbi\u00f3r zasad i kryteri\u00f3w, kt\u00f3re oceniaj\u0105 wp\u0142yw dzia\u0142alno\u015bci firmy na \u015brodowisko, spo\u0142ecze\u0144stwo i zarz\u0105dzanie),<\/p><p>Rozwijanie umiej\u0119tno\u015bci interpersonalnych poprzez wsp\u00f3\u0142prac\u0119 w zespole i realizacj\u0119 wsp\u00f3lnych projekt\u00f3w,<\/p><p>Budowanie \u015bwiadomo\u015bci spo\u0142ecznej dotycz\u0105cej aspekt\u00f3w \u015brodowiskowych,<\/p><p>Prowadzenie bada\u0144 naukowych oraz poszukiwanie rozwi\u0105za\u0144 dla biznesu (partner\u00f3w Ko\u0142a).<\/p><p>Napisz i do\u0142\u0105cz do nas!<\/p><p>\u015aled\u017a nas na Facebooku i innych social mediach, \u017ceby by\u0107 na bie\u017c\u0105co z terminami spotka\u0144.<\/p><p>Masz pytania? Napisz do nas: knteik.uek@gmail.com<\/p><p>FB: Ko\u0142o Naukowe Transformacji Energetycznej i Klimatycznej<\/p><p>IG: kn.teik<\/p>\t\t\t\t\t\t<\/div>\n\t\t\t\t<\/div>\n\t\t\t\t<div class=\"elementor-element elementor-element-30626b33 elementor-align-right elementor-button-info elementor-widget elementor-widget-button\" data-id=\"30626b33\" data-element_type=\"widget\" data-widget_type=\"button.default\">\n\t\t\t\t<div class=\"elementor-widget-container\">\n\t\t\t\t\t\t\t<div class=\"elementor-button-wrapper\">\n\t\t\t\t\t<a class=\"elementor-button elementor-button-link elementor-size-sm\" href=\"#\" target=\"_blank\">\n\t\t\t\t\t\t<span class=\"elementor-button-content-wrapper\">\n\t\t\t\t\t\t\t\t\t<span class=\"elementor-button-text\">strona ko\u0142a<\/span>\n\t\t\t\t\t<\/span>\n\t\t\t\t\t<\/a>\n\t\t\t\t<\/div>\n\t\t\t\t\t\t<\/div>\n\t\t\t\t<\/div>\n\t\t\t\t\t<\/div>\n\t\t<\/div>\n\t\t\t\t\t<\/div>\n\t\t<\/section>\n\t\t\t\t<section data-particle_enable=\"false\" data-particle-mobile-disabled=\"false\" class=\"elementor-section elementor-top-section elementor-element elementor-element-2d422c6 elementor-section-boxed elementor-section-height-default elementor-section-height-default\" data-id=\"2d422c6\" data-element_type=\"section\" data-settings=\"{&quot;jet_parallax_layout_list&quot;:[]}\">\n\t\t\t\t\t\t<div class=\"elementor-container elementor-column-gap-default\">\n\t\t\t\t\t<div class=\"elementor-column elementor-col-100 elementor-top-column elementor-element elementor-element-276b952\" data-id=\"276b952\" data-element_type=\"column\">\n\t\t\t<div class=\"elementor-widget-wrap elementor-element-populated\">\n\t\t\t\t\t\t<div class=\"elementor-element elementor-element-531665e elementor-widget elementor-widget-image\" data-id=\"531665e\" data-element_type=\"widget\" data-widget_type=\"image.default\">\n\t\t\t\t<div class=\"elementor-widget-container\">\n\t\t\t\t\t\t\t\t\t\t\t\t\t<img decoding=\"async\" width=\"602\" height=\"752\" src=\"https:\/\/if2.uek.krakow.pl\/kfrz\/wp-content\/uploads\/sites\/6\/2025\/03\/Obraz1.png\" class=\"attachment-large size-large wp-image-2208\" alt=\"\" srcset=\"https:\/\/if2.uek.krakow.pl\/kfrz\/wp-content\/uploads\/sites\/6\/2025\/03\/Obraz1.png 602w, https:\/\/if2.uek.krakow.pl\/kfrz\/wp-content\/uploads\/sites\/6\/2025\/03\/Obraz1-240x300.png 240w\" sizes=\"(max-width: 602px) 100vw, 602px\" \/>\t\t\t\t\t\t\t\t\t\t\t\t\t<\/div>\n\t\t\t\t<\/div>\n\t\t\t\t\t<\/div>\n\t\t<\/div>\n\t\t\t\t\t<\/div>\n\t\t<\/section>\n\t\t\t\t<\/div>\n\t\t","protected":false},"excerpt":{"rendered":"<p>Ko\u0142o Naukowe Transformacji Energetycznej i Klimatycznej Ko\u0142o Naukowe Transformacji Energetycznej i Klimatycznej to dynamiczna grupa student\u00f3w, kt\u00f3rzy chc\u0105 aktywnie kszta\u0142towa\u0107 przysz\u0142o\u015b\u0107 w oparciu o zr\u00f3wnowa\u017cony rozw\u00f3j. Do misji Ko\u0142a nale\u017cy: Poszerzanie wiedzy o wsp\u00f3\u0142czesnych wyzwaniach zwi\u0105zanych z transformacj\u0105 energetyczn\u0105 i klimatyczn\u0105, Dzia\u0142anie na rzecz zr\u00f3wnowa\u017conego rozwoju, anga\u017cuj\u0105c si\u0119 w projekty i inicjatywy promuj\u0105ce odpowiedzialne korzystanie z zasob\u00f3w naturalnych, Promowanie idei ESG (ESG to skr\u00f3t od Environmental, Social, and Governance, co w t\u0142umaczeniu oznacza \u015arodowisko, Spo\u0142eczna Odpowiedzialno\u015b\u0107 i \u0141ad Korporacyjny. To zbi\u00f3r zasad i kryteri\u00f3w, kt\u00f3re oceniaj\u0105 wp\u0142yw dzia\u0142alno\u015bci firmy na \u015brodowisko, spo\u0142ecze\u0144stwo i zarz\u0105dzanie), Rozwijanie umiej\u0119tno\u015bci interpersonalnych poprzez wsp\u00f3\u0142prac\u0119 w zespole i realizacj\u0119 wsp\u00f3lnych projekt\u00f3w, Budowanie \u015bwiadomo\u015bci spo\u0142ecznej dotycz\u0105cej aspekt\u00f3w \u015brodowiskowych, Prowadzenie bada\u0144 naukowych oraz poszukiwanie rozwi\u0105za\u0144 dla biznesu (partner\u00f3w Ko\u0142a). Napisz i do\u0142\u0105cz do nas! \u015aled\u017a nas na Facebooku i innych social mediach, \u017ceby by\u0107 na bie\u017c\u0105co z terminami spotka\u0144. Masz pytania? Napisz do nas: knteik.uek@gmail.com FB: Ko\u0142o Naukowe Transformacji Energetycznej i Klimatycznej IG: kn.teik strona ko\u0142a<\/p>\n","protected":false},"author":1,"featured_media":0,"parent":336,"menu_order":0,"comment_status":"closed","ping_status":"closed","template":"elementor_header_footer","meta":{"footnotes":""},"class_list":["post-346","page","type-page","status-publish","hentry"],"_links":{"self":[{"href":"https:\/\/if2.uek.krakow.pl\/kfrz\/wp-json\/wp\/v2\/pages\/346","targetHints":{"allow":["GET"]}}],"collection":[{"href":"https:\/\/if2.uek.krakow.pl\/kfrz\/wp-json\/wp\/v2\/pages"}],"about":[{"href":"https:\/\/if2.uek.krakow.pl\/kfrz\/wp-json\/wp\/v2\/types\/page"}],"author":[{"embeddable":true,"href":"https:\/\/if2.uek.krakow.pl\/kfrz\/wp-json\/wp\/v2\/users\/1"}],"replies":[{"embeddable":true,"href":"https:\/\/if2.uek.krakow.pl\/kfrz\/wp-json\/wp\/v2\/comments?post=346"}],"version-history":[{"count":10,"href":"https:\/\/if2.uek.krakow.pl\/kfrz\/wp-json\/wp\/v2\/pages\/346\/revisions"}],"predecessor-version":[{"id":2211,"href":"https:\/\/if2.uek.krakow.pl\/kfrz\/wp-json\/wp\/v2\/pages\/346\/revisions\/2211"}],"up":[{"embeddable":true,"href":"https:\/\/if2.uek.krakow.pl\/kfrz\/wp-json\/wp\/v2\/pages\/336"}],"wp:attachment":[{"href":"https:\/\/if2.uek.krakow.pl\/kfrz\/wp-json\/wp\/v2\/media?parent=346"}],"curies":[{"name":"wp","href":"https:\/\/api.w.org\/{rel}","templated":true}]}}