{"id":212,"date":"2023-02-19T10:20:18","date_gmt":"2023-02-19T09:20:18","guid":{"rendered":"https:\/\/ie.uek.krakow.pl\/ke\/?page_id=212"},"modified":"2025-06-08T17:33:05","modified_gmt":"2025-06-08T15:33:05","slug":"partnerzy","status":"publish","type":"page","link":"https:\/\/if2.uek.krakow.pl\/kfrz\/partnerzy\/","title":{"rendered":"Partnerzy"},"content":{"rendered":"\t\t<div data-elementor-type=\"wp-page\" data-elementor-id=\"212\" class=\"elementor elementor-212\" data-elementor-post-type=\"page\">\n\t\t\t\t\t\t<section data-particle_enable=\"false\" data-particle-mobile-disabled=\"false\" class=\"elementor-section elementor-top-section elementor-element elementor-element-5bd16a8 elementor-section-boxed elementor-section-height-default elementor-section-height-default\" data-id=\"5bd16a8\" data-element_type=\"section\" data-settings=\"{&quot;jet_parallax_layout_list&quot;:[],&quot;background_background&quot;:&quot;classic&quot;,&quot;shape_divider_top&quot;:&quot;arrow&quot;,&quot;shape_divider_bottom&quot;:&quot;arrow&quot;,&quot;shape_divider_bottom_negative&quot;:&quot;yes&quot;}\">\n\t\t\t\t\t<div class=\"elementor-shape elementor-shape-top\" data-negative=\"false\">\n\t\t\t<svg xmlns=\"http:\/\/www.w3.org\/2000\/svg\" viewBox=\"0 0 700 10\" preserveAspectRatio=\"none\">\n\t<path class=\"elementor-shape-fill\" d=\"M350,10L340,0h20L350,10z\"\/>\n<\/svg>\t\t<\/div>\n\t\t\t\t<div class=\"elementor-shape elementor-shape-bottom\" data-negative=\"true\">\n\t\t\t<svg xmlns=\"http:\/\/www.w3.org\/2000\/svg\" viewBox=\"0 0 700 10\" preserveAspectRatio=\"none\">\n\t<path class=\"elementor-shape-fill\" d=\"M360 0L350 9.9 340 0 0 0 0 10 700 10 700 0\"\/>\n<\/svg>\t\t<\/div>\n\t\t\t\t\t<div class=\"elementor-container elementor-column-gap-default\">\n\t\t\t\t\t<div class=\"elementor-column elementor-col-33 elementor-top-column elementor-element elementor-element-a10c985\" data-id=\"a10c985\" data-element_type=\"column\">\n\t\t\t<div class=\"elementor-widget-wrap elementor-element-populated\">\n\t\t\t\t\t\t<div class=\"elementor-element elementor-element-8235ad7 elementor-widget elementor-widget-image\" data-id=\"8235ad7\" data-element_type=\"widget\" data-widget_type=\"image.default\">\n\t\t\t\t<div class=\"elementor-widget-container\">\n\t\t\t\t\t\t\t\t\t\t\t\t\t<img decoding=\"async\" width=\"200\" height=\"200\" src=\"https:\/\/if2.uek.krakow.pl\/kfrz\/wp-content\/uploads\/sites\/6\/2023\/09\/blobid0.png\" class=\"attachment-full size-full wp-image-1595\" alt=\"\" srcset=\"https:\/\/if2.uek.krakow.pl\/kfrz\/wp-content\/uploads\/sites\/6\/2023\/09\/blobid0.png 200w, https:\/\/if2.uek.krakow.pl\/kfrz\/wp-content\/uploads\/sites\/6\/2023\/09\/blobid0-150x150.png 150w, https:\/\/if2.uek.krakow.pl\/kfrz\/wp-content\/uploads\/sites\/6\/2023\/09\/blobid0-75x75.png 75w\" sizes=\"(max-width: 200px) 100vw, 200px\" \/>\t\t\t\t\t\t\t\t\t\t\t\t\t<\/div>\n\t\t\t\t<\/div>\n\t\t\t\t\t<\/div>\n\t\t<\/div>\n\t\t\t\t<div class=\"elementor-column elementor-col-66 elementor-top-column elementor-element elementor-element-b26b269\" data-id=\"b26b269\" data-element_type=\"column\">\n\t\t\t<div class=\"elementor-widget-wrap elementor-element-populated\">\n\t\t\t\t\t\t<div class=\"elementor-element elementor-element-6e89348 elementor-widget elementor-widget-heading\" data-id=\"6e89348\" data-element_type=\"widget\" data-widget_type=\"heading.default\">\n\t\t\t\t<div class=\"elementor-widget-container\">\n\t\t\t<h2 class=\"elementor-heading-title elementor-size-default\">Pracownicy Katedry wsp\u00f3\u0142pracuj\u0105 z:<\/h2>\t\t<\/div>\n\t\t\t\t<\/div>\n\t\t\t\t<div class=\"elementor-element elementor-element-0bf2928 elementor-widget elementor-widget-text-editor\" data-id=\"0bf2928\" data-element_type=\"widget\" data-widget_type=\"text-editor.default\">\n\t\t\t\t<div class=\"elementor-widget-container\">\n\t\t\t\t\t\t\t<ul><li><a href=\"https:\/\/abrys.pl\/\">Abrys<\/a>;<\/li><li><a href=\"https:\/\/www.arcadis.com\/pl-pl\">Arcadis<\/a>;<\/li><li><a href=\"http:\/\/www.pnec.org.pl\/pl\/\">Stowarzyszenie Energie Cities<\/a>;<\/li><li><a href=\"https:\/\/oees.pl\/water-lab\/?doing_wp_cron=1682884121.4432098865509033203125\">OEES WaterLab<\/a>;<\/li><li><a href=\"https:\/\/metropoliakrakowska.pl\/\">Stowarzyszenie Metropolia Krakowska<\/a>;<\/li><li><a href=\"https:\/\/mpo.krakow.pl\/pl\/main\">Miejskie Przedsi\u0119biorstwo Oczyszczania w Krakowie<\/a>;<\/li><li><a href=\"https:\/\/psesizn.pl\/\">Polskie Stowarzyszenie Ekonomist\u00f3w \u015arodowiska i Zasob\u00f3w Naturalnych<\/a>;<\/li><li><a href=\"https:\/\/ibima.org\/\">International Business Information Management Association<\/a>;<\/li><li><a href=\"https:\/\/igkm.pl\/\">Izba Gospodarcza Komunikacji Miejskiej<\/a>;<\/li><li><a href=\"https:\/\/lukasiewicz.gov.pl\/\">Sie\u0107 Badawcza \u0141ukasiewicz<\/a><\/li><li><a href=\"https:\/\/www.krakowdlamieszkancow.com\/\">Stowarzyszenie Krak\u00f3w dla Mieszka\u0144c\u00f3w<\/a><\/li><\/ul>\t\t\t\t\t\t<\/div>\n\t\t\t\t<\/div>\n\t\t\t\t<div class=\"elementor-element elementor-element-60fdb8c elementor-align-right elementor-button-info elementor-widget elementor-widget-button\" data-id=\"60fdb8c\" data-element_type=\"widget\" data-widget_type=\"button.default\">\n\t\t\t\t<div class=\"elementor-widget-container\">\n\t\t\t\t\t\t\t<div class=\"elementor-button-wrapper\">\n\t\t\t\t\t<a class=\"elementor-button elementor-button-link elementor-size-sm\" href=\"#\" target=\"_blank\">\n\t\t\t\t\t\t<span class=\"elementor-button-content-wrapper\">\n\t\t\t\t\t\t<span class=\"elementor-button-icon\">\n\t\t\t\t\t\t\t<\/span>\n\t\t\t\t\t\t\t\t\t<span class=\"elementor-button-text\">strona partnera<\/span>\n\t\t\t\t\t<\/span>\n\t\t\t\t\t<\/a>\n\t\t\t\t<\/div>\n\t\t\t\t\t\t<\/div>\n\t\t\t\t<\/div>\n\t\t\t\t\t<\/div>\n\t\t<\/div>\n\t\t\t\t\t<\/div>\n\t\t<\/section>\n\t\t\t\t<\/div>\n\t\t","protected":false},"excerpt":{"rendered":"<p>Pracownicy Katedry wsp\u00f3\u0142pracuj\u0105 z: Abrys; Arcadis; Stowarzyszenie Energie Cities; OEES WaterLab; Stowarzyszenie Metropolia Krakowska; Miejskie Przedsi\u0119biorstwo Oczyszczania w Krakowie; Polskie Stowarzyszenie Ekonomist\u00f3w \u015arodowiska i Zasob\u00f3w Naturalnych; International Business Information Management Association; Izba Gospodarcza Komunikacji Miejskiej; Sie\u0107 Badawcza \u0141ukasiewicz Stowarzyszenie Krak\u00f3w dla Mieszka\u0144c\u00f3w strona partnera<\/p>\n","protected":false},"author":1,"featured_media":0,"parent":0,"menu_order":0,"comment_status":"closed","ping_status":"closed","template":"elementor_header_footer","meta":{"footnotes":""},"class_list":["post-212","page","type-page","status-publish","hentry"],"_links":{"self":[{"href":"https:\/\/if2.uek.krakow.pl\/kfrz\/wp-json\/wp\/v2\/pages\/212","targetHints":{"allow":["GET"]}}],"collection":[{"href":"https:\/\/if2.uek.krakow.pl\/kfrz\/wp-json\/wp\/v2\/pages"}],"about":[{"href":"https:\/\/if2.uek.krakow.pl\/kfrz\/wp-json\/wp\/v2\/types\/page"}],"author":[{"embeddable":true,"href":"https:\/\/if2.uek.krakow.pl\/kfrz\/wp-json\/wp\/v2\/users\/1"}],"replies":[{"embeddable":true,"href":"https:\/\/if2.uek.krakow.pl\/kfrz\/wp-json\/wp\/v2\/comments?post=212"}],"version-history":[{"count":19,"href":"https:\/\/if2.uek.krakow.pl\/kfrz\/wp-json\/wp\/v2\/pages\/212\/revisions"}],"predecessor-version":[{"id":2316,"href":"https:\/\/if2.uek.krakow.pl\/kfrz\/wp-json\/wp\/v2\/pages\/212\/revisions\/2316"}],"wp:attachment":[{"href":"https:\/\/if2.uek.krakow.pl\/kfrz\/wp-json\/wp\/v2\/media?parent=212"}],"curies":[{"name":"wp","href":"https:\/\/api.w.org\/{rel}","templated":true}]}}