{"id":174,"date":"2023-02-19T01:50:07","date_gmt":"2023-02-19T00:50:07","guid":{"rendered":"https:\/\/ie.uek.krakow.pl\/ke\/?page_id=174"},"modified":"2025-01-28T10:17:30","modified_gmt":"2025-01-28T09:17:30","slug":"pracownicy-uek","status":"publish","type":"page","link":"https:\/\/if2.uek.krakow.pl\/kfrz\/pracownicy-uek\/","title":{"rendered":"Pracownicy"},"content":{"rendered":"\t\t<div data-elementor-type=\"wp-page\" data-elementor-id=\"174\" class=\"elementor elementor-174\" data-elementor-post-type=\"page\">\n\t\t\t\t\t\t<section data-particle_enable=\"false\" data-particle-mobile-disabled=\"false\" class=\"elementor-section elementor-top-section elementor-element elementor-element-be20bad elementor-section-boxed elementor-section-height-default elementor-section-height-default\" data-id=\"be20bad\" data-element_type=\"section\" data-settings=\"{&quot;jet_parallax_layout_list&quot;:[]}\">\n\t\t\t\t\t\t<div class=\"elementor-container elementor-column-gap-default\">\n\t\t\t\t\t<div class=\"elementor-column elementor-col-100 elementor-top-column elementor-element elementor-element-c099fef\" data-id=\"c099fef\" data-element_type=\"column\">\n\t\t\t<div class=\"elementor-widget-wrap elementor-element-populated\">\n\t\t\t\t\t\t<div class=\"elementor-element elementor-element-923f8d4 elementor-widget elementor-widget-heading\" data-id=\"923f8d4\" data-element_type=\"widget\" id=\"kpii\" data-widget_type=\"heading.default\">\n\t\t\t\t<div class=\"elementor-widget-container\">\n\t\t\t<h2 class=\"elementor-heading-title elementor-size-default\">KATEDRA ...<\/h2>\t\t<\/div>\n\t\t\t\t<\/div>\n\t\t\t\t<section data-particle_enable=\"false\" data-particle-mobile-disabled=\"false\" class=\"elementor-section elementor-inner-section elementor-element elementor-element-4f9f836 elementor-section-boxed elementor-section-height-default elementor-section-height-default\" data-id=\"4f9f836\" data-element_type=\"section\" data-settings=\"{&quot;jet_parallax_layout_list&quot;:[],&quot;background_background&quot;:&quot;classic&quot;,&quot;shape_divider_bottom&quot;:&quot;arrow&quot;,&quot;shape_divider_bottom_negative&quot;:&quot;yes&quot;}\">\n\t\t\t\t\t<div class=\"elementor-shape elementor-shape-bottom\" data-negative=\"true\">\n\t\t\t<svg xmlns=\"http:\/\/www.w3.org\/2000\/svg\" viewBox=\"0 0 700 10\" preserveAspectRatio=\"none\">\n\t<path class=\"elementor-shape-fill\" d=\"M360 0L350 9.9 340 0 0 0 0 10 700 10 700 0\"\/>\n<\/svg>\t\t<\/div>\n\t\t\t\t\t<div class=\"elementor-container elementor-column-gap-default\">\n\t\t\t\t\t<div class=\"elementor-column elementor-col-50 elementor-inner-column elementor-element elementor-element-7a9c1ea\" data-id=\"7a9c1ea\" data-element_type=\"column\">\n\t\t\t<div class=\"elementor-widget-wrap elementor-element-populated\">\n\t\t\t\t\t\t<div class=\"elementor-element elementor-element-6239586 elementor-widget elementor-widget-heading\" data-id=\"6239586\" data-element_type=\"widget\" data-widget_type=\"heading.default\">\n\t\t\t\t<div class=\"elementor-widget-container\">\n\t\t\t<h4 class=\"elementor-heading-title elementor-size-default\">Kierownik Katedry<\/h4>\t\t<\/div>\n\t\t\t\t<\/div>\n\t\t\t\t\t<\/div>\n\t\t<\/div>\n\t\t\t\t<div class=\"elementor-column elementor-col-50 elementor-inner-column elementor-element elementor-element-d1d5d6a\" data-id=\"d1d5d6a\" data-element_type=\"column\">\n\t\t\t<div class=\"elementor-widget-wrap elementor-element-populated\">\n\t\t\t\t\t\t<div class=\"elementor-element elementor-element-a114a1c elementor-widget elementor-widget-eael-post-list\" data-id=\"a114a1c\" data-element_type=\"widget\" data-widget_type=\"eael-post-list.default\">\n\t\t\t\t<div class=\"elementor-widget-container\">\n\t\t\t<div class=\"eael-post-list-container default layout-default\"><div class=\"eael-post-list-wrap\"><div class=\"eael-post-list-posts-wrap eael-post-appender eael-post-appender-a114a1c\"><div class=\"eael-post-list-post \"><div class=\"eael-post-list-thumbnail \"><a href=\"https:\/\/if2.uek.krakow.pl\/kfrz\/pracownicy\/pracownik-1\/\">\n                            <img decoding=\"async\" src=\"https:\/\/if2.uek.krakow.pl\/kfrz\/wp-content\/uploads\/sites\/6\/2023\/02\/MK3.jpg\" alt=\"\">\n                        <\/a><\/div><div class=\"eael-post-list-content\"><h2 class=\"eael-post-list-title\"><a href=\"https:\/\/if2.uek.krakow.pl\/kfrz\/pracownicy\/pracownik-1\/\" >DR HAB. MA\u0141GORZATA KO\u017bUCH, PROF. UEK<\/a><\/h2><\/div><\/div><\/div><\/div>\n\t\t<\/div>\t\t<\/div>\n\t\t\t\t<\/div>\n\t\t\t\t\t<\/div>\n\t\t<\/div>\n\t\t\t\t\t<\/div>\n\t\t<\/section>\n\t\t\t\t<div class=\"elementor-element elementor-element-3b905d0 elementor-widget elementor-widget-eael-post-list\" data-id=\"3b905d0\" data-element_type=\"widget\" data-widget_type=\"eael-post-list.default\">\n\t\t\t\t<div class=\"elementor-widget-container\">\n\t\t\t<div class=\"eael-post-list-container default layout-default\"><div class=\"eael-post-list-wrap\"><div class=\"eael-post-list-posts-wrap eael-post-appender eael-post-appender-3b905d0\"><div class=\"eael-post-list-post \"><div class=\"eael-post-list-thumbnail \"><a href=\"https:\/\/if2.uek.krakow.pl\/kfrz\/pracownicy\/dr-krzysztof-wasowicz\/\">\n                            <img decoding=\"async\" src=\"https:\/\/if2.uek.krakow.pl\/kfrz\/wp-content\/uploads\/sites\/6\/2023\/04\/K.-Wasowicz-229x300-1.jpg\" alt=\"\">\n                        <\/a><\/div><div class=\"eael-post-list-content\"><h2 class=\"eael-post-list-title\"><a href=\"https:\/\/if2.uek.krakow.pl\/kfrz\/pracownicy\/dr-krzysztof-wasowicz\/\" >DR KRZYSZTOF W\u0104SOWICZ<\/a><\/h2><\/div><\/div><div class=\"eael-post-list-post \"><div class=\"eael-post-list-thumbnail \"><a href=\"https:\/\/if2.uek.krakow.pl\/kfrz\/pracownicy\/dr-hab-piotr-pawel-malecki-prof-uek\/\">\n                            <img decoding=\"async\" src=\"https:\/\/if2.uek.krakow.pl\/kfrz\/wp-content\/uploads\/sites\/6\/2023\/02\/P.P.-Malecki-200x300-1.jpg\" alt=\"\">\n                        <\/a><\/div><div class=\"eael-post-list-content\"><h2 class=\"eael-post-list-title\"><a href=\"https:\/\/if2.uek.krakow.pl\/kfrz\/pracownicy\/dr-hab-piotr-pawel-malecki-prof-uek\/\" >DR HAB. PIOTR PAWE\u0141 MA\u0141ECKI, PROF. UEK<\/a><\/h2><\/div><\/div><div class=\"eael-post-list-post \"><div class=\"eael-post-list-thumbnail \"><a href=\"https:\/\/if2.uek.krakow.pl\/kfrz\/pracownicy\/dr-ksymena-rosiek\/\">\n                            <img decoding=\"async\" src=\"https:\/\/if2.uek.krakow.pl\/kfrz\/wp-content\/uploads\/sites\/6\/2023\/04\/K.-Rosiek.jpg\" alt=\"\">\n                        <\/a><\/div><div class=\"eael-post-list-content\"><h2 class=\"eael-post-list-title\"><a href=\"https:\/\/if2.uek.krakow.pl\/kfrz\/pracownicy\/dr-ksymena-rosiek\/\" >DR KSYMENA ROSIEK<\/a><\/h2><\/div><\/div><div class=\"eael-post-list-post \"><div class=\"eael-post-list-thumbnail \"><a href=\"https:\/\/if2.uek.krakow.pl\/kfrz\/pracownicy\/dr-agnieszka-mazurek-czarnecka\/\">\n                            <img decoding=\"async\" src=\"https:\/\/if2.uek.krakow.pl\/kfrz\/wp-content\/uploads\/sites\/6\/2023\/06\/1000022817-scaled.jpg\" alt=\"\">\n                        <\/a><\/div><div class=\"eael-post-list-content\"><h2 class=\"eael-post-list-title\"><a href=\"https:\/\/if2.uek.krakow.pl\/kfrz\/pracownicy\/dr-agnieszka-mazurek-czarnecka\/\" >DR AGNIESZKA MAZUREK-CZARNECKA<\/a><\/h2><\/div><\/div><div class=\"eael-post-list-post \"><div class=\"eael-post-list-thumbnail \"><a href=\"https:\/\/if2.uek.krakow.pl\/kfrz\/pracownicy\/dr-renata-zaba-nieroda\/\">\n                            <img decoding=\"async\" src=\"https:\/\/if2.uek.krakow.pl\/kfrz\/wp-content\/uploads\/sites\/6\/2023\/06\/images.jpg\" alt=\"\">\n                        <\/a><\/div><div class=\"eael-post-list-content\"><h2 class=\"eael-post-list-title\"><a href=\"https:\/\/if2.uek.krakow.pl\/kfrz\/pracownicy\/dr-renata-zaba-nieroda\/\" >DR RENATA \u017bABA-NIERODA<\/a><\/h2><\/div><\/div><div class=\"eael-post-list-post \"><div class=\"eael-post-list-thumbnail \"><a href=\"https:\/\/if2.uek.krakow.pl\/kfrz\/pracownicy\/mgr-malgorzata-golabek\/\">\n                            <img decoding=\"async\" src=\"https:\/\/if2.uek.krakow.pl\/kfrz\/wp-content\/uploads\/sites\/6\/2023\/04\/M.-Golabek-186x300-1.jpg\" alt=\"\">\n                        <\/a><\/div><div class=\"eael-post-list-content\"><h2 class=\"eael-post-list-title\"><a href=\"https:\/\/if2.uek.krakow.pl\/kfrz\/pracownicy\/mgr-malgorzata-golabek\/\" >MGR MA\u0141GORZATA GO\u0141\u0104BEK<\/a><\/h2><\/div><\/div><\/div><\/div>\n\t\t<\/div>\t\t<\/div>\n\t\t\t\t<\/div>\n\t\t\t\t\t<\/div>\n\t\t<\/div>\n\t\t\t\t\t<\/div>\n\t\t<\/section>\n\t\t\t\t<\/div>\n\t\t","protected":false},"excerpt":{"rendered":"<p>KATEDRA &#8230; Kierownik Katedry DR HAB. MA\u0141GORZATA KO\u017bUCH, PROF. UEK DR KRZYSZTOF W\u0104SOWICZ DR HAB. PIOTR PAWE\u0141 MA\u0141ECKI, PROF. UEK DR KSYMENA ROSIEK DR AGNIESZKA MAZUREK-CZARNECKA DR RENATA \u017bABA-NIERODA MGR MA\u0141GORZATA GO\u0141\u0104BEK<\/p>\n","protected":false},"author":1,"featured_media":0,"parent":0,"menu_order":0,"comment_status":"closed","ping_status":"closed","template":"elementor_header_footer","meta":{"footnotes":""},"class_list":["post-174","page","type-page","status-publish","hentry"],"_links":{"self":[{"href":"https:\/\/if2.uek.krakow.pl\/kfrz\/wp-json\/wp\/v2\/pages\/174","targetHints":{"allow":["GET"]}}],"collection":[{"href":"https:\/\/if2.uek.krakow.pl\/kfrz\/wp-json\/wp\/v2\/pages"}],"about":[{"href":"https:\/\/if2.uek.krakow.pl\/kfrz\/wp-json\/wp\/v2\/types\/page"}],"author":[{"embeddable":true,"href":"https:\/\/if2.uek.krakow.pl\/kfrz\/wp-json\/wp\/v2\/users\/1"}],"replies":[{"embeddable":true,"href":"https:\/\/if2.uek.krakow.pl\/kfrz\/wp-json\/wp\/v2\/comments?post=174"}],"version-history":[{"count":10,"href":"https:\/\/if2.uek.krakow.pl\/kfrz\/wp-json\/wp\/v2\/pages\/174\/revisions"}],"predecessor-version":[{"id":2129,"href":"https:\/\/if2.uek.krakow.pl\/kfrz\/wp-json\/wp\/v2\/pages\/174\/revisions\/2129"}],"wp:attachment":[{"href":"https:\/\/if2.uek.krakow.pl\/kfrz\/wp-json\/wp\/v2\/media?parent=174"}],"curies":[{"name":"wp","href":"https:\/\/api.w.org\/{rel}","templated":true}]}}