{"id":1377,"date":"2023-04-19T15:53:46","date_gmt":"2023-04-19T13:53:46","guid":{"rendered":"https:\/\/if.uek.krakow.pl\/kfrz\/?page_id=1377"},"modified":"2025-10-20T11:45:54","modified_gmt":"2025-10-20T09:45:54","slug":"specjalnosc","status":"publish","type":"page","link":"https:\/\/if2.uek.krakow.pl\/kfrz\/studenci\/specjalnosc\/","title":{"rendered":"Specjalno\u015b\u0107"},"content":{"rendered":"\t\t<div data-elementor-type=\"wp-page\" data-elementor-id=\"1377\" class=\"elementor elementor-1377\" data-elementor-post-type=\"page\">\n\t\t\t\t\t\t<section data-particle_enable=\"false\" data-particle-mobile-disabled=\"false\" class=\"elementor-section elementor-top-section elementor-element elementor-element-eb75b74 elementor-section-boxed elementor-section-height-default elementor-section-height-default\" data-id=\"eb75b74\" data-element_type=\"section\" data-settings=\"{&quot;jet_parallax_layout_list&quot;:[]}\">\n\t\t\t\t\t\t<div class=\"elementor-container elementor-column-gap-default\">\n\t\t\t\t\t<div class=\"elementor-column elementor-col-100 elementor-top-column elementor-element elementor-element-1256bca\" data-id=\"1256bca\" data-element_type=\"column\">\n\t\t\t<div class=\"elementor-widget-wrap elementor-element-populated\">\n\t\t\t\t\t\t<div class=\"elementor-element elementor-element-76356b1 elementor-widget elementor-widget-jet-headline\" data-id=\"76356b1\" data-element_type=\"widget\" data-widget_type=\"jet-headline.default\">\n\t\t\t\t<div class=\"elementor-widget-container\">\n\t\t\t<h2 class=\"jet-headline jet-headline--direction-horizontal\"><span class=\"jet-headline__part jet-headline__first\"><span class=\"jet-headline__label\">Specjalno\u015b\u0107 <\/span><\/span><span class=\"jet-headline__space\">&nbsp;<\/span><span class=\"jet-headline__part jet-headline__second\"><span class=\"jet-headline__label\">Finanse zielonej transformacji<\/span><\/span><\/h2>\t\t<\/div>\n\t\t\t\t<\/div>\n\t\t\t\t<div class=\"elementor-element elementor-element-7d683c3 elementor-widget-divider--view-line elementor-invisible elementor-widget elementor-widget-divider\" data-id=\"7d683c3\" data-element_type=\"widget\" data-settings=\"{&quot;_animation&quot;:&quot;fadeInLeft&quot;}\" data-widget_type=\"divider.default\">\n\t\t\t\t<div class=\"elementor-widget-container\">\n\t\t\t\t\t<div class=\"elementor-divider\">\n\t\t\t<span class=\"elementor-divider-separator\">\n\t\t\t\t\t\t<\/span>\n\t\t<\/div>\n\t\t\t\t<\/div>\n\t\t\t\t<\/div>\n\t\t\t\t<div class=\"elementor-element elementor-element-dae5b7a elementor-widget elementor-widget-text-editor\" data-id=\"dae5b7a\" data-element_type=\"widget\" data-widget_type=\"text-editor.default\">\n\t\t\t\t<div class=\"elementor-widget-container\">\n\t\t\t\t\t\t\t<blockquote><h4>Specjalno\u015b\u0107 na studiach II stopnia stacjonarnych i niestacjonarnych na kierunku Finanse i rachunkowo\u015b\u0107<\/h4><\/blockquote>\t\t\t\t\t\t<\/div>\n\t\t\t\t<\/div>\n\t\t\t\t\t<\/div>\n\t\t<\/div>\n\t\t\t\t\t<\/div>\n\t\t<\/section>\n\t\t\t\t<section data-particle_enable=\"false\" data-particle-mobile-disabled=\"false\" class=\"elementor-section elementor-top-section elementor-element elementor-element-1e09a74 elementor-section-boxed elementor-section-height-default elementor-section-height-default\" data-id=\"1e09a74\" data-element_type=\"section\" data-settings=\"{&quot;jet_parallax_layout_list&quot;:[]}\">\n\t\t\t\t\t\t<div class=\"elementor-container elementor-column-gap-default\">\n\t\t\t\t\t<div class=\"elementor-column elementor-col-100 elementor-top-column elementor-element elementor-element-47e628d\" data-id=\"47e628d\" data-element_type=\"column\">\n\t\t\t<div class=\"elementor-widget-wrap elementor-element-populated\">\n\t\t\t\t\t\t<div class=\"elementor-element elementor-element-f3ab673 elementor-widget elementor-widget-text-editor\" data-id=\"f3ab673\" data-element_type=\"widget\" data-widget_type=\"text-editor.default\">\n\t\t\t\t<div class=\"elementor-widget-container\">\n\t\t\t\t\t\t\t<h3>Program specjalno\u015bci i profil absolwenta<\/h3><p>Fundamentami rozwoju wsp\u00f3\u0142czesnego biznesu s\u0105 wiedza, przedsi\u0119biorczo\u015b\u0107 i innowacyjno\u015b\u0107. Specjalno\u015b\u0107 Finanse innowacyjnego i odpowiedzialnego biznesu wpisuje si\u0119 w nowe trendy zwi\u0105zane z cyfryzacj\u0105, internetyzacj\u0105, neourbanizacj\u0105, a tak\u017ce z \u201ePrzemys\u0142em 4.0\u201d oraz \u201ezielon\u0105 gospodark\u0105\u201d. Zosta\u0142a przygotowana w oparciu o dorobek naukowy, a tak\u017ce do\u015bwiadczenie praktyczne pracownik\u00f3w Katedry Finans\u00f3w Rozwoju Zr\u00f3wnowa\u017conego.<\/p><p>Specjalno\u015b\u0107 pozwala pozyska\u0107 kompleksow\u0105 wiedz\u0119 o sposobach finansowania nowoczesnego biznesu poprzez m.in. platformy crowdfundingowe, social trading, social lending. Uczy kreowania innowacji spo\u0142ecznych w kontek\u015bcie funkcjonowania przedsi\u0119biorstw. Kszta\u0142tuje \u015bwiadomo\u015b\u0107 spo\u0142eczn\u0105 w duchu zr\u00f3wnowa\u017conego rozwoju. Poruszane s\u0105 tak\u017ce zagadnienia zwi\u0105zane z wyzwaniami globalnego kryzysu klimatycznego w aspekcie modyfikacji zasad prowadzenia dzia\u0142alno\u015bci gospodarczej.<\/p><p>W trakcie studi\u00f3w na specjalno\u015bci \u201eFinanse innowacyjnego i odpowiedzialnego biznesu\u201d student nabywa umiej\u0119tno\u015b\u0107 budowania strategii finansowania nowatorskich przedsi\u0119wzi\u0119\u0107 biznesowych, stosowania nowoczesnych metod wyceny warto\u015bci przedsi\u0119biorstw, korzystania z dost\u0119pnych instrument\u00f3w wsparcia ekoinnowacji oraz wdra\u017cania koncepcji spo\u0142ecznej odpowiedzialno\u015bci biznesu w organizacjach.<\/p>\t\t\t\t\t\t<\/div>\n\t\t\t\t<\/div>\n\t\t\t\t\t<\/div>\n\t\t<\/div>\n\t\t\t\t\t<\/div>\n\t\t<\/section>\n\t\t\t\t<section data-particle_enable=\"false\" data-particle-mobile-disabled=\"false\" class=\"elementor-section elementor-top-section elementor-element elementor-element-0e55193 elementor-section-boxed elementor-section-height-default elementor-section-height-default\" data-id=\"0e55193\" data-element_type=\"section\" data-settings=\"{&quot;jet_parallax_layout_list&quot;:[]}\">\n\t\t\t\t\t\t<div class=\"elementor-container elementor-column-gap-default\">\n\t\t\t\t\t<div class=\"elementor-column elementor-col-100 elementor-top-column elementor-element elementor-element-09f3948\" data-id=\"09f3948\" data-element_type=\"column\">\n\t\t\t<div class=\"elementor-widget-wrap elementor-element-populated\">\n\t\t\t\t\t\t\t<\/div>\n\t\t<\/div>\n\t\t\t\t\t<\/div>\n\t\t<\/section>\n\t\t\t\t<section data-particle_enable=\"false\" data-particle-mobile-disabled=\"false\" class=\"elementor-section elementor-top-section elementor-element elementor-element-3abac3d elementor-section-boxed elementor-section-height-default elementor-section-height-default\" data-id=\"3abac3d\" data-element_type=\"section\" data-settings=\"{&quot;jet_parallax_layout_list&quot;:[]}\">\n\t\t\t\t\t\t<div class=\"elementor-container elementor-column-gap-default\">\n\t\t\t\t\t<div class=\"elementor-column elementor-col-100 elementor-top-column elementor-element elementor-element-caaef70\" data-id=\"caaef70\" data-element_type=\"column\">\n\t\t\t<div class=\"elementor-widget-wrap elementor-element-populated\">\n\t\t\t\t\t\t<div class=\"elementor-element elementor-element-dffeb03 elementor-widget elementor-widget-text-editor\" data-id=\"dffeb03\" data-element_type=\"widget\" data-widget_type=\"text-editor.default\">\n\t\t\t\t<div class=\"elementor-widget-container\">\n\t\t\t\t\t\t\t<h3>Program studi\u00f3w na specjalno\u015bci obejmuje wyk\u0142ady i \u0107wiczenia z nast\u0119puj\u0105cych przedmiot\u00f3w:<\/h3><p>\u2022 Fundusze Unii Europejskiej w finansowaniu innowacyjnego i odpowiedzialnego biznesu<br \/>\u2022 Innowacje i Przemys\u0142 4.0<br \/>\u2022 Instrumenty finansowe przeciwdzia\u0142ania kryzysowi klimatycznemu<br \/>\u2022 Podatkowe uwarunkowania dzia\u0142alno\u015bci gospodarczej<br \/>\u2022 Ryzyko \u015brodowiskowe i odpowiedzialno\u015b\u0107 w biznesie<br \/>\u2022 Sektor finansowy dla innowacyjnego biznesu<br \/>\u2022 Strategia finansowania nowoczesnego biznesu<br \/>\u2022 Zarz\u0105dzanie warto\u015bci\u0105 i rozwojem organizacji<\/p><p>\u00a0<\/p><h3>Praktyczny aspekt naszej specjalno\u015bci<\/h3><p>Wiedza i umiej\u0119tno\u015bci nabyte w trakcie studiowania na specjalno\u015bci \u201eFinanse innowacyjnego i odpowiedzialnego biznesu\u201d stanowi\u0105 przewag\u0119 na rynku pracy w aspekcie kreowania w\u0142asnego miejsca pracy w nowoczesnym startupie lub jednoosobowej dzia\u0142alno\u015bci gospodarczej. Nasi Absolwenci ze wzgl\u0119du na swoje specjalistyczne wykszta\u0142cenie mog\u0105 zarz\u0105dza\u0107 innowacyjnymi przedsi\u0119biorstwami, by\u0107 menad\u017cerami zielonej transformacji w przedsi\u0119biorstwach przemys\u0142owych oraz mi\u0119dzynarodowych korporacjach. Mog\u0105 znale\u017a\u0107 zatrudnienie w urz\u0119dach administracji rz\u0105dowej i samorz\u0105dowej, publicznych instytucjach finansowych i w organizacjach non profit.<\/p>\t\t\t\t\t\t<\/div>\n\t\t\t\t<\/div>\n\t\t\t\t\t<\/div>\n\t\t<\/div>\n\t\t\t\t\t<\/div>\n\t\t<\/section>\n\t\t\t\t<section data-particle_enable=\"false\" data-particle-mobile-disabled=\"false\" class=\"elementor-section elementor-top-section elementor-element elementor-element-a5fd69f elementor-section-boxed elementor-section-height-default elementor-section-height-default\" data-id=\"a5fd69f\" data-element_type=\"section\" data-settings=\"{&quot;jet_parallax_layout_list&quot;:[]}\">\n\t\t\t\t\t\t<div class=\"elementor-container elementor-column-gap-default\">\n\t\t\t\t\t<div class=\"elementor-column elementor-col-100 elementor-top-column elementor-element elementor-element-93d1758\" data-id=\"93d1758\" data-element_type=\"column\">\n\t\t\t<div class=\"elementor-widget-wrap elementor-element-populated\">\n\t\t\t\t\t\t<div class=\"elementor-element elementor-element-dd5690b elementor-widget elementor-widget-video\" data-id=\"dd5690b\" data-element_type=\"widget\" data-settings=\"{&quot;youtube_url&quot;:&quot;https:\\\/\\\/www.youtube.com\\\/watch?v=OsJFhP7FkDQ&quot;,&quot;video_type&quot;:&quot;youtube&quot;,&quot;controls&quot;:&quot;yes&quot;}\" data-widget_type=\"video.default\">\n\t\t\t\t<div class=\"elementor-widget-container\">\n\t\t\t\t\t<div class=\"elementor-wrapper elementor-open-inline\">\n\t\t\t<div class=\"elementor-video\"><\/div>\t\t<\/div>\n\t\t\t\t<\/div>\n\t\t\t\t<\/div>\n\t\t\t\t\t<\/div>\n\t\t<\/div>\n\t\t\t\t\t<\/div>\n\t\t<\/section>\n\t\t\t\t<\/div>\n\t\t","protected":false},"excerpt":{"rendered":"<p>Specjalno\u015b\u0107 &nbsp;Finanse zielonej transformacji Specjalno\u015b\u0107 na studiach II stopnia stacjonarnych i niestacjonarnych na kierunku Finanse i rachunkowo\u015b\u0107 Program specjalno\u015bci i profil absolwenta Fundamentami rozwoju wsp\u00f3\u0142czesnego biznesu s\u0105 wiedza, przedsi\u0119biorczo\u015b\u0107 i innowacyjno\u015b\u0107. Specjalno\u015b\u0107 Finanse innowacyjnego i odpowiedzialnego biznesu wpisuje si\u0119 w nowe trendy zwi\u0105zane z cyfryzacj\u0105, internetyzacj\u0105, neourbanizacj\u0105, a tak\u017ce z \u201ePrzemys\u0142em 4.0\u201d oraz \u201ezielon\u0105 gospodark\u0105\u201d. Zosta\u0142a przygotowana w oparciu o dorobek naukowy, a tak\u017ce do\u015bwiadczenie praktyczne pracownik\u00f3w Katedry Finans\u00f3w Rozwoju Zr\u00f3wnowa\u017conego. Specjalno\u015b\u0107 pozwala pozyska\u0107 kompleksow\u0105 wiedz\u0119 o sposobach finansowania nowoczesnego biznesu poprzez m.in. platformy crowdfundingowe, social trading, social lending. Uczy kreowania innowacji spo\u0142ecznych w kontek\u015bcie funkcjonowania przedsi\u0119biorstw. Kszta\u0142tuje \u015bwiadomo\u015b\u0107 spo\u0142eczn\u0105 w duchu zr\u00f3wnowa\u017conego rozwoju. Poruszane s\u0105 tak\u017ce zagadnienia zwi\u0105zane z wyzwaniami globalnego kryzysu klimatycznego w aspekcie modyfikacji zasad prowadzenia dzia\u0142alno\u015bci gospodarczej. W trakcie studi\u00f3w na specjalno\u015bci \u201eFinanse innowacyjnego i odpowiedzialnego biznesu\u201d student nabywa umiej\u0119tno\u015b\u0107 budowania strategii finansowania nowatorskich przedsi\u0119wzi\u0119\u0107 biznesowych, stosowania nowoczesnych metod wyceny warto\u015bci przedsi\u0119biorstw, korzystania z dost\u0119pnych instrument\u00f3w wsparcia ekoinnowacji oraz wdra\u017cania koncepcji spo\u0142ecznej odpowiedzialno\u015bci biznesu w organizacjach. Program studi\u00f3w na specjalno\u015bci obejmuje wyk\u0142ady i \u0107wiczenia z nast\u0119puj\u0105cych przedmiot\u00f3w: \u2022 Fundusze Unii Europejskiej w finansowaniu innowacyjnego i odpowiedzialnego biznesu\u2022 Innowacje i Przemys\u0142 4.0\u2022 Instrumenty finansowe przeciwdzia\u0142ania kryzysowi klimatycznemu\u2022 Podatkowe uwarunkowania dzia\u0142alno\u015bci gospodarczej\u2022 Ryzyko \u015brodowiskowe i odpowiedzialno\u015b\u0107 w biznesie\u2022 Sektor finansowy dla innowacyjnego biznesu\u2022 Strategia finansowania nowoczesnego biznesu\u2022 Zarz\u0105dzanie warto\u015bci\u0105 i rozwojem organizacji \u00a0 Praktyczny aspekt naszej specjalno\u015bci Wiedza i umiej\u0119tno\u015bci nabyte w trakcie studiowania na specjalno\u015bci \u201eFinanse innowacyjnego i odpowiedzialnego biznesu\u201d stanowi\u0105 przewag\u0119 na rynku pracy w aspekcie kreowania w\u0142asnego miejsca pracy w nowoczesnym startupie lub jednoosobowej dzia\u0142alno\u015bci gospodarczej. Nasi Absolwenci ze wzgl\u0119du na swoje specjalistyczne wykszta\u0142cenie mog\u0105 zarz\u0105dza\u0107 innowacyjnymi przedsi\u0119biorstwami, by\u0107 menad\u017cerami zielonej transformacji w przedsi\u0119biorstwach przemys\u0142owych oraz mi\u0119dzynarodowych korporacjach. Mog\u0105 znale\u017a\u0107 zatrudnienie w urz\u0119dach administracji rz\u0105dowej i samorz\u0105dowej, publicznych instytucjach finansowych i w organizacjach non profit. https:\/\/www.youtube.com\/watch?v=OsJFhP7FkDQ<\/p>\n","protected":false},"author":11,"featured_media":0,"parent":336,"menu_order":0,"comment_status":"closed","ping_status":"closed","template":"elementor_header_footer","meta":{"footnotes":""},"class_list":["post-1377","page","type-page","status-publish","hentry"],"_links":{"self":[{"href":"https:\/\/if2.uek.krakow.pl\/kfrz\/wp-json\/wp\/v2\/pages\/1377","targetHints":{"allow":["GET"]}}],"collection":[{"href":"https:\/\/if2.uek.krakow.pl\/kfrz\/wp-json\/wp\/v2\/pages"}],"about":[{"href":"https:\/\/if2.uek.krakow.pl\/kfrz\/wp-json\/wp\/v2\/types\/page"}],"author":[{"embeddable":true,"href":"https:\/\/if2.uek.krakow.pl\/kfrz\/wp-json\/wp\/v2\/users\/11"}],"replies":[{"embeddable":true,"href":"https:\/\/if2.uek.krakow.pl\/kfrz\/wp-json\/wp\/v2\/comments?post=1377"}],"version-history":[{"count":22,"href":"https:\/\/if2.uek.krakow.pl\/kfrz\/wp-json\/wp\/v2\/pages\/1377\/revisions"}],"predecessor-version":[{"id":2378,"href":"https:\/\/if2.uek.krakow.pl\/kfrz\/wp-json\/wp\/v2\/pages\/1377\/revisions\/2378"}],"up":[{"embeddable":true,"href":"https:\/\/if2.uek.krakow.pl\/kfrz\/wp-json\/wp\/v2\/pages\/336"}],"wp:attachment":[{"href":"https:\/\/if2.uek.krakow.pl\/kfrz\/wp-json\/wp\/v2\/media?parent=1377"}],"curies":[{"name":"wp","href":"https:\/\/api.w.org\/{rel}","templated":true}]}}