{"id":475,"date":"2023-02-21T01:03:52","date_gmt":"2023-02-21T00:03:52","guid":{"rendered":"https:\/\/ie.uek.krakow.pl\/ke\/?page_id=475"},"modified":"2025-08-19T14:57:41","modified_gmt":"2025-08-19T12:57:41","slug":"kontakt","status":"publish","type":"page","link":"https:\/\/if2.uek.krakow.pl\/kfpf\/kontakt\/","title":{"rendered":"Kontakt"},"content":{"rendered":"<h4 id=\"homesub\"><strong>KATEDRA FINANS\u00d3W I POLITYKI FINANSOWEJ<\/strong><\/h4>\n<p>Adres pocztowy<\/p>\n<ul>\n<li>\n\t\t\t\t\t\t\t\t\t\tul. Rakowicka 27\n\t\t\t\t\t\t\t\t\t<\/li>\n<\/ul>\n<p>31-510 Krak\u00f3w<br \/>Polska<\/p>\n<ul>\n<li>\n\t\t\t\t\t\t\t\t\t\tPawilon F (pi\u0119tro VII), pok\u00f3j 707\n\t\t\t\t\t\t\t\t\t<\/li>\n<\/ul>\n<p>\t\t\t\t\t\t\t\t\t\t\t\t\t<img decoding=\"async\" width=\"150\" height=\"150\" src=\"https:\/\/if.uek.krakow.pl\/kfpf\/wp-content\/uploads\/sites\/3\/2025\/02\/qrcode1-150x150.jpeg\" alt=\"\" \/><br \/>\n\t\t\t\t\t\t\t\t\t\t\t\t\t\t<a href=\"https:\/\/if.uek.krakow.pl\/kfpf\/wp-content\/uploads\/sites\/3\/2023\/04\/mapka-Kampusu-UEK.jpg\"><br \/>\n\t\t\t\t\t\t\t<img fetchpriority=\"high\" decoding=\"async\" width=\"960\" height=\"1358\" src=\"https:\/\/if.uek.krakow.pl\/kfpf\/wp-content\/uploads\/sites\/3\/2023\/04\/mapka-Kampusu-UEK.jpg\" alt=\"\" \/>\t\t\t\t\t\t\t\t<\/a><\/p>\n<p>SEKRETARIAT Katedry:<\/p>\n<ul>\n<li>\n\t\t\t\t\t\t\t\t\t\t<b>mgr Katarzyna Michalska\n\t\t\t\t\t\t\t\t\t<\/li>\n<li>\n\t\t\t\t\t\t\t\t\t\t\t<a href=\"http:\/\/(0-12)%20293-53-69\" target=\"_blank\"><br \/>\n\t\t\t\t\t\t\t\t\t\t(0-12) 293 53 69<br \/>\n\t\t\t\t\t\t\t\t\t\t\t<\/a>\n\t\t\t\t\t\t\t\t\t<\/li>\n<li>\n\t\t\t\t\t\t\t\t\t\tPoniedzia\u0142ek-Pi\u0105tek:               9.00-12.00\n\t\t\t\t\t\t\t\t\t<\/li>\n<li>\n\t\t\t\t\t\t\t\t\t\tPoniedzia\u0142ek-Pi\u0105tek 13.30-15.00\n\t\t\t\t\t\t\t\t\t<\/li>\n<li>\n\t\t\t\t\t\t\t\t\t\tPoniedzia\u0142ek-Pi\u0105tek 12.00-13.30 przerwa na za\u0142atwianie spraw s\u0142u\u017cbowych\n\t\t\t\t\t\t\t\t\t<\/li>\n<li>\n\t\t\t\t\t\t\t\t\t\t\t<a href=\"https:\/\/e-uczelnia.uek.krakow.pl\/course\/view.php?id=7553\" target=\"_blank\"><br \/>\n\t\t\t\t\t\t\t\t\t\tUrlop w dniach 11-29 sierpnia 2025 r.<br \/>\n\t\t\t\t\t\t\t\t\t\t\t<\/a>\n\t\t\t\t\t\t\t\t\t<\/li>\n<li>\n\t\t\t\t\t\t\t\t\t\t\t<a href=\"https:\/\/e-uczelnia.uek.krakow.pl\/course\/view.php?id=7553\" target=\"_blank\"><br \/>\n\t\t\t\t\t\t\t\t\t\t\t<\/a>\n\t\t\t\t\t\t\t\t\t<\/li>\n<li>\n\t\t\t\t\t\t\t\t\t\t\t<a href=\"http:\/\/michalskk@uek.krakow.pl\" target=\"_blank\"><br \/>\n\t\t\t\t\t\t\t\t\t\tkatarzyna.michalska@uek.krakow.pl<br \/>\n\t\t\t\t\t\t\t\t\t\t\t<\/a>\n\t\t\t\t\t\t\t\t\t<\/li>\n<li>\n\t\t\t\t\t\t\t\t\t\t\t<a href=\"https:\/\/e-uczelnia.uek.krakow.pl\/course\/view.php?id=7553\"><br \/>\n\t\t\t\t\t\t\t\t\t\tBie\u017c\u0105ce komunikaty<br \/>\n\t\t\t\t\t\t\t\t\t\t\t<\/a>\n\t\t\t\t\t\t\t\t\t<\/li>\n<\/ul>\n<p>Kierownik Katedry:<\/p>\n<ul>\n<li>\n\t\t\t\t\t\t\t\t\t\t<b>dr hab. Anna Mo\u017adzierz, prof.UEK<\/b>\n\t\t\t\t\t\t\t\t\t<\/li>\n<li>\n\t\t\t\t\t\t\t\t\t\t\t<a href=\"tel:+48%2012%20293%20XX%20XX\" target=\"_blank\"><br \/>\n\t\t\t\t\t\t\t\t\t\t+48 12 293 53 98<br \/>\n\t\t\t\t\t\t\t\t\t\t\t<\/a>\n\t\t\t\t\t\t\t\t\t<\/li>\n<li>\n\t\t\t\t\t\t\t\t\t\tanna.mozdzierz@uek.krakow.pl\n\t\t\t\t\t\t\t\t\t<\/li>\n<\/ul>\n<p>Administrator strony: <\/p>\n<ul>\n<li>\n\t\t\t\t\t\t\t\t\t\t<b>dr Krzysztof Stepaniuk\n\t\t\t\t\t\t\t\t\t<\/li>\n<li>\n\t\t\t\t\t\t\t\t\t\t\t<a href=\"tel:+48%2012%20293%2053%2011\" target=\"_blank\"><br \/>\n\t\t\t\t\t\t\t\t\t\t+48 12 293 53 65<br \/>\n\t\t\t\t\t\t\t\t\t\t\t<\/a>\n\t\t\t\t\t\t\t\t\t<\/li>\n<li>\n\t\t\t\t\t\t\t\t\t\t\t<a href=\"mailto:mail@uek.krakow.pl\" target=\"_blank\"><br \/>\n\t\t\t\t\t\t\t\t\t\tkrzysztof.stepaniuk@uek.krakow.pl<br \/>\n\t\t\t\t\t\t\t\t\t\t\t<\/a>\n\t\t\t\t\t\t\t\t\t<\/li>\n<\/ul>\n","protected":false},"excerpt":{"rendered":"<p>KATEDRA FINANS\u00d3W I POLITYKI FINANSOWEJ Adres pocztowy ul. Rakowicka 27 31-510 Krak\u00f3wPolska Pawilon F (pi\u0119tro VII), pok\u00f3j 707 SEKRETARIAT Katedry: mgr Katarzyna Michalska (0-12) 293 53 69 Poniedzia\u0142ek-Pi\u0105tek: 9.00-12.00 Poniedzia\u0142ek-Pi\u0105tek 13.30-15.00 Poniedzia\u0142ek-Pi\u0105tek 12.00-13.30 przerwa na za\u0142atwianie spraw s\u0142u\u017cbowych Urlop w dniach 11-29 sierpnia 2025 r. katarzyna.michalska@uek.krakow.pl Bie\u017c\u0105ce komunikaty Kierownik Katedry: dr hab. Anna Mo\u017adzierz, prof.UEK +48 12 293 53 98 anna.mozdzierz@uek.krakow.pl Administrator strony: dr Krzysztof Stepaniuk +48 12 293 53 65 krzysztof.stepaniuk@uek.krakow.pl<\/p>\n","protected":false},"author":1,"featured_media":0,"parent":0,"menu_order":0,"comment_status":"closed","ping_status":"closed","template":"elementor_header_footer","meta":{"footnotes":""},"class_list":["post-475","page","type-page","status-publish","hentry"],"_links":{"self":[{"href":"https:\/\/if2.uek.krakow.pl\/kfpf\/wp-json\/wp\/v2\/pages\/475","targetHints":{"allow":["GET"]}}],"collection":[{"href":"https:\/\/if2.uek.krakow.pl\/kfpf\/wp-json\/wp\/v2\/pages"}],"about":[{"href":"https:\/\/if2.uek.krakow.pl\/kfpf\/wp-json\/wp\/v2\/types\/page"}],"author":[{"embeddable":true,"href":"https:\/\/if2.uek.krakow.pl\/kfpf\/wp-json\/wp\/v2\/users\/1"}],"replies":[{"embeddable":true,"href":"https:\/\/if2.uek.krakow.pl\/kfpf\/wp-json\/wp\/v2\/comments?post=475"}],"version-history":[{"count":111,"href":"https:\/\/if2.uek.krakow.pl\/kfpf\/wp-json\/wp\/v2\/pages\/475\/revisions"}],"predecessor-version":[{"id":3325,"href":"https:\/\/if2.uek.krakow.pl\/kfpf\/wp-json\/wp\/v2\/pages\/475\/revisions\/3325"}],"wp:attachment":[{"href":"https:\/\/if2.uek.krakow.pl\/kfpf\/wp-json\/wp\/v2\/media?parent=475"}],"curies":[{"name":"wp","href":"https:\/\/api.w.org\/{rel}","templated":true}]}}