{"id":366,"date":"2023-02-20T00:10:00","date_gmt":"2023-02-19T23:10:00","guid":{"rendered":"https:\/\/ie.uek.krakow.pl\/ke\/?page_id=366"},"modified":"2025-10-12T17:25:29","modified_gmt":"2025-10-12T15:25:29","slug":"praktyki-studenckie","status":"publish","type":"page","link":"https:\/\/if2.uek.krakow.pl\/kfpf\/studenci\/praktyki-studenckie\/","title":{"rendered":"Praktyki studenckie"},"content":{"rendered":"\t\t<div data-elementor-type=\"wp-page\" data-elementor-id=\"366\" class=\"elementor elementor-366\" data-elementor-post-type=\"page\">\n\t\t\t\t\t\t<section data-particle_enable=\"false\" data-particle-mobile-disabled=\"false\" class=\"elementor-section elementor-top-section elementor-element elementor-element-4ca67fb elementor-section-boxed elementor-section-height-default elementor-section-height-default\" data-id=\"4ca67fb\" data-element_type=\"section\" data-settings=\"{&quot;jet_parallax_layout_list&quot;:[]}\">\n\t\t\t\t\t\t<div class=\"elementor-container elementor-column-gap-default\">\n\t\t\t\t\t<div class=\"elementor-column elementor-col-100 elementor-top-column elementor-element elementor-element-22e0d310\" data-id=\"22e0d310\" data-element_type=\"column\">\n\t\t\t<div class=\"elementor-widget-wrap elementor-element-populated\">\n\t\t\t\t\t\t<div class=\"elementor-element elementor-element-7c047738 elementor-widget__width-initial elementor-widget elementor-widget-jet-headline\" data-id=\"7c047738\" data-element_type=\"widget\" data-widget_type=\"jet-headline.default\">\n\t\t\t\t<div class=\"elementor-widget-container\">\n\t\t\t<h2 class=\"jet-headline jet-headline--direction-horizontal\"><span class=\"jet-headline__part jet-headline__second\"><span class=\"jet-headline__label\">\n<\/span><\/span><\/h2>\t\t<\/div>\n\t\t\t\t<\/div>\n\t\t\t\t\t<\/div>\n\t\t<\/div>\n\t\t\t\t\t<\/div>\n\t\t<\/section>\n\t\t\t\t<section data-particle_enable=\"false\" data-particle-mobile-disabled=\"false\" class=\"elementor-section elementor-top-section elementor-element elementor-element-80adaa8 elementor-section-boxed elementor-section-height-default elementor-section-height-default\" data-id=\"80adaa8\" data-element_type=\"section\" data-settings=\"{&quot;jet_parallax_layout_list&quot;:[]}\">\n\t\t\t\t\t\t<div class=\"elementor-container elementor-column-gap-default\">\n\t\t\t\t\t<div class=\"elementor-column elementor-col-100 elementor-top-column elementor-element elementor-element-1a53738\" data-id=\"1a53738\" data-element_type=\"column\">\n\t\t\t<div class=\"elementor-widget-wrap elementor-element-populated\">\n\t\t\t\t\t\t<div class=\"elementor-element elementor-element-f1bf07e elementor-widget__width-initial elementor-widget elementor-widget-jet-headline\" data-id=\"f1bf07e\" data-element_type=\"widget\" data-widget_type=\"jet-headline.default\">\n\t\t\t\t<div class=\"elementor-widget-container\">\n\t\t\t<h2 class=\"jet-headline jet-headline--direction-horizontal\"><span class=\"jet-headline__part jet-headline__second\"><span class=\"jet-headline__label\">PRAKTYKI studenckie\n<\/span><\/span><\/h2>\t\t<\/div>\n\t\t\t\t<\/div>\n\t\t\t\t\t<\/div>\n\t\t<\/div>\n\t\t\t\t\t<\/div>\n\t\t<\/section>\n\t\t\t\t<section data-particle_enable=\"false\" data-particle-mobile-disabled=\"false\" class=\"elementor-section elementor-top-section elementor-element elementor-element-8dfbdae elementor-section-boxed elementor-section-height-default elementor-section-height-default\" data-id=\"8dfbdae\" data-element_type=\"section\" data-settings=\"{&quot;jet_parallax_layout_list&quot;:[]}\">\n\t\t\t\t\t\t<div class=\"elementor-container elementor-column-gap-default\">\n\t\t\t\t\t<div class=\"elementor-column elementor-col-100 elementor-top-column elementor-element elementor-element-c7f5e0f\" data-id=\"c7f5e0f\" data-element_type=\"column\">\n\t\t\t<div class=\"elementor-widget-wrap elementor-element-populated\">\n\t\t\t\t\t\t<div class=\"elementor-element elementor-element-27706e0c elementor-widget-divider--view-line elementor-invisible elementor-widget elementor-widget-divider\" data-id=\"27706e0c\" data-element_type=\"widget\" data-settings=\"{&quot;_animation&quot;:&quot;fadeInLeft&quot;}\" data-widget_type=\"divider.default\">\n\t\t\t\t<div class=\"elementor-widget-container\">\n\t\t\t\t\t<div class=\"elementor-divider\">\n\t\t\t<span class=\"elementor-divider-separator\">\n\t\t\t\t\t\t<\/span>\n\t\t<\/div>\n\t\t\t\t<\/div>\n\t\t\t\t<\/div>\n\t\t\t\t<div class=\"elementor-element elementor-element-6fc4250 elementor-widget elementor-widget-text-editor\" data-id=\"6fc4250\" data-element_type=\"widget\" data-widget_type=\"text-editor.default\">\n\t\t\t\t<div class=\"elementor-widget-container\">\n\t\t\t\t\t\t\t<div class=\"container-fluid\"><div class=\"container\"><div class=\"row\">\u00a0<\/div><\/div><\/div><div class=\"container\"><div class=\"row\"><div class=\"col-md-4\"><div class=\"menu-kat-finansow-container\">\u00a0<\/div><\/div><div class=\"col-md-8\"><p>Aktualizacja informacji: 14.03.2025 r.<\/p><p>Wszystkie dokumenty dotycz\u0105ce zaliczenia praktyk studenckich nale\u017cy przedstawi\u0107<strong> w\u0142a\u015bciwemu opiekunowi praktyk<\/strong>, w zale\u017cno\u015bci z kt\u00f3rej katedry jest promotor pracy licencjackiej b\u0105d\u017a magisterskiej.<\/p><p>Wykaz opiekun\u00f3w w katedrach Instytutu finansow znajduj\u0119 sie tu: <a href=\"https:\/\/if.uek.krakow.pl\/sprawy-formalne\/praktyki-studenckie\/\">https:\/\/if.uek.krakow.pl\/sprawy-formalne\/praktyki-studenckie\/<\/a><\/p><p><strong>Katedra Finans\u00f3w i Polityki Finansowej Opiekun praktyk<\/strong><\/p><p>\u25cf \u00a0dr Alicja Kasperowicz \u2013 St\u0119pie\u0144 e-mail: <a title=\"\" href=\"mailto:k%61%73%70%65%72%6fa@%75%65%6b%2e%6b%72%61%6b%6fw%2e%70l\">kasperoa@uek.krakow.pl<\/a> pawilon F, pok\u00f3j 701 (7 pi\u0119tro) <a href=\"https:\/\/e-uczelnia.uek.krakow.pl\/course\/view.php?id=410\">e-wizyt\u00f3wka<\/a><\/p><p><strong>Wa\u017cne:<\/strong><\/p><p>Od dn. 24.02.2025 roku obowi\u0105zuje nowa formu\u0142a zaliczania praktyk studenckich, odbywaj\u0105ca si\u0119 j<strong>edynie poprzez system EOD*<\/strong>,<\/p><p>jak wg poni\u017cszych Rozporz\u0105dze\u0144 Rektora:<\/p><p>\u25cf <a href=\"https:\/\/bip.uek.krakow.pl\/zarzadzenie\/3594\/zarzadzenie-nr-r-0211-4-2025\">Zarz\u0105dzenie Rektora Uniwersytetu Ekonomicznego w Krakowie nr R.0211.4.2025 z dnia 27.01.2025 w sprawie szczeg\u00f3\u0142owej organizacji studenckich praktyk zawodowych <\/a><\/p><p>\u25cf <a href=\"https:\/\/bip.uek.krakow.pl\/zarzadzenie\/3513\/zarzadzenie-nr-r-0211-47-2024\">Zarz\u0105dzenie Rektora Uniwersytetu Ekonomicznego w Krakowie nr R.0211.47.2024 z dnia 16.10.2024 w sprawie wprowadzenia procedur tworzenia i likwidacji kierunk\u00f3w studi\u00f3w oraz modyfikacji program\u00f3w studi\u00f3w w Uniwersytecie Ekonomicznym w Krakowie<\/a><\/p><p>Nowa procedura obowi\u0105zuje Student\u00f3w rozpoczynaj\u0105cych praktyki zawodowe w semestrze letnim 2024\/2025 zgodnie z programem na danym kierunku studi\u00f3w.<\/p><p>Aplikacja do obs\u0142ugi studenckich praktyk zawodowych realizowanych wed\u0142ug nowych zasad zostanie udost\u0119pniona w systemie EOD.<\/p><p>* System EOD (tj. system Elektronicznego Obiegu Dokument\u00f3w): Webcon BPS Portal (link do strony <a href=\"https:\/\/eod.uek.krakow.pl\">https:\/\/eod.uek.krakow.pl<\/a> &gt; menu \u201eWybierz aplikacj\u0119\u201d &gt; \u201ePraktyki studenckie\u201d &gt; \u201eWniosek o realizacje praktyki\u201d.<\/p><p>Szczeg\u00f3\u0142owe om\u00f3wienie wymaga\u0144, w tym instrukcja obs\u0142ugi systemu EOD oraz wzory dokument\u00f3w znajduj\u0105 si\u0119 na stronie <strong>ACK (tj. Akademickiego Centrum Kariery)<\/strong>:<\/p><p>\u25cf Praktyki obowi\u0105zkowe UEK: <a href=\"https:\/\/kariery.uek.krakow.pl\/strefa-studenta\/praktyki-obowiazkowe-uek\/\">https:\/\/kariery.uek.krakow.pl\/strefa-studenta\/praktyki-obowiazkowe-uek\/<\/a><\/p><p>\u25cf Erasmus+ \u2013 praktyki zagraniczne <a href=\"https:\/\/kariery.uek.krakow.pl\/strefa-studenta\/praktyki-zagraniczne\/#faq\">https:\/\/kariery.uek.krakow.pl\/strefa-studenta\/praktyki-zagraniczne\/#faq<\/a><\/p><p>W razie pyta\u0144 mo\u017cna si\u0119 r\u00f3wnie\u017c kontaktowa\u0107 z <strong>COS (tj. Centrum Obs\u0142ugi Student\u00f3w)<\/strong>: <a href=\"https:\/\/cos.uek.krakow.pl\/blog\/2025\/02\/03\/praktyki-studenckie\/\">https:\/\/cos.uek.krakow.pl\/blog\/2025\/02\/03\/praktyki-studenckie\/<\/a><\/p><p>Zgodnie z nowymi wytycznymi (obowi\u0105zuj\u0105 od semestru letniego 2024\/2025) istniej\u0105 cztery sposoby realizacji praktyk:<\/p><p>1) UMOWA TR\u00d3JSTRONNA<\/p><p>2) SKIEROWANIE NA PRAKTYK\u0118<\/p><p>3) ZALICZENIE PRAKTYKI NA PODSTAWIE:<\/p><p>\u00a0 \u00a0 \u00a0a) UMOWY O PRAC\u0118<\/p><p>\u00a0 \u00a0 \u00a0b) STA\u017bU<\/p><p>\u00a0 \u00a0 \u00a0c) UMOWY DWUSTRONNEJ<\/p><p>\u00a0 \u00a0 \u00a0d) WOLONTARIATU<\/p><p>\u00a0 \u00a0 \u00a0e) W\u0141ASNEJ DZIA\u0141ALNO\u015aCI GOSPODARCZEJ<\/p><p>4) PRAKTYKA W RAMACH PROGRAMU ERASMUS<\/p><p>Czas trwania i termin realizacji praktyk &#8211; s\u0105 okre\u015blone w kierunkowych planach studi\u00f3w i kartach przedmiotu. wg Zarz\u0105dzenia Rektora (<a href=\"https:\/\/sg-cdn.uek.krakow.pl\/file\/root\/r.0211.23.2024.pdf\">nr R.0211.23.2024<\/a>):<\/p><p><span style=\"text-decoration: underline\">semestr letni trwa od 24 lutego 2025 r. do 30 wrze\u015bnia 2025 r., w tym:<\/span><\/p><p>\u2013 letnia sesja egzaminacyjna trwa od 16 czerwca 2025 r. do 29 czerwca 2025 r.,<\/p><p>\u2013 letnia sesja poprawkowa trwa od 1 wrze\u015bnia 2025 r. do 14 wrze\u015bnia 2025 r.<\/p><p>Ostateczny termin realizacji praktyk jest do ko\u0144ca sesji poprawkowej, ale bardzo prosz\u0119 nie zwleka\u0107 z dokumentami do ostatniej chwili.<\/p><p>Ubezpieczenie NNW i OC \u2013 informacj\u0119 mo\u017cna znale\u017a\u0107 na stronie Parlamentu Studenckiego Uniwersytetu Ekonomicznego w Krakowie: <a href=\"http:\/\/psuek.pl\/o-nas\/ubezpieczenie-nnw-oc\/\">http:\/\/psuek.pl\/o-nas\/ubezpieczenie-nnw-oc\/<\/a>.<\/p><\/div><\/div><\/div>\t\t\t\t\t\t<\/div>\n\t\t\t\t<\/div>\n\t\t\t\t\t<\/div>\n\t\t<\/div>\n\t\t\t\t\t<\/div>\n\t\t<\/section>\n\t\t\t\t<\/div>\n\t\t","protected":false},"excerpt":{"rendered":"<p>PRAKTYKI studenckie \u00a0\u00a0 Aktualizacja informacji: 14.03.2025 r. Wszystkie dokumenty dotycz\u0105ce zaliczenia praktyk studenckich nale\u017cy przedstawi\u0107 w\u0142a\u015bciwemu opiekunowi praktyk, w zale\u017cno\u015bci z kt\u00f3rej katedry jest promotor pracy licencjackiej b\u0105d\u017a magisterskiej. Wykaz opiekun\u00f3w w katedrach Instytutu finansow znajduj\u0119 sie tu: https:\/\/if.uek.krakow.pl\/sprawy-formalne\/praktyki-studenckie\/ Katedra Finans\u00f3w i Polityki Finansowej Opiekun praktyk \u25cf \u00a0dr Alicja Kasperowicz \u2013 St\u0119pie\u0144 e-mail: kasperoa@uek.krakow.pl pawilon F, pok\u00f3j 701 (7 pi\u0119tro) e-wizyt\u00f3wka Wa\u017cne: Od dn. 24.02.2025 roku obowi\u0105zuje nowa formu\u0142a zaliczania praktyk studenckich, odbywaj\u0105ca si\u0119 jedynie poprzez system EOD*, jak wg poni\u017cszych Rozporz\u0105dze\u0144 Rektora: \u25cf Zarz\u0105dzenie Rektora Uniwersytetu Ekonomicznego w Krakowie nr R.0211.4.2025 z dnia 27.01.2025 w sprawie szczeg\u00f3\u0142owej organizacji studenckich praktyk zawodowych \u25cf Zarz\u0105dzenie Rektora Uniwersytetu Ekonomicznego w Krakowie nr R.0211.47.2024 z dnia 16.10.2024 w sprawie wprowadzenia procedur tworzenia i likwidacji kierunk\u00f3w studi\u00f3w oraz modyfikacji program\u00f3w studi\u00f3w w Uniwersytecie Ekonomicznym w Krakowie Nowa procedura obowi\u0105zuje Student\u00f3w rozpoczynaj\u0105cych praktyki zawodowe w semestrze letnim 2024\/2025 zgodnie z programem na danym kierunku studi\u00f3w. Aplikacja do obs\u0142ugi studenckich praktyk zawodowych realizowanych wed\u0142ug nowych zasad zostanie udost\u0119pniona w systemie EOD. * System EOD (tj. system Elektronicznego Obiegu Dokument\u00f3w): Webcon BPS Portal (link do strony https:\/\/eod.uek.krakow.pl &gt; menu \u201eWybierz aplikacj\u0119\u201d &gt; \u201ePraktyki studenckie\u201d &gt; \u201eWniosek o realizacje praktyki\u201d. Szczeg\u00f3\u0142owe om\u00f3wienie wymaga\u0144, w tym instrukcja obs\u0142ugi systemu EOD oraz wzory dokument\u00f3w znajduj\u0105 si\u0119 na stronie ACK (tj. Akademickiego Centrum Kariery): \u25cf Praktyki obowi\u0105zkowe UEK: https:\/\/kariery.uek.krakow.pl\/strefa-studenta\/praktyki-obowiazkowe-uek\/ \u25cf Erasmus+ \u2013 praktyki zagraniczne https:\/\/kariery.uek.krakow.pl\/strefa-studenta\/praktyki-zagraniczne\/#faq W razie pyta\u0144 mo\u017cna si\u0119 r\u00f3wnie\u017c kontaktowa\u0107 z COS (tj. Centrum Obs\u0142ugi Student\u00f3w): https:\/\/cos.uek.krakow.pl\/blog\/2025\/02\/03\/praktyki-studenckie\/ Zgodnie z nowymi wytycznymi (obowi\u0105zuj\u0105 od semestru letniego 2024\/2025) istniej\u0105 cztery sposoby realizacji praktyk: 1) UMOWA TR\u00d3JSTRONNA 2) SKIEROWANIE NA PRAKTYK\u0118 3) ZALICZENIE PRAKTYKI NA PODSTAWIE: \u00a0 \u00a0 \u00a0a) UMOWY O PRAC\u0118 \u00a0 \u00a0 \u00a0b) STA\u017bU \u00a0 \u00a0 \u00a0c) UMOWY DWUSTRONNEJ \u00a0 \u00a0 \u00a0d) WOLONTARIATU \u00a0 \u00a0 \u00a0e) W\u0141ASNEJ DZIA\u0141ALNO\u015aCI GOSPODARCZEJ 4) PRAKTYKA W RAMACH PROGRAMU ERASMUS Czas trwania i termin realizacji praktyk &#8211; s\u0105 okre\u015blone w kierunkowych planach studi\u00f3w i kartach przedmiotu. wg Zarz\u0105dzenia Rektora (nr R.0211.23.2024): semestr letni trwa od 24 lutego 2025 r. do 30 wrze\u015bnia 2025 r., w tym: \u2013 letnia sesja egzaminacyjna trwa od 16 czerwca 2025 r. do 29 czerwca 2025 r., \u2013 letnia sesja poprawkowa trwa od 1 wrze\u015bnia 2025 r. do 14 wrze\u015bnia 2025 r. Ostateczny termin realizacji praktyk jest do ko\u0144ca sesji poprawkowej, ale bardzo prosz\u0119 nie zwleka\u0107 z dokumentami do ostatniej chwili. Ubezpieczenie NNW i OC \u2013 informacj\u0119 mo\u017cna znale\u017a\u0107 na stronie Parlamentu Studenckiego Uniwersytetu Ekonomicznego w Krakowie: http:\/\/psuek.pl\/o-nas\/ubezpieczenie-nnw-oc\/.<\/p>\n","protected":false},"author":1,"featured_media":0,"parent":336,"menu_order":0,"comment_status":"closed","ping_status":"closed","template":"elementor_header_footer","meta":{"footnotes":""},"class_list":["post-366","page","type-page","status-publish","hentry"],"_links":{"self":[{"href":"https:\/\/if2.uek.krakow.pl\/kfpf\/wp-json\/wp\/v2\/pages\/366","targetHints":{"allow":["GET"]}}],"collection":[{"href":"https:\/\/if2.uek.krakow.pl\/kfpf\/wp-json\/wp\/v2\/pages"}],"about":[{"href":"https:\/\/if2.uek.krakow.pl\/kfpf\/wp-json\/wp\/v2\/types\/page"}],"author":[{"embeddable":true,"href":"https:\/\/if2.uek.krakow.pl\/kfpf\/wp-json\/wp\/v2\/users\/1"}],"replies":[{"embeddable":true,"href":"https:\/\/if2.uek.krakow.pl\/kfpf\/wp-json\/wp\/v2\/comments?post=366"}],"version-history":[{"count":33,"href":"https:\/\/if2.uek.krakow.pl\/kfpf\/wp-json\/wp\/v2\/pages\/366\/revisions"}],"predecessor-version":[{"id":3406,"href":"https:\/\/if2.uek.krakow.pl\/kfpf\/wp-json\/wp\/v2\/pages\/366\/revisions\/3406"}],"up":[{"embeddable":true,"href":"https:\/\/if2.uek.krakow.pl\/kfpf\/wp-json\/wp\/v2\/pages\/336"}],"wp:attachment":[{"href":"https:\/\/if2.uek.krakow.pl\/kfpf\/wp-json\/wp\/v2\/media?parent=366"}],"curies":[{"name":"wp","href":"https:\/\/api.w.org\/{rel}","templated":true}]}}