{"id":174,"date":"2023-02-19T01:50:07","date_gmt":"2023-02-19T00:50:07","guid":{"rendered":"https:\/\/ie.uek.krakow.pl\/ke\/?page_id=174"},"modified":"2024-02-29T13:03:52","modified_gmt":"2024-02-29T12:03:52","slug":"pracownicy-uek","status":"publish","type":"page","link":"https:\/\/if2.uek.krakow.pl\/kfpf\/pracownicy-uek\/","title":{"rendered":"Pracownicy"},"content":{"rendered":"\t\t<div data-elementor-type=\"wp-page\" data-elementor-id=\"174\" class=\"elementor elementor-174\" data-elementor-post-type=\"page\">\n\t\t\t\t\t\t<section data-particle_enable=\"false\" data-particle-mobile-disabled=\"false\" class=\"elementor-section elementor-top-section elementor-element elementor-element-be20bad elementor-section-boxed elementor-section-height-default elementor-section-height-default\" data-id=\"be20bad\" data-element_type=\"section\" data-settings=\"{&quot;jet_parallax_layout_list&quot;:[]}\">\n\t\t\t\t\t\t<div class=\"elementor-container elementor-column-gap-default\">\n\t\t\t\t\t<div class=\"elementor-column elementor-col-100 elementor-top-column elementor-element elementor-element-c099fef\" data-id=\"c099fef\" data-element_type=\"column\">\n\t\t\t<div class=\"elementor-widget-wrap elementor-element-populated\">\n\t\t\t\t\t\t<div class=\"elementor-element elementor-element-923f8d4 elementor-widget elementor-widget-heading\" data-id=\"923f8d4\" data-element_type=\"widget\" id=\"kpii\" data-widget_type=\"heading.default\">\n\t\t\t\t<div class=\"elementor-widget-container\">\n\t\t\t<h2 class=\"elementor-heading-title elementor-size-default\"><br>KATEDRA FINANS\u00d3W I POLITYKI FINANSOWEJ<\/h2>\t\t<\/div>\n\t\t\t\t<\/div>\n\t\t\t\t<section data-particle_enable=\"false\" data-particle-mobile-disabled=\"false\" class=\"elementor-section elementor-inner-section elementor-element elementor-element-4f9f836 elementor-section-boxed elementor-section-height-default elementor-section-height-default\" data-id=\"4f9f836\" data-element_type=\"section\" data-settings=\"{&quot;jet_parallax_layout_list&quot;:[],&quot;background_background&quot;:&quot;classic&quot;,&quot;shape_divider_bottom&quot;:&quot;arrow&quot;,&quot;shape_divider_bottom_negative&quot;:&quot;yes&quot;}\">\n\t\t\t\t\t<div class=\"elementor-shape elementor-shape-bottom\" data-negative=\"true\">\n\t\t\t<svg xmlns=\"http:\/\/www.w3.org\/2000\/svg\" viewBox=\"0 0 700 10\" preserveAspectRatio=\"none\">\n\t<path class=\"elementor-shape-fill\" d=\"M360 0L350 9.9 340 0 0 0 0 10 700 10 700 0\"\/>\n<\/svg>\t\t<\/div>\n\t\t\t\t\t<div class=\"elementor-container elementor-column-gap-default\">\n\t\t\t\t\t<div class=\"elementor-column elementor-col-50 elementor-inner-column elementor-element elementor-element-7a9c1ea\" data-id=\"7a9c1ea\" data-element_type=\"column\">\n\t\t\t<div class=\"elementor-widget-wrap elementor-element-populated\">\n\t\t\t\t\t\t<div class=\"elementor-element elementor-element-6239586 elementor-widget-laptop__width-initial elementor-widget elementor-widget-heading\" data-id=\"6239586\" data-element_type=\"widget\" data-widget_type=\"heading.default\">\n\t\t\t\t<div class=\"elementor-widget-container\">\n\t\t\t<h4 class=\"elementor-heading-title elementor-size-large\"><br><br><br>Kierownik Katedry<br><br><br><br><\/h4>\t\t<\/div>\n\t\t\t\t<\/div>\n\t\t\t\t\t<\/div>\n\t\t<\/div>\n\t\t\t\t<div class=\"elementor-column elementor-col-50 elementor-inner-column elementor-element elementor-element-d1d5d6a\" data-id=\"d1d5d6a\" data-element_type=\"column\">\n\t\t\t<div class=\"elementor-widget-wrap elementor-element-populated\">\n\t\t\t\t\t\t<div class=\"elementor-element elementor-element-a114a1c elementor-widget-laptop__width-initial elementor-widget__width-initial elementor-absolute elementor-widget elementor-widget-eael-post-list\" data-id=\"a114a1c\" data-element_type=\"widget\" data-settings=\"{&quot;_position&quot;:&quot;absolute&quot;}\" data-widget_type=\"eael-post-list.default\">\n\t\t\t\t<div class=\"elementor-widget-container\">\n\t\t\t<div class=\"eael-post-list-container default layout-default\"><div class=\"eael-post-list-wrap\"><div class=\"eael-post-list-posts-wrap eael-post-appender eael-post-appender-a114a1c\"><div class=\"eael-post-list-post \"><div class=\"eael-post-list-thumbnail \"><a href=\"https:\/\/if2.uek.krakow.pl\/kfpf\/pracownicy\/pracownik-1\/\">\n                            <img decoding=\"async\" src=\"https:\/\/if2.uek.krakow.pl\/kfpf\/wp-content\/uploads\/sites\/3\/2023\/04\/Anna-Mozdzierz-200x300-1.jpg\" alt=\"\">\n                        <\/a><\/div><div class=\"eael-post-list-content\"><h2 class=\"eael-post-list-title\"><a href=\"https:\/\/if2.uek.krakow.pl\/kfpf\/pracownicy\/pracownik-1\/\" >Dr hab. Anna MO\u0179DZIERZ, prof. UEK<\/a><\/h2><\/div><\/div><\/div><\/div>\n\t\t<\/div>\t\t<\/div>\n\t\t\t\t<\/div>\n\t\t\t\t\t<\/div>\n\t\t<\/div>\n\t\t\t\t\t<\/div>\n\t\t<\/section>\n\t\t\t\t<div class=\"elementor-element elementor-element-3b905d0 elementor-widget elementor-widget-eael-post-list\" data-id=\"3b905d0\" data-element_type=\"widget\" data-widget_type=\"eael-post-list.default\">\n\t\t\t\t<div class=\"elementor-widget-container\">\n\t\t\t<div class=\"eael-post-list-container default layout-default\"><div class=\"eael-post-list-wrap\"><div class=\"eael-post-list-posts-wrap eael-post-appender eael-post-appender-3b905d0\"><div class=\"eael-post-list-post \"><div class=\"eael-post-list-thumbnail \"><a href=\"https:\/\/if2.uek.krakow.pl\/kfpf\/pracownicy\/dr-hab-katarzyna-kochaniak-prof-uek\/\">\n                            <img decoding=\"async\" src=\"https:\/\/if2.uek.krakow.pl\/kfpf\/wp-content\/uploads\/sites\/3\/2023\/03\/DSC_2134-scaled.jpg\" alt=\"\">\n                        <\/a><\/div><div class=\"eael-post-list-content\"><h2 class=\"eael-post-list-title\"><a href=\"https:\/\/if2.uek.krakow.pl\/kfpf\/pracownicy\/dr-hab-katarzyna-kochaniak-prof-uek\/\" >Dr  hab. Katarzyna KOCHANIAK,  Prof. UEK<\/a><\/h2><\/div><\/div><div class=\"eael-post-list-post \"><div class=\"eael-post-list-thumbnail \"><a href=\"https:\/\/if2.uek.krakow.pl\/kfpf\/pracownicy\/dr-katarzyna-stabryla-chudzio\/\">\n                            <img decoding=\"async\" src=\"https:\/\/if2.uek.krakow.pl\/kfpf\/wp-content\/uploads\/sites\/3\/2023\/03\/DSC_2254-scaled.jpg\" alt=\"\">\n                        <\/a><\/div><div class=\"eael-post-list-content\"><h2 class=\"eael-post-list-title\"><a href=\"https:\/\/if2.uek.krakow.pl\/kfpf\/pracownicy\/dr-katarzyna-stabryla-chudzio\/\" >Dr hab. Katarzyna STABRY\u0141A-CHUDZIO, Prof. UEK<\/a><\/h2><\/div><\/div><div class=\"eael-post-list-post \"><div class=\"eael-post-list-thumbnail \"><a href=\"https:\/\/if2.uek.krakow.pl\/kfpf\/pracownicy\/dr-barbara-grabinska\/\">\n                            <img decoding=\"async\" src=\"https:\/\/if2.uek.krakow.pl\/kfpf\/wp-content\/uploads\/sites\/3\/2023\/03\/DSC_2170-scaled.jpg\" alt=\"\">\n                        <\/a><\/div><div class=\"eael-post-list-content\"><h2 class=\"eael-post-list-title\"><a href=\"https:\/\/if2.uek.krakow.pl\/kfpf\/pracownicy\/dr-barbara-grabinska\/\" >Dr Barbara GRABI\u0143SKA<\/a><\/h2><\/div><\/div><div class=\"eael-post-list-post \"><div class=\"eael-post-list-thumbnail \"><a href=\"https:\/\/if2.uek.krakow.pl\/kfpf\/pracownicy\/dr-alicja-kasperowicz-stepien\/\">\n                            <img decoding=\"async\" src=\"https:\/\/if2.uek.krakow.pl\/kfpf\/wp-content\/uploads\/sites\/3\/2023\/03\/DSC_2071-scaled.jpg\" alt=\"\">\n                        <\/a><\/div><div class=\"eael-post-list-content\"><h2 class=\"eael-post-list-title\"><a href=\"https:\/\/if2.uek.krakow.pl\/kfpf\/pracownicy\/dr-alicja-kasperowicz-stepien\/\" >Dr Alicja KASPEROWICZ-ST\u0118PIE\u0143<\/a><\/h2><\/div><\/div><div class=\"eael-post-list-post \"><div class=\"eael-post-list-thumbnail \"><a href=\"https:\/\/if2.uek.krakow.pl\/kfpf\/pracownicy\/dr-katarzyna-mikolajczyk\/\">\n                            <img decoding=\"async\" src=\"https:\/\/if2.uek.krakow.pl\/kfpf\/wp-content\/uploads\/sites\/3\/2023\/03\/DSC_2154-scaled.jpg\" alt=\"\">\n                        <\/a><\/div><div class=\"eael-post-list-content\"><h2 class=\"eael-post-list-title\"><a href=\"https:\/\/if2.uek.krakow.pl\/kfpf\/pracownicy\/dr-katarzyna-mikolajczyk\/\" >Dr Katarzyna MIKO\u0141AJCZYK<\/a><\/h2><\/div><\/div><div class=\"eael-post-list-post \"><div class=\"eael-post-list-thumbnail \"><a href=\"https:\/\/if2.uek.krakow.pl\/kfpf\/pracownicy\/dr-joanna-niznik\/\">\n                            <img decoding=\"async\" src=\"https:\/\/if2.uek.krakow.pl\/kfpf\/wp-content\/uploads\/sites\/3\/2023\/03\/DSC_2148-scaled.jpg\" alt=\"\">\n                        <\/a><\/div><div class=\"eael-post-list-content\"><h2 class=\"eael-post-list-title\"><a href=\"https:\/\/if2.uek.krakow.pl\/kfpf\/pracownicy\/dr-joanna-niznik\/\" >Dr Joanna NI\u017bNIK<\/a><\/h2><\/div><\/div><div class=\"eael-post-list-post \"><div class=\"eael-post-list-thumbnail \"><a href=\"https:\/\/if2.uek.krakow.pl\/kfpf\/pracownicy\/dr-renata-papiez\/\">\n                            <img decoding=\"async\" src=\"https:\/\/if2.uek.krakow.pl\/kfpf\/wp-content\/uploads\/sites\/3\/2023\/03\/DSC_2487-scaled.jpg\" alt=\"\">\n                        <\/a><\/div><div class=\"eael-post-list-content\"><h2 class=\"eael-post-list-title\"><a href=\"https:\/\/if2.uek.krakow.pl\/kfpf\/pracownicy\/dr-renata-papiez\/\" >Dr Renata PAPIE\u017b<\/a><\/h2><\/div><\/div><div class=\"eael-post-list-post \"><div class=\"eael-post-list-thumbnail \"><a href=\"https:\/\/if2.uek.krakow.pl\/kfpf\/pracownicy\/dr-krzysztof-stepaniuk\/\">\n                            <img decoding=\"async\" src=\"https:\/\/if2.uek.krakow.pl\/kfpf\/wp-content\/uploads\/sites\/3\/2023\/03\/DSC_2518-scaled.jpg\" alt=\"\">\n                        <\/a><\/div><div class=\"eael-post-list-content\"><h2 class=\"eael-post-list-title\"><a href=\"https:\/\/if2.uek.krakow.pl\/kfpf\/pracownicy\/dr-krzysztof-stepaniuk\/\" >Dr Krzysztof STEPANIUK<\/a><\/h2><\/div><\/div><div class=\"eael-post-list-post \"><div class=\"eael-post-list-thumbnail \"><a href=\"https:\/\/if2.uek.krakow.pl\/kfpf\/pracownicy\/mgr-radoslaw-slusarczyk\/\">\n                            <img decoding=\"async\" src=\"https:\/\/if2.uek.krakow.pl\/kfpf\/wp-content\/uploads\/sites\/3\/2023\/03\/DSC_2234-scaled.jpg\" alt=\"\">\n                        <\/a><\/div><div class=\"eael-post-list-content\"><h2 class=\"eael-post-list-title\"><a href=\"https:\/\/if2.uek.krakow.pl\/kfpf\/pracownicy\/mgr-radoslaw-slusarczyk\/\" >Dr Rados\u0142aw \u015aLUSARCZYK<\/a><\/h2><\/div><\/div><div class=\"eael-post-list-post \"><div class=\"eael-post-list-thumbnail \"><a href=\"https:\/\/if2.uek.krakow.pl\/kfpf\/pracownicy\/mgr-katarzyna-stawiarska\/\">\n                            <img decoding=\"async\" src=\"https:\/\/if2.uek.krakow.pl\/kfpf\/wp-content\/uploads\/sites\/3\/2023\/03\/DSC_2191-scaled.jpg\" alt=\"\">\n                        <\/a><\/div><div class=\"eael-post-list-content\"><h2 class=\"eael-post-list-title\"><a href=\"https:\/\/if2.uek.krakow.pl\/kfpf\/pracownicy\/mgr-katarzyna-stawiarska\/\" >Mgr Katarzyna STAWIARSKA<\/a><\/h2><\/div><\/div><\/div><\/div>\n\t\t<\/div>\t\t<\/div>\n\t\t\t\t<\/div>\n\t\t\t\t<div class=\"elementor-element elementor-element-1f1ac36 elementor-widget elementor-widget-text-editor\" data-id=\"1f1ac36\" data-element_type=\"widget\" data-widget_type=\"text-editor.default\">\n\t\t\t\t<div class=\"elementor-widget-container\">\n\t\t\t\t\t\t\t<p><strong>Pracownicy emerytowani<\/strong><\/p>\t\t\t\t\t\t<\/div>\n\t\t\t\t<\/div>\n\t\t\t\t<div class=\"elementor-element elementor-element-19e735e elementor-widget elementor-widget-eael-post-list\" data-id=\"19e735e\" data-element_type=\"widget\" data-widget_type=\"eael-post-list.default\">\n\t\t\t\t<div class=\"elementor-widget-container\">\n\t\t\t<div class=\"eael-post-list-container default layout-default\"><div class=\"eael-post-list-wrap\"><div class=\"eael-post-list-posts-wrap eael-post-appender eael-post-appender-19e735e\"><div class=\"eael-post-list-post eael-empty-thumbnail\"><div class=\"eael-post-list-thumbnail eael-empty-thumbnail\"><\/div><div class=\"eael-post-list-content\"><h2 class=\"eael-post-list-title\"><a href=\"https:\/\/if2.uek.krakow.pl\/kfpf\/pracownicy\/prof-dr-hab-stanislaw-owsiak\/\" >Prof. dr hab. Stanis\u0142aw OWSIAK<\/a><\/h2><\/div><\/div><div class=\"eael-post-list-post eael-empty-thumbnail\"><div class=\"eael-post-list-thumbnail eael-empty-thumbnail\"><\/div><div class=\"eael-post-list-content\"><h2 class=\"eael-post-list-title\"><a href=\"https:\/\/if2.uek.krakow.pl\/kfpf\/pracownicy\/dr-hab-jozefa-gniewek-prof-uek\/\" >Dr hab. J\u00f3zefa Gniewek, prof. UEK<\/a><\/h2><\/div><\/div><div class=\"eael-post-list-post eael-empty-thumbnail\"><div class=\"eael-post-list-thumbnail eael-empty-thumbnail\"><\/div><div class=\"eael-post-list-content\"><h2 class=\"eael-post-list-title\"><a href=\"https:\/\/if2.uek.krakow.pl\/kfpf\/pracownicy\/dr-hab-ktystyna-ciuman-prof-uek\/\" >Dr hab. Krystyna Ciuman, prof. UEK<\/a><\/h2><\/div><\/div><div class=\"eael-post-list-post eael-empty-thumbnail\"><div class=\"eael-post-list-thumbnail eael-empty-thumbnail\"><\/div><div class=\"eael-post-list-content\"><h2 class=\"eael-post-list-title\"><a href=\"https:\/\/if2.uek.krakow.pl\/kfpf\/pracownicy\/dr-jolanta-juza\/\" >Dr Jolanta JUZA<\/a><\/h2><\/div><\/div><\/div><\/div>\n\t\t<\/div>\t\t<\/div>\n\t\t\t\t<\/div>\n\t\t\t\t<div class=\"elementor-element elementor-element-22459aa elementor-widget elementor-widget-text-editor\" data-id=\"22459aa\" data-element_type=\"widget\" data-widget_type=\"text-editor.default\">\n\t\t\t\t<div class=\"elementor-widget-container\">\n\t\t\t\t\t\t\t<p><strong>Doktoranci<\/strong><\/p>\t\t\t\t\t\t<\/div>\n\t\t\t\t<\/div>\n\t\t\t\t<div class=\"elementor-element elementor-element-7b979a4 elementor-widget elementor-widget-eael-post-list\" data-id=\"7b979a4\" data-element_type=\"widget\" data-widget_type=\"eael-post-list.default\">\n\t\t\t\t<div class=\"elementor-widget-container\">\n\t\t\t<div class=\"eael-post-list-container default layout-default\"><div class=\"eael-post-list-wrap\"><div class=\"eael-post-list-posts-wrap eael-post-appender eael-post-appender-7b979a4\"><div class=\"eael-post-list-post eael-empty-thumbnail\"><div class=\"eael-post-list-thumbnail eael-empty-thumbnail\"><\/div><div class=\"eael-post-list-content\"><h2 class=\"eael-post-list-title\"><a href=\"https:\/\/if2.uek.krakow.pl\/kfpf\/pracownicy\/mgr-wojciech-sabat\/\" >mgr Wojciech Sabat<\/a><\/h2><\/div><\/div><div class=\"eael-post-list-post eael-empty-thumbnail\"><div class=\"eael-post-list-thumbnail eael-empty-thumbnail\"><\/div><div class=\"eael-post-list-content\"><h2 class=\"eael-post-list-title\"><a href=\"https:\/\/if2.uek.krakow.pl\/kfpf\/pracownicy\/mgr-izabela-adamska\/\" >mgr Izabela Adamska<\/a><\/h2><\/div><\/div><\/div><\/div>\n\t\t<\/div>\t\t<\/div>\n\t\t\t\t<\/div>\n\t\t\t\t\t<\/div>\n\t\t<\/div>\n\t\t\t\t\t<\/div>\n\t\t<\/section>\n\t\t\t\t<section data-particle_enable=\"false\" data-particle-mobile-disabled=\"false\" class=\"elementor-section elementor-top-section elementor-element elementor-element-eb94e01 elementor-section-boxed elementor-section-height-default elementor-section-height-default\" data-id=\"eb94e01\" data-element_type=\"section\" data-settings=\"{&quot;jet_parallax_layout_list&quot;:[]}\">\n\t\t\t\t\t\t<div class=\"elementor-container elementor-column-gap-default\">\n\t\t\t\t\t<div class=\"elementor-column elementor-col-50 elementor-top-column elementor-element elementor-element-73f9ca7\" data-id=\"73f9ca7\" data-element_type=\"column\">\n\t\t\t<div class=\"elementor-widget-wrap\">\n\t\t\t\t\t\t\t<\/div>\n\t\t<\/div>\n\t\t\t\t<div class=\"elementor-column elementor-col-50 elementor-top-column elementor-element elementor-element-1d0d7b7\" data-id=\"1d0d7b7\" data-element_type=\"column\">\n\t\t\t<div class=\"elementor-widget-wrap\">\n\t\t\t\t\t\t\t<\/div>\n\t\t<\/div>\n\t\t\t\t\t<\/div>\n\t\t<\/section>\n\t\t\t\t<\/div>\n\t\t","protected":false},"excerpt":{"rendered":"<p>\/*! elementor &#8211; v3.19.0 &#8211; 28-02-2024 *\/ .elementor-heading-title{padding:0;margin:0;line-height:1}.elementor-widget-heading .elementor-heading-title[class*=elementor-size-]&gt;a{color:inherit;font-size:inherit;line-height:inherit}.elementor-widget-heading .elementor-heading-title.elementor-size-small{font-size:15px}.elementor-widget-heading .elementor-heading-title.elementor-size-medium{font-size:19px}.elementor-widget-heading .elementor-heading-title.elementor-size-large{font-size:29px}.elementor-widget-heading .elementor-heading-title.elementor-size-xl{font-size:39px}.elementor-widget-heading .elementor-heading-title.elementor-size-xxl{font-size:59px} KATEDRA FINANS\u00d3W I POLITYKI FINANSOWEJ Kierownik Katedry Dr hab. Anna MO\u0179DZIERZ, prof. UEK Dr hab. Katarzyna KOCHANIAK, Prof. UEK Dr Barbara GRABI\u0143SKA Dr Alicja KASPEROWICZ-ST\u0118PIE\u0143 Dr Katarzyna MIKO\u0141AJCZYK Dr Joanna NI\u017bNIK Dr Renata PAPIE\u017b Dr Katarzyna STABRY\u0141A-CHUDZIO Dr Krzysztof STEPANIUK Dr Rados\u0142aw \u015aLUSARCZYK Mgr Joseph Yaw Abodakpi Mgr Katarzyna STAWIARSKA Pracownicy emerytowani Prof. dr hab. Stanis\u0142aw OWSIAK Dr hab. J\u00f3zefa Gniewek, prof. UEK Dr Jolanta JUZA Doktoranci mgr Wojciech Sabat mgr Joanna Turowska<\/p>\n","protected":false},"author":1,"featured_media":0,"parent":0,"menu_order":0,"comment_status":"closed","ping_status":"closed","template":"elementor_header_footer","meta":{"footnotes":""},"class_list":["post-174","page","type-page","status-publish","hentry"],"_links":{"self":[{"href":"https:\/\/if2.uek.krakow.pl\/kfpf\/wp-json\/wp\/v2\/pages\/174","targetHints":{"allow":["GET"]}}],"collection":[{"href":"https:\/\/if2.uek.krakow.pl\/kfpf\/wp-json\/wp\/v2\/pages"}],"about":[{"href":"https:\/\/if2.uek.krakow.pl\/kfpf\/wp-json\/wp\/v2\/types\/page"}],"author":[{"embeddable":true,"href":"https:\/\/if2.uek.krakow.pl\/kfpf\/wp-json\/wp\/v2\/users\/1"}],"replies":[{"embeddable":true,"href":"https:\/\/if2.uek.krakow.pl\/kfpf\/wp-json\/wp\/v2\/comments?post=174"}],"version-history":[{"count":28,"href":"https:\/\/if2.uek.krakow.pl\/kfpf\/wp-json\/wp\/v2\/pages\/174\/revisions"}],"predecessor-version":[{"id":3174,"href":"https:\/\/if2.uek.krakow.pl\/kfpf\/wp-json\/wp\/v2\/pages\/174\/revisions\/3174"}],"wp:attachment":[{"href":"https:\/\/if2.uek.krakow.pl\/kfpf\/wp-json\/wp\/v2\/media?parent=174"}],"curies":[{"name":"wp","href":"https:\/\/api.w.org\/{rel}","templated":true}]}}