{"id":88,"date":"2023-02-19T00:19:19","date_gmt":"2023-02-18T23:19:19","guid":{"rendered":"https:\/\/ie.uek.krakow.pl\/ke\/?page_id=88"},"modified":"2023-11-20T20:15:08","modified_gmt":"2023-11-20T19:15:08","slug":"o-katedrze","status":"publish","type":"page","link":"https:\/\/if.uek.krakow.pl\/kbgsf\/o-katedrze\/","title":{"rendered":"O Katedrze"},"content":{"rendered":"\t\t<div data-elementor-type=\"wp-page\" data-elementor-id=\"88\" class=\"elementor elementor-88\">\n\t\t\t\t\t\t<section data-particle_enable=\"false\" data-particle-mobile-disabled=\"false\" class=\"elementor-section elementor-top-section elementor-element elementor-element-4ca67fb elementor-section-boxed elementor-section-height-default elementor-section-height-default\" data-id=\"4ca67fb\" data-element_type=\"section\" data-settings=\"{&quot;jet_parallax_layout_list&quot;:[]}\">\n\t\t\t\t\t\t<div class=\"elementor-container elementor-column-gap-default\">\n\t\t\t\t\t<div class=\"elementor-column elementor-col-100 elementor-top-column elementor-element elementor-element-22e0d310\" data-id=\"22e0d310\" data-element_type=\"column\">\n\t\t\t<div class=\"elementor-widget-wrap elementor-element-populated\">\n\t\t\t\t\t\t<div class=\"elementor-element elementor-element-7c047738 elementor-widget elementor-widget-jet-headline\" data-id=\"7c047738\" data-element_type=\"widget\" data-widget_type=\"jet-headline.default\">\n\t\t\t\t<div class=\"elementor-widget-container\">\n\t\t\t<h2 class=\"jet-headline jet-headline--direction-horizontal\"><span class=\"jet-headline__part jet-headline__first\"><span class=\"jet-headline__label\">Katedra <\/span><\/span><span class=\"jet-headline__space\">&nbsp;<\/span><span class=\"jet-headline__part jet-headline__second\"><span class=\"jet-headline__label\">Bankowo\u015bci i Globalnego Systemu Finansowego<\/span><\/span><\/h2>\t\t<\/div>\n\t\t\t\t<\/div>\n\t\t\t\t<div class=\"elementor-element elementor-element-27706e0c elementor-widget-divider--view-line elementor-invisible elementor-widget elementor-widget-divider\" data-id=\"27706e0c\" data-element_type=\"widget\" data-settings=\"{&quot;_animation&quot;:&quot;fadeInLeft&quot;}\" data-widget_type=\"divider.default\">\n\t\t\t\t<div class=\"elementor-widget-container\">\n\t\t\t\t\t<div class=\"elementor-divider\">\n\t\t\t<span class=\"elementor-divider-separator\">\n\t\t\t\t\t\t<\/span>\n\t\t<\/div>\n\t\t\t\t<\/div>\n\t\t\t\t<\/div>\n\t\t\t\t<div class=\"elementor-element elementor-element-64fa2182 elementor-widget elementor-widget-text-editor\" data-id=\"64fa2182\" data-element_type=\"widget\" data-widget_type=\"text-editor.default\">\n\t\t\t\t<div class=\"elementor-widget-container\">\n\t\t\t\t\t\t\t<blockquote><h5 style=\"text-align: justify\">Nauki finansowe s\u0105 wyk\u0142adane na naszej uczelni od jej pocz\u0105tk\u00f3w, a zak\u0142ady zajmuj\u0105ce si\u0119 bankowo\u015bci\u0105 powsta\u0142y ju\u017c w 1949 roku. W 1950 r. zak\u0142ady te wesz\u0142y w sk\u0142ad Katedry Finans\u00f3w, W roku 2003 nast\u0105pi\u0142o wydzielenie samodzielnych Katedr Bankowo\u015bci oraz Finans\u00f3w Przedsi\u0119biorstw \u2013 kierownikiem Katedry Bankowo\u015bci zosta\u0142 w\u00f3wczas prof. UEK dr hab. Ryszard Szewczyk. Od stycznia 2020 roku Katedra nosi obecn\u0105 nazw\u0119. Kierownikiem Katedry Bankowo\u015bci i Globalnego Systemu Finansowego od 2016 r. jest prof. dr hab. Ewa Miklaszewska.<\/h5><\/blockquote>\t\t\t\t\t\t<\/div>\n\t\t\t\t<\/div>\n\t\t\t\t<div class=\"elementor-element elementor-element-c078210 elementor-widget elementor-widget-text-editor\" data-id=\"c078210\" data-element_type=\"widget\" data-widget_type=\"text-editor.default\">\n\t\t\t\t<div class=\"elementor-widget-container\">\n\t\t\t\t\t\t\t<p style=\"text-align: justify\"><strong>Dane kontaktowe:<\/strong><br \/>Instytut Finans\u00f3w w Kolegium Ekonomii, Finans\u00f3w i Prawa UEK.<br \/><strong>Kierownik Katedry: prof. dr hab. Ewa Miklaszewska<\/strong>, pok. F-709, uumiklas@cyf-kr.edu.pl<br \/>Sekretariat Katedry: mgr Ma\u0142gorzata Go\u0142\u0105bek, pok. F-408, golabekm@uek.krakow.pl, tel. 12 293 74 15.<\/p><p style=\"text-align: justify\"><strong>Pracownicy:<\/strong><\/p><ul style=\"text-align: justify\"><li>prof. dr hab. Ewa Miklaszewska<\/li><li>dr hab. Mateusz Folwarski, prof. UEK<\/li><li>dr hab. Aleksandra Jurkowska, prof. UEK<\/li><li><span style=\"color: var( --e-global-color-text );font-family: var( --e-global-typography-text-font-family ), Sans-serif;font-weight: var( --e-global-typography-text-font-weight );letter-spacing: 0px\">dr Micha\u0142 Boda<\/span><\/li><li>dr Rados\u0142aw Ciukaj<\/li><li>dr Piotr Kara\u015b<\/li><li>dr Krzysztof Kil<\/li><li>dr Igor Styn<\/li><li>dr Andrzej Walitza<\/li><li>mgr Bart\u0142omiej Balawejder<\/li><li><span style=\"color: var( --e-global-color-text );font-family: var( --e-global-typography-text-font-family ), Sans-serif;font-weight: var( --e-global-typography-text-font-weight );letter-spacing: 0px\">mgr Wojciech Jarosz<\/span><\/li><\/ul><p style=\"text-align: justify\">Doktoranci: Tomasz Jaszek.<\/p><p style=\"text-align: justify\"><strong>Zainteresowania naukowe pracownik\u00f3w Katedry:<\/strong><\/p><p style=\"text-align: justify\"><strong>Wyzwania zwi\u0105zane z globalizacj\u0105 rynku finansowego:<\/strong><\/p><ul style=\"text-align: justify\"><li>zmiany strategiczne, konkurencyjne i strukturalne na globalnym rynku bankowym,<\/li><li>procesy integracji finansowej w Unii Europejskiej,<\/li><li>zmiany strategii i modeli biznesowych bank\u00f3w,<\/li><li>wymogi i wyzwania regulacyjne oraz kwestie stabilno\u015bci i bezpiecze\u0144stwa bank\u00f3w.<\/li><\/ul><p style=\"text-align: justify\"><!-- \/wp:separator --><\/p><p style=\"text-align: justify\"><strong>Kwestie stabilno\u015bci, efektywno\u015bci i pozycji konkurencyjnej bank\u00f3w:<\/strong><\/p><ul style=\"text-align: justify\"><li>wsp\u00f3\u0142praca bank\u00f3w z otoczeniem spo\u0142ecznym i gospodarczym, w tym programy ESG,<\/li><li>\u017ar\u00f3d\u0142a efektywno\u015bci oraz obszary przewagi konkurencyjnej bank\u00f3w,<\/li><li>zarz\u0105dzanie bankiem i zarz\u0105dzanie ryzykiem bankowym,<\/li><li>zmiany w otoczeniu bankowym pod wp\u0142ywem rewolucji technologicznej i konkurencji z sektorem nowych technologii.<\/li><\/ul>\t\t\t\t\t\t<\/div>\n\t\t\t\t<\/div>\n\t\t\t\t\t<\/div>\n\t\t<\/div>\n\t\t\t\t\t<\/div>\n\t\t<\/section>\n\t\t\t\t<\/div>\n\t\t","protected":false},"excerpt":{"rendered":"<p>Katedra &nbsp;Bankowo\u015bci i Globalnego Systemu Finansowego \/*! elementor &#8211; v3.17.0 &#8211; 08-11-2023 *\/ .elementor-widget-divider{&#8211;divider-border-style:none;&#8211;divider-border-width:1px;&#8211;divider-color:#0c0d0e;&#8211;divider-icon-size:20px;&#8211;divider-element-spacing:10px;&#8211;divider-pattern-height:24px;&#8211;divider-pattern-size:20px;&#8211;divider-pattern-url:none;&#8211;divider-pattern-repeat:repeat-x}.elementor-widget-divider .elementor-divider{display:flex}.elementor-widget-divider .elementor-divider__text{font-size:15px;line-height:1;max-width:95%}.elementor-widget-divider .elementor-divider__element{margin:0 var(&#8211;divider-element-spacing);flex-shrink:0}.elementor-widget-divider .elementor-icon{font-size:var(&#8211;divider-icon-size)}.elementor-widget-divider .elementor-divider-separator{display:flex;margin:0;direction:ltr}.elementor-widget-divider&#8211;view-line_icon .elementor-divider-separator,.elementor-widget-divider&#8211;view-line_text .elementor-divider-separator{align-items:center}.elementor-widget-divider&#8211;view-line_icon .elementor-divider-separator:after,.elementor-widget-divider&#8211;view-line_icon .elementor-divider-separator:before,.elementor-widget-divider&#8211;view-line_text .elementor-divider-separator:after,.elementor-widget-divider&#8211;view-line_text .elementor-divider-separator:before{display:block;content:&#8221;&#8221;;border-bottom:0;flex-grow:1;border-top:var(&#8211;divider-border-width) var(&#8211;divider-border-style) var(&#8211;divider-color)}.elementor-widget-divider&#8211;element-align-left .elementor-divider .elementor-divider-separator&gt;.elementor-divider__svg:first-of-type{flex-grow:0;flex-shrink:100}.elementor-widget-divider&#8211;element-align-left .elementor-divider-separator:before{content:none}.elementor-widget-divider&#8211;element-align-left .elementor-divider__element{margin-left:0}.elementor-widget-divider&#8211;element-align-right .elementor-divider .elementor-divider-separator&gt;.elementor-divider__svg:last-of-type{flex-grow:0;flex-shrink:100}.elementor-widget-divider&#8211;element-align-right .elementor-divider-separator:after{content:none}.elementor-widget-divider&#8211;element-align-right .elementor-divider__element{margin-right:0}.elementor-widget-divider:not(.elementor-widget-divider&#8211;view-line_text):not(.elementor-widget-divider&#8211;view-line_icon) .elementor-divider-separator{border-top:var(&#8211;divider-border-width) var(&#8211;divider-border-style) var(&#8211;divider-color)}.elementor-widget-divider&#8211;separator-type-pattern{&#8211;divider-border-style:none}.elementor-widget-divider&#8211;separator-type-pattern.elementor-widget-divider&#8211;view-line .elementor-divider-separator,.elementor-widget-divider&#8211;separator-type-pattern:not(.elementor-widget-divider&#8211;view-line) .elementor-divider-separator:after,.elementor-widget-divider&#8211;separator-type-pattern:not(.elementor-widget-divider&#8211;view-line) .elementor-divider-separator:before,.elementor-widget-divider&#8211;separator-type-pattern:not([class*=elementor-widget-divider&#8211;view]) .elementor-divider-separator{width:100%;min-height:var(&#8211;divider-pattern-height);-webkit-mask-size:var(&#8211;divider-pattern-size) 100%;mask-size:var(&#8211;divider-pattern-size) 100%;-webkit-mask-repeat:var(&#8211;divider-pattern-repeat);mask-repeat:var(&#8211;divider-pattern-repeat);background-color:var(&#8211;divider-color);-webkit-mask-image:var(&#8211;divider-pattern-url);mask-image:var(&#8211;divider-pattern-url)}.elementor-widget-divider&#8211;no-spacing{&#8211;divider-pattern-size:auto}.elementor-widget-divider&#8211;bg-round{&#8211;divider-pattern-repeat:round}.rtl .elementor-widget-divider .elementor-divider__text{direction:rtl}.e-con-inner&gt;.elementor-widget-divider,.e-con&gt;.elementor-widget-divider{width:var(&#8211;container-widget-width,100%);&#8211;flex-grow:var(&#8211;container-widget-flex-grow)} Nauki finansowe s\u0105 wyk\u0142adane na naszej uczelni od jej pocz\u0105tk\u00f3w, a zak\u0142ady zajmuj\u0105ce si\u0119 bankowo\u015bci\u0105 powsta\u0142y ju\u017c w 1949 roku. W 1950 r. zak\u0142ady te wesz\u0142y w sk\u0142ad Katedry Finans\u00f3w, W roku 2003 nast\u0105pi\u0142o wydzielenie samodzielnych Katedr Bankowo\u015bci oraz Finans\u00f3w Przedsi\u0119biorstw \u2013 kierownikiem Katedry Bankowo\u015bci zosta\u0142 w\u00f3wczas prof. UEK dr hab. Ryszard Szewczyk. Od stycznia 2020 roku Katedra nosi obecn\u0105 nazw\u0119. Kierownikiem Katedry Bankowo\u015bci i Globalnego Systemu Finansowego od 2016 r. jest prof. dr hab. Ewa Miklaszewska. Dane kontaktowe:Instytut Finans\u00f3w w Kolegium Ekonomii, Finans\u00f3w i Prawa UEK.Kierownik Katedry: prof. dr hab. Ewa Miklaszewska, pok. F-709, uumiklas@cyf-kr.edu.plSekretariat Katedry: mgr Ma\u0142gorzata Go\u0142\u0105bek, pok. F-408, golabekm@uek.krakow.pl, tel. 12 293 74 15. Pracownicy: prof. dr hab. Ewa Miklaszewska dr hab. Mateusz Folwarski, prof. UEK dr hab. Aleksandra Jurkowska, prof. UEK dr Micha\u0142 Boda dr Rados\u0142aw Ciukaj dr Piotr Kara\u015b dr Krzysztof Kil dr Igor Styn dr Andrzej Walitza mgr Bart\u0142omiej Balawejder mgr Wojciech Jarosz Doktoranci: Tomasz Jaszek. Zainteresowania naukowe pracownik\u00f3w Katedry: Wyzwania zwi\u0105zane z globalizacj\u0105 rynku finansowego: zmiany strategiczne, konkurencyjne i strukturalne na globalnym rynku bankowym, procesy integracji finansowej w Unii Europejskiej, zmiany strategii i modeli biznesowych bank\u00f3w, wymogi i wyzwania regulacyjne oraz kwestie stabilno\u015bci i bezpiecze\u0144stwa bank\u00f3w. Kwestie stabilno\u015bci, efektywno\u015bci i pozycji konkurencyjnej bank\u00f3w: wsp\u00f3\u0142praca bank\u00f3w z otoczeniem spo\u0142ecznym i gospodarczym, w tym programy ESG, \u017ar\u00f3d\u0142a efektywno\u015bci oraz obszary przewagi konkurencyjnej bank\u00f3w, zarz\u0105dzanie bankiem i zarz\u0105dzanie ryzykiem bankowym, zmiany w otoczeniu bankowym pod wp\u0142ywem rewolucji technologicznej i konkurencji z sektorem nowych technologii.<\/p>\n","protected":false},"author":1,"featured_media":0,"parent":0,"menu_order":0,"comment_status":"closed","ping_status":"closed","template":"elementor_header_footer","meta":{"footnotes":""},"class_list":["post-88","page","type-page","status-publish","hentry"],"_links":{"self":[{"href":"https:\/\/if.uek.krakow.pl\/kbgsf\/wp-json\/wp\/v2\/pages\/88","targetHints":{"allow":["GET"]}}],"collection":[{"href":"https:\/\/if.uek.krakow.pl\/kbgsf\/wp-json\/wp\/v2\/pages"}],"about":[{"href":"https:\/\/if.uek.krakow.pl\/kbgsf\/wp-json\/wp\/v2\/types\/page"}],"author":[{"embeddable":true,"href":"https:\/\/if.uek.krakow.pl\/kbgsf\/wp-json\/wp\/v2\/users\/1"}],"replies":[{"embeddable":true,"href":"https:\/\/if.uek.krakow.pl\/kbgsf\/wp-json\/wp\/v2\/comments?post=88"}],"version-history":[{"count":6,"href":"https:\/\/if.uek.krakow.pl\/kbgsf\/wp-json\/wp\/v2\/pages\/88\/revisions"}],"predecessor-version":[{"id":2943,"href":"https:\/\/if.uek.krakow.pl\/kbgsf\/wp-json\/wp\/v2\/pages\/88\/revisions\/2943"}],"wp:attachment":[{"href":"https:\/\/if.uek.krakow.pl\/kbgsf\/wp-json\/wp\/v2\/media?parent=88"}],"curies":[{"name":"wp","href":"https:\/\/api.w.org\/{rel}","templated":true}]}}