{"id":371,"date":"2023-02-20T00:12:26","date_gmt":"2023-02-19T23:12:26","guid":{"rendered":"https:\/\/ie.uek.krakow.pl\/ke\/?page_id=371"},"modified":"2024-10-03T16:34:19","modified_gmt":"2024-10-03T14:34:19","slug":"seminarium-student","status":"publish","type":"page","link":"https:\/\/if.uek.krakow.pl\/kbgsf\/studenci\/seminarium-student\/","title":{"rendered":"Seminarium dla student\u00f3w"},"content":{"rendered":"\t\t<div data-elementor-type=\"wp-page\" data-elementor-id=\"371\" class=\"elementor elementor-371\">\n\t\t\t\t\t\t<section data-particle_enable=\"false\" data-particle-mobile-disabled=\"false\" class=\"elementor-section elementor-top-section elementor-element elementor-element-7c633b2 elementor-section-boxed elementor-section-height-default elementor-section-height-default\" data-id=\"7c633b2\" data-element_type=\"section\" data-settings=\"{&quot;jet_parallax_layout_list&quot;:[]}\">\n\t\t\t\t\t\t<div class=\"elementor-container elementor-column-gap-default\">\n\t\t\t\t\t<div class=\"elementor-column elementor-col-100 elementor-top-column elementor-element elementor-element-ba9921b\" data-id=\"ba9921b\" data-element_type=\"column\">\n\t\t\t<div class=\"elementor-widget-wrap elementor-element-populated\">\n\t\t\t\t\t\t<div class=\"elementor-element elementor-element-5387040 elementor-widget elementor-widget-spacer\" data-id=\"5387040\" data-element_type=\"widget\" data-widget_type=\"spacer.default\">\n\t\t\t\t<div class=\"elementor-widget-container\">\n\t\t\t\t\t<div class=\"elementor-spacer\">\n\t\t\t<div class=\"elementor-spacer-inner\"><\/div>\n\t\t<\/div>\n\t\t\t\t<\/div>\n\t\t\t\t<\/div>\n\t\t\t\t<div class=\"elementor-element elementor-element-08677a9 elementor-widget elementor-widget-heading\" data-id=\"08677a9\" data-element_type=\"widget\" data-widget_type=\"heading.default\">\n\t\t\t\t<div class=\"elementor-widget-container\">\n\t\t\t<h2 class=\"elementor-heading-title elementor-size-default\">Lista pracownik\u00f3w Katedry Bankowo\u015bci i Globalnego Systemu Finansowego prowadz\u0105cych seminaria.<\/h2>\t\t<\/div>\n\t\t\t\t<\/div>\n\t\t\t\t\t<\/div>\n\t\t<\/div>\n\t\t\t\t\t<\/div>\n\t\t<\/section>\n\t\t\t\t<section data-particle_enable=\"false\" data-particle-mobile-disabled=\"false\" class=\"elementor-section elementor-top-section elementor-element elementor-element-d42aade elementor-section-boxed elementor-section-height-default elementor-section-height-default\" data-id=\"d42aade\" data-element_type=\"section\" data-settings=\"{&quot;jet_parallax_layout_list&quot;:[]}\">\n\t\t\t\t\t\t<div class=\"elementor-container elementor-column-gap-default\">\n\t\t\t\t\t<div class=\"elementor-column elementor-col-100 elementor-top-column elementor-element elementor-element-6da7d48\" data-id=\"6da7d48\" data-element_type=\"column\">\n\t\t\t<div class=\"elementor-widget-wrap elementor-element-populated\">\n\t\t\t\t\t\t<div class=\"elementor-element elementor-element-f4a938a elementor-widget elementor-widget-eael-adv-accordion\" data-id=\"f4a938a\" data-element_type=\"widget\" data-widget_type=\"eael-adv-accordion.default\">\n\t\t\t\t<div class=\"elementor-widget-container\">\n\t\t\t            <div class=\"eael-adv-accordion\" id=\"eael-adv-accordion-f4a938a\" data-scroll-on-click=\"no\" data-scroll-speed=\"300\" data-accordion-id=\"f4a938a\" data-accordion-type=\"accordion\" data-toogle-speed=\"300\">\n            <div class=\"eael-accordion-list\">\n\t\t\t\t\t<div id=\"prof-dr-hab-ewa-miklaszewska-kierownik-katedry\" class=\"elementor-tab-title eael-accordion-header\" tabindex=\"0\" data-tab=\"1\" aria-controls=\"elementor-tab-content-2561\"><span class=\"eael-advanced-accordion-icon-closed\"><i aria-hidden=\"true\" class=\"fa-accordion-icon fas fa-plus\"><\/i><\/span><span class=\"eael-advanced-accordion-icon-opened\"><i aria-hidden=\"true\" class=\"fa-accordion-icon fas fa-minus\"><\/i><\/span><span class=\"eael-accordion-tab-title\">prof. dr hab. Ewa Miklaszewska - Kierownik Katedry<\/span><i aria-hidden=\"true\" class=\"fa-toggle fas fa-angle-right\"><\/i><\/div><div id=\"elementor-tab-content-2561\" class=\"eael-accordion-content clearfix\" data-tab=\"1\" aria-labelledby=\"prof-dr-hab-ewa-miklaszewska-kierownik-katedry\"><p><strong>Tematyka oferowanego seminarium (studia stacjonarne i niestacjonarne I i II stopnia):<\/strong><\/p><ul><li>Rynki i instytucje finansowe \u2013 charakterystyka oraz tendencje na polskim, europejskim i globalnym rynku finansowym<\/li><li>Kszta\u0142t rynku finansowego i bankowego w Unii Europejskiej<\/li><li>Stabilno\u015b\u0107 rynku finansowego, przeciwdzia\u0142anie kryzysom i zarz\u0105dzanie ryzykiem na rynku bankowym<\/li><li>Ewolucja system\u00f3w regulacyjnych i rozwi\u0105za\u0144 nadzorczych<\/li><li>Kszta\u0142towanie strategii przez instytucje finansowe<\/li><li>Czynniki kszta\u0142tuj\u0105ce efektywno\u015b\u0107 bank\u00f3w, w tym rola nowych technologii<\/li><li>Dzia\u0142ania naprawce, przymusowa restrukturyzacja i uporz\u0105dkowana likwidacja bank\u00f3w<\/li><\/ul><p><strong>Adresaci oferty:<\/strong> Instytut Finans\u00f3w, kierunek: Bankowo\u015b\u0107 i zarz\u0105dzanie ryzykiem, Finanse i rachunkowo\u015b\u0107<\/p><\/div>\n\t\t\t\t\t<\/div><div class=\"eael-accordion-list\">\n\t\t\t\t\t<div id=\"prof-uek-dr-hab-mateusz-folwarski\" class=\"elementor-tab-title eael-accordion-header\" tabindex=\"0\" data-tab=\"2\" aria-controls=\"elementor-tab-content-2562\"><span class=\"eael-advanced-accordion-icon-closed\"><i aria-hidden=\"true\" class=\"fa-accordion-icon fas fa-plus\"><\/i><\/span><span class=\"eael-advanced-accordion-icon-opened\"><i aria-hidden=\"true\" class=\"fa-accordion-icon fas fa-minus\"><\/i><\/span><span class=\"eael-accordion-tab-title\">prof. UEK dr hab. Mateusz Folwarski<\/span><i aria-hidden=\"true\" class=\"fa-toggle fas fa-angle-right\"><\/i><\/div><div id=\"elementor-tab-content-2562\" class=\"eael-accordion-content clearfix\" data-tab=\"2\" aria-labelledby=\"prof-uek-dr-hab-mateusz-folwarski\"><p><strong>Tematyka oferowanego seminarium (studia stacjonarne I, II stopnia; studia niestacjonarne I, II stopnia):<\/strong><\/p><ul><li>Nadz\u00f3r nad rynkiem finansowym, a nieuczciwe praktyki bank\u00f3w w innowacyjnym \u015bwiecie finans\u00f3w<\/li><li>Bezpiecze\u0144stwo bank\u00f3w<\/li><li>Efektywno\u015b\u0107 i stabilno\u015b\u0107 system\u00f3w bankowych<\/li><li>Innowacyjne produkty finansowe<\/li><li>Nowoczesne kana\u0142y dystrybucji produkt\u00f3w finansowych<\/li><li>Przeciwdzia\u0142anie praniu brudnych pieni\u0119dzy w instytucjach finansowych<\/li><li>Regulacje systemu bankowego<\/li><li>Rozw\u00f3j bankowo\u015bci mobilnej<\/li><li>Rozw\u00f3j biometrii w bankowo\u015bci<\/li><li>Ryzyko kredytowe klienta i instytucji finansowej<\/li><li>Skuteczno\u015b\u0107 marketingu bankowego<\/li><li>Systemy wynagrodze\u0144 w instytucjach finansowych<\/li><li>Techniki sprzeda\u017cy produkt\u00f3w finansowych<\/li><li>Zachowania etyczne w instytucjach finansowych<\/li><\/ul><p><strong>Adresaci oferty:<\/strong> Instytut Finans\u00f3w, kierunek: Finanse i rachunkowo\u015b\u0107, Bankowo\u015b\u0107 i zarz\u0105dzanie ryzykiem<\/p><\/div>\n\t\t\t\t\t<\/div><div class=\"eael-accordion-list\">\n\t\t\t\t\t<div id=\"prof-uek-dr-hab-aleksandra-jurkowska\" class=\"elementor-tab-title eael-accordion-header\" tabindex=\"0\" data-tab=\"3\" aria-controls=\"elementor-tab-content-2563\"><span class=\"eael-advanced-accordion-icon-closed\"><i aria-hidden=\"true\" class=\"fa-accordion-icon fas fa-plus\"><\/i><\/span><span class=\"eael-advanced-accordion-icon-opened\"><i aria-hidden=\"true\" class=\"fa-accordion-icon fas fa-minus\"><\/i><\/span><span class=\"eael-accordion-tab-title\">prof. UEK dr hab. Aleksandra Jurkowska<\/span><i aria-hidden=\"true\" class=\"fa-toggle fas fa-angle-right\"><\/i><\/div><div id=\"elementor-tab-content-2563\" class=\"eael-accordion-content clearfix\" data-tab=\"3\" aria-labelledby=\"prof-uek-dr-hab-aleksandra-jurkowska\"><p><strong>Tematyka oferowanego seminarium (studia stacjonarne i niestacjonarne I i II stopnia):<\/strong><\/p><ul><li>Banki i systemy bankowe<\/li><li>Banki na rynku finansowym w dobie globalizacji i cyfryzacji<\/li><li>Bankowo\u015b\u0107 centralna<\/li><li>Globalizacja rynk\u00f3w finansowych<\/li><li>Kryzysy finansowe i ryzyko systemowe<\/li><li>Regulacje bankowe<\/li><li>Rynki finansowe: rynek pieni\u0119\u017cny i kapita\u0142owy<\/li><li>Zarz\u0105dzanie aktywami i pasywami banku komercyjnego (ryzyko w dzia\u0142alno\u015bci bankowej)<\/li><li>Zarz\u0105dzanie kapita\u0142em bankowym<\/li><\/ul><p><strong>Adresaci oferty:<\/strong> Instytut Finans\u00f3w, kierunek: Finanse i rachunkowo\u015b\u0107, Bankowo\u015b\u0107 i zarz\u0105dzanie ryzykiem.<\/p><\/div>\n\t\t\t\t\t<\/div><div class=\"eael-accordion-list\">\n\t\t\t\t\t<div id=\"dr-micha-boda\" class=\"elementor-tab-title eael-accordion-header\" tabindex=\"0\" data-tab=\"4\" aria-controls=\"elementor-tab-content-2564\"><span class=\"eael-advanced-accordion-icon-closed\"><i aria-hidden=\"true\" class=\"fa-accordion-icon fas fa-plus\"><\/i><\/span><span class=\"eael-advanced-accordion-icon-opened\"><i aria-hidden=\"true\" class=\"fa-accordion-icon fas fa-minus\"><\/i><\/span><span class=\"eael-accordion-tab-title\">dr Micha\u0142 Boda<\/span><i aria-hidden=\"true\" class=\"fa-toggle fas fa-angle-right\"><\/i><\/div><div id=\"elementor-tab-content-2564\" class=\"eael-accordion-content clearfix\" data-tab=\"4\" aria-labelledby=\"dr-micha-boda\"><p><strong>Tematyka oferowanego seminarium (studia niestacjonarne I stopnia):<\/strong><\/p><ul><li>Efektywno\u015b\u0107 i stabilno\u015b\u0107 system\u00f3w bankowych<\/li><li>Innowacyjne produkty finansowe<\/li><li>Rynek kredyt\u00f3w mieszkaniowych<\/li><\/ul><p><strong>Adresaci oferty:<\/strong> Instytut Finans\u00f3w, kierunek: Finanse i rachunkowo\u015b\u0107<\/p><\/div>\n\t\t\t\t\t<\/div><div class=\"eael-accordion-list\">\n\t\t\t\t\t<div id=\"dr-radosaw-ciukaj\" class=\"elementor-tab-title eael-accordion-header\" tabindex=\"0\" data-tab=\"5\" aria-controls=\"elementor-tab-content-2565\"><span class=\"eael-advanced-accordion-icon-closed\"><i aria-hidden=\"true\" class=\"fa-accordion-icon fas fa-plus\"><\/i><\/span><span class=\"eael-advanced-accordion-icon-opened\"><i aria-hidden=\"true\" class=\"fa-accordion-icon fas fa-minus\"><\/i><\/span><span class=\"eael-accordion-tab-title\">dr Rados\u0142aw Ciukaj<\/span><i aria-hidden=\"true\" class=\"fa-toggle fas fa-angle-right\"><\/i><\/div><div id=\"elementor-tab-content-2565\" class=\"eael-accordion-content clearfix\" data-tab=\"5\" aria-labelledby=\"dr-radosaw-ciukaj\"><p><strong>Tematyka oferowanego seminarium (studia stacjonarne I stopnia):<\/strong><\/p><ul><li>Europejski System Finansowy: instytucje, rynki, instrumenty, regulacje<\/li><li>Zarz\u0105dzanie ryzykiem kredytowym w bankach<\/li><li>Finansowe aspekty strefy euro<\/li><li>Polityka pieni\u0119\u017cna<\/li><li>Rynek walutowy<\/li><\/ul><p><strong>Adresaci oferty:<\/strong> Instytut Finans\u00f3w, kierunek: Finanse i rachunkowo\u015b\u0107<\/p><\/div>\n\t\t\t\t\t<\/div><div class=\"eael-accordion-list\">\n\t\t\t\t\t<div id=\"dr-piotr-kara\" class=\"elementor-tab-title eael-accordion-header\" tabindex=\"0\" data-tab=\"6\" aria-controls=\"elementor-tab-content-2566\"><span class=\"eael-advanced-accordion-icon-closed\"><i aria-hidden=\"true\" class=\"fa-accordion-icon fas fa-plus\"><\/i><\/span><span class=\"eael-advanced-accordion-icon-opened\"><i aria-hidden=\"true\" class=\"fa-accordion-icon fas fa-minus\"><\/i><\/span><span class=\"eael-accordion-tab-title\">dr Piotr Kara\u015b<\/span><i aria-hidden=\"true\" class=\"fa-toggle fas fa-angle-right\"><\/i><\/div><div id=\"elementor-tab-content-2566\" class=\"eael-accordion-content clearfix\" data-tab=\"6\" aria-labelledby=\"dr-piotr-kara\"><p><strong>Tematyka oferowanego seminarium:<\/strong><\/p><ol><li>Bankowo\u015b\u0107 centralna i sie\u0107 bezpiecze\u0144stwa finansowego, w tym:<ul><li>Bankowo\u015b\u0107 centralna i polityka monetarna w Polsce i na \u015bwiecie<\/li><li>Stabilno\u015b\u0107 finansowa oraz polityka mikro- i makroostro\u017cno\u015bciowa w Polsce i na \u015bwiecie<\/li><\/ul><\/li><li>Pieni\u0105dz \u2013 uj\u0119cie tradycyjne i wsp\u00f3\u0142czesne<\/li><li>Bankowo\u015b\u0107 komercyjna, w tym:<ul><li>Podmioty i organizacja systemu bankowego w Polsce i na \u015bwiecie (uj\u0119cie instytucjonalne i funkcjonalne)<\/li><li>Tradycyjna dzia\u0142alno\u015b\u0107 depozytowa i kredytowa bank\u00f3w komercyjnych<\/li><li>Banki na krajowym i mi\u0119dzynarodowym rynku finansowym<\/li><li>Banki wobec wyzwa\u0144 wsp\u00f3\u0142czesno\u015bci<\/li><\/ul><\/li><li>System p\u0142atniczy w tym:<ul><li>Architektura systemu p\u0142atniczego<\/li><li>Funkcjonowanie rozlicze\u0144 i rozrachunk\u00f3w krajowych i zagranicznych<\/li><\/ul><\/li><li>Niebankowe instytucje po\u015brednictwa finansowego<\/li><li>Mikroekonomiczne podstawy po\u015brednictwa finansowego<\/li><li>Finanse mi\u0119dzynarodowe, w tym:<ul><li>Finanse mi\u0119dzynarodowe w perspektywie makroekonomicznej (bilans p\u0142atniczy, zad\u0142u\u017cenie zagraniczne, mi\u0119dzynarodowa pozycja inwestycyjna)<\/li><li>Rynek walutowy, jego struktura i instrumenty<\/li><li>Ryzyko walutowe i zabezpieczenie przed nim<\/li><li>Mi\u0119dzynarodowe instytucje finansowe<\/li><\/ul><\/li><\/ol><p><strong>Adresaci oferty:<\/strong> Instytut Finans\u00f3w, kierunek: Finanse i rachunkowo\u015b\u0107 (studia w j\u0119zyku polskim i j\u0119zyku angielskim)<\/p><\/div>\n\t\t\t\t\t<\/div><div class=\"eael-accordion-list\">\n\t\t\t\t\t<div id=\"dr-krzysztof-kil\" class=\"elementor-tab-title eael-accordion-header\" tabindex=\"0\" data-tab=\"7\" aria-controls=\"elementor-tab-content-2567\"><span class=\"eael-advanced-accordion-icon-closed\"><i aria-hidden=\"true\" class=\"fa-accordion-icon fas fa-plus\"><\/i><\/span><span class=\"eael-advanced-accordion-icon-opened\"><i aria-hidden=\"true\" class=\"fa-accordion-icon fas fa-minus\"><\/i><\/span><span class=\"eael-accordion-tab-title\">dr Krzysztof Kil<\/span><i aria-hidden=\"true\" class=\"fa-toggle fas fa-angle-right\"><\/i><\/div><div id=\"elementor-tab-content-2567\" class=\"eael-accordion-content clearfix\" data-tab=\"7\" aria-labelledby=\"dr-krzysztof-kil\"><p><strong>Tematyka oferowanego seminarium (studia stacjonarne i niestacjonarne I oraz II stopnia):<\/strong><\/p><ul><li>Stabilno\u015b\u0107 finansowa i nadz\u00f3r makroostro\u017cno\u015bciowy<\/li><li>Sie\u0107 bezpiecze\u0144stwa finansowego w Polsce i na \u015bwiecie<\/li><li>Bankowo\u015b\u0107 centralna i polityka monetarna w Polsce i na \u015bwiecie<\/li><li>Ryzyko w bankowo\u015bci komercyjnej i sp\u00f3\u0142dzielczej<\/li><li>Determinanty wynagrodze\u0144 bieg\u0142ych rewident\u00f3w bank\u00f3w<\/li><li>Ochrona konsument\u00f3w us\u0142ug finansowych (Arbiter Bankowy, Rzecznik Finansowy, S\u0105d Polubowny przy KNF, UOKiK)<\/li><li>Ochrona konsument\u00f3w us\u0142ug finansowych (uj\u0119cie produktowe)<\/li><li>Reputacja instytucji finansowych w \u015bwietle statystyk Rzecznika Finansowego w obszarze reklamacji i spor\u00f3w s\u0105dowych<\/li><li>Efektywno\u015b\u0107 i rentowno\u015b\u0107 bank\u00f3w<\/li><li>Rola bank\u00f3w w finansowaniu sektora niefinansowego<\/li><li>Pozabankowi po\u015brednicy finansowi<\/li><li>Zarz\u0105dzanie p\u0142ynno\u015bci\u0105 w bankach<\/li><li>Bankowo\u015b\u0107 sp\u00f3\u0142dzielcza w Polsce i na \u015bwiecie<\/li><\/ul><p><strong>Adresaci oferty:<\/strong> Instytut Finans\u00f3w, kierunek: Bankowo\u015b\u0107 i zarz\u0105dzanie ryzykiem, Finanse i rachunkowo\u015b\u0107, Audyt finansowy<\/p><\/div>\n\t\t\t\t\t<\/div><div class=\"eael-accordion-list\">\n\t\t\t\t\t<div id=\"dr-andrzej-walitza\" class=\"elementor-tab-title eael-accordion-header\" tabindex=\"0\" data-tab=\"8\" aria-controls=\"elementor-tab-content-2568\"><span class=\"eael-advanced-accordion-icon-closed\"><i aria-hidden=\"true\" class=\"fa-accordion-icon fas fa-plus\"><\/i><\/span><span class=\"eael-advanced-accordion-icon-opened\"><i aria-hidden=\"true\" class=\"fa-accordion-icon fas fa-minus\"><\/i><\/span><span class=\"eael-accordion-tab-title\">dr Andrzej Walitza<\/span><i aria-hidden=\"true\" class=\"fa-toggle fas fa-angle-right\"><\/i><\/div><div id=\"elementor-tab-content-2568\" class=\"eael-accordion-content clearfix\" data-tab=\"8\" aria-labelledby=\"dr-andrzej-walitza\"><p><strong>Tematyka oferowanego seminarium (studia niestacjonarne II stopnia):<\/strong><\/p><ul><li>Polityka monetarna w warunkach zmieniaj\u0105cego si\u0119 otoczenia gospodarczego<\/li><li>Specyfika krajowego rynku bankowego, w tym w szczeg\u00f3lno\u015bci rynek kredytu hipotecznego oraz bankowo\u015b\u0107 korporacyjna<\/li><li>Zmiany zachodz\u0105ce na zagranicznych rynkach bankowych<\/li><li>Pieni\u0105dz elektroniczny, wirtualny, cyfrowy oraz krypto waluty<\/li><li>Zarz\u0105dzanie ryzykiem kredytowym i ryzykiem rynkowym<\/li><\/ul><p><strong>Adresaci oferty: <\/strong>Instytut Finans\u00f3w, kierunek: Finanse i rachunkowo\u015b\u0107, Bankowo\u015b\u0107 i zarz\u0105dzanie ryzykiem<\/p><\/div>\n\t\t\t\t\t<\/div><\/div>\t\t<\/div>\n\t\t\t\t<\/div>\n\t\t\t\t\t<\/div>\n\t\t<\/div>\n\t\t\t\t\t<\/div>\n\t\t<\/section>\n\t\t\t\t<\/div>\n\t\t","protected":false},"excerpt":{"rendered":"<p>Lista pracownik\u00f3w Katedry Bankowo\u015bci i Globalnego Systemu Finansowego prowadz\u0105cych seminaria. prof. dr hab. Ewa Miklaszewska &#8211; Kierownik Katedry Tematyka oferowanego seminarium (studia stacjonarne i niestacjonarne I i II stopnia): Rynki i instytucje finansowe \u2013 charakterystyka oraz tendencje na polskim, europejskim i globalnym rynku finansowym Kszta\u0142t rynku finansowego i bankowego w Unii Europejskiej Stabilno\u015b\u0107 rynku finansowego, przeciwdzia\u0142anie kryzysom i zarz\u0105dzanie ryzykiem na rynku bankowym Ewolucja system\u00f3w regulacyjnych i rozwi\u0105za\u0144 nadzorczych Kszta\u0142towanie strategii przez instytucje finansowe Czynniki kszta\u0142tuj\u0105ce efektywno\u015b\u0107 bank\u00f3w, w tym rola nowych technologii Dzia\u0142ania naprawce, przymusowa restrukturyzacja i uporz\u0105dkowana likwidacja bank\u00f3w Adresaci oferty: Instytut Finans\u00f3w, kierunek: Bankowo\u015b\u0107 i zarz\u0105dzanie ryzykiem, Finanse i rachunkowo\u015b\u0107 prof. UEK dr hab. Mateusz Folwarski Tematyka oferowanego seminarium (studia stacjonarne I, II stopnia; studia niestacjonarne I, II stopnia): Nadz\u00f3r nad rynkiem finansowym, a nieuczciwe praktyki bank\u00f3w w innowacyjnym \u015bwiecie finans\u00f3w Bezpiecze\u0144stwo bank\u00f3w Efektywno\u015b\u0107 i stabilno\u015b\u0107 system\u00f3w bankowych Innowacyjne produkty finansowe Nowoczesne kana\u0142y dystrybucji produkt\u00f3w finansowych Przeciwdzia\u0142anie praniu brudnych pieni\u0119dzy w instytucjach finansowych Regulacje systemu bankowego Rozw\u00f3j bankowo\u015bci mobilnej Rozw\u00f3j biometrii w bankowo\u015bci Ryzyko kredytowe klienta i instytucji finansowej Skuteczno\u015b\u0107 marketingu bankowego Systemy wynagrodze\u0144 w instytucjach finansowych Techniki sprzeda\u017cy produkt\u00f3w finansowych Zachowania etyczne w instytucjach finansowych Adresaci oferty: Instytut Finans\u00f3w, kierunek: Finanse i rachunkowo\u015b\u0107, Bankowo\u015b\u0107 i zarz\u0105dzanie ryzykiem prof. UEK dr hab. Aleksandra Jurkowska Tematyka oferowanego seminarium (studia stacjonarne i niestacjonarne I i II stopnia): Banki i systemy bankowe Banki na rynku finansowym w dobie globalizacji i cyfryzacji Bankowo\u015b\u0107 centralna Globalizacja rynk\u00f3w finansowych Kryzysy finansowe i ryzyko systemowe Regulacje bankowe Rynki finansowe: rynek pieni\u0119\u017cny i kapita\u0142owy Zarz\u0105dzanie aktywami i pasywami banku komercyjnego (ryzyko w dzia\u0142alno\u015bci bankowej) Zarz\u0105dzanie kapita\u0142em bankowym Adresaci oferty: Instytut Finans\u00f3w, kierunek: Finanse i rachunkowo\u015b\u0107, Bankowo\u015b\u0107 i zarz\u0105dzanie ryzykiem. dr Micha\u0142 Boda Tematyka oferowanego seminarium (studia niestacjonarne I stopnia): Efektywno\u015b\u0107 i stabilno\u015b\u0107 system\u00f3w bankowych Innowacyjne produkty finansowe Rynek kredyt\u00f3w mieszkaniowych Adresaci oferty: Instytut Finans\u00f3w, kierunek: Finanse i rachunkowo\u015b\u0107 dr Rados\u0142aw Ciukaj Tematyka oferowanego seminarium (studia stacjonarne I stopnia): Europejski System Finansowy: instytucje, rynki, instrumenty, regulacje Zarz\u0105dzanie ryzykiem kredytowym w bankach Finansowe aspekty strefy euro Polityka pieni\u0119\u017cna Rynek walutowy Adresaci oferty: Instytut Finans\u00f3w, kierunek: Finanse i rachunkowo\u015b\u0107 dr Piotr Kara\u015b Tematyka oferowanego seminarium: Bankowo\u015b\u0107 centralna i sie\u0107 bezpiecze\u0144stwa finansowego, w tym: Bankowo\u015b\u0107 centralna i polityka monetarna w Polsce i na \u015bwiecie Stabilno\u015b\u0107 finansowa oraz polityka mikro- i makroostro\u017cno\u015bciowa w Polsce i na \u015bwiecie Pieni\u0105dz \u2013 uj\u0119cie tradycyjne i wsp\u00f3\u0142czesne Bankowo\u015b\u0107 komercyjna, w tym: Podmioty i organizacja systemu bankowego w Polsce i na \u015bwiecie (uj\u0119cie instytucjonalne i funkcjonalne) Tradycyjna dzia\u0142alno\u015b\u0107 depozytowa i kredytowa bank\u00f3w komercyjnych Banki na krajowym i mi\u0119dzynarodowym rynku finansowym Banki wobec wyzwa\u0144 wsp\u00f3\u0142czesno\u015bci System p\u0142atniczy w tym: Architektura systemu p\u0142atniczego Funkcjonowanie rozlicze\u0144 i rozrachunk\u00f3w krajowych i zagranicznych Niebankowe instytucje po\u015brednictwa finansowego Mikroekonomiczne podstawy po\u015brednictwa finansowego Finanse mi\u0119dzynarodowe, w tym: Finanse mi\u0119dzynarodowe w perspektywie makroekonomicznej (bilans p\u0142atniczy, zad\u0142u\u017cenie zagraniczne, mi\u0119dzynarodowa pozycja inwestycyjna) Rynek walutowy, jego struktura i instrumenty Ryzyko walutowe i zabezpieczenie przed nim Mi\u0119dzynarodowe instytucje finansowe Adresaci oferty: Instytut Finans\u00f3w, kierunek: Finanse i rachunkowo\u015b\u0107 (studia w j\u0119zyku polskim i j\u0119zyku angielskim) dr Krzysztof Kil Tematyka oferowanego seminarium (studia stacjonarne i niestacjonarne I oraz II stopnia): Stabilno\u015b\u0107 finansowa i nadz\u00f3r makroostro\u017cno\u015bciowy Sie\u0107 bezpiecze\u0144stwa finansowego w Polsce i na \u015bwiecie Bankowo\u015b\u0107 centralna i polityka monetarna w Polsce i na \u015bwiecie Ryzyko w bankowo\u015bci komercyjnej i sp\u00f3\u0142dzielczej Determinanty wynagrodze\u0144 bieg\u0142ych rewident\u00f3w bank\u00f3w Ochrona konsument\u00f3w us\u0142ug finansowych (Arbiter Bankowy, Rzecznik Finansowy, S\u0105d Polubowny przy KNF, UOKiK) Ochrona konsument\u00f3w us\u0142ug finansowych (uj\u0119cie produktowe) Reputacja instytucji finansowych w \u015bwietle statystyk Rzecznika Finansowego w obszarze reklamacji i spor\u00f3w s\u0105dowych Efektywno\u015b\u0107 i rentowno\u015b\u0107 bank\u00f3w Rola bank\u00f3w w finansowaniu sektora niefinansowego Pozabankowi po\u015brednicy finansowi Zarz\u0105dzanie p\u0142ynno\u015bci\u0105 w bankach Bankowo\u015b\u0107 sp\u00f3\u0142dzielcza w Polsce i na \u015bwiecie Adresaci oferty: Instytut Finans\u00f3w, kierunek: Bankowo\u015b\u0107 i zarz\u0105dzanie ryzykiem, Finanse i rachunkowo\u015b\u0107, Audyt finansowy dr Andrzej Walitza Tematyka oferowanego seminarium (studia niestacjonarne II stopnia): Polityka monetarna w warunkach zmieniaj\u0105cego si\u0119 otoczenia gospodarczego Specyfika krajowego rynku bankowego, w tym w szczeg\u00f3lno\u015bci rynek kredytu hipotecznego oraz bankowo\u015b\u0107 korporacyjna Zmiany zachodz\u0105ce na zagranicznych rynkach bankowych Pieni\u0105dz elektroniczny, wirtualny, cyfrowy oraz krypto waluty Zarz\u0105dzanie ryzykiem kredytowym i ryzykiem rynkowym Adresaci oferty: Instytut Finans\u00f3w, kierunek: Finanse i rachunkowo\u015b\u0107, Bankowo\u015b\u0107 i zarz\u0105dzanie ryzykiem<\/p>\n","protected":false},"author":1,"featured_media":0,"parent":336,"menu_order":0,"comment_status":"closed","ping_status":"closed","template":"elementor_header_footer","meta":{"footnotes":""},"class_list":["post-371","page","type-page","status-publish","hentry"],"_links":{"self":[{"href":"https:\/\/if.uek.krakow.pl\/kbgsf\/wp-json\/wp\/v2\/pages\/371","targetHints":{"allow":["GET"]}}],"collection":[{"href":"https:\/\/if.uek.krakow.pl\/kbgsf\/wp-json\/wp\/v2\/pages"}],"about":[{"href":"https:\/\/if.uek.krakow.pl\/kbgsf\/wp-json\/wp\/v2\/types\/page"}],"author":[{"embeddable":true,"href":"https:\/\/if.uek.krakow.pl\/kbgsf\/wp-json\/wp\/v2\/users\/1"}],"replies":[{"embeddable":true,"href":"https:\/\/if.uek.krakow.pl\/kbgsf\/wp-json\/wp\/v2\/comments?post=371"}],"version-history":[{"count":51,"href":"https:\/\/if.uek.krakow.pl\/kbgsf\/wp-json\/wp\/v2\/pages\/371\/revisions"}],"predecessor-version":[{"id":3288,"href":"https:\/\/if.uek.krakow.pl\/kbgsf\/wp-json\/wp\/v2\/pages\/371\/revisions\/3288"}],"up":[{"embeddable":true,"href":"https:\/\/if.uek.krakow.pl\/kbgsf\/wp-json\/wp\/v2\/pages\/336"}],"wp:attachment":[{"href":"https:\/\/if.uek.krakow.pl\/kbgsf\/wp-json\/wp\/v2\/media?parent=371"}],"curies":[{"name":"wp","href":"https:\/\/api.w.org\/{rel}","templated":true}]}}