{"id":366,"date":"2023-02-20T00:10:00","date_gmt":"2023-02-19T23:10:00","guid":{"rendered":"https:\/\/ie.uek.krakow.pl\/ke\/?page_id=366"},"modified":"2025-06-02T10:08:34","modified_gmt":"2025-06-02T08:08:34","slug":"praktyki-studenckie","status":"publish","type":"page","link":"https:\/\/if.uek.krakow.pl\/kbgsf\/studenci\/praktyki-studenckie\/","title":{"rendered":"Praktyki studenckie"},"content":{"rendered":"\t\t<div data-elementor-type=\"wp-page\" data-elementor-id=\"366\" class=\"elementor elementor-366\">\n\t\t\t\t\t\t<section data-particle_enable=\"false\" data-particle-mobile-disabled=\"false\" class=\"elementor-section elementor-top-section elementor-element elementor-element-3931d3e elementor-section-boxed elementor-section-height-default elementor-section-height-default\" data-id=\"3931d3e\" data-element_type=\"section\" data-settings=\"{&quot;jet_parallax_layout_list&quot;:[]}\">\n\t\t\t\t\t\t<div class=\"elementor-container elementor-column-gap-default\">\n\t\t\t\t\t<div class=\"elementor-column elementor-col-100 elementor-top-column elementor-element elementor-element-2e994a0\" data-id=\"2e994a0\" data-element_type=\"column\">\n\t\t\t<div class=\"elementor-widget-wrap elementor-element-populated\">\n\t\t\t\t\t\t<div class=\"elementor-element elementor-element-cbdf07b elementor-widget elementor-widget-spacer\" data-id=\"cbdf07b\" data-element_type=\"widget\" data-widget_type=\"spacer.default\">\n\t\t\t\t<div class=\"elementor-widget-container\">\n\t\t\t\t\t<div class=\"elementor-spacer\">\n\t\t\t<div class=\"elementor-spacer-inner\"><\/div>\n\t\t<\/div>\n\t\t\t\t<\/div>\n\t\t\t\t<\/div>\n\t\t\t\t<div class=\"elementor-element elementor-element-6e661db elementor-widget elementor-widget-text-editor\" data-id=\"6e661db\" data-element_type=\"widget\" data-widget_type=\"text-editor.default\">\n\t\t\t\t<div class=\"elementor-widget-container\">\n\t\t\t\t\t\t\t<p style=\"text-align: justify\"><strong>Opiekun studenckich praktyk zawodowych w Katedrze Bankowo\u015bci i Globalnego Systemu Finansowego:<\/strong><\/p><p style=\"text-align: justify\"><strong>dr Krzysztof Kil<\/strong>, pawilon F., pok\u00f3j 710, e-mail: krzysztof.kil@uek.krakow.pl<\/p><p><span style=\"color: #ffffff\">.<\/span><\/p><p><strong>Od 24.02.2025 roku obowi\u0105zuje nowa formu\u0142a zaliczania praktyk studenckich, zgodna z zapisami Zarz\u0105dzenia JM Rektora, dost\u0119pnego wraz z za\u0142\u0105cznikami na stronie (link do strony zewn\u0119trznej): <a href=\"https:\/\/bip.uek.krakow.pl\/zarzadzenie\/3594\/zarzadzenie-nr-r-0211-4-2025\">https:\/\/bip.uek.krakow.pl\/zarzadzenie\/3594\/zarzadzenie-nr-r-0211-4-2025<\/a><\/strong><\/p><p><span style=\"color: #ffffff\">.<\/span><\/p><p style=\"text-align: justify\"><strong>Informacje dodatkowe<\/strong><\/p><p style=\"text-align: justify\">Praktyka zawodowa powinna spe\u0142nia\u0107 warunki okre\u015blone w Regulaminie studenckich praktyk zawodowych (<a href=\"https:\/\/if.uek.krakow.pl\/kbgsf\/wp-content\/uploads\/sites\/2\/2023\/03\/R.0211.16.2022.pdf\">Zarz\u0105dzenie Rektora, typ pliku: application\/pdf, wielko\u015b\u0107 pliku: 297 KB<\/a>).<\/p><p style=\"text-align: justify\"><strong>Wa\u017cne!<\/strong> Studenci, kt\u00f3rzy wybrali <strong>promotora<\/strong> pracy licencjackiej lub pracy magisterskiej w <strong>Katedrze Bankowo\u015bci i Globalnego Systemu Finansowego<\/strong> proszeni s\u0105 o zg\u0142aszanie si\u0119 do dr Krzysztofa Kila \u2013 Opiekuna praktyk w tej Katedrze.<\/p><p style=\"text-align: justify\">Termin realizacji praktyki, czas jej trwania, w tym liczb\u0119 przyznanych punkt\u00f3w ECTS za zaliczenie praktyki, okre\u015blaj\u0105 kierunkowe plany studi\u00f3w.<\/p><p style=\"text-align: justify\"><strong>Wa\u017cne!<\/strong> Praktyka powinna trwa\u0107 4 tygodnie. W przypadku zatrudnienia\/samozatrudnienia, czas realizacji praktyki wskazuje Praktykant, wybieraj\u0105c w\u0142a\u015bciwy dla okresu zatrudnienia\/samozatrudnienia termin trwaj\u0105cy 4 tygodnie.<\/p><p style=\"text-align: justify\"><strong>Wa\u017cne!<\/strong> Praktyka powinna by\u0107 zrealizowana do ko\u0144ca 5 semestru studi\u00f3w (I stopie\u0144) lub do uko\u0144czenia 4 semestru studi\u00f3w (II stopie\u0144).<\/p><p style=\"text-align: justify\">Umowa o praktyk\u0119 lub inna umowa potwierdzaj\u0105ca zatrudnienie, zawarta w j\u0119zyku obcym powinna by\u0107 przet\u0142umaczona na j\u0119zyk polski.<\/p><p style=\"text-align: justify\">Osoby zainteresowane odbyciem praktyki zapraszam do skorzystania z oferty praktyk studenckich przedstawionej w elektronicznej bazie danych: <a href=\"http:\/\/kariery.uek.krakow.pl\">kariery.uek.krakow.pl<\/a><\/p>\t\t\t\t\t\t<\/div>\n\t\t\t\t<\/div>\n\t\t\t\t\t<\/div>\n\t\t<\/div>\n\t\t\t\t\t<\/div>\n\t\t<\/section>\n\t\t\t\t<\/div>\n\t\t","protected":false},"excerpt":{"rendered":"<p>Opiekun studenckich praktyk zawodowych w Katedrze Bankowo\u015bci i Globalnego Systemu Finansowego: dr Krzysztof Kil, pawilon F., pok\u00f3j 710, e-mail: krzysztof.kil@uek.krakow.pl . Od 24.02.2025 roku obowi\u0105zuje nowa formu\u0142a zaliczania praktyk studenckich, zgodna z zapisami Zarz\u0105dzenia JM Rektora, dost\u0119pnego wraz z za\u0142\u0105cznikami na stronie (link do strony zewn\u0119trznej): https:\/\/bip.uek.krakow.pl\/zarzadzenie\/3594\/zarzadzenie-nr-r-0211-4-2025 . Informacje dodatkowe Praktyka zawodowa powinna spe\u0142nia\u0107 warunki okre\u015blone w Regulaminie studenckich praktyk zawodowych (Zarz\u0105dzenie Rektora, typ pliku: application\/pdf, wielko\u015b\u0107 pliku: 297 KB). Wa\u017cne! Studenci, kt\u00f3rzy wybrali promotora pracy licencjackiej lub pracy magisterskiej w Katedrze Bankowo\u015bci i Globalnego Systemu Finansowego proszeni s\u0105 o zg\u0142aszanie si\u0119 do dr Krzysztofa Kila \u2013 Opiekuna praktyk w tej Katedrze. Termin realizacji praktyki, czas jej trwania, w tym liczb\u0119 przyznanych punkt\u00f3w ECTS za zaliczenie praktyki, okre\u015blaj\u0105 kierunkowe plany studi\u00f3w. Wa\u017cne! Praktyka powinna trwa\u0107 4 tygodnie. W przypadku zatrudnienia\/samozatrudnienia, czas realizacji praktyki wskazuje Praktykant, wybieraj\u0105c w\u0142a\u015bciwy dla okresu zatrudnienia\/samozatrudnienia termin trwaj\u0105cy 4 tygodnie. Wa\u017cne! Praktyka powinna by\u0107 zrealizowana do ko\u0144ca 5 semestru studi\u00f3w (I stopie\u0144) lub do uko\u0144czenia 4 semestru studi\u00f3w (II stopie\u0144). Umowa o praktyk\u0119 lub inna umowa potwierdzaj\u0105ca zatrudnienie, zawarta w j\u0119zyku obcym powinna by\u0107 przet\u0142umaczona na j\u0119zyk polski. Osoby zainteresowane odbyciem praktyki zapraszam do skorzystania z oferty praktyk studenckich przedstawionej w elektronicznej bazie danych: kariery.uek.krakow.pl<\/p>\n","protected":false},"author":1,"featured_media":0,"parent":336,"menu_order":0,"comment_status":"closed","ping_status":"closed","template":"elementor_header_footer","meta":{"footnotes":""},"class_list":["post-366","page","type-page","status-publish","hentry"],"_links":{"self":[{"href":"https:\/\/if.uek.krakow.pl\/kbgsf\/wp-json\/wp\/v2\/pages\/366","targetHints":{"allow":["GET"]}}],"collection":[{"href":"https:\/\/if.uek.krakow.pl\/kbgsf\/wp-json\/wp\/v2\/pages"}],"about":[{"href":"https:\/\/if.uek.krakow.pl\/kbgsf\/wp-json\/wp\/v2\/types\/page"}],"author":[{"embeddable":true,"href":"https:\/\/if.uek.krakow.pl\/kbgsf\/wp-json\/wp\/v2\/users\/1"}],"replies":[{"embeddable":true,"href":"https:\/\/if.uek.krakow.pl\/kbgsf\/wp-json\/wp\/v2\/comments?post=366"}],"version-history":[{"count":15,"href":"https:\/\/if.uek.krakow.pl\/kbgsf\/wp-json\/wp\/v2\/pages\/366\/revisions"}],"predecessor-version":[{"id":3661,"href":"https:\/\/if.uek.krakow.pl\/kbgsf\/wp-json\/wp\/v2\/pages\/366\/revisions\/3661"}],"up":[{"embeddable":true,"href":"https:\/\/if.uek.krakow.pl\/kbgsf\/wp-json\/wp\/v2\/pages\/336"}],"wp:attachment":[{"href":"https:\/\/if.uek.krakow.pl\/kbgsf\/wp-json\/wp\/v2\/media?parent=366"}],"curies":[{"name":"wp","href":"https:\/\/api.w.org\/{rel}","templated":true}]}}