{"id":346,"date":"2023-02-20T00:01:15","date_gmt":"2023-02-19T23:01:15","guid":{"rendered":"https:\/\/ie.uek.krakow.pl\/ke\/?page_id=346"},"modified":"2025-06-02T10:06:41","modified_gmt":"2025-06-02T08:06:41","slug":"kolo-naukowe-bankowosci","status":"publish","type":"page","link":"https:\/\/if.uek.krakow.pl\/kbgsf\/studenci\/kolo-naukowe-bankowosci\/","title":{"rendered":"Ko\u0142o Naukowe Bankowo\u015bci"},"content":{"rendered":"\t\t<div data-elementor-type=\"wp-page\" data-elementor-id=\"346\" class=\"elementor elementor-346\">\n\t\t\t\t\t\t<section data-particle_enable=\"false\" data-particle-mobile-disabled=\"false\" class=\"elementor-section elementor-top-section elementor-element elementor-element-ce17505 elementor-section-boxed elementor-section-height-default elementor-section-height-default\" data-id=\"ce17505\" data-element_type=\"section\" data-settings=\"{&quot;jet_parallax_layout_list&quot;:[]}\">\n\t\t\t\t\t\t<div class=\"elementor-container elementor-column-gap-default\">\n\t\t\t\t\t<div class=\"elementor-column elementor-col-100 elementor-top-column elementor-element elementor-element-b88ab97\" data-id=\"b88ab97\" data-element_type=\"column\">\n\t\t\t<div class=\"elementor-widget-wrap elementor-element-populated\">\n\t\t\t\t\t\t<div class=\"elementor-element elementor-element-8133445 elementor-widget elementor-widget-spacer\" data-id=\"8133445\" data-element_type=\"widget\" data-widget_type=\"spacer.default\">\n\t\t\t\t<div class=\"elementor-widget-container\">\n\t\t\t\t\t<div class=\"elementor-spacer\">\n\t\t\t<div class=\"elementor-spacer-inner\"><\/div>\n\t\t<\/div>\n\t\t\t\t<\/div>\n\t\t\t\t<\/div>\n\t\t\t\t<div class=\"elementor-element elementor-element-b3a0871 elementor-widget elementor-widget-text-editor\" data-id=\"b3a0871\" data-element_type=\"widget\" data-widget_type=\"text-editor.default\">\n\t\t\t\t<div class=\"elementor-widget-container\">\n\t\t\t\t\t\t\t<p style=\"text-align: justify\">Jeste\u015b zainteresowany tematami zwi\u0105zanymi z bankowo\u015bci\u0105? Zapraszamy do ko\u0142a naukowego dzia\u0142aj\u0105cego przy Katedrze Bankowo\u015bci i Globalnego Systemu Finansowego.<\/p><p style=\"text-align: justify\">Wsparcie merytoryczne Ko\u0142a Naukowego Bankowo\u015bci, pracownicy Katedry Bankowo\u015bci i Globalnego Systemu Finansowego w szczeg\u00f3lno\u015bci:<\/p><ul><li style=\"text-align: justify\">prof. dr hab. Ewa Miklaszewska<\/li><li style=\"text-align: justify\">prof. UEK dr hab. Mateusz Folwarski,<\/li><li style=\"text-align: justify\">dr Krzysztof Kil.<\/li><\/ul><p style=\"text-align: justify\"><strong>Opiekun Ko\u0142a Naukowego Bankowo\u015bci: dr Krzysztof Kil.<\/strong><\/p><p style=\"text-align: justify\">Je\u017celi chcesz zobaczy\u0107 czym si\u0119 zajmujemy zapraszamy na nasz\u0105 stron\u0119 internetow\u0105:<\/p><ul><li style=\"text-align: justify\"><a href=\"http:\/\/knb.uek.krakow.pl\/\">Strona Ko\u0142a Naukowego Bankowo\u015bci<\/a><\/li><li style=\"text-align: justify\"><a href=\"https:\/\/www.facebook.com\/knbuek\/?fref=ts\">Profil na Facebooku<\/a><\/li><\/ul><p style=\"text-align: justify\"><!-- \/wp:separator --><\/p><p style=\"text-align: justify\">Zach\u0119camy do zapoznania si\u0119 z now\u0105 monografi\u0105 przygotowan\u0105 przez student\u00f3w Ko\u0142a Naukowego Bankowo\u015bci:\u00a0<a href=\"https:\/\/if.uek.krakow.pl\/kbgsf\/wp-content\/uploads\/sites\/2\/2023\/03\/Wybrane-problemy-wspolczesnej-bankowosci.pdf\">Wybrane problemy wsp\u00f3\u0142czesnej bankowo\u015bci (typ pliku: application\/pdf, wielko\u015b\u0107 pliku: 3 MB)<\/a><\/p>\t\t\t\t\t\t<\/div>\n\t\t\t\t<\/div>\n\t\t\t\t\t<\/div>\n\t\t<\/div>\n\t\t\t\t\t<\/div>\n\t\t<\/section>\n\t\t\t\t<\/div>\n\t\t","protected":false},"excerpt":{"rendered":"<p>Jeste\u015b zainteresowany tematami zwi\u0105zanymi z bankowo\u015bci\u0105? Zapraszamy do ko\u0142a naukowego dzia\u0142aj\u0105cego przy Katedrze Bankowo\u015bci i Globalnego Systemu Finansowego. Wsparcie merytoryczne Ko\u0142a Naukowego Bankowo\u015bci, pracownicy Katedry Bankowo\u015bci i Globalnego Systemu Finansowego w szczeg\u00f3lno\u015bci: prof. dr hab. Ewa Miklaszewska prof. UEK dr hab. Mateusz Folwarski, dr Krzysztof Kil. Opiekun Ko\u0142a Naukowego Bankowo\u015bci: dr Krzysztof Kil. Je\u017celi chcesz zobaczy\u0107 czym si\u0119 zajmujemy zapraszamy na nasz\u0105 stron\u0119 internetow\u0105: Strona Ko\u0142a Naukowego Bankowo\u015bci Profil na Facebooku Zach\u0119camy do zapoznania si\u0119 z now\u0105 monografi\u0105 przygotowan\u0105 przez student\u00f3w Ko\u0142a Naukowego Bankowo\u015bci:\u00a0Wybrane problemy wsp\u00f3\u0142czesnej bankowo\u015bci (typ pliku: application\/pdf, wielko\u015b\u0107 pliku: 3 MB)<\/p>\n","protected":false},"author":1,"featured_media":0,"parent":336,"menu_order":0,"comment_status":"closed","ping_status":"closed","template":"elementor_header_footer","meta":{"footnotes":""},"class_list":["post-346","page","type-page","status-publish","hentry"],"_links":{"self":[{"href":"https:\/\/if.uek.krakow.pl\/kbgsf\/wp-json\/wp\/v2\/pages\/346","targetHints":{"allow":["GET"]}}],"collection":[{"href":"https:\/\/if.uek.krakow.pl\/kbgsf\/wp-json\/wp\/v2\/pages"}],"about":[{"href":"https:\/\/if.uek.krakow.pl\/kbgsf\/wp-json\/wp\/v2\/types\/page"}],"author":[{"embeddable":true,"href":"https:\/\/if.uek.krakow.pl\/kbgsf\/wp-json\/wp\/v2\/users\/1"}],"replies":[{"embeddable":true,"href":"https:\/\/if.uek.krakow.pl\/kbgsf\/wp-json\/wp\/v2\/comments?post=346"}],"version-history":[{"count":18,"href":"https:\/\/if.uek.krakow.pl\/kbgsf\/wp-json\/wp\/v2\/pages\/346\/revisions"}],"predecessor-version":[{"id":3658,"href":"https:\/\/if.uek.krakow.pl\/kbgsf\/wp-json\/wp\/v2\/pages\/346\/revisions\/3658"}],"up":[{"embeddable":true,"href":"https:\/\/if.uek.krakow.pl\/kbgsf\/wp-json\/wp\/v2\/pages\/336"}],"wp:attachment":[{"href":"https:\/\/if.uek.krakow.pl\/kbgsf\/wp-json\/wp\/v2\/media?parent=346"}],"curies":[{"name":"wp","href":"https:\/\/api.w.org\/{rel}","templated":true}]}}