{"id":2106,"date":"2023-03-15T16:17:20","date_gmt":"2023-03-15T15:17:20","guid":{"rendered":"https:\/\/if.uek.krakow.pl\/kbgsf\/?page_id=2106"},"modified":"2025-06-02T10:11:19","modified_gmt":"2025-06-02T08:11:19","slug":"europejski-certyfikat-bankowca","status":"publish","type":"page","link":"https:\/\/if.uek.krakow.pl\/kbgsf\/studenci\/europejski-certyfikat-bankowca\/","title":{"rendered":"Europejski Certyfikat Bankowca"},"content":{"rendered":"\t\t<div data-elementor-type=\"wp-page\" data-elementor-id=\"2106\" class=\"elementor elementor-2106\">\n\t\t\t\t\t\t<section data-particle_enable=\"false\" data-particle-mobile-disabled=\"false\" class=\"elementor-section elementor-top-section elementor-element elementor-element-d01b913 elementor-section-boxed elementor-section-height-default elementor-section-height-default\" data-id=\"d01b913\" data-element_type=\"section\" data-settings=\"{&quot;jet_parallax_layout_list&quot;:[]}\">\n\t\t\t\t\t\t<div class=\"elementor-container elementor-column-gap-default\">\n\t\t\t\t\t<div class=\"elementor-column elementor-col-100 elementor-top-column elementor-element elementor-element-9efc58d\" data-id=\"9efc58d\" data-element_type=\"column\">\n\t\t\t<div class=\"elementor-widget-wrap elementor-element-populated\">\n\t\t\t\t\t\t<div class=\"elementor-element elementor-element-86191c5 elementor-widget elementor-widget-spacer\" data-id=\"86191c5\" data-element_type=\"widget\" data-widget_type=\"spacer.default\">\n\t\t\t\t<div class=\"elementor-widget-container\">\n\t\t\t\t\t<div class=\"elementor-spacer\">\n\t\t\t<div class=\"elementor-spacer-inner\"><\/div>\n\t\t<\/div>\n\t\t\t\t<\/div>\n\t\t\t\t<\/div>\n\t\t\t\t<div class=\"elementor-element elementor-element-aa51a7f elementor-widget elementor-widget-text-editor\" data-id=\"aa51a7f\" data-element_type=\"widget\" data-widget_type=\"text-editor.default\">\n\t\t\t\t<div class=\"elementor-widget-container\">\n\t\t\t\t\t\t\t<p style=\"text-align: justify\"><strong>Informacje podstawowe<\/strong><\/p><p style=\"text-align: justify\">Europejski Certyfikat Bankowca EFCB to inicjatywa European Banking and Financial Services Trainning Association (EBTN). EBTN jest organizacj\u0105 non-profit zrzeszaj\u0105c\u0105 26 g\u0142\u00f3wnych bankowych instytucji szkoleniowych w takich krajach w Europie jak: Belgia, W\u0142ochy, Malta, Polska, Dania, Rosja, S\u0142owacja, Bu\u0142garia, Niemcy, Finlandia, Grecja, S\u0142owenia, Cypr, Hiszpania, Holandia, Serbia, W\u0119gry, Szkocja, Portugalia, Irlandia, Francja. Pe\u0142na lista cz\u0142onk\u00f3w EBTN <a href=\"http:\/\/www.ebtn-association.eu\">tutaj (link do strony zewn\u0119trznej)<\/a>.<\/p><p style=\"text-align: justify\">W Polsce cz\u0142onkiem EBTN jest Warszawski Instytut Bankowo\u015bci. Podczas przeprowadzanego egzaminu ECB przedstawiciel WIB potwierdza wa\u017cno\u015b\u0107 tego egzaminu w europejskim systemie EFCB. Do ko\u0144ca 2022 r. egzaminy ECB w Polsce zda\u0142o 5288 os\u00f3b.<\/p><p style=\"text-align: justify\">Uniwersytet Ekonomiczny w Krakowie przyst\u0105pi\u0142 do Programu i uzyska\u0142 wraz z kilkoma szko\u0142ami wy\u017cszymi certyfikacj\u0119 ZBP do przeprowadzania egzamin\u00f3w.<\/p><p style=\"text-align: justify\">Wi\u0119cej informacji na temat egzamin\u00f3w w Systemie Standard\u00f3w na stronie ZBP.<\/p><p style=\"text-align: justify\"><strong>Uwaga!<\/strong> Na stronie ZBP dost\u0119pny jest od 22 marca 2017 r. nowy podr\u0119cznik, u\u0142atwiaj\u0105cy przygotowanie do egzaminu na ECB EFCB 3E &#8211; do pobrania <a href=\"https:\/\/zbp.pl\/public\/repozytorium\/dla_bankow\/standardy_kwalifikacyjne\/Podrecznik_BankowoscdlaPraktykowECB_EFCB_3E.pdf\">tutaj (link do strony zewn\u0119trznej)<\/a>. <strong>Aktualizacja podr\u0119cznika wydana w lutym 2023 roku do pobrania <a href=\"https:\/\/zbp.pl\/getmedia\/97394dce-25c2-4c51-8fe2-4754a2a9bf48\/Bankowosc-dla-Praktykow-Europejski-Certyfikat-Bankowca-EFCB3E-Aktualizacja.pdf\">tutaj (link do strony zewn\u0119trznej)<\/a>.\u00a0<\/strong><\/p><p style=\"text-align: justify\">Baza pyta\u0144 do egzaminu do pobrania <a href=\"https:\/\/zbp.pl\/getmedia\/d4af7e0b-d8db-47c7-9ad2-b61173090193\/baza-ECBEFCB3E-2023-bez-odp.pdf\">tutaj (link do strony zewn\u0119trznej)<\/a>.<\/p><p style=\"text-align: justify\"><strong>Uwaga! <\/strong>Z dniem 1.06.2019 roku zniesiony zosta\u0142 przez ZBP warunek uzyskania 50% punkt\u00f3w w ka\u017cdym module, pozwalaj\u0105cy na pozytywne zaliczenie egzaminu. Oznacza to, \u017ce jedynym warunkiem zaliczenia egzaminu jest uzyskanie 60% punkt\u00f3w z ca\u0142ego testu.<\/p><p style=\"text-align: justify\">W dniu 28 lutego 2023 roku kierunek <strong>Bankowo\u015b\u0107 i zarz\u0105dzanie ryzykiem (specjalno\u015b\u0107 Bankowo\u015b\u0107: Europejski Certyfikat Bankowca)<\/strong> realizowany w Instytucie Finans\u00f3w Uniwersytetu Ekonomicznego w Krakowie, jako pierwszy w Polsce, otrzyma\u0142 akredytacj\u0119 Systemu Standard\u00f3w Kwalifikacyjnych w Bankowo\u015bci Polskiej Zwi\u0105zku Bank\u00f3w Polskich (Uchwa\u0142a nr 2\/2023 Komitetu Europejskiego Certyfikatu Bankowca EFCB), dzi\u0119ki kt\u00f3rej studenci tej specjalno\u015bci s\u0105 zwolnieni z obowi\u0105zku zdawania dw\u00f3ch modu\u0142\u00f3w egzaminu.<\/p><hr style=\"height: 1px;background: #dcdcdc;border: 0px\" \/><p style=\"text-align: justify\"><!-- \/wp:separator --><\/p><p style=\"text-align: justify\"><strong>Korzy\u015bci z posiadania Certyfikatu ECB<\/strong><\/p><p style=\"text-align: justify\">Uzyskanie mi\u0119dzynarodowego certyfikatu ECB EFCB 3E w j\u0119zyku angielskim firmowanego przez EBTN-European Banking &amp; Financial Services Training Association Asbl.<\/p><p style=\"text-align: justify\">Otrzymanie certyfikatu ECB EFCB 3E jest potwierdzeniem posiadania wiedzy z zakresu bankowo\u015bci i umiej\u0119tno\u015bci, niezb\u0119dnych do wykonywania zawodu bankowca, co zwi\u0119ksza szanse na rynku pracy.<\/p><p style=\"text-align: justify\">Certyfikat ECB EFCB 3E jest uznawany w procesach rekrutacyjnych czy podczas ubiegania si\u0119 o praktyk\u0119\/sta\u017c w instytucjach finansowych.<\/p><hr style=\"height: 1px;background: #dcdcdc;border: 0px\" \/><p style=\"text-align: justify\"><!-- \/wp:separator --><\/p><p style=\"text-align: justify\"><strong>Zasady i terminy egzaminu ECB<\/strong><\/p><p style=\"text-align: justify\">Egzamin ma form\u0119 testu i sk\u0142ada si\u0119 60 pyta\u0144 jednokrotnego wyboru z czterema wariantami odpowiedzi.<br \/>W egzaminie ECB EFCB 3E osoba zdaj\u0105ca musi uzyska\u0107 minimum 65% wszystkich poprawnych odpowiedzi, tzn. 39 punkt\u00f3w.<\/p><p style=\"text-align: justify\">Czas trwania testu wynosi 90 minut, a wyniki og\u0142aszane bezpo\u015brednio po egzaminie.<\/p><p style=\"text-align: justify\">Op\u0142ata za egzamin wynosi 750 z\u0142otych brutto (w cenie ewentualna poprawka w ci\u0105gu 12 miesi\u0119cy od daty egzaminu).<\/p><p style=\"text-align: justify\"><span style=\"color: #ff0000\"><strong>Data egzaminu: 23 maja 2025 r., godz. 18:00 sala 9 pawilon S<\/strong><\/span><\/p><p style=\"text-align: justify\">Warunkiem przyst\u0105pienia do egzaminu jest dokonanie do dnia <strong>13 maja 2025 roku<\/strong>\u00a0wp\u0142aty na rachunek Uniwersytetu: 09 2490 0005 0000 4530 8510 4422, jako tytu\u0142 przelewu nale\u017cy poda\u0107: Egzamin na Europejski Certyfikat Bankowca 23 maja 2025 \u2013 imi\u0119 i nazwisko.<br \/>Potwierdzenie przelewu (najlepiej w formie pliku .pdf) nale\u017cy przes\u0142a\u0107 na adres mailowy sekretarza Egzaminu: krzysztof.kil@uek.krakow.pl wraz z nast\u0119puj\u0105cymi danymi:<\/p><ul style=\"text-align: justify\"><li>Nazwisko i imi\u0119<\/li><li>Instytucja (student\/pracownik)<\/li><li>Adres korespondencyjny<\/li><li>Data urodzenia i miejsce urodzenia<\/li><\/ul><p style=\"text-align: justify\"><!-- \/wp:separator --><\/p><hr style=\"height: 1px;background: #dcdcdc;border: 0px\" \/><p style=\"text-align: justify\"><!-- \/wp:separator --><\/p><p style=\"text-align: justify\"><strong>Wymogi programowe egzaminu ECB<\/strong><\/p><p style=\"text-align: justify\">Zawarte s\u0105 w opisie wymog\u00f3w Standardu Dyplomowanego Pracownika Bankowego (po egzaminie ECB EFCB 3E). Zgodnie z wymogami egzaminu posiadacz certyfikatu powinien posiada\u0107 wymienione poni\u017cej umiej\u0119tno\u015bci przyporz\u0105dkowane do trzech modu\u0142\u00f3w.<\/p><p style=\"text-align: justify\"><strong>MODU\u0141 1: SYSTEM MONETARNY I FINANSOWY UE (15%)<\/strong><\/p><ul style=\"text-align: justify\"><li>Wyja\u015bni\u0107 struktur\u0119 gospodarcz\u0105 i finansow\u0105 Unii Europejskiej (Wiedza)<\/li><li>Opisa\u0107 polityk\u0119 monetarn\u0105 w Unii Europejskiej (Wiedza);<\/li><li>Opisa\u0107 europejskie ramy regulacyjne obowi\u0105zuj\u0105ce w sektorze bankowo\u015bci oraz ich wp\u0142yw na system bankowy (Wiedza);<\/li><\/ul><p style=\"text-align: justify\"><!-- \/wp:separator --><\/p><p style=\"text-align: justify\"><strong>MODU\u0141 2: KLIENCI, PRODUKTY I US\u0141UGI BANK\u00d3W (50%)<\/strong><\/p><ul style=\"text-align: justify\"><li>Zdefiniowa\u0107 i wyja\u015bni\u0107 charakterystyki kluczowych segment\u00f3w klient\u00f3w oraz ich potrzeby finansowe (Wiedza);<\/li><li>Przeanalizowa\u0107 produkty i us\u0142ugi bankowe pod k\u0105tem potrzeb klienta oraz opisa\u0107 kana\u0142y ich dystrybucji (Umiej\u0119tno\u015bci, Wiedza);<\/li><li>Dopasowa\u0107 konkretne produkty i us\u0142ugi bankowe do potrzeb klienta (Umiej\u0119tno\u015bci);<\/li><\/ul><p style=\"text-align: justify\"><!-- \/wp:separator --><\/p><p style=\"text-align: justify\"><strong>MODU\u0141 3: ZARZ\u0104DZANIE RYZYKIEM, COMPLIANCE, ZAPOBIEGANIE PRANIU BRUDNYCH PIENI\u0118DZY, RODO, AUDYT WEWN\u0118TRZNY i SYSTEM KONTROLI WEWN\u0118TRZNEJ, ETYKA (35%)<\/strong><\/p><ul style=\"text-align: justify\"><li>Zidentyfikowa\u0107 podstawowe ryzyka oraz procesy i zasady zarz\u0105dzania ryzykiem, wyja\u015bni\u0107 swoj\u0105 rol\u0119 w takim procesie oraz podj\u0105\u0107 odpowiednie dzia\u0142ania na rzecz ograniczania ryzyka (Wiedza, Umiej\u0119tno\u015bci);<\/li><li>Zrozumie\u0107 proces kredytowy, z uwzgl\u0119dnieniem zasad biznesowych i zasad dotycz\u0105cych ryzyka (Wiedza);<\/li><li>Zidentyfikowa\u0107 podejrzane dzia\u0142ania i transakcje oraz podj\u0105\u0107 odpowiednie dzia\u0142ania \u015brodki zgodnie z zasadami i procedurami banku (Wiedza, Umiej\u0119tno\u015bci);<\/li><li>Zdefiniowa\u0107 funkcj\u0119 ds. compliance dzia\u0142aj\u0105c\u0105 w banku oraz dzia\u0142a\u0107 zgodnie z zasadami i procedurami banku (Wiedza, Umiej\u0119tno\u015bci);<\/li><li>Zdefiniowa\u0107 koncepcj\u0119 prania brudnych pieni\u0119dzy oraz by\u0107 w stanie wykry\u0107 podejrzane transakcje i uruchomi\u0107 procedury KYC (Wiedza, Umiej\u0119tno\u015bci, Kompetencje);<\/li><li>Wskaza\u0107, czy interakcja pomi\u0119dzy pracownikiem banku a klientem jest zwi\u0105zana z przekazaniem danych osobowych, a je\u015bli tak to dzia\u0142a\u0107 zgodnie z RODO (Wiedza, Umiej\u0119tno\u015bci, Kompetencje);<\/li><li>Opisa\u0107 g\u0142\u00f3wne mechanizmy audytu wewn\u0119trznego i kontroli wewn\u0119trznej oraz wyja\u015bni\u0107 swoje obowi\u0105zki zgodnie z za\u0142o\u017ceniami obowi\u0105zuj\u0105cego w banku systemem audytu wewn\u0119trznego i kontroli wewn\u0119trznej (Wiedza);<\/li><li>Przyj\u0105\u0107 odpowiedzialno\u015b\u0107 za dzia\u0142anie w spos\u00f3b etyczny, zgodny z regulacjami i zorientowany na oferowanie wysokiego poziomu jako\u015bci, w ramach swojego zakresu odpowiedzialno\u015bci, dzia\u0142aj\u0105c samodzielnie lub w jako cz\u0142onek zespo\u0142u (Kompetencje).<\/li><\/ul><p style=\"text-align: justify\"><!-- \/wp:separator --><\/p><p style=\"text-align: justify\">Szczeg\u00f3\u0142owy zakres wymaga\u0144 dost\u0119pny <a href=\"https:\/\/zbp.pl\/getmedia\/7d8b0f4d-8a8a-41e3-97e3-49d837717791\/Aktualizacja-Standardu-DPB-po-egzaminie-ECB-EFCB-3E-od-1-03-2023.pdf\">tutaj<\/a>.<\/p><hr style=\"height: 1px;background: #dcdcdc;border: 0px\" \/><p style=\"text-align: justify\"><!-- \/wp:separator --><\/p><p style=\"text-align: justify\"><strong>Kontakt<\/strong><\/p><p style=\"text-align: justify\">Informacji w zakresie egzaminu udzielaj\u0105 pracownicy Katedry Bankowo\u015bci i Globalnego Systemu Finansowego:<\/p><ul><li style=\"text-align: justify\">dr Krzysztof Kil &#8211; krzysztof.kil@uek.krakow.pl (sekretarz egzaminu)<\/li><li style=\"text-align: justify\">prof. dr hab. Ewa Miklaszewska, prof. UEK dr hab. Aleksandra Jurkowska i prof. UEK dr hab. Mateusz Folwarski (komitet organizacyjny egzaminu).<\/li><\/ul>\t\t\t\t\t\t<\/div>\n\t\t\t\t<\/div>\n\t\t\t\t\t<\/div>\n\t\t<\/div>\n\t\t\t\t\t<\/div>\n\t\t<\/section>\n\t\t\t\t<\/div>\n\t\t","protected":false},"excerpt":{"rendered":"<p>Informacje podstawowe Europejski Certyfikat Bankowca EFCB to inicjatywa European Banking and Financial Services Trainning Association (EBTN). EBTN jest organizacj\u0105 non-profit zrzeszaj\u0105c\u0105 26 g\u0142\u00f3wnych bankowych instytucji szkoleniowych w takich krajach w Europie jak: Belgia, W\u0142ochy, Malta, Polska, Dania, Rosja, S\u0142owacja, Bu\u0142garia, Niemcy, Finlandia, Grecja, S\u0142owenia, Cypr, Hiszpania, Holandia, Serbia, W\u0119gry, Szkocja, Portugalia, Irlandia, Francja. Pe\u0142na lista cz\u0142onk\u00f3w EBTN tutaj (link do strony zewn\u0119trznej). W Polsce cz\u0142onkiem EBTN jest Warszawski Instytut Bankowo\u015bci. Podczas przeprowadzanego egzaminu ECB przedstawiciel WIB potwierdza wa\u017cno\u015b\u0107 tego egzaminu w europejskim systemie EFCB. Do ko\u0144ca 2022 r. egzaminy ECB w Polsce zda\u0142o 5288 os\u00f3b. Uniwersytet Ekonomiczny w Krakowie przyst\u0105pi\u0142 do Programu i uzyska\u0142 wraz z kilkoma szko\u0142ami wy\u017cszymi certyfikacj\u0119 ZBP do przeprowadzania egzamin\u00f3w. Wi\u0119cej informacji na temat egzamin\u00f3w w Systemie Standard\u00f3w na stronie ZBP. Uwaga! Na stronie ZBP dost\u0119pny jest od 22 marca 2017 r. nowy podr\u0119cznik, u\u0142atwiaj\u0105cy przygotowanie do egzaminu na ECB EFCB 3E &#8211; do pobrania tutaj (link do strony zewn\u0119trznej). Aktualizacja podr\u0119cznika wydana w lutym 2023 roku do pobrania tutaj (link do strony zewn\u0119trznej).\u00a0 Baza pyta\u0144 do egzaminu do pobrania tutaj (link do strony zewn\u0119trznej). Uwaga! Z dniem 1.06.2019 roku zniesiony zosta\u0142 przez ZBP warunek uzyskania 50% punkt\u00f3w w ka\u017cdym module, pozwalaj\u0105cy na pozytywne zaliczenie egzaminu. Oznacza to, \u017ce jedynym warunkiem zaliczenia egzaminu jest uzyskanie 60% punkt\u00f3w z ca\u0142ego testu. W dniu 28 lutego 2023 roku kierunek Bankowo\u015b\u0107 i zarz\u0105dzanie ryzykiem (specjalno\u015b\u0107 Bankowo\u015b\u0107: Europejski Certyfikat Bankowca) realizowany w Instytucie Finans\u00f3w Uniwersytetu Ekonomicznego w Krakowie, jako pierwszy w Polsce, otrzyma\u0142 akredytacj\u0119 Systemu Standard\u00f3w Kwalifikacyjnych w Bankowo\u015bci Polskiej Zwi\u0105zku Bank\u00f3w Polskich (Uchwa\u0142a nr 2\/2023 Komitetu Europejskiego Certyfikatu Bankowca EFCB), dzi\u0119ki kt\u00f3rej studenci tej specjalno\u015bci s\u0105 zwolnieni z obowi\u0105zku zdawania dw\u00f3ch modu\u0142\u00f3w egzaminu. Korzy\u015bci z posiadania Certyfikatu ECB Uzyskanie mi\u0119dzynarodowego certyfikatu ECB EFCB 3E w j\u0119zyku angielskim firmowanego przez EBTN-European Banking &amp; Financial Services Training Association Asbl. Otrzymanie certyfikatu ECB EFCB 3E jest potwierdzeniem posiadania wiedzy z zakresu bankowo\u015bci i umiej\u0119tno\u015bci, niezb\u0119dnych do wykonywania zawodu bankowca, co zwi\u0119ksza szanse na rynku pracy. Certyfikat ECB EFCB 3E jest uznawany w procesach rekrutacyjnych czy podczas ubiegania si\u0119 o praktyk\u0119\/sta\u017c w instytucjach finansowych. Zasady i terminy egzaminu ECB Egzamin ma form\u0119 testu i sk\u0142ada si\u0119 60 pyta\u0144 jednokrotnego wyboru z czterema wariantami odpowiedzi.W egzaminie ECB EFCB 3E osoba zdaj\u0105ca musi uzyska\u0107 minimum 65% wszystkich poprawnych odpowiedzi, tzn. 39 punkt\u00f3w. Czas trwania testu wynosi 90 minut, a wyniki og\u0142aszane bezpo\u015brednio po egzaminie. Op\u0142ata za egzamin wynosi 750 z\u0142otych brutto (w cenie ewentualna poprawka w ci\u0105gu 12 miesi\u0119cy od daty egzaminu). Data egzaminu: 23 maja 2025 r., godz. 18:00 sala 9 pawilon S Warunkiem przyst\u0105pienia do egzaminu jest dokonanie do dnia 13 maja 2025 roku\u00a0wp\u0142aty na rachunek Uniwersytetu: 09 2490 0005 0000 4530 8510 4422, jako tytu\u0142 przelewu nale\u017cy poda\u0107: Egzamin na Europejski Certyfikat Bankowca 23 maja 2025 \u2013 imi\u0119 i nazwisko.Potwierdzenie przelewu (najlepiej w formie pliku .pdf) nale\u017cy przes\u0142a\u0107 na adres mailowy sekretarza Egzaminu: krzysztof.kil@uek.krakow.pl wraz z nast\u0119puj\u0105cymi danymi: Nazwisko i imi\u0119 Instytucja (student\/pracownik) Adres korespondencyjny Data urodzenia i miejsce urodzenia Wymogi programowe egzaminu ECB Zawarte s\u0105 w opisie wymog\u00f3w Standardu Dyplomowanego Pracownika Bankowego (po egzaminie ECB EFCB 3E). Zgodnie z wymogami egzaminu posiadacz certyfikatu powinien posiada\u0107 wymienione poni\u017cej umiej\u0119tno\u015bci przyporz\u0105dkowane do trzech modu\u0142\u00f3w. MODU\u0141 1: SYSTEM MONETARNY I FINANSOWY UE (15%) Wyja\u015bni\u0107 struktur\u0119 gospodarcz\u0105 i finansow\u0105 Unii Europejskiej (Wiedza) Opisa\u0107 polityk\u0119 monetarn\u0105 w Unii Europejskiej (Wiedza); Opisa\u0107 europejskie ramy regulacyjne obowi\u0105zuj\u0105ce w sektorze bankowo\u015bci oraz ich wp\u0142yw na system bankowy (Wiedza); MODU\u0141 2: KLIENCI, PRODUKTY I US\u0141UGI BANK\u00d3W (50%) Zdefiniowa\u0107 i wyja\u015bni\u0107 charakterystyki kluczowych segment\u00f3w klient\u00f3w oraz ich potrzeby finansowe (Wiedza); Przeanalizowa\u0107 produkty i us\u0142ugi bankowe pod k\u0105tem potrzeb klienta oraz opisa\u0107 kana\u0142y ich dystrybucji (Umiej\u0119tno\u015bci, Wiedza); Dopasowa\u0107 konkretne produkty i us\u0142ugi bankowe do potrzeb klienta (Umiej\u0119tno\u015bci); MODU\u0141 3: ZARZ\u0104DZANIE RYZYKIEM, COMPLIANCE, ZAPOBIEGANIE PRANIU BRUDNYCH PIENI\u0118DZY, RODO, AUDYT WEWN\u0118TRZNY i SYSTEM KONTROLI WEWN\u0118TRZNEJ, ETYKA (35%) Zidentyfikowa\u0107 podstawowe ryzyka oraz procesy i zasady zarz\u0105dzania ryzykiem, wyja\u015bni\u0107 swoj\u0105 rol\u0119 w takim procesie oraz podj\u0105\u0107 odpowiednie dzia\u0142ania na rzecz ograniczania ryzyka (Wiedza, Umiej\u0119tno\u015bci); Zrozumie\u0107 proces kredytowy, z uwzgl\u0119dnieniem zasad biznesowych i zasad dotycz\u0105cych ryzyka (Wiedza); Zidentyfikowa\u0107 podejrzane dzia\u0142ania i transakcje oraz podj\u0105\u0107 odpowiednie dzia\u0142ania \u015brodki zgodnie z zasadami i procedurami banku (Wiedza, Umiej\u0119tno\u015bci); Zdefiniowa\u0107 funkcj\u0119 ds. compliance dzia\u0142aj\u0105c\u0105 w banku oraz dzia\u0142a\u0107 zgodnie z zasadami i procedurami banku (Wiedza, Umiej\u0119tno\u015bci); Zdefiniowa\u0107 koncepcj\u0119 prania brudnych pieni\u0119dzy oraz by\u0107 w stanie wykry\u0107 podejrzane transakcje i uruchomi\u0107 procedury KYC (Wiedza, Umiej\u0119tno\u015bci, Kompetencje); Wskaza\u0107, czy interakcja pomi\u0119dzy pracownikiem banku a klientem jest zwi\u0105zana z przekazaniem danych osobowych, a je\u015bli tak to dzia\u0142a\u0107 zgodnie z RODO (Wiedza, Umiej\u0119tno\u015bci, Kompetencje); Opisa\u0107 g\u0142\u00f3wne mechanizmy audytu wewn\u0119trznego i kontroli wewn\u0119trznej oraz wyja\u015bni\u0107 swoje obowi\u0105zki zgodnie z za\u0142o\u017ceniami obowi\u0105zuj\u0105cego w banku systemem audytu wewn\u0119trznego i kontroli wewn\u0119trznej (Wiedza); Przyj\u0105\u0107 odpowiedzialno\u015b\u0107 za dzia\u0142anie w spos\u00f3b etyczny, zgodny z regulacjami i zorientowany na oferowanie wysokiego poziomu jako\u015bci, w ramach swojego zakresu odpowiedzialno\u015bci, dzia\u0142aj\u0105c samodzielnie lub w jako cz\u0142onek zespo\u0142u (Kompetencje). Szczeg\u00f3\u0142owy zakres wymaga\u0144 dost\u0119pny tutaj. Kontakt Informacji w zakresie egzaminu udzielaj\u0105 pracownicy Katedry Bankowo\u015bci i Globalnego Systemu Finansowego: dr Krzysztof Kil &#8211; krzysztof.kil@uek.krakow.pl (sekretarz egzaminu) prof. dr hab. Ewa Miklaszewska, prof. UEK dr hab. Aleksandra Jurkowska i prof. UEK dr hab. Mateusz Folwarski (komitet organizacyjny egzaminu).<\/p>\n","protected":false},"author":2,"featured_media":0,"parent":336,"menu_order":0,"comment_status":"closed","ping_status":"closed","template":"elementor_header_footer","meta":{"footnotes":""},"class_list":["post-2106","page","type-page","status-publish","hentry"],"_links":{"self":[{"href":"https:\/\/if.uek.krakow.pl\/kbgsf\/wp-json\/wp\/v2\/pages\/2106","targetHints":{"allow":["GET"]}}],"collection":[{"href":"https:\/\/if.uek.krakow.pl\/kbgsf\/wp-json\/wp\/v2\/pages"}],"about":[{"href":"https:\/\/if.uek.krakow.pl\/kbgsf\/wp-json\/wp\/v2\/types\/page"}],"author":[{"embeddable":true,"href":"https:\/\/if.uek.krakow.pl\/kbgsf\/wp-json\/wp\/v2\/users\/2"}],"replies":[{"embeddable":true,"href":"https:\/\/if.uek.krakow.pl\/kbgsf\/wp-json\/wp\/v2\/comments?post=2106"}],"version-history":[{"count":55,"href":"https:\/\/if.uek.krakow.pl\/kbgsf\/wp-json\/wp\/v2\/pages\/2106\/revisions"}],"predecessor-version":[{"id":3664,"href":"https:\/\/if.uek.krakow.pl\/kbgsf\/wp-json\/wp\/v2\/pages\/2106\/revisions\/3664"}],"up":[{"embeddable":true,"href":"https:\/\/if.uek.krakow.pl\/kbgsf\/wp-json\/wp\/v2\/pages\/336"}],"wp:attachment":[{"href":"https:\/\/if.uek.krakow.pl\/kbgsf\/wp-json\/wp\/v2\/media?parent=2106"}],"curies":[{"name":"wp","href":"https:\/\/api.w.org\/{rel}","templated":true}]}}