{"id":1511,"date":"2023-03-05T20:20:05","date_gmt":"2023-03-05T19:20:05","guid":{"rendered":"https:\/\/if.uek.krakow.pl\/kbgsf\/?page_id=1511"},"modified":"2023-10-03T13:54:23","modified_gmt":"2023-10-03T11:54:23","slug":"bankowosc-rynki-finansowe-i-ubezpieczenia","status":"publish","type":"page","link":"https:\/\/if.uek.krakow.pl\/kbgsf\/studenci\/dydaktyka\/bankowosc-rynki-finansowe-i-ubezpieczenia\/","title":{"rendered":"Bankowo\u015b\u0107, rynki finansowe i ubezpieczenia"},"content":{"rendered":"\t\t<div data-elementor-type=\"wp-page\" data-elementor-id=\"1511\" class=\"elementor elementor-1511\">\n\t\t\t\t\t\t<section data-particle_enable=\"false\" data-particle-mobile-disabled=\"false\" class=\"elementor-section elementor-top-section elementor-element elementor-element-991d30e elementor-section-boxed elementor-section-height-default elementor-section-height-default\" data-id=\"991d30e\" data-element_type=\"section\" data-settings=\"{&quot;jet_parallax_layout_list&quot;:[]}\">\n\t\t\t\t\t\t<div class=\"elementor-container elementor-column-gap-default\">\n\t\t\t\t\t<div class=\"elementor-column elementor-col-100 elementor-top-column elementor-element elementor-element-98e7558\" data-id=\"98e7558\" data-element_type=\"column\">\n\t\t\t<div class=\"elementor-widget-wrap elementor-element-populated\">\n\t\t\t\t\t\t<div class=\"elementor-element elementor-element-2518624 elementor-widget elementor-widget-spacer\" data-id=\"2518624\" data-element_type=\"widget\" data-widget_type=\"spacer.default\">\n\t\t\t\t<div class=\"elementor-widget-container\">\n\t\t\t\t\t<div class=\"elementor-spacer\">\n\t\t\t<div class=\"elementor-spacer-inner\"><\/div>\n\t\t<\/div>\n\t\t\t\t<\/div>\n\t\t\t\t<\/div>\n\t\t\t\t\t<\/div>\n\t\t<\/div>\n\t\t\t\t\t<\/div>\n\t\t<\/section>\n\t\t\t\t<section data-particle_enable=\"false\" data-particle-mobile-disabled=\"false\" class=\"elementor-section elementor-top-section elementor-element elementor-element-8a5c6d1 elementor-section-boxed elementor-section-height-default elementor-section-height-default\" data-id=\"8a5c6d1\" data-element_type=\"section\" data-settings=\"{&quot;jet_parallax_layout_list&quot;:[]}\">\n\t\t\t\t\t\t<div class=\"elementor-container elementor-column-gap-default\">\n\t\t\t\t\t<div class=\"elementor-column elementor-col-33 elementor-top-column elementor-element elementor-element-59169ae\" data-id=\"59169ae\" data-element_type=\"column\">\n\t\t\t<div class=\"elementor-widget-wrap elementor-element-populated\">\n\t\t\t\t\t\t<div class=\"elementor-element elementor-element-98bb5b1 eael_advanced_menu_hamburger_disable_selected_menu_no eael-advanced-menu-hamburger-align-right eael-advanced-menu--no eael-hamburger--tablet elementor-widget elementor-widget-eael-advanced-menu\" data-id=\"98bb5b1\" data-element_type=\"widget\" data-widget_type=\"eael-advanced-menu.skin-six\">\n\t\t\t\t<div class=\"elementor-widget-container\">\n\t\t\t<style>\n                        @media screen and (max-width: 1024px) {\n                            .eael-hamburger--tablet {\n                                .eael-advanced-menu-horizontal,\n                                .eael-advanced-menu-vertical {\n                                    display: none;\n                                }\n                            }\n                            .eael-hamburger--tablet {\n                                .eael-advanced-menu-container .eael-advanced-menu-toggle {\n                                    display: block;\n                                }\n                            }\n                        }\n                    <\/style>            <div data-hamburger-icon=\"&lt;i aria-hidden=&quot;true&quot; class=&quot;fas fa-bars&quot;&gt;&lt;\/i&gt;\" data-indicator-class=\"&lt;i aria-hidden=&quot;true&quot; class=&quot;fas fa-angle-down&quot;&gt;&lt;\/i&gt;\" data-dropdown-indicator-class=\"&lt;i aria-hidden=&quot;true&quot; class=&quot;fas fa-angle-down&quot;&gt;&lt;\/i&gt;\" class=\"eael-advanced-menu-container eael-advanced-menu-align-left eael-advanced-menu-dropdown-align-left\" data-hamburger-breakpoints=\"{&quot;mobile&quot;:&quot;Mobilny Pionowy (&gt; 767px)&quot;,&quot;tablet&quot;:&quot;Portret tabletu (&gt; 1024px)&quot;,&quot;desktop&quot;:&quot;Desktop (&gt; 2400px)&quot;,&quot;none&quot;:&quot;None&quot;}\" data-hamburger-device=\"tablet\">\n                <ul id=\"menu-dydaktyka\" class=\"eael-advanced-menu eael-advanced-menu-dropdown-animate-to-top eael-advanced-menu-indicator eael-advanced-menu-vertical\"><li id=\"menu-item-1488\" class=\"menu-item menu-item-type-post_type menu-item-object-page menu-item-1488\"><a href=\"https:\/\/if.uek.krakow.pl\/kbgsf\/studenci\/dydaktyka\/\">Dydaktyka<\/a><\/li>\n<li id=\"menu-item-1481\" class=\"menu-item menu-item-type-post_type menu-item-object-page menu-item-1481\"><a href=\"https:\/\/if.uek.krakow.pl\/kbgsf\/studenci\/dydaktyka\/bankowosc-i-zarzadzanie-ryzykiem\/\">Bankowo\u015b\u0107 i zarz\u0105dzanie ryzykiem &#8211; studia II stopnia<\/a><\/li>\n<li id=\"menu-item-1525\" class=\"menu-item menu-item-type-post_type menu-item-object-page menu-item-1525\"><a href=\"https:\/\/if.uek.krakow.pl\/kbgsf\/studenci\/dydaktyka\/bankowosc-rynki-finansowe-i-ubezpieczenia\/\">Bankowo\u015b\u0107, rynki finansowe i ubezpieczenia &#8211; specjalno\u015b\u0107 &#8211; I stopie\u0144<\/a><\/li>\n<li id=\"menu-item-1531\" class=\"menu-item menu-item-type-post_type menu-item-object-page menu-item-1531\"><a href=\"https:\/\/if.uek.krakow.pl\/kbgsf\/studenci\/dydaktyka\/zarzadzanie-bankiem\/\">Zarz\u0105dzanie bankiem &#8211; specjalno\u015b\u0107 &#8211; II stopie\u0144<\/a><\/li>\n<\/ul>                <button class=\"eael-advanced-menu-toggle\" aria-label=\"Essential Addons Toggle Menu\">\n                    <i aria-hidden=\"true\" class=\"fas fa-bars\"><\/i>                <\/button>\n            <\/div>\n            \t\t<\/div>\n\t\t\t\t<\/div>\n\t\t\t\t\t<\/div>\n\t\t<\/div>\n\t\t\t\t<div class=\"elementor-column elementor-col-66 elementor-top-column elementor-element elementor-element-b1a64b1\" data-id=\"b1a64b1\" data-element_type=\"column\">\n\t\t\t<div class=\"elementor-widget-wrap elementor-element-populated\">\n\t\t\t\t\t\t<div class=\"elementor-element elementor-element-8d9c2b7 elementor-widget elementor-widget-text-editor\" data-id=\"8d9c2b7\" data-element_type=\"widget\" data-widget_type=\"text-editor.default\">\n\t\t\t\t<div class=\"elementor-widget-container\">\n\t\t\t\t\t\t\t<p style=\"text-align: justify\"><span style=\"font-size: large\"><strong>Opis specjalno\u015bci<\/strong><\/span><\/p><p style=\"text-align: justify\">Specjalno\u015b\u0107 Bankowo\u015b\u0107, rynki finansowe i ubezpieczenia jest odpowiedzi\u0105 na zmiany ewolucyjne zachodz\u0105ce w otoczeniu funkcjonowania bank\u00f3w i rynk\u00f3w finansowych oraz wynikaj\u0105c\u0105 z tego faktu konieczno\u015b\u0107 dostosowania procesu i efekt\u00f3w kszta\u0142cenia do nowych wyzwa\u0144 i potrzeb instytucji publicznych i prywatnych sektora finansowego oraz podmiot\u00f3w sfery realnej gospodarki.<\/p><p style=\"text-align: justify\">Program specjalno\u015bci ma na celu rozwija\u0107 i pog\u0142\u0119bia\u0107 wiedz\u0119 oraz umiej\u0119tno\u015bci z zakresu funkcjonowania rynk\u00f3w, instrument\u00f3w i instytucji finansowych (w szczeg\u00f3lno\u015bci bank\u00f3w inwestycyjnych i korporacyjnych) oraz przeprowadzania z\u0142o\u017conych analiz inwestycyjnych, w tym z wykorzystaniem nowoczesnych metod komputerowych. Program obejmuje swym zakresem tak\u017ce firmy FinTech i nowe technologie w bankowo\u015bci, elementy zarz\u0105dzania ryzykiem w dzia\u0142alno\u015bci bankowej oraz problematyk\u0119 zachowa\u0144 etycznych i standard\u00f3w profesjonalnych w bankowo\u015bci i finansach.<\/p><p style=\"text-align: justify\">Proponowany program specjalno\u015bci jest w pe\u0142ni dostosowany do wymog\u00f3w CFA (poziom I), jednego z najbardziej rozpoznawalnych i powszechnie uznawanych w skali mi\u0119dzynarodowej certyfikat\u00f3w zawodowych o profilu finansowym. Dzi\u0119ki uzyskaniu akredytacji CFA Institute, studenci maj\u0105 mo\u017cliwo\u015b\u0107 otrzymania stypendi\u00f3w, uprawniaj\u0105cych do nieodp\u0142atnego przyst\u0105pienia do egzamin\u00f3w CFA.<\/p><hr style=\"height: 2px;background: blue;border: 0px\" \/><p style=\"text-align: justify\"><!-- \/wp:separator --><\/p><p style=\"text-align: justify\"><strong><span style=\"font-size: large\">Do kogo kierujemy ofert\u0119 specjalno\u015bci<\/span><\/strong><\/p><p>Studenci studi\u00f3w stacjonarnych i niestacjonarnych I stopnia na kierunku Finanse i rachunkowo\u015b\u0107.<\/p><hr style=\"height: 2px;background: blue;border: 0px\" \/><p style=\"text-align: justify\"><!-- \/wp:separator --><\/p><p style=\"text-align: justify\"><strong><span style=\"font-size: large\">Program specjalno\u015bci: <a href=\"https:\/\/planystudiow.uek.krakow.pl\/plan.php?id=37&amp;idPlanuStudiow=2257&amp;idFormyStudiow=1\" target=\"_blank\" rel=\"noopener\">kliknij tutaj<\/a>.<\/span><\/strong><\/p><hr style=\"height: 2px;background: blue;border: 0px\" \/><p style=\"text-align: justify\"><!-- \/wp:separator --><\/p><p style=\"text-align: justify\"><strong><span style=\"font-size: large\">Perspektywy zawodowe<\/span><\/strong><\/p><p style=\"text-align: justify\">Absolwenci specjalno\u015bci s\u0105 przygotowani do pracy w:<\/p><ul><li style=\"text-align: justify\">bankach,<\/li><li style=\"text-align: justify\">funduszach inwestycyjnych,<\/li><li style=\"text-align: justify\">funduszach emerytalnych,<\/li><li style=\"text-align: justify\">towarzystwach ubezpieczeniowych,<\/li><li style=\"text-align: justify\">domach maklerskich,<\/li><li style=\"text-align: justify\">firmach konsultingowych w dzia\u0142ach finansowych oraz zarz\u0105dzaj\u0105cych ryzykiem przedsi\u0119biorstw niefinansowych.<\/li><\/ul>\t\t\t\t\t\t<\/div>\n\t\t\t\t<\/div>\n\t\t\t\t\t<\/div>\n\t\t<\/div>\n\t\t\t\t\t<\/div>\n\t\t<\/section>\n\t\t\t\t<\/div>\n\t\t","protected":false},"excerpt":{"rendered":"<p>\/*! elementor &#8211; v3.12.0 &#8211; 29-03-2023 *\/ .elementor-column .elementor-spacer-inner{height:var(&#8211;spacer-size)}.e-con{&#8211;container-widget-width:100%}.e-con-inner&gt;.elementor-widget-spacer,.e-con&gt;.elementor-widget-spacer{width:var(&#8211;container-widget-width,var(&#8211;spacer-size));&#8211;align-self:var(&#8211;container-widget-align-self,initial);&#8211;flex-shrink:0}.e-con-inner&gt;.elementor-widget-spacer&gt;.elementor-widget-container,.e-con-inner&gt;.elementor-widget-spacer&gt;.elementor-widget-container&gt;.elementor-spacer,.e-con&gt;.elementor-widget-spacer&gt;.elementor-widget-container,.e-con&gt;.elementor-widget-spacer&gt;.elementor-widget-container&gt;.elementor-spacer{height:100%}.e-con-inner&gt;.elementor-widget-spacer&gt;.elementor-widget-container&gt;.elementor-spacer&gt;.elementor-spacer-inner,.e-con&gt;.elementor-widget-spacer&gt;.elementor-widget-container&gt;.elementor-spacer&gt;.elementor-spacer-inner{height:var(&#8211;container-widget-height,var(&#8211;spacer-size))} Dydaktyka Bankowo\u015b\u0107 i zarz\u0105dzanie ryzykiem &#8211; studia II stopnia Bankowo\u015b\u0107, rynki finansowe i ubezpieczenia &#8211; specjalno\u015b\u0107 &#8211; I stopie\u0144 Zarz\u0105dzanie bankiem &#8211; specjalno\u015b\u0107 &#8211; II stopie\u0144 Opis specjalno\u015bci Specjalno\u015b\u0107 Bankowo\u015b\u0107, rynki finansowe i ubezpieczenia jest odpowiedzi\u0105 na zmiany ewolucyjne zachodz\u0105ce w otoczeniu funkcjonowania bank\u00f3w i rynk\u00f3w finansowych oraz wynikaj\u0105c\u0105 z tego faktu konieczno\u015b\u0107 dostosowania procesu i efekt\u00f3w kszta\u0142cenia do nowych wyzwa\u0144 i potrzeb instytucji publicznych i prywatnych sektora finansowego oraz podmiot\u00f3w sfery realnej gospodarki. Program specjalno\u015bci ma na celu rozwija\u0107 i pog\u0142\u0119bia\u0107 wiedz\u0119 oraz umiej\u0119tno\u015bci z zakresu funkcjonowania rynk\u00f3w, instrument\u00f3w i instytucji finansowych (w szczeg\u00f3lno\u015bci bank\u00f3w inwestycyjnych i korporacyjnych) oraz przeprowadzania z\u0142o\u017conych analiz inwestycyjnych, w tym z wykorzystaniem nowoczesnych metod komputerowych. Program obejmuje swym zakresem tak\u017ce firmy FinTech i nowe technologie w bankowo\u015bci, elementy zarz\u0105dzania ryzykiem w dzia\u0142alno\u015bci bankowej oraz problematyk\u0119 zachowa\u0144 etycznych i standard\u00f3w profesjonalnych w bankowo\u015bci i finansach. Proponowany program specjalno\u015bci jest w pe\u0142ni dostosowany do wymog\u00f3w CFA (poziom I), jednego z najbardziej rozpoznawalnych i powszechnie uznawanych w skali mi\u0119dzynarodowej certyfikat\u00f3w zawodowych o profilu finansowym. Dzi\u0119ki uzyskaniu akredytacji CFA Institute, studenci maj\u0105 mo\u017cliwo\u015b\u0107 otrzymania stypendi\u00f3w, uprawniaj\u0105cych do nieodp\u0142atnego przyst\u0105pienia do egzamin\u00f3w CFA. Do kogo kierujemy ofert\u0119 specjalno\u015bci Studenci studi\u00f3w stacjonarnych i niestacjonarnych I stopnia na kierunku Finanse i rachunkowo\u015b\u0107. Program specjalno\u015bci: kliknij tutaj. Perspektywy zawodowe Absolwenci specjalno\u015bci s\u0105 przygotowani do pracy w: bankach, funduszach inwestycyjnych, funduszach emerytalnych, towarzystwach ubezpieczeniowych, domach maklerskich, firmach konsultingowych w dzia\u0142ach finansowych oraz zarz\u0105dzaj\u0105cych ryzykiem przedsi\u0119biorstw niefinansowych.<\/p>\n","protected":false},"author":2,"featured_media":0,"parent":1260,"menu_order":2,"comment_status":"closed","ping_status":"closed","template":"elementor_header_footer","meta":{"footnotes":""},"class_list":["post-1511","page","type-page","status-publish","hentry"],"_links":{"self":[{"href":"https:\/\/if.uek.krakow.pl\/kbgsf\/wp-json\/wp\/v2\/pages\/1511","targetHints":{"allow":["GET"]}}],"collection":[{"href":"https:\/\/if.uek.krakow.pl\/kbgsf\/wp-json\/wp\/v2\/pages"}],"about":[{"href":"https:\/\/if.uek.krakow.pl\/kbgsf\/wp-json\/wp\/v2\/types\/page"}],"author":[{"embeddable":true,"href":"https:\/\/if.uek.krakow.pl\/kbgsf\/wp-json\/wp\/v2\/users\/2"}],"replies":[{"embeddable":true,"href":"https:\/\/if.uek.krakow.pl\/kbgsf\/wp-json\/wp\/v2\/comments?post=1511"}],"version-history":[{"count":31,"href":"https:\/\/if.uek.krakow.pl\/kbgsf\/wp-json\/wp\/v2\/pages\/1511\/revisions"}],"predecessor-version":[{"id":2387,"href":"https:\/\/if.uek.krakow.pl\/kbgsf\/wp-json\/wp\/v2\/pages\/1511\/revisions\/2387"}],"up":[{"embeddable":true,"href":"https:\/\/if.uek.krakow.pl\/kbgsf\/wp-json\/wp\/v2\/pages\/1260"}],"wp:attachment":[{"href":"https:\/\/if.uek.krakow.pl\/kbgsf\/wp-json\/wp\/v2\/media?parent=1511"}],"curies":[{"name":"wp","href":"https:\/\/api.w.org\/{rel}","templated":true}]}}