{"id":1473,"date":"2023-03-05T19:40:57","date_gmt":"2023-03-05T18:40:57","guid":{"rendered":"https:\/\/if.uek.krakow.pl\/kbgsf\/?page_id=1473"},"modified":"2024-09-19T08:44:10","modified_gmt":"2024-09-19T06:44:10","slug":"bankowosc-i-zarzadzanie-ryzykiem","status":"publish","type":"page","link":"https:\/\/if.uek.krakow.pl\/kbgsf\/studenci\/dydaktyka\/bankowosc-i-zarzadzanie-ryzykiem\/","title":{"rendered":"Bankowo\u015b\u0107 i zarz\u0105dzanie ryzykiem"},"content":{"rendered":"\t\t<div data-elementor-type=\"wp-page\" data-elementor-id=\"1473\" class=\"elementor elementor-1473\">\n\t\t\t\t\t\t<section data-particle_enable=\"false\" data-particle-mobile-disabled=\"false\" class=\"elementor-section elementor-top-section elementor-element elementor-element-991d30e elementor-section-boxed elementor-section-height-default elementor-section-height-default\" data-id=\"991d30e\" data-element_type=\"section\" data-settings=\"{&quot;jet_parallax_layout_list&quot;:[]}\">\n\t\t\t\t\t\t<div class=\"elementor-container elementor-column-gap-default\">\n\t\t\t\t\t<div class=\"elementor-column elementor-col-100 elementor-top-column elementor-element elementor-element-98e7558\" data-id=\"98e7558\" data-element_type=\"column\">\n\t\t\t<div class=\"elementor-widget-wrap elementor-element-populated\">\n\t\t\t\t\t\t<div class=\"elementor-element elementor-element-2518624 elementor-widget elementor-widget-spacer\" data-id=\"2518624\" data-element_type=\"widget\" data-widget_type=\"spacer.default\">\n\t\t\t\t<div class=\"elementor-widget-container\">\n\t\t\t\t\t<div class=\"elementor-spacer\">\n\t\t\t<div class=\"elementor-spacer-inner\"><\/div>\n\t\t<\/div>\n\t\t\t\t<\/div>\n\t\t\t\t<\/div>\n\t\t\t\t\t<\/div>\n\t\t<\/div>\n\t\t\t\t\t<\/div>\n\t\t<\/section>\n\t\t\t\t<section data-particle_enable=\"false\" data-particle-mobile-disabled=\"false\" class=\"elementor-section elementor-top-section elementor-element elementor-element-8a5c6d1 elementor-section-boxed elementor-section-height-default elementor-section-height-default\" data-id=\"8a5c6d1\" data-element_type=\"section\" data-settings=\"{&quot;jet_parallax_layout_list&quot;:[]}\">\n\t\t\t\t\t\t<div class=\"elementor-container elementor-column-gap-default\">\n\t\t\t\t\t<div class=\"elementor-column elementor-col-33 elementor-top-column elementor-element elementor-element-59169ae\" data-id=\"59169ae\" data-element_type=\"column\">\n\t\t\t<div class=\"elementor-widget-wrap elementor-element-populated\">\n\t\t\t\t\t\t<div class=\"elementor-element elementor-element-98bb5b1 eael_advanced_menu_hamburger_disable_selected_menu_no eael-advanced-menu-hamburger-align-right eael-advanced-menu--no eael-hamburger--tablet elementor-widget elementor-widget-eael-advanced-menu\" data-id=\"98bb5b1\" data-element_type=\"widget\" data-widget_type=\"eael-advanced-menu.skin-six\">\n\t\t\t\t<div class=\"elementor-widget-container\">\n\t\t\t<style>\n                        @media screen and (max-width: 1024px) {\n                            .eael-hamburger--tablet {\n                                .eael-advanced-menu-horizontal,\n                                .eael-advanced-menu-vertical {\n                                    display: none;\n                                }\n                            }\n                            .eael-hamburger--tablet {\n                                .eael-advanced-menu-container .eael-advanced-menu-toggle {\n                                    display: block;\n                                }\n                            }\n                        }\n                    <\/style>            <div data-hamburger-icon=\"&lt;i aria-hidden=&quot;true&quot; class=&quot;fas fa-bars&quot;&gt;&lt;\/i&gt;\" data-indicator-class=\"&lt;i aria-hidden=&quot;true&quot; class=&quot;fas fa-angle-down&quot;&gt;&lt;\/i&gt;\" data-dropdown-indicator-class=\"&lt;i aria-hidden=&quot;true&quot; class=&quot;fas fa-angle-down&quot;&gt;&lt;\/i&gt;\" class=\"eael-advanced-menu-container eael-advanced-menu-align-left eael-advanced-menu-dropdown-align-left\" data-hamburger-breakpoints=\"{&quot;mobile&quot;:&quot;Mobilny Pionowy (&gt; 767px)&quot;,&quot;tablet&quot;:&quot;Portret tabletu (&gt; 1024px)&quot;,&quot;desktop&quot;:&quot;Desktop (&gt; 2400px)&quot;,&quot;none&quot;:&quot;None&quot;}\" data-hamburger-device=\"tablet\">\n                <ul id=\"menu-dydaktyka\" class=\"eael-advanced-menu eael-advanced-menu-dropdown-animate-to-top eael-advanced-menu-indicator eael-advanced-menu-vertical\"><li id=\"menu-item-1488\" class=\"menu-item menu-item-type-post_type menu-item-object-page menu-item-1488\"><a href=\"https:\/\/if.uek.krakow.pl\/kbgsf\/studenci\/dydaktyka\/\">Dydaktyka<\/a><\/li>\n<li id=\"menu-item-1481\" class=\"menu-item menu-item-type-post_type menu-item-object-page menu-item-1481\"><a href=\"https:\/\/if.uek.krakow.pl\/kbgsf\/studenci\/dydaktyka\/bankowosc-i-zarzadzanie-ryzykiem\/\">Bankowo\u015b\u0107 i zarz\u0105dzanie ryzykiem &#8211; studia II stopnia<\/a><\/li>\n<li id=\"menu-item-1525\" class=\"menu-item menu-item-type-post_type menu-item-object-page menu-item-1525\"><a href=\"https:\/\/if.uek.krakow.pl\/kbgsf\/studenci\/dydaktyka\/bankowosc-rynki-finansowe-i-ubezpieczenia\/\">Bankowo\u015b\u0107, rynki finansowe i ubezpieczenia &#8211; specjalno\u015b\u0107 &#8211; I stopie\u0144<\/a><\/li>\n<li id=\"menu-item-1531\" class=\"menu-item menu-item-type-post_type menu-item-object-page menu-item-1531\"><a href=\"https:\/\/if.uek.krakow.pl\/kbgsf\/studenci\/dydaktyka\/zarzadzanie-bankiem\/\">Zarz\u0105dzanie bankiem &#8211; specjalno\u015b\u0107 &#8211; II stopie\u0144<\/a><\/li>\n<\/ul>                <button class=\"eael-advanced-menu-toggle\" aria-label=\"Essential Addons Toggle Menu\">\n                    <i aria-hidden=\"true\" class=\"fas fa-bars\"><\/i>                <\/button>\n            <\/div>\n            \t\t<\/div>\n\t\t\t\t<\/div>\n\t\t\t\t\t<\/div>\n\t\t<\/div>\n\t\t\t\t<div class=\"elementor-column elementor-col-66 elementor-top-column elementor-element elementor-element-b1a64b1\" data-id=\"b1a64b1\" data-element_type=\"column\">\n\t\t\t<div class=\"elementor-widget-wrap elementor-element-populated\">\n\t\t\t\t\t\t<div class=\"elementor-element elementor-element-8d9c2b7 elementor-widget elementor-widget-text-editor\" data-id=\"8d9c2b7\" data-element_type=\"widget\" data-widget_type=\"text-editor.default\">\n\t\t\t\t<div class=\"elementor-widget-container\">\n\t\t\t\t\t\t\t<p style=\"text-align: justify\"><span style=\"font-size: large\"><strong>Opis kierunku<\/strong><\/span><\/p><p style=\"text-align: justify\">Program studi\u00f3w k\u0142adzie nacisk na analiz\u0119 r\u00f3\u017cnych obszar\u00f3w funkcjonowania instytucji sektora bankowego, ubezpieczeniowego i szeroko rozumianego sektora po\u015brednictwa finansowego. Szczeg\u00f3ln\u0105 uwag\u0119 po\u015bwiecono kwestiom zarz\u0105dzania ryzykiem na rynku finansowym, z uwzgl\u0119dnieniem do\u015bwiadcze\u0144 globalnego kryzysu finansowego z lat 2007-2009 oraz obecnych trend\u00f3w na rynkach finansowych.<\/p><p style=\"text-align: justify\">W procesie kszta\u0142cenia wykorzystywane s\u0105 innowacyjne formy nauczania, w tym wyk\u0142ady zaproszonych specjalist\u00f3w oraz tutoriale prowadzone przez certyfikowanych tutor\u00f3w.<\/p><p style=\"text-align: justify\">Kierunek przygotowuje student\u00f3w do egzaminu na Europejski Certyfikat Bankowca ECB EFCB 3E oraz do pa\u0144stwowego egzaminu dla broker\u00f3w ubezpieczeniowych.<\/p><p style=\"text-align: justify\"><strong>Kierunek w 2023 roku uzyska\u0142 certyfikacj\u0119 Systemu Standard\u00f3w Kwalifikacyjnych Zwi\u0105zku Bank\u00f3w Polskich, kt\u00f3ry zwalnia\u0107 b\u0119dzie student\u00f3w z cz\u0119\u015bci egzaminu na ECB EFCB 3E.<\/strong><\/p><hr style=\"height: 2px;background: blue;border: 0px\" \/><p style=\"text-align: justify\"><!-- \/wp:separator --><\/p><p style=\"text-align: justify\"><strong><span style=\"font-size: large\">Program studi\u00f3w: <a href=\"https:\/\/planystudiow.uek.krakow.pl\/index.php?a=148&amp;id=67\">kliknij tutaj<\/a>.<\/span><\/strong><\/p><hr style=\"height: 2px;background: blue;border: 0px\" \/><p style=\"text-align: justify\"><!-- \/wp:separator --><\/p><p style=\"text-align: justify\"><strong><span style=\"font-size: large\">Perspektywy zawodowe<\/span><\/strong><\/p><p style=\"text-align: justify\">Absolwenci to wysokiej klasy specjali\u015bci z zakresu bankowo\u015bci i ubezpiecze\u0144, oraz eksperci dobrze zorientowani w kwestiach regulacji finansowych, zarz\u0105dzania ryzykiem na rynku finansowym oraz funkcjonowania rynku po\u015brednictwa finansowego, w tym firm fintechowych.<\/p><p style=\"text-align: justify\">Absolwenci s\u0105 przygotowani do pracy na r\u00f3\u017cnych stanowiskach w nast\u0119puj\u0105cych instytucjach finansowych:<\/p><ul style=\"text-align: justify\"><li style=\"text-align: justify\">banki,<\/li><li style=\"text-align: justify\">instytucje ubezpieczeniowe,<\/li><li style=\"text-align: justify\">fundusze inwestycyjne i towarzystwa emerytalne,<\/li><li style=\"text-align: justify\">instytucje regulacyjne,<\/li><li style=\"text-align: justify\">mi\u0119dzynarodowe instytucje finansowe,<\/li><li style=\"text-align: justify\">przedsi\u0119biorstwa fintechowe,<\/li><li style=\"text-align: justify\">firmy konsultingowe.<\/li><\/ul><p style=\"text-align: justify\"><!-- \/wp:separator --><\/p><hr style=\"height: 2px;background: blue;border: 0px\" \/><p style=\"text-align: justify\"><!-- \/wp:separator --><\/p><p style=\"text-align: justify\"><span style=\"font-size: large\"><strong>Atuty kierunku<\/strong><\/span><\/p><ul><li style=\"text-align: justify\">Kierunek przygotowuje do egzaminu na Europejski Certyfikat Bankowca EFCB 3E oraz zawiera tre\u015bci wymagane na egzaminie KNF dla broker\u00f3w ubezpieczeniowych.<\/li><li style=\"text-align: justify\">W ramach kierunku prowadzone s\u0105 liczne akademie biznesowe, m.in. ze Zwi\u0105zkiem Bank\u00f3w Polskich, Santander Bank Polska i Euroclear Bank Oddzia\u0142 w Polsce.<\/li><li style=\"text-align: justify\">Certyfikaty i akredytacje kierunku:<ul><li style=\"text-align: justify\">Certyfikat Systemu Standard\u00f3w Kwalifikacyjnych Zwi\u0105zku Bank\u00f3w Polskich, zwalniaj\u0105cy z cz\u0119\u015bci egzaminu na ECB EFCB 3E.<\/li><\/ul><\/li><\/ul><p style=\"text-align: justify\"><!-- \/wp:separator --><\/p><hr style=\"height: 2px;background: blue;border: 0px\" \/><p style=\"text-align: justify\"><!-- \/wp:separator --><\/p><p style=\"text-align: justify\"><strong><span style=\"font-size: large\">Specjalno\u015bci<\/span><\/strong><\/p><p style=\"text-align: justify\"><strong>Bankowo\u015b\u0107: Europejski Certyfikat Bankowca<\/strong><br \/>Specjalno\u015b\u0107 przygotowuje specjalist\u00f3w do pracy w bankach, przedsi\u0119biorstwach fintechowych i instytucjach po\u015brednictwa finansowego oraz analityk\u00f3w posiadaj\u0105cych umiej\u0119tno\u015b\u0107 szacowania i ograniczania ryzyka na rynku finansowym. <strong>Specjalno\u015b\u0107 przygotowuje student\u00f3w do egzaminu na mi\u0119dzynarodowy certyfikat: Europejski Certyfikat Bankowca EFCB 3E oraz zwalnia z dw\u00f3ch cz\u0119\u015bci tego 3-cz\u0119\u015bciowego egzaminu.<\/strong><\/p><p style=\"text-align: justify\"><strong>Zarz\u0105dzanie ryzykiem na rynku ubezpieczeniowym<\/strong><br \/>Na specjalno\u015bci studentom przekazywana jest dog\u0142\u0119bna i specjalistyczna wiedza oraz praktyczne umiej\u0119tno\u015bci zwi\u0105zane z zarz\u0105dzaniem ryzykiem. Studia zapoznaj\u0105 r\u00f3wnie\u017c z rynkiem ubezpieczeniowym, jego instytucjami, produktami i us\u0142ugami. Program zawiera tre\u015bci wymagane na pa\u0144stwowym egzaminie dla broker\u00f3w ubezpieczeniowych, organizowanym przez KNF.<\/p>\t\t\t\t\t\t<\/div>\n\t\t\t\t<\/div>\n\t\t\t\t\t<\/div>\n\t\t<\/div>\n\t\t\t\t\t<\/div>\n\t\t<\/section>\n\t\t\t\t<\/div>\n\t\t","protected":false},"excerpt":{"rendered":"<p>@media screen and (max-width: 1024px) { .eael-hamburger&#8211;tablet { .eael-advanced-menu-horizontal, .eael-advanced-menu-vertical { display: none; } } .eael-hamburger&#8211;tablet { .eael-advanced-menu-container .eael-advanced-menu-toggle { display: block; } } } Dydaktyka Bankowo\u015b\u0107 i zarz\u0105dzanie ryzykiem &#8211; studia II stopnia Bankowo\u015b\u0107, rynki finansowe i ubezpieczenia &#8211; specjalno\u015b\u0107 &#8211; I stopie\u0144 Zarz\u0105dzanie bankiem &#8211; specjalno\u015b\u0107 &#8211; II stopie\u0144 Opis kierunku Program studi\u00f3w k\u0142adzie nacisk na analiz\u0119 r\u00f3\u017cnych obszar\u00f3w funkcjonowania instytucji sektora bankowego, ubezpieczeniowego i szeroko rozumianego sektora po\u015brednictwa finansowego. Szczeg\u00f3ln\u0105 uwag\u0119 po\u015bwiecono kwestiom zarz\u0105dzania ryzykiem na rynku finansowym, z uwzgl\u0119dnieniem do\u015bwiadcze\u0144 globalnego kryzysu finansowego z lat 2007-2009 oraz obecnych trend\u00f3w na rynkach finansowych. W procesie kszta\u0142cenia wykorzystywane s\u0105 innowacyjne formy nauczania, w tym wyk\u0142ady zaproszonych specjalist\u00f3w oraz tutoriale prowadzone przez certyfikowanych tutor\u00f3w. Kierunek przygotowuje student\u00f3w do egzaminu na Europejski Certyfikat Bankowca ECB EFCB 3E oraz do pa\u0144stwowego egzaminu dla broker\u00f3w ubezpieczeniowych. Kierunek w 2023 roku uzyska\u0142 certyfikacj\u0119 Systemu Standard\u00f3w Kwalifikacyjnych Zwi\u0105zku Bank\u00f3w Polskich, kt\u00f3ry zwalnia\u0107 b\u0119dzie student\u00f3w z cz\u0119\u015bci egzaminu na ECB EFCB 3E. Program studi\u00f3w: kliknij tutaj. Perspektywy zawodowe Absolwenci to wysokiej klasy specjali\u015bci z zakresu bankowo\u015bci i ubezpiecze\u0144, oraz eksperci dobrze zorientowani w kwestiach regulacji finansowych, zarz\u0105dzania ryzykiem na rynku finansowym oraz funkcjonowania rynku po\u015brednictwa finansowego, w tym firm fintechowych. Absolwenci s\u0105 przygotowani do pracy na r\u00f3\u017cnych stanowiskach w nast\u0119puj\u0105cych instytucjach finansowych: banki, instytucje ubezpieczeniowe, fundusze inwestycyjne i towarzystwa emerytalne, instytucje regulacyjne, mi\u0119dzynarodowe instytucje finansowe, przedsi\u0119biorstwa fintechowe, firmy konsultingowe. Atuty kierunku Kierunek przygotowuje do egzaminu na Europejski Certyfikat Bankowca EFCB 3E oraz zawiera tre\u015bci wymagane na egzaminie KNF dla broker\u00f3w ubezpieczeniowych. W ramach kierunku prowadzone s\u0105 liczne akademie biznesowe, m.in. ze Zwi\u0105zkiem Bank\u00f3w Polskich, Santander Bank Polska i Euroclear Bank Oddzia\u0142 w Polsce. Certyfikaty i akredytacje kierunku: Certyfikat Systemu Standard\u00f3w Kwalifikacyjnych Zwi\u0105zku Bank\u00f3w Polskich, zwalniaj\u0105cy z cz\u0119\u015bci egzaminu na ECB EFCB 3E. Specjalno\u015bci Bankowo\u015b\u0107: Europejski Certyfikat BankowcaSpecjalno\u015b\u0107 przygotowuje specjalist\u00f3w do pracy w bankach, przedsi\u0119biorstwach fintechowych i instytucjach po\u015brednictwa finansowego oraz analityk\u00f3w posiadaj\u0105cych umiej\u0119tno\u015b\u0107 szacowania i ograniczania ryzyka na rynku finansowym. Specjalno\u015b\u0107 przygotowuje student\u00f3w do egzaminu na mi\u0119dzynarodowy certyfikat: Europejski Certyfikat Bankowca EFCB 3E oraz zwalnia z dw\u00f3ch cz\u0119\u015bci tego 3-cz\u0119\u015bciowego egzaminu. Zarz\u0105dzanie ryzykiem na rynku ubezpieczeniowymNa specjalno\u015bci studentom przekazywana jest dog\u0142\u0119bna i specjalistyczna wiedza oraz praktyczne umiej\u0119tno\u015bci zwi\u0105zane z zarz\u0105dzaniem ryzykiem. Studia zapoznaj\u0105 r\u00f3wnie\u017c z rynkiem ubezpieczeniowym, jego instytucjami, produktami i us\u0142ugami. Program zawiera tre\u015bci wymagane na pa\u0144stwowym egzaminie dla broker\u00f3w ubezpieczeniowych, organizowanym przez KNF.<\/p>\n","protected":false},"author":2,"featured_media":0,"parent":1260,"menu_order":1,"comment_status":"closed","ping_status":"closed","template":"elementor_header_footer","meta":{"footnotes":""},"class_list":["post-1473","page","type-page","status-publish","hentry"],"_links":{"self":[{"href":"https:\/\/if.uek.krakow.pl\/kbgsf\/wp-json\/wp\/v2\/pages\/1473","targetHints":{"allow":["GET"]}}],"collection":[{"href":"https:\/\/if.uek.krakow.pl\/kbgsf\/wp-json\/wp\/v2\/pages"}],"about":[{"href":"https:\/\/if.uek.krakow.pl\/kbgsf\/wp-json\/wp\/v2\/types\/page"}],"author":[{"embeddable":true,"href":"https:\/\/if.uek.krakow.pl\/kbgsf\/wp-json\/wp\/v2\/users\/2"}],"replies":[{"embeddable":true,"href":"https:\/\/if.uek.krakow.pl\/kbgsf\/wp-json\/wp\/v2\/comments?post=1473"}],"version-history":[{"count":40,"href":"https:\/\/if.uek.krakow.pl\/kbgsf\/wp-json\/wp\/v2\/pages\/1473\/revisions"}],"predecessor-version":[{"id":3215,"href":"https:\/\/if.uek.krakow.pl\/kbgsf\/wp-json\/wp\/v2\/pages\/1473\/revisions\/3215"}],"up":[{"embeddable":true,"href":"https:\/\/if.uek.krakow.pl\/kbgsf\/wp-json\/wp\/v2\/pages\/1260"}],"wp:attachment":[{"href":"https:\/\/if.uek.krakow.pl\/kbgsf\/wp-json\/wp\/v2\/media?parent=1473"}],"curies":[{"name":"wp","href":"https:\/\/api.w.org\/{rel}","templated":true}]}}