{"id":1260,"date":"2023-03-03T13:44:40","date_gmt":"2023-03-03T12:44:40","guid":{"rendered":"https:\/\/if.uek.krakow.pl\/kbgsf\/?page_id=1260"},"modified":"2023-10-03T13:54:23","modified_gmt":"2023-10-03T11:54:23","slug":"dydaktyka","status":"publish","type":"page","link":"https:\/\/if.uek.krakow.pl\/kbgsf\/studenci\/dydaktyka\/","title":{"rendered":"Dydaktyka"},"content":{"rendered":"\t\t<div data-elementor-type=\"wp-page\" data-elementor-id=\"1260\" class=\"elementor elementor-1260\">\n\t\t\t\t\t\t<section data-particle_enable=\"false\" data-particle-mobile-disabled=\"false\" class=\"elementor-section elementor-top-section elementor-element elementor-element-991d30e elementor-section-boxed elementor-section-height-default elementor-section-height-default\" data-id=\"991d30e\" data-element_type=\"section\" data-settings=\"{&quot;jet_parallax_layout_list&quot;:[]}\">\n\t\t\t\t\t\t<div class=\"elementor-container elementor-column-gap-default\">\n\t\t\t\t\t<div class=\"elementor-column elementor-col-100 elementor-top-column elementor-element elementor-element-98e7558\" data-id=\"98e7558\" data-element_type=\"column\">\n\t\t\t<div class=\"elementor-widget-wrap elementor-element-populated\">\n\t\t\t\t\t\t<div class=\"elementor-element elementor-element-2518624 elementor-widget elementor-widget-spacer\" data-id=\"2518624\" data-element_type=\"widget\" data-widget_type=\"spacer.default\">\n\t\t\t\t<div class=\"elementor-widget-container\">\n\t\t\t\t\t<div class=\"elementor-spacer\">\n\t\t\t<div class=\"elementor-spacer-inner\"><\/div>\n\t\t<\/div>\n\t\t\t\t<\/div>\n\t\t\t\t<\/div>\n\t\t\t\t\t<\/div>\n\t\t<\/div>\n\t\t\t\t\t<\/div>\n\t\t<\/section>\n\t\t\t\t<section data-particle_enable=\"false\" data-particle-mobile-disabled=\"false\" class=\"elementor-section elementor-top-section elementor-element elementor-element-0cdc0ce elementor-section-boxed elementor-section-height-default elementor-section-height-default\" data-id=\"0cdc0ce\" data-element_type=\"section\" data-settings=\"{&quot;jet_parallax_layout_list&quot;:[]}\">\n\t\t\t\t\t\t<div class=\"elementor-container elementor-column-gap-default\">\n\t\t\t\t\t<div class=\"elementor-column elementor-col-33 elementor-top-column elementor-element elementor-element-af99b47\" data-id=\"af99b47\" data-element_type=\"column\">\n\t\t\t<div class=\"elementor-widget-wrap elementor-element-populated\">\n\t\t\t\t\t\t<div class=\"elementor-element elementor-element-d1f61e1 eael_advanced_menu_hamburger_disable_selected_menu_no eael-advanced-menu-hamburger-align-right eael-advanced-menu--no eael-hamburger--tablet elementor-widget elementor-widget-eael-advanced-menu\" data-id=\"d1f61e1\" data-element_type=\"widget\" data-widget_type=\"eael-advanced-menu.skin-six\">\n\t\t\t\t<div class=\"elementor-widget-container\">\n\t\t\t<style>\n                        @media screen and (max-width: 1024px) {\n                            .eael-hamburger--tablet {\n                                .eael-advanced-menu-horizontal,\n                                .eael-advanced-menu-vertical {\n                                    display: none;\n                                }\n                            }\n                            .eael-hamburger--tablet {\n                                .eael-advanced-menu-container .eael-advanced-menu-toggle {\n                                    display: block;\n                                }\n                            }\n                        }\n                    <\/style>            <div data-hamburger-icon=\"&lt;i aria-hidden=&quot;true&quot; class=&quot;fas fa-bars&quot;&gt;&lt;\/i&gt;\" data-indicator-class=\"&lt;i aria-hidden=&quot;true&quot; class=&quot;fas fa-angle-down&quot;&gt;&lt;\/i&gt;\" data-dropdown-indicator-class=\"&lt;i aria-hidden=&quot;true&quot; class=&quot;fas fa-angle-down&quot;&gt;&lt;\/i&gt;\" class=\"eael-advanced-menu-container eael-advanced-menu-align-left eael-advanced-menu-dropdown-align-left\" data-hamburger-breakpoints=\"{&quot;mobile&quot;:&quot;Mobilny Pionowy (&gt; 767px)&quot;,&quot;tablet&quot;:&quot;Portret tabletu (&gt; 1024px)&quot;,&quot;desktop&quot;:&quot;Desktop (&gt; 2400px)&quot;,&quot;none&quot;:&quot;None&quot;}\" data-hamburger-device=\"tablet\">\n                <ul id=\"menu-dydaktyka\" class=\"eael-advanced-menu eael-advanced-menu-dropdown-animate-to-top eael-advanced-menu-indicator eael-advanced-menu-vertical\"><li id=\"menu-item-1488\" class=\"menu-item menu-item-type-post_type menu-item-object-page menu-item-1488\"><a href=\"https:\/\/if.uek.krakow.pl\/kbgsf\/studenci\/dydaktyka\/\">Dydaktyka<\/a><\/li>\n<li id=\"menu-item-1481\" class=\"menu-item menu-item-type-post_type menu-item-object-page menu-item-1481\"><a href=\"https:\/\/if.uek.krakow.pl\/kbgsf\/studenci\/dydaktyka\/bankowosc-i-zarzadzanie-ryzykiem\/\">Bankowo\u015b\u0107 i zarz\u0105dzanie ryzykiem &#8211; studia II stopnia<\/a><\/li>\n<li id=\"menu-item-1525\" class=\"menu-item menu-item-type-post_type menu-item-object-page menu-item-1525\"><a href=\"https:\/\/if.uek.krakow.pl\/kbgsf\/studenci\/dydaktyka\/bankowosc-rynki-finansowe-i-ubezpieczenia\/\">Bankowo\u015b\u0107, rynki finansowe i ubezpieczenia &#8211; specjalno\u015b\u0107 &#8211; I stopie\u0144<\/a><\/li>\n<li id=\"menu-item-1531\" class=\"menu-item menu-item-type-post_type menu-item-object-page menu-item-1531\"><a href=\"https:\/\/if.uek.krakow.pl\/kbgsf\/studenci\/dydaktyka\/zarzadzanie-bankiem\/\">Zarz\u0105dzanie bankiem &#8211; specjalno\u015b\u0107 &#8211; II stopie\u0144<\/a><\/li>\n<\/ul>                <button class=\"eael-advanced-menu-toggle\" aria-label=\"Essential Addons Toggle Menu\">\n                    <i aria-hidden=\"true\" class=\"fas fa-bars\"><\/i>                <\/button>\n            <\/div>\n            \t\t<\/div>\n\t\t\t\t<\/div>\n\t\t\t\t\t<\/div>\n\t\t<\/div>\n\t\t\t\t<div class=\"elementor-column elementor-col-66 elementor-top-column elementor-element elementor-element-2217802\" data-id=\"2217802\" data-element_type=\"column\">\n\t\t\t<div class=\"elementor-widget-wrap elementor-element-populated\">\n\t\t\t\t\t\t<div class=\"elementor-element elementor-element-0b95f55 elementor-widget elementor-widget-text-editor\" data-id=\"0b95f55\" data-element_type=\"widget\" data-widget_type=\"text-editor.default\">\n\t\t\t\t<div class=\"elementor-widget-container\">\n\t\t\t\t\t\t\t<p style=\"text-align: justify\">Zapraszamy do wybrania oferty naszej Katedry na:<\/p>\n\n<ul style=\"text-align: justify\">\n \t<li>kierunku studi\u00f3w II stopnia &#8222;<a href=\"https:\/\/if.uek.krakow.pl\/kbgsf\/studenci\/dydaktyka\/bankowosc-i-zarzadzanie-ryzykiem\/\"><strong><em>Bankowo\u015b\u0107 i zarz\u0105dzanie ryzykiem<\/em><\/strong><\/a>&#8222;,<\/li>\n \t<li>specjalno\u015bci na I stopniu studi\u00f3w &#8222;<a href=\"https:\/\/if.uek.krakow.pl\/kbgsf\/studenci\/dydaktyka\/bankowosc-rynki-finansowe-i-ubezpieczenia\/\"><strong><em>Bankowo\u015b\u0107, rynki finansowe i ubezpieczenia<\/em><\/strong><\/a>&#8222;,<\/li>\n \t<li>specjalno\u015bci na II stopniu studi\u00f3w &#8222;<a href=\"https:\/\/if.uek.krakow.pl\/kbgsf\/studenci\/dydaktyka\/zarzadzanie-bankiem\/\"><strong><em>Zarz\u0105dzanie bankiem<\/em><\/strong><\/a>&#8222;.\n<\/ul>\n<p style=\"text-align: justify\"><!-- \/wp:separator --><\/p>\n<p style=\"text-align: justify\">Prowadzimy nasze zaj\u0119cia z wykorzystaniem innowacyjnych form nauczania, organizujemy wyk\u0142ady go\u015bcinne specjalist\u00f3w z bran\u017cy, a tutoriale prowadzone s\u0105 przez certyfikowanych tutor\u00f3w.<\/p>\n<p style=\"text-align: justify\">Nie czekaj i do\u0142\u0105cz do nas ju\u017c dzi\u015b! Zdob\u0105d\u017a unikaln\u0105 wiedz\u0119 na temat sektora finansowego, kt\u00f3ra przygotuje Ci\u0119 do sukces\u00f3w w przysz\u0142o\u015bci!<\/p>\n<p style=\"text-align: justify\">Z menu po lewej stronie wybierz interesuj\u0105c\u0105 Ci\u0119 \u015bcie\u017ck\u0119 edukacji, aby uzyska\u0107 wi\u0119cej informacji \ud83d\ude42<\/p>\t\t\t\t\t\t<\/div>\n\t\t\t\t<\/div>\n\t\t\t\t\t<\/div>\n\t\t<\/div>\n\t\t\t\t\t<\/div>\n\t\t<\/section>\n\t\t\t\t<\/div>\n\t\t","protected":false},"excerpt":{"rendered":"<p>\/*! elementor &#8211; v3.11.2 &#8211; 22-02-2023 *\/ .elementor-column .elementor-spacer-inner{height:var(&#8211;spacer-size)}.e-con{&#8211;container-widget-width:100%}.e-con-inner&gt;.elementor-widget-spacer,.e-con&gt;.elementor-widget-spacer{width:var(&#8211;container-widget-width,var(&#8211;spacer-size));&#8211;align-self:var(&#8211;container-widget-align-self,initial);&#8211;flex-shrink:0}.e-con-inner&gt;.elementor-widget-spacer&gt;.elementor-widget-container,.e-con-inner&gt;.elementor-widget-spacer&gt;.elementor-widget-container&gt;.elementor-spacer,.e-con&gt;.elementor-widget-spacer&gt;.elementor-widget-container,.e-con&gt;.elementor-widget-spacer&gt;.elementor-widget-container&gt;.elementor-spacer{height:100%}.e-con-inner&gt;.elementor-widget-spacer&gt;.elementor-widget-container&gt;.elementor-spacer&gt;.elementor-spacer-inner,.e-con&gt;.elementor-widget-spacer&gt;.elementor-widget-container&gt;.elementor-spacer&gt;.elementor-spacer-inner{height:var(&#8211;container-widget-height,var(&#8211;spacer-size))} Dydaktyka Bankowo\u015b\u0107 i zarz\u0105dzanie ryzykiem &#8211; studia II stopnia Bankowo\u015b\u0107, rynki finansowe i ubezpieczenia &#8211; specjalno\u015b\u0107 &#8211; I stopie\u0144 Zarz\u0105dzanie bankiem &#8211; specjalno\u015b\u0107 &#8211; II stopie\u0144 Zapraszamy do wybrania oferty naszej Katedry na: kierunku studi\u00f3w II stopnia &#8222;Bankowo\u015b\u0107 i zarz\u0105dzanie ryzykiem&#8222;, specjalno\u015bci na I stopniu studi\u00f3w &#8222;Bankowo\u015b\u0107, rynki finansowe i ubezpieczenia&#8222;, specjalno\u015bci na II stopniu studi\u00f3w &#8222;Zarz\u0105dzanie bankiem&#8222;. Prowadzimy nasze zaj\u0119cia z wykorzystaniem innowacyjnych form nauczania, organizujemy wyk\u0142ady go\u015bcinne specjalist\u00f3w z bran\u017cy, a tutoriale prowadzone s\u0105 przez certyfikowanych tutor\u00f3w. Nie czekaj i do\u0142\u0105cz do nas ju\u017c dzi\u015b! Zdob\u0105d\u017a unikaln\u0105 wiedz\u0119 na temat sektora finansowego, kt\u00f3ra przygotuje Ci\u0119 do sukces\u00f3w w przysz\u0142o\u015bci! Z menu po lewej stronie wybierz interesuj\u0105c\u0105 Ci\u0119 \u015bcie\u017ck\u0119 edukacji, aby uzyska\u0107 wi\u0119cej informacji \ud83d\ude42<\/p>\n","protected":false},"author":2,"featured_media":0,"parent":336,"menu_order":0,"comment_status":"closed","ping_status":"closed","template":"elementor_header_footer","meta":{"footnotes":""},"class_list":["post-1260","page","type-page","status-publish","hentry"],"_links":{"self":[{"href":"https:\/\/if.uek.krakow.pl\/kbgsf\/wp-json\/wp\/v2\/pages\/1260","targetHints":{"allow":["GET"]}}],"collection":[{"href":"https:\/\/if.uek.krakow.pl\/kbgsf\/wp-json\/wp\/v2\/pages"}],"about":[{"href":"https:\/\/if.uek.krakow.pl\/kbgsf\/wp-json\/wp\/v2\/types\/page"}],"author":[{"embeddable":true,"href":"https:\/\/if.uek.krakow.pl\/kbgsf\/wp-json\/wp\/v2\/users\/2"}],"replies":[{"embeddable":true,"href":"https:\/\/if.uek.krakow.pl\/kbgsf\/wp-json\/wp\/v2\/comments?post=1260"}],"version-history":[{"count":54,"href":"https:\/\/if.uek.krakow.pl\/kbgsf\/wp-json\/wp\/v2\/pages\/1260\/revisions"}],"predecessor-version":[{"id":1868,"href":"https:\/\/if.uek.krakow.pl\/kbgsf\/wp-json\/wp\/v2\/pages\/1260\/revisions\/1868"}],"up":[{"embeddable":true,"href":"https:\/\/if.uek.krakow.pl\/kbgsf\/wp-json\/wp\/v2\/pages\/336"}],"wp:attachment":[{"href":"https:\/\/if.uek.krakow.pl\/kbgsf\/wp-json\/wp\/v2\/media?parent=1260"}],"curies":[{"name":"wp","href":"https:\/\/api.w.org\/{rel}","templated":true}]}}